{"id":9952,"date":"2025-10-21T15:00:53","date_gmt":"2025-10-21T14:00:53","guid":{"rendered":"https:\/\/essencesamazigh.com\/?post_type=product&#038;p=9952"},"modified":"2026-03-31T19:40:31","modified_gmt":"2026-03-31T18:40:31","slug":"photophore-floral","status":"publish","type":"product","link":"https:\/\/essencesamazigh.com\/fr\/product\/floral-candle-jar\/","title":{"rendered":"Photophore floral"},"content":{"rendered":"<p style=\"font-weight: 400;\">Un photophore floral artisanal compos\u00e9 de fleurs naturelles s\u00e9ch\u00e9es et d'herbes qui composent la belle nature de l'oasis de la ville. <a href=\"https:\/\/fr.wikipedia.org\/wiki\/Nefta\">Nefta<\/a>. Ce photophore \u00e0 fleurs sera le cadeau naturel, durable et \u00e9cologique parfait ou un objet de d\u00e9coration int\u00e9rieure.<br \/>\nPour votre int\u00e9rieur, vous pouvez placer cette jolie jarre devant une fen\u00eatre ensoleill\u00e9e pour voir ses couleurs vibrantes \u00e0 la lumi\u00e8re. Le soir, vous pouvez simplement l'allumer avec une bougie et le placer sur votre table basse.<br \/>\nCe photophore floral est \u00e9galement le cadeau id\u00e9al pour les amoureux des fleurs et de la nature ou pour un anniversaire.<\/p>\n<p>*** Chaque photophore Floral est unique, c'est pourquoi ce que vous recevrez ne sera pas forc\u00e9ment identique \u00e0 chaque photo.<\/p>","protected":false},"excerpt":{"rendered":"<p>An art craft floral candle jar made of natural dried flowers and herbs which compose the beautiful nature of the oasis of Nefta. This flower candle jar \u00a0will come as the perfect natural, sustainable, and eco-friendly gift or home decor item. For your home, you can place this pretty jar in front of a sunny [&hellip;]<\/p>\n","protected":false},"featured_media":9962,"template":"","meta":[],"product_brand":[],"product_cat":[71],"product_tag":[130],"class_list":{"0":"post-9952","1":"product","2":"type-product","3":"status-publish","4":"has-post-thumbnail","6":"product_cat-oasis-blooms","7":"product_tag-floral-decor","9":"first","10":"instock","11":"shipping-taxable","12":"purchasable","13":"product-type-simple"},"yoast_head":"<!-- This site is optimized with the Yoast SEO plugin v27.4 - https:\/\/yoast.com\/product\/yoast-seo-wordpress\/ -->\n<title>Floral candle jar | Essences Amazigh<\/title>\n<meta name=\"description\" content=\"An art craft floral candle jar with natural dried flowers &amp; herbs from the beautiful nature of the oasis of Nefta and the perfect gift or home decor item.\" \/>\n<meta name=\"robots\" content=\"index, follow, max-snippet:-1, max-image-preview:large, max-video-preview:-1\" \/>\n<link rel=\"canonical\" href=\"https:\/\/essencesamazigh.com\/fr\/produit\/photophore-floral\/\" \/>\n<meta property=\"og:locale\" content=\"fr_FR\" \/>\n<meta property=\"og:type\" content=\"article\" \/>\n<meta property=\"og:title\" content=\"Flora candle jar\" \/>\n<meta property=\"og:description\" content=\"An art craft floral candle jar with natural dried flowers &amp; herbs from the beautiful nature of the oasis of Nefta and the perfect gift or home decor item.\" \/>\n<meta property=\"og:url\" content=\"https:\/\/essencesamazigh.com\/fr\/produit\/photophore-floral\/\" \/>\n<meta property=\"og:site_name\" content=\"Essences Amazigh\" \/>\n<meta property=\"article:publisher\" content=\"https:\/\/www.facebook.com\/profile.php?id=100086107194579\" \/>\n<meta property=\"article:modified_time\" content=\"2026-03-31T18:40:31+00:00\" \/>\n<meta property=\"og:image\" content=\"https:\/\/essencesamazigh.com\/wp-content\/uploads\/2025\/10\/FloralCandleJarPOS1-1.png\" \/>\n\t<meta property=\"og:image:width\" content=\"1080\" \/>\n\t<meta property=\"og:image:height\" content=\"1350\" \/>\n\t<meta property=\"og:image:type\" content=\"image\/png\" \/>\n<meta name=\"twitter:card\" content=\"summary_large_image\" \/>\n<meta name=\"twitter:title\" content=\"Floral candle jar\" \/>\n<meta name=\"twitter:description\" content=\"An art craft floral candle jar with natural dried flowers &amp; herbs from the beautiful nature of the oasis of Nefta and the perfect gift or home decor item.\" \/>\n<meta name=\"twitter:image\" content=\"https:\/\/i0.wp.com\/essencesamazigh.com\/wp-content\/uploads\/2025\/10\/FloralCandleJarPOS1-1.png?fit=1080%2C1350&ssl=1\" \/>\n<meta name=\"twitter:label1\" content=\"Dur\u00e9e de lecture estim\u00e9e\" \/>\n\t<meta name=\"twitter:data1\" content=\"1 minute\" \/>\n<script type=\"application\/ld+json\" class=\"yoast-schema-graph\">{\"@context\":\"https:\\\/\\\/schema.org\",\"@graph\":[{\"@type\":\"WebPage\",\"@id\":\"https:\\\/\\\/essencesamazigh.com\\\/product\\\/floral-candle-jar\\\/\",\"url\":\"https:\\\/\\\/essencesamazigh.com\\\/product\\\/floral-candle-jar\\\/\",\"name\":\"Floral candle jar | Essences Amazigh\",\"isPartOf\":{\"@id\":\"https:\\\/\\\/essencesamazigh.com\\\/#website\"},\"primaryImageOfPage\":{\"@id\":\"https:\\\/\\\/essencesamazigh.com\\\/product\\\/floral-candle-jar\\\/#primaryimage\"},\"image\":{\"@id\":\"https:\\\/\\\/essencesamazigh.com\\\/product\\\/floral-candle-jar\\\/#primaryimage\"},\"thumbnailUrl\":\"https:\\\/\\\/i0.wp.com\\\/essencesamazigh.com\\\/wp-content\\\/uploads\\\/2025\\\/10\\\/FloralCandleJarPOS1-1.png?fit=1080%2C1350&ssl=1\",\"datePublished\":\"2025-10-21T14:00:53+00:00\",\"dateModified\":\"2026-03-31T18:40:31+00:00\",\"description\":\"An art craft floral candle jar with natural dried flowers & herbs from the beautiful nature of the oasis of Nefta and the perfect gift or home decor item.\",\"breadcrumb\":{\"@id\":\"https:\\\/\\\/essencesamazigh.com\\\/product\\\/floral-candle-jar\\\/#breadcrumb\"},\"inLanguage\":\"fr-FR\",\"potentialAction\":[{\"@type\":\"ReadAction\",\"target\":[\"https:\\\/\\\/essencesamazigh.com\\\/product\\\/floral-candle-jar\\\/\"]}]},{\"@type\":\"ImageObject\",\"inLanguage\":\"fr-FR\",\"@id\":\"https:\\\/\\\/essencesamazigh.com\\\/product\\\/floral-candle-jar\\\/#primaryimage\",\"url\":\"https:\\\/\\\/i0.wp.com\\\/essencesamazigh.com\\\/wp-content\\\/uploads\\\/2025\\\/10\\\/FloralCandleJarPOS1-1.png?fit=1080%2C1350&ssl=1\",\"contentUrl\":\"https:\\\/\\\/i0.wp.com\\\/essencesamazigh.com\\\/wp-content\\\/uploads\\\/2025\\\/10\\\/FloralCandleJarPOS1-1.png?fit=1080%2C1350&ssl=1\",\"width\":1080,\"height\":1350,\"caption\":\"Floral candle jar\"},{\"@type\":\"BreadcrumbList\",\"@id\":\"https:\\\/\\\/essencesamazigh.com\\\/product\\\/floral-candle-jar\\\/#breadcrumb\",\"itemListElement\":[{\"@type\":\"ListItem\",\"position\":1,\"name\":\"Home\",\"item\":\"https:\\\/\\\/essencesamazigh.com\\\/\"},{\"@type\":\"ListItem\",\"position\":2,\"name\":\"Shop\",\"item\":\"https:\\\/\\\/essencesamazigh.com\\\/shop-all-essences-amazigh\\\/\"},{\"@type\":\"ListItem\",\"position\":3,\"name\":\"Floral candle jar\"}]},{\"@type\":\"WebSite\",\"@id\":\"https:\\\/\\\/essencesamazigh.com\\\/#website\",\"url\":\"https:\\\/\\\/essencesamazigh.com\\\/\",\"name\":\"Essences Amazigh\",\"description\":\"The TRUE power of flowers\",\"publisher\":{\"@id\":\"https:\\\/\\\/essencesamazigh.com\\\/#organization\"},\"potentialAction\":[{\"@type\":\"SearchAction\",\"target\":{\"@type\":\"EntryPoint\",\"urlTemplate\":\"https:\\\/\\\/essencesamazigh.com\\\/?s={search_term_string}\"},\"query-input\":{\"@type\":\"PropertyValueSpecification\",\"valueRequired\":true,\"valueName\":\"search_term_string\"}}],\"inLanguage\":\"fr-FR\"},{\"@type\":\"Organization\",\"@id\":\"https:\\\/\\\/essencesamazigh.com\\\/#organization\",\"name\":\"Essences Amazigh\",\"url\":\"https:\\\/\\\/essencesamazigh.com\\\/\",\"logo\":{\"@type\":\"ImageObject\",\"inLanguage\":\"fr-FR\",\"@id\":\"https:\\\/\\\/essencesamazigh.com\\\/#\\\/schema\\\/logo\\\/image\\\/\",\"url\":\"https:\\\/\\\/i0.wp.com\\\/essencesamazigh.com\\\/wp-content\\\/uploads\\\/LogoEA512x512pixel-1.png?fit=512%2C512&ssl=1\",\"contentUrl\":\"https:\\\/\\\/i0.wp.com\\\/essencesamazigh.com\\\/wp-content\\\/uploads\\\/LogoEA512x512pixel-1.png?fit=512%2C512&ssl=1\",\"width\":512,\"height\":512,\"caption\":\"Essences Amazigh\"},\"image\":{\"@id\":\"https:\\\/\\\/essencesamazigh.com\\\/#\\\/schema\\\/logo\\\/image\\\/\"},\"sameAs\":[\"https:\\\/\\\/www.facebook.com\\\/profile.php?id=100086107194579\",\"https:\\\/\\\/www.instagram.com\\\/essencesamazigh\\\/\"]}]}<\/script>\n<!-- \/ Yoast SEO plugin. -->","yoast_head_json":{"title":"Photophore floral | Essences Amazigh","description":"Un photophore floral artisanal avec des fleurs et des herbes naturelles s\u00e9ch\u00e9es provenant de la belle nature de l'oasis de Nefta. C'est un cadeau parfait ou un objet de d\u00e9coration d'int\u00e9rieur.","robots":{"index":"index","follow":"follow","max-snippet":"max-snippet:-1","max-image-preview":"max-image-preview:large","max-video-preview":"max-video-preview:-1"},"canonical":"https:\/\/essencesamazigh.com\/fr\/produit\/photophore-floral\/","og_locale":"fr_FR","og_type":"article","og_title":"Flora candle jar","og_description":"An art craft floral candle jar with natural dried flowers & herbs from the beautiful nature of the oasis of Nefta and the perfect gift or home decor item.","og_url":"https:\/\/essencesamazigh.com\/fr\/produit\/photophore-floral\/","og_site_name":"Essences Amazigh","article_publisher":"https:\/\/www.facebook.com\/profile.php?id=100086107194579","article_modified_time":"2026-03-31T18:40:31+00:00","og_image":[{"width":1080,"height":1350,"url":"https:\/\/essencesamazigh.com\/wp-content\/uploads\/2025\/10\/FloralCandleJarPOS1-1.png","type":"image\/png"}],"twitter_card":"summary_large_image","twitter_title":"Floral candle jar","twitter_description":"An art craft floral candle jar with natural dried flowers & herbs from the beautiful nature of the oasis of Nefta and the perfect gift or home decor item.","twitter_image":"https:\/\/i0.wp.com\/essencesamazigh.com\/wp-content\/uploads\/2025\/10\/FloralCandleJarPOS1-1.png?fit=1080%2C1350&ssl=1","twitter_misc":{"Dur\u00e9e de lecture estim\u00e9e":"1 minute"},"schema":{"@context":"https:\/\/schema.org","@graph":[{"@type":"WebPage","@id":"https:\/\/essencesamazigh.com\/product\/floral-candle-jar\/","url":"https:\/\/essencesamazigh.com\/product\/floral-candle-jar\/","name":"Photophore floral | Essences Amazigh","isPartOf":{"@id":"https:\/\/essencesamazigh.com\/#website"},"primaryImageOfPage":{"@id":"https:\/\/essencesamazigh.com\/product\/floral-candle-jar\/#primaryimage"},"image":{"@id":"https:\/\/essencesamazigh.com\/product\/floral-candle-jar\/#primaryimage"},"thumbnailUrl":"https:\/\/i0.wp.com\/essencesamazigh.com\/wp-content\/uploads\/2025\/10\/FloralCandleJarPOS1-1.png?fit=1080%2C1350&ssl=1","datePublished":"2025-10-21T14:00:53+00:00","dateModified":"2026-03-31T18:40:31+00:00","description":"Un photophore floral artisanal avec des fleurs et des herbes naturelles s\u00e9ch\u00e9es provenant de la belle nature de l'oasis de Nefta. C'est un cadeau parfait ou un objet de d\u00e9coration d'int\u00e9rieur.","breadcrumb":{"@id":"https:\/\/essencesamazigh.com\/product\/floral-candle-jar\/#breadcrumb"},"inLanguage":"fr-FR","potentialAction":[{"@type":"ReadAction","target":["https:\/\/essencesamazigh.com\/product\/floral-candle-jar\/"]}]},{"@type":"ImageObject","inLanguage":"fr-FR","@id":"https:\/\/essencesamazigh.com\/product\/floral-candle-jar\/#primaryimage","url":"https:\/\/i0.wp.com\/essencesamazigh.com\/wp-content\/uploads\/2025\/10\/FloralCandleJarPOS1-1.png?fit=1080%2C1350&ssl=1","contentUrl":"https:\/\/i0.wp.com\/essencesamazigh.com\/wp-content\/uploads\/2025\/10\/FloralCandleJarPOS1-1.png?fit=1080%2C1350&ssl=1","width":1080,"height":1350,"caption":"Floral candle jar"},{"@type":"BreadcrumbList","@id":"https:\/\/essencesamazigh.com\/product\/floral-candle-jar\/#breadcrumb","itemListElement":[{"@type":"ListItem","position":1,"name":"Home","item":"https:\/\/essencesamazigh.com\/"},{"@type":"ListItem","position":2,"name":"Shop","item":"https:\/\/essencesamazigh.com\/shop-all-essences-amazigh\/"},{"@type":"ListItem","position":3,"name":"Floral candle jar"}]},{"@type":"WebSite","@id":"https:\/\/essencesamazigh.com\/#website","url":"https:\/\/essencesamazigh.com\/","name":"Essences Amazigh","description":"Le VRAI pouvoir des fleurs","publisher":{"@id":"https:\/\/essencesamazigh.com\/#organization"},"potentialAction":[{"@type":"SearchAction","target":{"@type":"EntryPoint","urlTemplate":"https:\/\/essencesamazigh.com\/?s={search_term_string}"},"query-input":{"@type":"PropertyValueSpecification","valueRequired":true,"valueName":"search_term_string"}}],"inLanguage":"fr-FR"},{"@type":"Organization","@id":"https:\/\/essencesamazigh.com\/#organization","name":"Essences Amazigh","url":"https:\/\/essencesamazigh.com\/","logo":{"@type":"ImageObject","inLanguage":"fr-FR","@id":"https:\/\/essencesamazigh.com\/#\/schema\/logo\/image\/","url":"https:\/\/i0.wp.com\/essencesamazigh.com\/wp-content\/uploads\/LogoEA512x512pixel-1.png?fit=512%2C512&ssl=1","contentUrl":"https:\/\/i0.wp.com\/essencesamazigh.com\/wp-content\/uploads\/LogoEA512x512pixel-1.png?fit=512%2C512&ssl=1","width":512,"height":512,"caption":"Essences Amazigh"},"image":{"@id":"https:\/\/essencesamazigh.com\/#\/schema\/logo\/image\/"},"sameAs":["https:\/\/www.facebook.com\/profile.php?id=100086107194579","https:\/\/www.instagram.com\/essencesamazigh\/"]}]}},"jetpack_sharing_enabled":true,"_links":{"self":[{"href":"https:\/\/essencesamazigh.com\/fr\/wp-json\/wp\/v2\/product\/9952","targetHints":{"allow":["GET"]}}],"collection":[{"href":"https:\/\/essencesamazigh.com\/fr\/wp-json\/wp\/v2\/product"}],"about":[{"href":"https:\/\/essencesamazigh.com\/fr\/wp-json\/wp\/v2\/types\/product"}],"version-history":[{"count":2,"href":"https:\/\/essencesamazigh.com\/fr\/wp-json\/wp\/v2\/product\/9952\/revisions"}],"predecessor-version":[{"id":10056,"href":"https:\/\/essencesamazigh.com\/fr\/wp-json\/wp\/v2\/product\/9952\/revisions\/10056"}],"wp:featuredmedia":[{"embeddable":true,"href":"https:\/\/essencesamazigh.com\/fr\/wp-json\/wp\/v2\/media\/9962"}],"wp:attachment":[{"href":"https:\/\/essencesamazigh.com\/fr\/wp-json\/wp\/v2\/media?parent=9952"}],"wp:term":[{"taxonomy":"product_brand","embeddable":true,"href":"https:\/\/essencesamazigh.com\/fr\/wp-json\/wp\/v2\/product_brand?post=9952"},{"taxonomy":"product_cat","embeddable":true,"href":"https:\/\/essencesamazigh.com\/fr\/wp-json\/wp\/v2\/product_cat?post=9952"},{"taxonomy":"product_tag","embeddable":true,"href":"https:\/\/essencesamazigh.com\/fr\/wp-json\/wp\/v2\/product_tag?post=9952"}],"curies":[{"name":"wp","href":"https:\/\/api.w.org\/{rel}","templated":true}]}}