{"id":9927,"date":"2025-09-29T17:45:29","date_gmt":"2025-09-29T16:45:29","guid":{"rendered":"https:\/\/essencesamazigh.com\/?post_type=product&#038;p=9927"},"modified":"2026-03-31T19:42:04","modified_gmt":"2026-03-31T18:42:04","slug":"herbier-floral","status":"publish","type":"product","link":"https:\/\/essencesamazigh.com\/fr\/product\/floral-herbarium\/","title":{"rendered":"Herbier floral"},"content":{"rendered":"<p style=\"font-weight: 400;\">Un herbier floral compos\u00e9 de fleurs naturelles s\u00e9ch\u00e9es et d'herbes qui composent la belle nature de l'oasis de Nefta. Ce flacon de fleurs sera un cadeau ou un objet de d\u00e9coration parfait, naturel, durable et \u00e9cologique.<br \/>\nUtilisez cette belle bouteille de fleurs pour votre mariage ou votre d\u00e9cor de douche de mariage, une f\u00eate ou un \u00e9v\u00e9nement sp\u00e9cial comme faveurs et d\u00e9corations de table. Pour votre maison, vous pouvez placer cette jolie bouteille devant une fen\u00eatre ensoleill\u00e9e pour voir ses couleurs vibrantes dans la lumi\u00e8re. Cet objet fera aussi parfaitement l'affaire sur votre bureau ou sur le comptoir de la cuisine pour un look inspir\u00e9 de la nature. Gardez une bouteille sur le manteau de votre chemin\u00e9e ou \u00e0 l'entr\u00e9e de votre foyer pour que tout le monde puisse la voir en passant la porte d'entr\u00e9e.<br \/>\nCet herbier floral est \u00e9galement le cadeau id\u00e9al pour les amoureux des fleurs et de la nature ou pour un anniversaire.<\/p>\n<p>*** Chaque herbier floral \u00e9tant unique, ce que vous recevrez ne sera pas forc\u00e9ment identique \u00e0 chaque photo.<\/p>\n<p>&nbsp;<\/p>","protected":false},"excerpt":{"rendered":"<p>A floral herbarium made of natural dried flowers and herbs which compose the beautiful nature of the oasis of Nefta. This flower bottle will come as the perfect natural, sustainable, and eco-friendly gift or home decor item. Use this beautiful bottle of flowers for your wedding or your wedding shower d\u00e9cor, a party, or special [&hellip;]<\/p>\n","protected":false},"featured_media":9933,"template":"","meta":[],"product_brand":[],"product_cat":[71],"product_tag":[130],"class_list":{"0":"post-9927","1":"product","2":"type-product","3":"status-publish","4":"has-post-thumbnail","6":"product_cat-oasis-blooms","7":"product_tag-floral-decor","9":"first","10":"instock","11":"shipping-taxable","12":"purchasable","13":"product-type-simple"},"yoast_head":"<!-- This site is optimized with the Yoast SEO plugin v27.4 - https:\/\/yoast.com\/product\/yoast-seo-wordpress\/ -->\n<title>Floral Herbarium | Essences Amazigh<\/title>\n<meta name=\"description\" content=\"A floral Herbarium made of natural dried flowers and herbs which compose the beautiful nature of the oasis of Nefta and the perfect home decor or gift\" \/>\n<meta name=\"robots\" content=\"index, follow, max-snippet:-1, max-image-preview:large, max-video-preview:-1\" \/>\n<link rel=\"canonical\" href=\"https:\/\/essencesamazigh.com\/fr\/produit\/herbier-floral\/\" \/>\n<meta property=\"og:locale\" content=\"fr_FR\" \/>\n<meta property=\"og:type\" content=\"article\" \/>\n<meta property=\"og:title\" content=\"Floral Herbarium\" \/>\n<meta property=\"og:description\" content=\"A floral Herbarium made of natural dried flowers and herbs which compose the beautiful nature of the oasis of Nefta and the perfect home decor or gift\" \/>\n<meta property=\"og:url\" content=\"https:\/\/essencesamazigh.com\/fr\/produit\/herbier-floral\/\" \/>\n<meta property=\"og:site_name\" content=\"Essences Amazigh\" \/>\n<meta property=\"article:publisher\" content=\"https:\/\/www.facebook.com\/profile.php?id=100086107194579\" \/>\n<meta property=\"article:modified_time\" content=\"2026-03-31T18:42:04+00:00\" \/>\n<meta property=\"og:image\" content=\"https:\/\/essencesamazigh.com\/wp-content\/uploads\/2025\/09\/FloralHerbariumPOS3.png\" \/>\n\t<meta property=\"og:image:width\" content=\"1080\" \/>\n\t<meta property=\"og:image:height\" content=\"1350\" \/>\n\t<meta property=\"og:image:type\" content=\"image\/png\" \/>\n<meta name=\"twitter:card\" content=\"summary_large_image\" \/>\n<meta name=\"twitter:title\" content=\"Floral Herbarium\" \/>\n<meta name=\"twitter:description\" content=\"A floral Herbarium made of natural dried flowers and herbs which compose the beautiful nature of the oasis of Nefta and the perfect home decor or gift\" \/>\n<meta name=\"twitter:image\" content=\"https:\/\/i0.wp.com\/essencesamazigh.com\/wp-content\/uploads\/2025\/09\/FloralHerbariumPOS3.png?fit=1080%2C1350&ssl=1\" \/>\n<meta name=\"twitter:label1\" content=\"Dur\u00e9e de lecture estim\u00e9e\" \/>\n\t<meta name=\"twitter:data1\" content=\"1 minute\" \/>\n<script type=\"application\/ld+json\" class=\"yoast-schema-graph\">{\"@context\":\"https:\\\/\\\/schema.org\",\"@graph\":[{\"@type\":\"WebPage\",\"@id\":\"https:\\\/\\\/essencesamazigh.com\\\/product\\\/floral-herbarium\\\/\",\"url\":\"https:\\\/\\\/essencesamazigh.com\\\/product\\\/floral-herbarium\\\/\",\"name\":\"Floral Herbarium | Essences Amazigh\",\"isPartOf\":{\"@id\":\"https:\\\/\\\/essencesamazigh.com\\\/#website\"},\"primaryImageOfPage\":{\"@id\":\"https:\\\/\\\/essencesamazigh.com\\\/product\\\/floral-herbarium\\\/#primaryimage\"},\"image\":{\"@id\":\"https:\\\/\\\/essencesamazigh.com\\\/product\\\/floral-herbarium\\\/#primaryimage\"},\"thumbnailUrl\":\"https:\\\/\\\/i0.wp.com\\\/essencesamazigh.com\\\/wp-content\\\/uploads\\\/2025\\\/09\\\/HerbariumPOS2.png?fit=1800%2C2400&ssl=1\",\"datePublished\":\"2025-09-29T16:45:29+00:00\",\"dateModified\":\"2026-03-31T18:42:04+00:00\",\"description\":\"A floral Herbarium made of natural dried flowers and herbs which compose the beautiful nature of the oasis of Nefta and the perfect home decor or gift\",\"breadcrumb\":{\"@id\":\"https:\\\/\\\/essencesamazigh.com\\\/product\\\/floral-herbarium\\\/#breadcrumb\"},\"inLanguage\":\"fr-FR\",\"potentialAction\":[{\"@type\":\"ReadAction\",\"target\":[\"https:\\\/\\\/essencesamazigh.com\\\/product\\\/floral-herbarium\\\/\"]}]},{\"@type\":\"ImageObject\",\"inLanguage\":\"fr-FR\",\"@id\":\"https:\\\/\\\/essencesamazigh.com\\\/product\\\/floral-herbarium\\\/#primaryimage\",\"url\":\"https:\\\/\\\/i0.wp.com\\\/essencesamazigh.com\\\/wp-content\\\/uploads\\\/2025\\\/09\\\/HerbariumPOS2.png?fit=1800%2C2400&ssl=1\",\"contentUrl\":\"https:\\\/\\\/i0.wp.com\\\/essencesamazigh.com\\\/wp-content\\\/uploads\\\/2025\\\/09\\\/HerbariumPOS2.png?fit=1800%2C2400&ssl=1\",\"width\":1800,\"height\":2400,\"caption\":\"Floral Herbarium\"},{\"@type\":\"BreadcrumbList\",\"@id\":\"https:\\\/\\\/essencesamazigh.com\\\/product\\\/floral-herbarium\\\/#breadcrumb\",\"itemListElement\":[{\"@type\":\"ListItem\",\"position\":1,\"name\":\"Home\",\"item\":\"https:\\\/\\\/essencesamazigh.com\\\/\"},{\"@type\":\"ListItem\",\"position\":2,\"name\":\"Shop\",\"item\":\"https:\\\/\\\/essencesamazigh.com\\\/shop-all-essences-amazigh\\\/\"},{\"@type\":\"ListItem\",\"position\":3,\"name\":\"Floral Herbarium\"}]},{\"@type\":\"WebSite\",\"@id\":\"https:\\\/\\\/essencesamazigh.com\\\/#website\",\"url\":\"https:\\\/\\\/essencesamazigh.com\\\/\",\"name\":\"Essences Amazigh\",\"description\":\"The TRUE power of flowers\",\"publisher\":{\"@id\":\"https:\\\/\\\/essencesamazigh.com\\\/#organization\"},\"potentialAction\":[{\"@type\":\"SearchAction\",\"target\":{\"@type\":\"EntryPoint\",\"urlTemplate\":\"https:\\\/\\\/essencesamazigh.com\\\/?s={search_term_string}\"},\"query-input\":{\"@type\":\"PropertyValueSpecification\",\"valueRequired\":true,\"valueName\":\"search_term_string\"}}],\"inLanguage\":\"fr-FR\"},{\"@type\":\"Organization\",\"@id\":\"https:\\\/\\\/essencesamazigh.com\\\/#organization\",\"name\":\"Essences Amazigh\",\"url\":\"https:\\\/\\\/essencesamazigh.com\\\/\",\"logo\":{\"@type\":\"ImageObject\",\"inLanguage\":\"fr-FR\",\"@id\":\"https:\\\/\\\/essencesamazigh.com\\\/#\\\/schema\\\/logo\\\/image\\\/\",\"url\":\"https:\\\/\\\/i0.wp.com\\\/essencesamazigh.com\\\/wp-content\\\/uploads\\\/LogoEA512x512pixel-1.png?fit=512%2C512&ssl=1\",\"contentUrl\":\"https:\\\/\\\/i0.wp.com\\\/essencesamazigh.com\\\/wp-content\\\/uploads\\\/LogoEA512x512pixel-1.png?fit=512%2C512&ssl=1\",\"width\":512,\"height\":512,\"caption\":\"Essences Amazigh\"},\"image\":{\"@id\":\"https:\\\/\\\/essencesamazigh.com\\\/#\\\/schema\\\/logo\\\/image\\\/\"},\"sameAs\":[\"https:\\\/\\\/www.facebook.com\\\/profile.php?id=100086107194579\",\"https:\\\/\\\/www.instagram.com\\\/essencesamazigh\\\/\"]}]}<\/script>\n<!-- \/ Yoast SEO plugin. -->","yoast_head_json":{"title":"Herbier floral | Essences Amazigh","description":"Un herbier floral compos\u00e9 de fleurs naturelles s\u00e9ch\u00e9es et d'herbes qui composent la belle nature de l'oasis de Nefta et qui constitue une d\u00e9coration d'int\u00e9rieur ou un cadeau parfait.","robots":{"index":"index","follow":"follow","max-snippet":"max-snippet:-1","max-image-preview":"max-image-preview:large","max-video-preview":"max-video-preview:-1"},"canonical":"https:\/\/essencesamazigh.com\/fr\/produit\/herbier-floral\/","og_locale":"fr_FR","og_type":"article","og_title":"Floral Herbarium","og_description":"A floral Herbarium made of natural dried flowers and herbs which compose the beautiful nature of the oasis of Nefta and the perfect home decor or gift","og_url":"https:\/\/essencesamazigh.com\/fr\/produit\/herbier-floral\/","og_site_name":"Essences Amazigh","article_publisher":"https:\/\/www.facebook.com\/profile.php?id=100086107194579","article_modified_time":"2026-03-31T18:42:04+00:00","og_image":[{"width":1080,"height":1350,"url":"https:\/\/essencesamazigh.com\/wp-content\/uploads\/2025\/09\/FloralHerbariumPOS3.png","type":"image\/png"}],"twitter_card":"summary_large_image","twitter_title":"Floral Herbarium","twitter_description":"A floral Herbarium made of natural dried flowers and herbs which compose the beautiful nature of the oasis of Nefta and the perfect home decor or gift","twitter_image":"https:\/\/i0.wp.com\/essencesamazigh.com\/wp-content\/uploads\/2025\/09\/FloralHerbariumPOS3.png?fit=1080%2C1350&ssl=1","twitter_misc":{"Dur\u00e9e de lecture estim\u00e9e":"1 minute"},"schema":{"@context":"https:\/\/schema.org","@graph":[{"@type":"WebPage","@id":"https:\/\/essencesamazigh.com\/product\/floral-herbarium\/","url":"https:\/\/essencesamazigh.com\/product\/floral-herbarium\/","name":"Herbier floral | Essences Amazigh","isPartOf":{"@id":"https:\/\/essencesamazigh.com\/#website"},"primaryImageOfPage":{"@id":"https:\/\/essencesamazigh.com\/product\/floral-herbarium\/#primaryimage"},"image":{"@id":"https:\/\/essencesamazigh.com\/product\/floral-herbarium\/#primaryimage"},"thumbnailUrl":"https:\/\/i0.wp.com\/essencesamazigh.com\/wp-content\/uploads\/2025\/09\/HerbariumPOS2.png?fit=1800%2C2400&ssl=1","datePublished":"2025-09-29T16:45:29+00:00","dateModified":"2026-03-31T18:42:04+00:00","description":"Un herbier floral compos\u00e9 de fleurs naturelles s\u00e9ch\u00e9es et d'herbes qui composent la belle nature de l'oasis de Nefta et qui constitue une d\u00e9coration d'int\u00e9rieur ou un cadeau parfait.","breadcrumb":{"@id":"https:\/\/essencesamazigh.com\/product\/floral-herbarium\/#breadcrumb"},"inLanguage":"fr-FR","potentialAction":[{"@type":"ReadAction","target":["https:\/\/essencesamazigh.com\/product\/floral-herbarium\/"]}]},{"@type":"ImageObject","inLanguage":"fr-FR","@id":"https:\/\/essencesamazigh.com\/product\/floral-herbarium\/#primaryimage","url":"https:\/\/i0.wp.com\/essencesamazigh.com\/wp-content\/uploads\/2025\/09\/HerbariumPOS2.png?fit=1800%2C2400&ssl=1","contentUrl":"https:\/\/i0.wp.com\/essencesamazigh.com\/wp-content\/uploads\/2025\/09\/HerbariumPOS2.png?fit=1800%2C2400&ssl=1","width":1800,"height":2400,"caption":"Floral Herbarium"},{"@type":"BreadcrumbList","@id":"https:\/\/essencesamazigh.com\/product\/floral-herbarium\/#breadcrumb","itemListElement":[{"@type":"ListItem","position":1,"name":"Home","item":"https:\/\/essencesamazigh.com\/"},{"@type":"ListItem","position":2,"name":"Shop","item":"https:\/\/essencesamazigh.com\/shop-all-essences-amazigh\/"},{"@type":"ListItem","position":3,"name":"Floral Herbarium"}]},{"@type":"WebSite","@id":"https:\/\/essencesamazigh.com\/#website","url":"https:\/\/essencesamazigh.com\/","name":"Essences Amazigh","description":"Le VRAI pouvoir des fleurs","publisher":{"@id":"https:\/\/essencesamazigh.com\/#organization"},"potentialAction":[{"@type":"SearchAction","target":{"@type":"EntryPoint","urlTemplate":"https:\/\/essencesamazigh.com\/?s={search_term_string}"},"query-input":{"@type":"PropertyValueSpecification","valueRequired":true,"valueName":"search_term_string"}}],"inLanguage":"fr-FR"},{"@type":"Organization","@id":"https:\/\/essencesamazigh.com\/#organization","name":"Essences Amazigh","url":"https:\/\/essencesamazigh.com\/","logo":{"@type":"ImageObject","inLanguage":"fr-FR","@id":"https:\/\/essencesamazigh.com\/#\/schema\/logo\/image\/","url":"https:\/\/i0.wp.com\/essencesamazigh.com\/wp-content\/uploads\/LogoEA512x512pixel-1.png?fit=512%2C512&ssl=1","contentUrl":"https:\/\/i0.wp.com\/essencesamazigh.com\/wp-content\/uploads\/LogoEA512x512pixel-1.png?fit=512%2C512&ssl=1","width":512,"height":512,"caption":"Essences Amazigh"},"image":{"@id":"https:\/\/essencesamazigh.com\/#\/schema\/logo\/image\/"},"sameAs":["https:\/\/www.facebook.com\/profile.php?id=100086107194579","https:\/\/www.instagram.com\/essencesamazigh\/"]}]}},"jetpack_sharing_enabled":true,"_links":{"self":[{"href":"https:\/\/essencesamazigh.com\/fr\/wp-json\/wp\/v2\/product\/9927","targetHints":{"allow":["GET"]}}],"collection":[{"href":"https:\/\/essencesamazigh.com\/fr\/wp-json\/wp\/v2\/product"}],"about":[{"href":"https:\/\/essencesamazigh.com\/fr\/wp-json\/wp\/v2\/types\/product"}],"version-history":[{"count":4,"href":"https:\/\/essencesamazigh.com\/fr\/wp-json\/wp\/v2\/product\/9927\/revisions"}],"predecessor-version":[{"id":9931,"href":"https:\/\/essencesamazigh.com\/fr\/wp-json\/wp\/v2\/product\/9927\/revisions\/9931"}],"wp:featuredmedia":[{"embeddable":true,"href":"https:\/\/essencesamazigh.com\/fr\/wp-json\/wp\/v2\/media\/9933"}],"wp:attachment":[{"href":"https:\/\/essencesamazigh.com\/fr\/wp-json\/wp\/v2\/media?parent=9927"}],"wp:term":[{"taxonomy":"product_brand","embeddable":true,"href":"https:\/\/essencesamazigh.com\/fr\/wp-json\/wp\/v2\/product_brand?post=9927"},{"taxonomy":"product_cat","embeddable":true,"href":"https:\/\/essencesamazigh.com\/fr\/wp-json\/wp\/v2\/product_cat?post=9927"},{"taxonomy":"product_tag","embeddable":true,"href":"https:\/\/essencesamazigh.com\/fr\/wp-json\/wp\/v2\/product_tag?post=9927"}],"curies":[{"name":"wp","href":"https:\/\/api.w.org\/{rel}","templated":true}]}}