{"id":7774,"date":"2025-03-28T15:00:16","date_gmt":"2025-03-28T14:00:16","guid":{"rendered":"https:\/\/essencesamazigh.com\/?post_type=product&#038;p=7774"},"modified":"2026-03-31T12:35:52","modified_gmt":"2026-03-31T11:35:52","slug":"essence-de-fleur-depine-douce-2","status":"publish","type":"product","link":"https:\/\/essencesamazigh.com\/fr\/product\/flower-essence-of-sweet-thorn\/","title":{"rendered":"Essence de fleurs d'acacia Karroo"},"content":{"rendered":"<p><strong>Introduction : <\/strong>\u00c9pine douce (<a href=\"https:\/\/en.wikipedia.org\/wiki\/Vachellia_karroo\">Acacia Karroo<\/a>) est une esp\u00e8ce pionni\u00e8re r\u00e9sistante des paysages arides, r\u00e9put\u00e9e pour sa capacit\u00e9 \u00e0 prosp\u00e9rer dans des environnements rudes et impitoyables o\u00f9 les autres esp\u00e8ces v\u00e9g\u00e9tales \u00e9chouent souvent. Elle se distingue par ses \u00e9pines blanches frappantes qui constituent une d\u00e9fense redoutable et par ses fleurs \u201cpompon\u201d d'un jaune dor\u00e9 \u00e9clatant qui d\u00e9gagent un parfum de miel, attirant la vie dans la chaleur du d\u00e9sert. En th\u00e9rapie florale, ces fleurs constituent un bouclier structurel pour la psych\u00e9, offrant une combinaison fonctionnelle de d\u00e9limitation ferme et de douceur int\u00e9rieure. En transposant l'\u00e9nergie protectrice de \u201cl'\u00e9pine\u201d, l'essence aide \u00e0 d\u00e9finir l'espace personnel et \u00e0 prot\u00e9ger le c\u0153ur \u00e9motionnel du drainage externe ou de l'intrusion. Cela encourage un changement pratique vers l'int\u00e9grit\u00e9 personnelle, permettant de rester ouvert et nourri sans se sentir vuln\u00e9rable face aux d\u00e9fis de la vie. Il fournit l\u201c\u201darmure\" n\u00e9cessaire pour conserver sa chaleur et ses qualit\u00e9s douces, m\u00eame dans des climats sociaux ou environnementaux exigeants. \u00c0 Nefta, l'\u00e9pine douce est une pr\u00e9sence omnipr\u00e9sente, assez commune et facile \u00e0 trouver dans les diff\u00e9rentes oasis ou le long des routes qui traversent le d\u00e9sert.<\/p>\n<p style=\"font-weight: 400;\"><strong>Arch\u00e9type :<\/strong>\u00a0<em>Le protecteur souverain - soutient l'\u00e9tablissement de limites saines, l'int\u00e9grit\u00e9 personnelle et la r\u00e9silience \u00e9motionnelle.<\/em><\/p>\n<p style=\"font-weight: 400;\"><strong>Sympt\u00f4mes cl\u00e9s (le \u2018avant\u2019) :<\/strong><\/p>\n<ul style=\"font-weight: 400;\">\n<li><strong>Dissolution des fronti\u00e8res :<\/strong>\u00a0Sentiment d'\u00eatre facilement submerg\u00e9 ou \u201cvid\u00e9\u201d par les \u00e9motions et les exigences des autres.<\/li>\n<li><strong>Hyper-Vuln\u00e9rabilit\u00e9 :<\/strong>\u00a0Sentiment d'\u00eatre expos\u00e9 ou de ne pas \u00eatre prot\u00e9g\u00e9 dans les environnements sociaux, entra\u00eenant un retrait \u00e9motionnel ou une attitude d\u00e9fensive \u201cpiquante\u201d.<\/li>\n<li><strong>Manque d'espace personnel :<\/strong>\u00a0Difficult\u00e9 \u00e0 dire \u201cnon\u201d ou \u00e0 d\u00e9finir des limites claires, ce qui entra\u00eene une perte de son propre centre.<\/li>\n<li><strong>Fatigue due \u00e0 un environnement difficile :<\/strong>\u00a0Se sentir \u201cbattu par les intemp\u00e9ries\u201d en raison de circonstances de vie exigeantes ou de cercles sociaux qui ne les soutiennent pas.<\/li>\n<\/ul>\n<p style=\"font-weight: 400;\"><strong>Potentiel de transformation avec l'essence de fleur d'\u00e9pine douce (The \u2018After\u2019) :<\/strong><\/p>\n<ul style=\"font-weight: 400;\">\n<li data-hveid=\"CAEICBAA\" data-complete=\"true\" data-sae=\"\"><span class=\"T286Pc\" data-sfc-cp=\"\" data-complete=\"true\"><strong class=\"Yjhzub\" data-complete=\"true\">De la fragilit\u00e9 \u00e0 la r\u00e9silience :<\/strong> On cesse de se sentir comme un \u201c<strong class=\"Yjhzub\" data-complete=\"true\">\u00e9ponge<\/strong>\u201dqui absorbe la n\u00e9gativit\u00e9 des autres pour devenir une pr\u00e9sence solide et centr\u00e9e.<\/span><\/li>\n<li data-hveid=\"CAEICBAB\" data-complete=\"true\" data-sae=\"\"><span class=\"T286Pc\" data-sfc-cp=\"\" data-complete=\"true\"><strong class=\"Yjhzub\" data-complete=\"true\">De l'isolement \u00e0 l'ouverture s\u00e9curis\u00e9e :<\/strong> On apprend \u00e0 ouvrir son c\u0153ur sans crainte, car on sait maintenant comment mettre en place un syst\u00e8me de contr\u00f4le de la qualit\u00e9. <strong class=\"Yjhzub\" data-complete=\"true\">des limites saines<\/strong> (disant \u201c<strong class=\"Yjhzub\" data-complete=\"true\">non<\/strong>\u201dsans culpabilit\u00e9).<\/span><\/li>\n<li data-hveid=\"CAEICBAC\" data-complete=\"true\" data-sae=\"\"><span class=\"T286Pc\" data-sfc-cp=\"\" data-complete=\"true\"><strong class=\"Yjhzub\" data-complete=\"true\">De l'amertume \u00e0 la paix int\u00e9rieure :<\/strong> Elle aide \u00e0 dissoudre les vieilles ranc\u0153urs (les \u201c<strong class=\"Yjhzub\" data-complete=\"true\">\u00e9pines<\/strong>\u201c) pour retrouver la douceur originelle.<\/span><\/li>\n<li data-hveid=\"CAEICBAD\" data-complete=\"true\" data-sae=\"\"><span class=\"T286Pc\" data-sfc-cp=\"\" data-complete=\"true\"><strong class=\"Yjhzub\" data-complete=\"true\">Du chaos \u00e0 la clart\u00e9 \u00e9motionnelle :<\/strong> Elle permet de mieux distinguer ses propres \u00e9motions de celles des autres et de retrouver ainsi son autonomie. <strong class=\"Yjhzub\" data-complete=\"true\">identit\u00e9 propre<\/strong>.<\/span><\/li>\n<li data-hveid=\"CAEICBAE\" data-complete=\"true\" data-sae=\"\"><span class=\"T286Pc\" data-sfc-cp=\"\" data-complete=\"true\" aria-owns=\"action-menu-toolbar\"><strong class=\"Yjhzub\" data-complete=\"true\">D'un sentiment d'ins\u00e9curit\u00e9 \u00e0 un sanctuaire int\u00e9rieur :<\/strong> On d\u00e9veloppe la certitude de poss\u00e9der en soi un espace sacr\u00e9 et inviolable, quelles que soient les circonstances.<\/span><\/li>\n<\/ul>\n<p style=\"font-weight: 400;\">*** Pour le bien-\u00eatre et la relaxation uniquement. Ce produit n'est pas un m\u00e9dicament et n'est pas destin\u00e9 \u00e0 diagnostiquer, traiter, pr\u00e9venir ou gu\u00e9rir une maladie. Les effets d\u00e9crits sont de nature symbolique et traditionnelle. Utiliser selon les instructions.<\/p>\n<p>&nbsp;<\/p>","protected":false},"excerpt":{"rendered":"<p>\u2018La fleur du gardien du c\u0153ur\u2019<\/p>","protected":false},"featured_media":10181,"template":"","meta":[],"product_brand":[],"product_cat":[21],"product_tag":[117],"class_list":{"0":"post-7774","1":"product","2":"type-product","3":"status-publish","4":"has-post-thumbnail","6":"product_cat-flower-essences-single","7":"product_tag-flower-essence","9":"first","10":"instock","11":"shipping-taxable","12":"purchasable","13":"product-type-simple"},"yoast_head":"<!-- This site is optimized with the Yoast SEO plugin v27.4 - https:\/\/yoast.com\/product\/yoast-seo-wordpress\/ -->\n<title>Flower essence of Sweet Thorn | Essences Amazigh<\/title>\n<meta name=\"description\" content=\"Sweet thorn flower essence encourages emotional resilience, firm boundaries, and inner strength, inviting protection and a grounded sense of integrity.\" \/>\n<meta name=\"robots\" content=\"index, follow, max-snippet:-1, max-image-preview:large, max-video-preview:-1\" \/>\n<link rel=\"canonical\" href=\"https:\/\/essencesamazigh.com\/fr\/produit\/essence-de-fleur-depine-douce-2\/\" \/>\n<meta property=\"og:locale\" content=\"fr_FR\" \/>\n<meta property=\"og:type\" content=\"article\" \/>\n<meta property=\"og:title\" content=\"Flower essence of Sweet Thorn\" \/>\n<meta property=\"og:description\" content=\"Sweet thorn flower essence encourages emotional resilience, firm boundaries, and inner strength, inviting protection and a grounded sense of integrity.\" \/>\n<meta property=\"og:url\" content=\"https:\/\/essencesamazigh.com\/fr\/produit\/essence-de-fleur-depine-douce-2\/\" \/>\n<meta property=\"og:site_name\" content=\"Essences Amazigh\" \/>\n<meta property=\"article:publisher\" content=\"https:\/\/www.facebook.com\/profile.php?id=100086107194579\" \/>\n<meta property=\"article:modified_time\" content=\"2026-03-31T11:35:52+00:00\" \/>\n<meta property=\"og:image\" content=\"https:\/\/i0.wp.com\/essencesamazigh.com\/wp-content\/uploads\/LogoEA512x512pixel-1.png?fit=512%2C512&ssl=1\" \/>\n\t<meta property=\"og:image:width\" content=\"512\" \/>\n\t<meta property=\"og:image:height\" content=\"512\" \/>\n\t<meta property=\"og:image:type\" content=\"image\/png\" \/>\n<meta name=\"twitter:card\" content=\"summary_large_image\" \/>\n<meta name=\"twitter:title\" content=\"Flower essence of Sweet Thorn\" \/>\n<meta name=\"twitter:description\" content=\"Sweet thorn flower essence encourages emotional resilience, firm boundaries, and inner strength, inviting protection and a grounded sense of integrity.\" \/>\n<meta name=\"twitter:label1\" content=\"Dur\u00e9e de lecture estim\u00e9e\" \/>\n\t<meta name=\"twitter:data1\" content=\"3 minutes\" \/>\n<script type=\"application\/ld+json\" class=\"yoast-schema-graph\">{\"@context\":\"https:\\\/\\\/schema.org\",\"@graph\":[{\"@type\":\"WebPage\",\"@id\":\"https:\\\/\\\/essencesamazigh.com\\\/product\\\/flower-essence-of-sweet-thorn\\\/\",\"url\":\"https:\\\/\\\/essencesamazigh.com\\\/product\\\/flower-essence-of-sweet-thorn\\\/\",\"name\":\"Flower essence of Sweet Thorn | Essences Amazigh\",\"isPartOf\":{\"@id\":\"https:\\\/\\\/essencesamazigh.com\\\/#website\"},\"primaryImageOfPage\":{\"@id\":\"https:\\\/\\\/essencesamazigh.com\\\/product\\\/flower-essence-of-sweet-thorn\\\/#primaryimage\"},\"image\":{\"@id\":\"https:\\\/\\\/essencesamazigh.com\\\/product\\\/flower-essence-of-sweet-thorn\\\/#primaryimage\"},\"thumbnailUrl\":\"https:\\\/\\\/i0.wp.com\\\/essencesamazigh.com\\\/wp-content\\\/uploads\\\/2025\\\/03\\\/FESweetThornPOS1.png?fit=1800%2C2400&ssl=1\",\"datePublished\":\"2025-03-28T14:00:16+00:00\",\"dateModified\":\"2026-03-31T11:35:52+00:00\",\"description\":\"Sweet thorn flower essence encourages emotional resilience, firm boundaries, and inner strength, inviting protection and a grounded sense of integrity.\",\"breadcrumb\":{\"@id\":\"https:\\\/\\\/essencesamazigh.com\\\/product\\\/flower-essence-of-sweet-thorn\\\/#breadcrumb\"},\"inLanguage\":\"fr-FR\",\"potentialAction\":[{\"@type\":\"ReadAction\",\"target\":[\"https:\\\/\\\/essencesamazigh.com\\\/product\\\/flower-essence-of-sweet-thorn\\\/\"]}]},{\"@type\":\"ImageObject\",\"inLanguage\":\"fr-FR\",\"@id\":\"https:\\\/\\\/essencesamazigh.com\\\/product\\\/flower-essence-of-sweet-thorn\\\/#primaryimage\",\"url\":\"https:\\\/\\\/i0.wp.com\\\/essencesamazigh.com\\\/wp-content\\\/uploads\\\/2025\\\/03\\\/FESweetThornPOS1.png?fit=1800%2C2400&ssl=1\",\"contentUrl\":\"https:\\\/\\\/i0.wp.com\\\/essencesamazigh.com\\\/wp-content\\\/uploads\\\/2025\\\/03\\\/FESweetThornPOS1.png?fit=1800%2C2400&ssl=1\",\"width\":1800,\"height\":2400,\"caption\":\"Flower essence Sweet Thron\"},{\"@type\":\"BreadcrumbList\",\"@id\":\"https:\\\/\\\/essencesamazigh.com\\\/product\\\/flower-essence-of-sweet-thorn\\\/#breadcrumb\",\"itemListElement\":[{\"@type\":\"ListItem\",\"position\":1,\"name\":\"Home\",\"item\":\"https:\\\/\\\/essencesamazigh.com\\\/\"},{\"@type\":\"ListItem\",\"position\":2,\"name\":\"Shop\",\"item\":\"https:\\\/\\\/essencesamazigh.com\\\/shop-all-essences-amazigh\\\/\"},{\"@type\":\"ListItem\",\"position\":3,\"name\":\"Flower essence of Sweet Thorn\"}]},{\"@type\":\"WebSite\",\"@id\":\"https:\\\/\\\/essencesamazigh.com\\\/#website\",\"url\":\"https:\\\/\\\/essencesamazigh.com\\\/\",\"name\":\"Essences Amazigh\",\"description\":\"The TRUE power of flowers\",\"publisher\":{\"@id\":\"https:\\\/\\\/essencesamazigh.com\\\/#organization\"},\"potentialAction\":[{\"@type\":\"SearchAction\",\"target\":{\"@type\":\"EntryPoint\",\"urlTemplate\":\"https:\\\/\\\/essencesamazigh.com\\\/?s={search_term_string}\"},\"query-input\":{\"@type\":\"PropertyValueSpecification\",\"valueRequired\":true,\"valueName\":\"search_term_string\"}}],\"inLanguage\":\"fr-FR\"},{\"@type\":\"Organization\",\"@id\":\"https:\\\/\\\/essencesamazigh.com\\\/#organization\",\"name\":\"Essences Amazigh\",\"url\":\"https:\\\/\\\/essencesamazigh.com\\\/\",\"logo\":{\"@type\":\"ImageObject\",\"inLanguage\":\"fr-FR\",\"@id\":\"https:\\\/\\\/essencesamazigh.com\\\/#\\\/schema\\\/logo\\\/image\\\/\",\"url\":\"https:\\\/\\\/i0.wp.com\\\/essencesamazigh.com\\\/wp-content\\\/uploads\\\/LogoEA512x512pixel-1.png?fit=512%2C512&ssl=1\",\"contentUrl\":\"https:\\\/\\\/i0.wp.com\\\/essencesamazigh.com\\\/wp-content\\\/uploads\\\/LogoEA512x512pixel-1.png?fit=512%2C512&ssl=1\",\"width\":512,\"height\":512,\"caption\":\"Essences Amazigh\"},\"image\":{\"@id\":\"https:\\\/\\\/essencesamazigh.com\\\/#\\\/schema\\\/logo\\\/image\\\/\"},\"sameAs\":[\"https:\\\/\\\/www.facebook.com\\\/profile.php?id=100086107194579\",\"https:\\\/\\\/www.instagram.com\\\/essencesamazigh\\\/\"]}]}<\/script>\n<!-- \/ Yoast SEO plugin. -->","yoast_head_json":{"title":"\u00c9lixir de fleurs d'\u00e9pine douce | Essences Amazigh","description":"L'essence de fleur d'\u00e9pine douce encourage la r\u00e9silience \u00e9motionnelle, la fermet\u00e9 des limites et la force int\u00e9rieure, invitant \u00e0 la protection et \u00e0 un sens de l'int\u00e9grit\u00e9 bien ancr\u00e9.","robots":{"index":"index","follow":"follow","max-snippet":"max-snippet:-1","max-image-preview":"max-image-preview:large","max-video-preview":"max-video-preview:-1"},"canonical":"https:\/\/essencesamazigh.com\/fr\/produit\/essence-de-fleur-depine-douce-2\/","og_locale":"fr_FR","og_type":"article","og_title":"Flower essence of Sweet Thorn","og_description":"Sweet thorn flower essence encourages emotional resilience, firm boundaries, and inner strength, inviting protection and a grounded sense of integrity.","og_url":"https:\/\/essencesamazigh.com\/fr\/produit\/essence-de-fleur-depine-douce-2\/","og_site_name":"Essences Amazigh","article_publisher":"https:\/\/www.facebook.com\/profile.php?id=100086107194579","article_modified_time":"2026-03-31T11:35:52+00:00","og_image":[{"width":512,"height":512,"url":"https:\/\/i0.wp.com\/essencesamazigh.com\/wp-content\/uploads\/LogoEA512x512pixel-1.png?fit=512%2C512&ssl=1","type":"image\/png"}],"twitter_card":"summary_large_image","twitter_title":"Flower essence of Sweet Thorn","twitter_description":"Sweet thorn flower essence encourages emotional resilience, firm boundaries, and inner strength, inviting protection and a grounded sense of integrity.","twitter_misc":{"Dur\u00e9e de lecture estim\u00e9e":"3 minutes"},"schema":{"@context":"https:\/\/schema.org","@graph":[{"@type":"WebPage","@id":"https:\/\/essencesamazigh.com\/product\/flower-essence-of-sweet-thorn\/","url":"https:\/\/essencesamazigh.com\/product\/flower-essence-of-sweet-thorn\/","name":"\u00c9lixir de fleurs d'\u00e9pine douce | Essences Amazigh","isPartOf":{"@id":"https:\/\/essencesamazigh.com\/#website"},"primaryImageOfPage":{"@id":"https:\/\/essencesamazigh.com\/product\/flower-essence-of-sweet-thorn\/#primaryimage"},"image":{"@id":"https:\/\/essencesamazigh.com\/product\/flower-essence-of-sweet-thorn\/#primaryimage"},"thumbnailUrl":"https:\/\/i0.wp.com\/essencesamazigh.com\/wp-content\/uploads\/2025\/03\/FESweetThornPOS1.png?fit=1800%2C2400&ssl=1","datePublished":"2025-03-28T14:00:16+00:00","dateModified":"2026-03-31T11:35:52+00:00","description":"L'essence de fleur d'\u00e9pine douce encourage la r\u00e9silience \u00e9motionnelle, la fermet\u00e9 des limites et la force int\u00e9rieure, invitant \u00e0 la protection et \u00e0 un sens de l'int\u00e9grit\u00e9 bien ancr\u00e9.","breadcrumb":{"@id":"https:\/\/essencesamazigh.com\/product\/flower-essence-of-sweet-thorn\/#breadcrumb"},"inLanguage":"fr-FR","potentialAction":[{"@type":"ReadAction","target":["https:\/\/essencesamazigh.com\/product\/flower-essence-of-sweet-thorn\/"]}]},{"@type":"ImageObject","inLanguage":"fr-FR","@id":"https:\/\/essencesamazigh.com\/product\/flower-essence-of-sweet-thorn\/#primaryimage","url":"https:\/\/i0.wp.com\/essencesamazigh.com\/wp-content\/uploads\/2025\/03\/FESweetThornPOS1.png?fit=1800%2C2400&ssl=1","contentUrl":"https:\/\/i0.wp.com\/essencesamazigh.com\/wp-content\/uploads\/2025\/03\/FESweetThornPOS1.png?fit=1800%2C2400&ssl=1","width":1800,"height":2400,"caption":"Flower essence Sweet Thron"},{"@type":"BreadcrumbList","@id":"https:\/\/essencesamazigh.com\/product\/flower-essence-of-sweet-thorn\/#breadcrumb","itemListElement":[{"@type":"ListItem","position":1,"name":"Home","item":"https:\/\/essencesamazigh.com\/"},{"@type":"ListItem","position":2,"name":"Shop","item":"https:\/\/essencesamazigh.com\/shop-all-essences-amazigh\/"},{"@type":"ListItem","position":3,"name":"Flower essence of Sweet Thorn"}]},{"@type":"WebSite","@id":"https:\/\/essencesamazigh.com\/#website","url":"https:\/\/essencesamazigh.com\/","name":"Essences Amazigh","description":"Le VRAI pouvoir des fleurs","publisher":{"@id":"https:\/\/essencesamazigh.com\/#organization"},"potentialAction":[{"@type":"SearchAction","target":{"@type":"EntryPoint","urlTemplate":"https:\/\/essencesamazigh.com\/?s={search_term_string}"},"query-input":{"@type":"PropertyValueSpecification","valueRequired":true,"valueName":"search_term_string"}}],"inLanguage":"fr-FR"},{"@type":"Organization","@id":"https:\/\/essencesamazigh.com\/#organization","name":"Essences Amazigh","url":"https:\/\/essencesamazigh.com\/","logo":{"@type":"ImageObject","inLanguage":"fr-FR","@id":"https:\/\/essencesamazigh.com\/#\/schema\/logo\/image\/","url":"https:\/\/i0.wp.com\/essencesamazigh.com\/wp-content\/uploads\/LogoEA512x512pixel-1.png?fit=512%2C512&ssl=1","contentUrl":"https:\/\/i0.wp.com\/essencesamazigh.com\/wp-content\/uploads\/LogoEA512x512pixel-1.png?fit=512%2C512&ssl=1","width":512,"height":512,"caption":"Essences Amazigh"},"image":{"@id":"https:\/\/essencesamazigh.com\/#\/schema\/logo\/image\/"},"sameAs":["https:\/\/www.facebook.com\/profile.php?id=100086107194579","https:\/\/www.instagram.com\/essencesamazigh\/"]}]}},"jetpack_sharing_enabled":true,"_links":{"self":[{"href":"https:\/\/essencesamazigh.com\/fr\/wp-json\/wp\/v2\/product\/7774","targetHints":{"allow":["GET"]}}],"collection":[{"href":"https:\/\/essencesamazigh.com\/fr\/wp-json\/wp\/v2\/product"}],"about":[{"href":"https:\/\/essencesamazigh.com\/fr\/wp-json\/wp\/v2\/types\/product"}],"version-history":[{"count":22,"href":"https:\/\/essencesamazigh.com\/fr\/wp-json\/wp\/v2\/product\/7774\/revisions"}],"predecessor-version":[{"id":10117,"href":"https:\/\/essencesamazigh.com\/fr\/wp-json\/wp\/v2\/product\/7774\/revisions\/10117"}],"wp:featuredmedia":[{"embeddable":true,"href":"https:\/\/essencesamazigh.com\/fr\/wp-json\/wp\/v2\/media\/10181"}],"wp:attachment":[{"href":"https:\/\/essencesamazigh.com\/fr\/wp-json\/wp\/v2\/media?parent=7774"}],"wp:term":[{"taxonomy":"product_brand","embeddable":true,"href":"https:\/\/essencesamazigh.com\/fr\/wp-json\/wp\/v2\/product_brand?post=7774"},{"taxonomy":"product_cat","embeddable":true,"href":"https:\/\/essencesamazigh.com\/fr\/wp-json\/wp\/v2\/product_cat?post=7774"},{"taxonomy":"product_tag","embeddable":true,"href":"https:\/\/essencesamazigh.com\/fr\/wp-json\/wp\/v2\/product_tag?post=7774"}],"curies":[{"name":"wp","href":"https:\/\/api.w.org\/{rel}","templated":true}]}}