{"id":7769,"date":"2025-03-28T14:16:00","date_gmt":"2025-03-28T13:16:00","guid":{"rendered":"https:\/\/essencesamazigh.com\/?post_type=product&#038;p=7769"},"modified":"2026-03-31T12:35:39","modified_gmt":"2026-03-31T11:35:39","slug":"essence-de-fleur-dabricot-2","status":"publish","type":"product","link":"https:\/\/essencesamazigh.com\/fr\/product\/flower-essence-of-apricot\/","title":{"rendered":"Essence de fleurs d'abricot"},"content":{"rendered":"<p><strong>Introduction : <\/strong><span class=\"Y2IQFc\" lang=\"en\">Le <a href=\"https:\/\/en.wikipedia.org\/wiki\/Prunus_armeniaca\">abricotier<\/a> est une esp\u00e8ce rustique de verger connue pour son r\u00e9veil printanier pr\u00e9coce, fleurissant souvent alors que le gel est encore pr\u00e9sent pour capturer la premi\u00e8re chaleur de la saison. Ses fleurs se composent de cinq d\u00e9licats p\u00e9tales blancs \u00e0 roses qui \u00e9mergent sur les branches nues, repr\u00e9sentant la transition de la dormance hivernale \u00e0 la croissance active. Dans la tradition des essences de fleurs, l'abricot est <strong data-start=\"835\" data-end=\"963\">traditionnellement associ\u00e9 \u00e0 la lib\u00e9ration en douceur des atmosph\u00e8res \u00e9motionnelles lourdes et \u00e0 l'adoucissement des \u00e9tats int\u00e9rieurs statiques<\/strong> qui peut subsister apr\u00e8s des p\u00e9riodes difficiles. En invitant \u00e0 la chaleur et \u00e0 la l\u00e9g\u00e8ret\u00e9, l'Apricot <a href=\"https:\/\/essencesamazigh.com\/fr\/acheter-toutes-les-essences-amazigh\/?e-filter-b0abce5-product_cat=flower-essences-single\">essence de fleur<\/a> <strong data-start=\"1068\" data-end=\"1109\">favorise un regain de vitalit\u00e9 et de clart\u00e9<\/strong>, L'abricotier est un arbre qui donne un sentiment int\u00e9rieur de pr\u00e9paration \u00e0 l'entr\u00e9e dans de nouvelles phases de la vie. \u00c0 Nefta, les abricotiers sont diss\u00e9min\u00e9s dans plusieurs oasis.<\/span><\/p>\n<p><span class=\"Y2IQFc\" lang=\"en\"><strong data-start=\"469\" data-end=\"483\">Arch\u00e9type :<\/strong> <em data-start=\"484\" data-end=\"570\">L'harmonisateur des cycles - soutient le renouvellement symbolique, l'\u00e9quilibre et le flux \u00e9motionnel.<\/em><\/span><\/p>\n<p><strong>Principaux sympt\u00f4mes (l\u2018\u2019avant\") : <\/strong><\/p>\n<ul>\n<li><strong>Lourdeur saisonni\u00e8re : <\/strong>En cas de grisaille ou de manque de vitalit\u00e9 pendant l'hiver ou les mois pluvieux.<\/li>\n<li><strong>Stagnation \u00e9motionnelle :<\/strong> On se sent pris dans des routines r\u00e9p\u00e9titives et peu inspir\u00e9es.<\/li>\n<li><strong>Chocs et r\u00e9sistance :<\/strong> Difficult\u00e9 \u00e0 se lib\u00e9rer du pass\u00e9 \u00e0 l'approche d'un nouveau chapitre de la vie.<\/li>\n<li><strong>D\u00e9pendance au sucre : <\/strong>Se tourner vers des \u2018sucreries\u2019 ou des habitudes r\u00e9confortantes pour remplacer symboliquement la nourriture \u00e9motionnelle.<\/li>\n<\/ul>\n<p><strong>Potentiel de transformation avec l'essence de fleur d'abricot (The \u2018After\u2019) : \u00a0<\/strong><\/p>\n<ul>\n<li data-hveid=\"CAEIBBAA\" data-complete=\"true\" data-sae=\"\"><span class=\"T286Pc\" data-sfc-cp=\"\" data-complete=\"true\"><strong class=\"Yjhzub\" data-complete=\"true\">De la stagnation \u00e0 la fluidit\u00e9 \u00e9motionnelle :<\/strong> Associ\u00e9 \u00e0 un sentiment de facilit\u00e9 et de mouvement pendant les p\u00e9riodes de transition.<\/span><\/li>\n<li data-hveid=\"CAEIBBAB\" data-complete=\"true\" data-sae=\"\"><span class=\"T286Pc\" data-sfc-cp=\"\" data-complete=\"true\"><strong class=\"Yjhzub\" data-complete=\"true\">De l'incertitude \u00e0 la confiance sereine :<\/strong> Favorise l'adoption d'une attitude \u00e9quilibr\u00e9e et ouverte au moment d'aborder de nouveaux chapitres ou saisons de la vie.<\/span><\/li>\n<li data-hveid=\"CAEIBBAC\" data-complete=\"true\" data-sae=\"\"><span class=\"T286Pc\" data-sfc-cp=\"\" data-complete=\"true\"><strong class=\"Yjhzub\" data-complete=\"true\">De la tension \u00e0 l'harmonie int\u00e9rieure :<\/strong> Favorise une relation plus l\u00e9g\u00e8re avec les tensions internes, cr\u00e9ant un espace de joie et de vitalit\u00e9.<\/span><\/li>\n<li data-hveid=\"CAEIBBAD\" data-complete=\"true\" data-sae=\"\"><span class=\"T286Pc\" data-sfc-cp=\"\" data-complete=\"true\" aria-owns=\"action-menu-toolbar\"><strong class=\"Yjhzub\" data-complete=\"true\">De la confusion \u00e0 la clart\u00e9 et \u00e0 la perspective :<\/strong> Invite \u00e0 prendre du recul par rapport \u00e0 une situation en faisant preuve de conscience int\u00e9rieure et de perspicacit\u00e9.<\/span><\/li>\n<\/ul>\n<p><span class=\"Y2IQFc\" lang=\"en\">*** Pour le bien-\u00eatre et la relaxation uniquement. Ce produit n'est pas un m\u00e9dicament et n'est pas destin\u00e9 \u00e0 diagnostiquer, traiter, pr\u00e9venir ou gu\u00e9rir une maladie. Les effets d\u00e9crits sont de nature symbolique et traditionnelle. Utiliser selon les instructions.<\/span><\/p>\n<p>&nbsp;<\/p>","protected":false},"excerpt":{"rendered":"<p>\u2018La fleur de la transition\u2019<\/p>","protected":false},"featured_media":10182,"template":"","meta":[],"product_brand":[],"product_cat":[21],"product_tag":[117],"class_list":{"0":"post-7769","1":"product","2":"type-product","3":"status-publish","4":"has-post-thumbnail","6":"product_cat-flower-essences-single","7":"product_tag-flower-essence","9":"first","10":"instock","11":"shipping-taxable","12":"purchasable","13":"product-type-simple"},"yoast_head":"<!-- This site is optimized with the Yoast SEO plugin v27.4 - https:\/\/yoast.com\/product\/yoast-seo-wordpress\/ -->\n<title>Flower essence of Apricot | Essences Amazigh<\/title>\n<meta name=\"description\" content=\"Apricot Flower Essence encourages emotional balance, fluidity, and inner clarity, inviting gentle renewal and a lighter, open-hearted perspective.\" \/>\n<meta name=\"robots\" content=\"index, follow, max-snippet:-1, max-image-preview:large, max-video-preview:-1\" \/>\n<link rel=\"canonical\" href=\"https:\/\/essencesamazigh.com\/fr\/produit\/essence-de-fleur-dabricot-2\/\" \/>\n<meta property=\"og:locale\" content=\"fr_FR\" \/>\n<meta property=\"og:type\" content=\"article\" \/>\n<meta property=\"og:title\" content=\"Flower essence of Apricot\" \/>\n<meta property=\"og:description\" content=\"Apricot Flower Essence encourages emotional balance, fluidity, and inner clarity, inviting gentle renewal and a lighter, open-hearted perspective.\" \/>\n<meta property=\"og:url\" content=\"https:\/\/essencesamazigh.com\/fr\/produit\/essence-de-fleur-dabricot-2\/\" \/>\n<meta property=\"og:site_name\" content=\"Essences Amazigh\" \/>\n<meta property=\"article:publisher\" content=\"https:\/\/www.facebook.com\/profile.php?id=100086107194579\" \/>\n<meta property=\"article:modified_time\" content=\"2026-03-31T11:35:39+00:00\" \/>\n<meta property=\"og:image\" content=\"https:\/\/i0.wp.com\/essencesamazigh.com\/wp-content\/uploads\/LogoEA512x512pixel-1.png?fit=512%2C512&ssl=1\" \/>\n\t<meta property=\"og:image:width\" content=\"512\" \/>\n\t<meta property=\"og:image:height\" content=\"512\" \/>\n\t<meta property=\"og:image:type\" content=\"image\/png\" \/>\n<meta name=\"twitter:card\" content=\"summary_large_image\" \/>\n<meta name=\"twitter:title\" content=\"Flower essence of Apricot\" \/>\n<meta name=\"twitter:description\" content=\"Apricot Flower Essence encourages emotional balance, fluidity, and inner clarity, inviting gentle renewal and a lighter, open-hearted perspective.\" \/>\n<meta name=\"twitter:label1\" content=\"Dur\u00e9e de lecture estim\u00e9e\" \/>\n\t<meta name=\"twitter:data1\" content=\"2 minutes\" \/>\n<script type=\"application\/ld+json\" class=\"yoast-schema-graph\">{\"@context\":\"https:\\\/\\\/schema.org\",\"@graph\":[{\"@type\":\"WebPage\",\"@id\":\"https:\\\/\\\/essencesamazigh.com\\\/product\\\/flower-essence-of-apricot\\\/\",\"url\":\"https:\\\/\\\/essencesamazigh.com\\\/product\\\/flower-essence-of-apricot\\\/\",\"name\":\"Flower essence of Apricot | Essences Amazigh\",\"isPartOf\":{\"@id\":\"https:\\\/\\\/essencesamazigh.com\\\/#website\"},\"primaryImageOfPage\":{\"@id\":\"https:\\\/\\\/essencesamazigh.com\\\/product\\\/flower-essence-of-apricot\\\/#primaryimage\"},\"image\":{\"@id\":\"https:\\\/\\\/essencesamazigh.com\\\/product\\\/flower-essence-of-apricot\\\/#primaryimage\"},\"thumbnailUrl\":\"https:\\\/\\\/i0.wp.com\\\/essencesamazigh.com\\\/wp-content\\\/uploads\\\/2025\\\/03\\\/FEApricotPOS1.png?fit=1800%2C2400&ssl=1\",\"datePublished\":\"2025-03-28T13:16:00+00:00\",\"dateModified\":\"2026-03-31T11:35:39+00:00\",\"description\":\"Apricot Flower Essence encourages emotional balance, fluidity, and inner clarity, inviting gentle renewal and a lighter, open-hearted perspective.\",\"breadcrumb\":{\"@id\":\"https:\\\/\\\/essencesamazigh.com\\\/product\\\/flower-essence-of-apricot\\\/#breadcrumb\"},\"inLanguage\":\"fr-FR\",\"potentialAction\":[{\"@type\":\"ReadAction\",\"target\":[\"https:\\\/\\\/essencesamazigh.com\\\/product\\\/flower-essence-of-apricot\\\/\"]}]},{\"@type\":\"ImageObject\",\"inLanguage\":\"fr-FR\",\"@id\":\"https:\\\/\\\/essencesamazigh.com\\\/product\\\/flower-essence-of-apricot\\\/#primaryimage\",\"url\":\"https:\\\/\\\/i0.wp.com\\\/essencesamazigh.com\\\/wp-content\\\/uploads\\\/2025\\\/03\\\/FEApricotPOS1.png?fit=1800%2C2400&ssl=1\",\"contentUrl\":\"https:\\\/\\\/i0.wp.com\\\/essencesamazigh.com\\\/wp-content\\\/uploads\\\/2025\\\/03\\\/FEApricotPOS1.png?fit=1800%2C2400&ssl=1\",\"width\":1800,\"height\":2400,\"caption\":\"Flower essence Apricot\"},{\"@type\":\"BreadcrumbList\",\"@id\":\"https:\\\/\\\/essencesamazigh.com\\\/product\\\/flower-essence-of-apricot\\\/#breadcrumb\",\"itemListElement\":[{\"@type\":\"ListItem\",\"position\":1,\"name\":\"Home\",\"item\":\"https:\\\/\\\/essencesamazigh.com\\\/\"},{\"@type\":\"ListItem\",\"position\":2,\"name\":\"Shop\",\"item\":\"https:\\\/\\\/essencesamazigh.com\\\/shop-all-essences-amazigh\\\/\"},{\"@type\":\"ListItem\",\"position\":3,\"name\":\"Flower essence of Apricot\"}]},{\"@type\":\"WebSite\",\"@id\":\"https:\\\/\\\/essencesamazigh.com\\\/#website\",\"url\":\"https:\\\/\\\/essencesamazigh.com\\\/\",\"name\":\"Essences Amazigh\",\"description\":\"The TRUE power of flowers\",\"publisher\":{\"@id\":\"https:\\\/\\\/essencesamazigh.com\\\/#organization\"},\"potentialAction\":[{\"@type\":\"SearchAction\",\"target\":{\"@type\":\"EntryPoint\",\"urlTemplate\":\"https:\\\/\\\/essencesamazigh.com\\\/?s={search_term_string}\"},\"query-input\":{\"@type\":\"PropertyValueSpecification\",\"valueRequired\":true,\"valueName\":\"search_term_string\"}}],\"inLanguage\":\"fr-FR\"},{\"@type\":\"Organization\",\"@id\":\"https:\\\/\\\/essencesamazigh.com\\\/#organization\",\"name\":\"Essences Amazigh\",\"url\":\"https:\\\/\\\/essencesamazigh.com\\\/\",\"logo\":{\"@type\":\"ImageObject\",\"inLanguage\":\"fr-FR\",\"@id\":\"https:\\\/\\\/essencesamazigh.com\\\/#\\\/schema\\\/logo\\\/image\\\/\",\"url\":\"https:\\\/\\\/i0.wp.com\\\/essencesamazigh.com\\\/wp-content\\\/uploads\\\/LogoEA512x512pixel-1.png?fit=512%2C512&ssl=1\",\"contentUrl\":\"https:\\\/\\\/i0.wp.com\\\/essencesamazigh.com\\\/wp-content\\\/uploads\\\/LogoEA512x512pixel-1.png?fit=512%2C512&ssl=1\",\"width\":512,\"height\":512,\"caption\":\"Essences Amazigh\"},\"image\":{\"@id\":\"https:\\\/\\\/essencesamazigh.com\\\/#\\\/schema\\\/logo\\\/image\\\/\"},\"sameAs\":[\"https:\\\/\\\/www.facebook.com\\\/profile.php?id=100086107194579\",\"https:\\\/\\\/www.instagram.com\\\/essencesamazigh\\\/\"]}]}<\/script>\n<!-- \/ Yoast SEO plugin. -->","yoast_head_json":{"title":"\u00c9lixir floral d'abricot | Essences Amazigh","description":"L'essence de fleur d'abricot favorise l'\u00e9quilibre \u00e9motionnel, la fluidit\u00e9 et la clart\u00e9 int\u00e9rieure, invitant \u00e0 un renouvellement en douceur et \u00e0 une perspective plus l\u00e9g\u00e8re et ouverte.","robots":{"index":"index","follow":"follow","max-snippet":"max-snippet:-1","max-image-preview":"max-image-preview:large","max-video-preview":"max-video-preview:-1"},"canonical":"https:\/\/essencesamazigh.com\/fr\/produit\/essence-de-fleur-dabricot-2\/","og_locale":"fr_FR","og_type":"article","og_title":"Flower essence of Apricot","og_description":"Apricot Flower Essence encourages emotional balance, fluidity, and inner clarity, inviting gentle renewal and a lighter, open-hearted perspective.","og_url":"https:\/\/essencesamazigh.com\/fr\/produit\/essence-de-fleur-dabricot-2\/","og_site_name":"Essences Amazigh","article_publisher":"https:\/\/www.facebook.com\/profile.php?id=100086107194579","article_modified_time":"2026-03-31T11:35:39+00:00","og_image":[{"width":512,"height":512,"url":"https:\/\/i0.wp.com\/essencesamazigh.com\/wp-content\/uploads\/LogoEA512x512pixel-1.png?fit=512%2C512&ssl=1","type":"image\/png"}],"twitter_card":"summary_large_image","twitter_title":"Flower essence of Apricot","twitter_description":"Apricot Flower Essence encourages emotional balance, fluidity, and inner clarity, inviting gentle renewal and a lighter, open-hearted perspective.","twitter_misc":{"Dur\u00e9e de lecture estim\u00e9e":"2 minutes"},"schema":{"@context":"https:\/\/schema.org","@graph":[{"@type":"WebPage","@id":"https:\/\/essencesamazigh.com\/product\/flower-essence-of-apricot\/","url":"https:\/\/essencesamazigh.com\/product\/flower-essence-of-apricot\/","name":"\u00c9lixir floral d'abricot | Essences Amazigh","isPartOf":{"@id":"https:\/\/essencesamazigh.com\/#website"},"primaryImageOfPage":{"@id":"https:\/\/essencesamazigh.com\/product\/flower-essence-of-apricot\/#primaryimage"},"image":{"@id":"https:\/\/essencesamazigh.com\/product\/flower-essence-of-apricot\/#primaryimage"},"thumbnailUrl":"https:\/\/i0.wp.com\/essencesamazigh.com\/wp-content\/uploads\/2025\/03\/FEApricotPOS1.png?fit=1800%2C2400&ssl=1","datePublished":"2025-03-28T13:16:00+00:00","dateModified":"2026-03-31T11:35:39+00:00","description":"L'essence de fleur d'abricot favorise l'\u00e9quilibre \u00e9motionnel, la fluidit\u00e9 et la clart\u00e9 int\u00e9rieure, invitant \u00e0 un renouvellement en douceur et \u00e0 une perspective plus l\u00e9g\u00e8re et ouverte.","breadcrumb":{"@id":"https:\/\/essencesamazigh.com\/product\/flower-essence-of-apricot\/#breadcrumb"},"inLanguage":"fr-FR","potentialAction":[{"@type":"ReadAction","target":["https:\/\/essencesamazigh.com\/product\/flower-essence-of-apricot\/"]}]},{"@type":"ImageObject","inLanguage":"fr-FR","@id":"https:\/\/essencesamazigh.com\/product\/flower-essence-of-apricot\/#primaryimage","url":"https:\/\/i0.wp.com\/essencesamazigh.com\/wp-content\/uploads\/2025\/03\/FEApricotPOS1.png?fit=1800%2C2400&ssl=1","contentUrl":"https:\/\/i0.wp.com\/essencesamazigh.com\/wp-content\/uploads\/2025\/03\/FEApricotPOS1.png?fit=1800%2C2400&ssl=1","width":1800,"height":2400,"caption":"Flower essence Apricot"},{"@type":"BreadcrumbList","@id":"https:\/\/essencesamazigh.com\/product\/flower-essence-of-apricot\/#breadcrumb","itemListElement":[{"@type":"ListItem","position":1,"name":"Home","item":"https:\/\/essencesamazigh.com\/"},{"@type":"ListItem","position":2,"name":"Shop","item":"https:\/\/essencesamazigh.com\/shop-all-essences-amazigh\/"},{"@type":"ListItem","position":3,"name":"Flower essence of Apricot"}]},{"@type":"WebSite","@id":"https:\/\/essencesamazigh.com\/#website","url":"https:\/\/essencesamazigh.com\/","name":"Essences Amazigh","description":"Le VRAI pouvoir des fleurs","publisher":{"@id":"https:\/\/essencesamazigh.com\/#organization"},"potentialAction":[{"@type":"SearchAction","target":{"@type":"EntryPoint","urlTemplate":"https:\/\/essencesamazigh.com\/?s={search_term_string}"},"query-input":{"@type":"PropertyValueSpecification","valueRequired":true,"valueName":"search_term_string"}}],"inLanguage":"fr-FR"},{"@type":"Organization","@id":"https:\/\/essencesamazigh.com\/#organization","name":"Essences Amazigh","url":"https:\/\/essencesamazigh.com\/","logo":{"@type":"ImageObject","inLanguage":"fr-FR","@id":"https:\/\/essencesamazigh.com\/#\/schema\/logo\/image\/","url":"https:\/\/i0.wp.com\/essencesamazigh.com\/wp-content\/uploads\/LogoEA512x512pixel-1.png?fit=512%2C512&ssl=1","contentUrl":"https:\/\/i0.wp.com\/essencesamazigh.com\/wp-content\/uploads\/LogoEA512x512pixel-1.png?fit=512%2C512&ssl=1","width":512,"height":512,"caption":"Essences Amazigh"},"image":{"@id":"https:\/\/essencesamazigh.com\/#\/schema\/logo\/image\/"},"sameAs":["https:\/\/www.facebook.com\/profile.php?id=100086107194579","https:\/\/www.instagram.com\/essencesamazigh\/"]}]}},"jetpack_sharing_enabled":true,"_links":{"self":[{"href":"https:\/\/essencesamazigh.com\/fr\/wp-json\/wp\/v2\/product\/7769","targetHints":{"allow":["GET"]}}],"collection":[{"href":"https:\/\/essencesamazigh.com\/fr\/wp-json\/wp\/v2\/product"}],"about":[{"href":"https:\/\/essencesamazigh.com\/fr\/wp-json\/wp\/v2\/types\/product"}],"version-history":[{"count":31,"href":"https:\/\/essencesamazigh.com\/fr\/wp-json\/wp\/v2\/product\/7769\/revisions"}],"predecessor-version":[{"id":10177,"href":"https:\/\/essencesamazigh.com\/fr\/wp-json\/wp\/v2\/product\/7769\/revisions\/10177"}],"wp:featuredmedia":[{"embeddable":true,"href":"https:\/\/essencesamazigh.com\/fr\/wp-json\/wp\/v2\/media\/10182"}],"wp:attachment":[{"href":"https:\/\/essencesamazigh.com\/fr\/wp-json\/wp\/v2\/media?parent=7769"}],"wp:term":[{"taxonomy":"product_brand","embeddable":true,"href":"https:\/\/essencesamazigh.com\/fr\/wp-json\/wp\/v2\/product_brand?post=7769"},{"taxonomy":"product_cat","embeddable":true,"href":"https:\/\/essencesamazigh.com\/fr\/wp-json\/wp\/v2\/product_cat?post=7769"},{"taxonomy":"product_tag","embeddable":true,"href":"https:\/\/essencesamazigh.com\/fr\/wp-json\/wp\/v2\/product_tag?post=7769"}],"curies":[{"name":"wp","href":"https:\/\/api.w.org\/{rel}","templated":true}]}}