{"id":7310,"date":"2024-12-02T19:40:35","date_gmt":"2024-12-02T19:40:35","guid":{"rendered":"https:\/\/essencesamazigh.com\/?post_type=product&#038;p=7310"},"modified":"2026-03-31T19:11:43","modified_gmt":"2026-03-31T18:11:43","slug":"baume-pour-la-tete-et-les-tempes-arjaf","status":"publish","type":"product","link":"https:\/\/essencesamazigh.com\/fr\/product\/head-and-temple-balm-arjaf\/","title":{"rendered":"Baume t\u00eate et tempes \"ARJAF'"},"content":{"rendered":"<div class=\"Y3BBE\" data-sfc-cp=\"\" data-hveid=\"CAEIBRAA\" data-processed=\"true\" data-complete=\"true\">\n<p style=\"font-weight: 400;\">Facile \u00e0 transporter dans un sac \u00e0 main, le baume t\u00eate et tempes ARJAF est un baume cibl\u00e9 pour la t\u00eate et les tempes, formul\u00e9 avec\u00a0<strong>argile verte illite<\/strong> de <a href=\"https:\/\/en.wikipedia.org\/wiki\/Nefta,_Tunisia\">Nefta<\/a> et <strong>essence de fleurs de citron<\/strong>, Ce baume a \u00e9t\u00e9 con\u00e7u pour accompagner les moments de tension et de surcharge mentale par un rituel sensoriel apaisant. Sa texture baume se fond dans la peau, associant un ar\u00f4me d'herbes fra\u00eeches \u00e0 des plantes nourrissantes pour une exp\u00e9rience d'application r\u00e9confortante.<\/p>\n<p style=\"font-weight: 400;\"><strong>Caract\u00e9ristiques principales<\/strong><\/p>\n<ul style=\"font-weight: 400;\">\n<li><strong>Argile verte illite<\/strong>La peau : appr\u00e9ci\u00e9e pour ses propri\u00e9t\u00e9s purifiantes et \u00e9quilibrantes, elle laisse une sensation de fra\u00eecheur et de confort.<\/li>\n<li><a href=\"https:\/\/essencesamazigh.com\/fr\/produit\/essence-de-fleurs-de-citron\/\"><strong>Essence de fleurs de citron<\/strong><\/a>Le soleil : traditionnellement associ\u00e9 \u00e0 la clart\u00e9 et \u00e0 la l\u00e9g\u00e8ret\u00e9, il favorise un sentiment de lib\u00e9ration et de fra\u00eecheur.<\/li>\n<li><strong>Base nourrissante naturelle<\/strong>beurre de karit\u00e9, huile d'olive extra vierge biologique tunisienne et cire d'abeille<\/li>\n<li><strong>Huiles essentielles aromatiques<\/strong>basilic, camomille romaine, lavande vraie, menthe poivr\u00e9e et romarin \u00e0 cin\u00e9ole<\/li>\n<li>Id\u00e9al pour une application sur les tempes et les zones de la t\u00eate pendant les moments de tension<\/li>\n<\/ul>\n<\/div>\n<p><span class=\"T286Pc\" data-sfc-cp=\"\" data-complete=\"true\">*** Ce produit est destin\u00e9 au bien-\u00eatre, \u00e0 la relaxation et \u00e0 l'usage externe uniquement. Il ne s'agit pas d'un m\u00e9dicament et ne doit pas \u00eatre utilis\u00e9 pour diagnostiquer, traiter, pr\u00e9venir ou gu\u00e9rir une maladie. Tous nos produits sont naturels, artisanaux et g\u00e9n\u00e9ralement consid\u00e9r\u00e9s comme s\u00fbrs lorsqu'ils sont utilis\u00e9s conform\u00e9ment aux instructions.<\/span><\/p>\n<p>&nbsp;<\/p>","protected":false},"excerpt":{"rendered":"<p>Easy to carry in a hand bag, the head &amp; temple balm ARJAF is a targeted head and temple balm formulated with\u00a0green illite clay of Nefta and lemon flower essence, designed to accompany moments of head tension and mental overload through a soothing sensory ritual. Its balm texture melts into the skin, combining a fresh [&hellip;]<\/p>\n","protected":false},"featured_media":10262,"template":"","meta":[],"product_brand":[],"product_cat":[66],"product_tag":[117,118],"class_list":{"0":"post-7310","1":"product","2":"type-product","3":"status-publish","4":"has-post-thumbnail","6":"product_cat-earth-of-nefta","7":"product_tag-flower-essence","8":"product_tag-remedies","10":"first","11":"instock","12":"shipping-taxable","13":"purchasable","14":"product-type-simple"},"yoast_head":"<!-- This site is optimized with the Yoast SEO plugin v27.4 - https:\/\/yoast.com\/product\/yoast-seo-wordpress\/ -->\n<title>Head and temple balm &#039;ARJAF&#039; | Essences Amazigh<\/title>\n<meta name=\"description\" content=\"Head &amp; temple balm ARJAF with green clay and lemon flower essence. A soothing aromatic ritual for moments of head tension and mental overload.\" \/>\n<meta name=\"robots\" content=\"index, follow, max-snippet:-1, max-image-preview:large, max-video-preview:-1\" \/>\n<link rel=\"canonical\" href=\"https:\/\/essencesamazigh.com\/fr\/produit\/baume-pour-la-tete-et-les-tempes-arjaf\/\" \/>\n<meta property=\"og:locale\" content=\"fr_FR\" \/>\n<meta property=\"og:type\" content=\"article\" \/>\n<meta property=\"og:title\" content=\"Head and temple balm &#039;ARJAF&#039;\" \/>\n<meta property=\"og:description\" content=\"Head &amp; temple balm ARJAF with green clay and lemon flower essence. A soothing aromatic ritual for moments of head tension and mental overload.\" \/>\n<meta property=\"og:url\" content=\"https:\/\/essencesamazigh.com\/fr\/produit\/baume-pour-la-tete-et-les-tempes-arjaf\/\" \/>\n<meta property=\"og:site_name\" content=\"Essences Amazigh\" \/>\n<meta property=\"article:publisher\" content=\"https:\/\/www.facebook.com\/profile.php?id=100086107194579\" \/>\n<meta property=\"article:modified_time\" content=\"2026-03-31T18:11:43+00:00\" \/>\n<meta property=\"og:image\" content=\"https:\/\/essencesamazigh.com\/wp-content\/uploads\/2024\/12\/REMEDESDANTAN-BaumeTeteTempesARJAFPOS1.webp\" \/>\n\t<meta property=\"og:image:width\" content=\"1440\" \/>\n\t<meta property=\"og:image:height\" content=\"1920\" \/>\n\t<meta property=\"og:image:type\" content=\"image\/webp\" \/>\n<meta name=\"twitter:card\" content=\"summary_large_image\" \/>\n<meta name=\"twitter:title\" content=\"Head and temple balm &#039;ARJAF&#039;\" \/>\n<meta name=\"twitter:description\" content=\"Head &amp; temple balm ARJAF with green clay and lemon flower essence. A soothing aromatic ritual for moments of head tension and mental overload.\" \/>\n<meta name=\"twitter:image\" content=\"https:\/\/i0.wp.com\/essencesamazigh.com\/wp-content\/uploads\/2024\/12\/REMEDESDANTAN-BaumeTeteTempesARJAFPOS1.webp?fit=1440%2C1920&ssl=1\" \/>\n<meta name=\"twitter:label1\" content=\"Dur\u00e9e de lecture estim\u00e9e\" \/>\n\t<meta name=\"twitter:data1\" content=\"1 minute\" \/>\n<script type=\"application\/ld+json\" class=\"yoast-schema-graph\">{\"@context\":\"https:\\\/\\\/schema.org\",\"@graph\":[{\"@type\":\"WebPage\",\"@id\":\"https:\\\/\\\/essencesamazigh.com\\\/product\\\/head-and-temple-balm-arjaf\\\/\",\"url\":\"https:\\\/\\\/essencesamazigh.com\\\/product\\\/head-and-temple-balm-arjaf\\\/\",\"name\":\"Head and temple balm 'ARJAF' | Essences Amazigh\",\"isPartOf\":{\"@id\":\"https:\\\/\\\/essencesamazigh.com\\\/#website\"},\"primaryImageOfPage\":{\"@id\":\"https:\\\/\\\/essencesamazigh.com\\\/product\\\/head-and-temple-balm-arjaf\\\/#primaryimage\"},\"image\":{\"@id\":\"https:\\\/\\\/essencesamazigh.com\\\/product\\\/head-and-temple-balm-arjaf\\\/#primaryimage\"},\"thumbnailUrl\":\"https:\\\/\\\/i0.wp.com\\\/essencesamazigh.com\\\/wp-content\\\/uploads\\\/2024\\\/12\\\/EARTHOFNEFTAHeadTempleGreenClayBalmARJAFPOS3.png?fit=1800%2C2400&ssl=1\",\"datePublished\":\"2024-12-02T19:40:35+00:00\",\"dateModified\":\"2026-03-31T18:11:43+00:00\",\"description\":\"Head & temple balm ARJAF with green clay and lemon flower essence. A soothing aromatic ritual for moments of head tension and mental overload.\",\"breadcrumb\":{\"@id\":\"https:\\\/\\\/essencesamazigh.com\\\/product\\\/head-and-temple-balm-arjaf\\\/#breadcrumb\"},\"inLanguage\":\"fr-FR\",\"potentialAction\":[{\"@type\":\"ReadAction\",\"target\":[\"https:\\\/\\\/essencesamazigh.com\\\/product\\\/head-and-temple-balm-arjaf\\\/\"]}]},{\"@type\":\"ImageObject\",\"inLanguage\":\"fr-FR\",\"@id\":\"https:\\\/\\\/essencesamazigh.com\\\/product\\\/head-and-temple-balm-arjaf\\\/#primaryimage\",\"url\":\"https:\\\/\\\/i0.wp.com\\\/essencesamazigh.com\\\/wp-content\\\/uploads\\\/2024\\\/12\\\/EARTHOFNEFTAHeadTempleGreenClayBalmARJAFPOS3.png?fit=1800%2C2400&ssl=1\",\"contentUrl\":\"https:\\\/\\\/i0.wp.com\\\/essencesamazigh.com\\\/wp-content\\\/uploads\\\/2024\\\/12\\\/EARTHOFNEFTAHeadTempleGreenClayBalmARJAFPOS3.png?fit=1800%2C2400&ssl=1\",\"width\":1800,\"height\":2400,\"caption\":\"Head & Temple Green Clay Balm ARJAF\"},{\"@type\":\"BreadcrumbList\",\"@id\":\"https:\\\/\\\/essencesamazigh.com\\\/product\\\/head-and-temple-balm-arjaf\\\/#breadcrumb\",\"itemListElement\":[{\"@type\":\"ListItem\",\"position\":1,\"name\":\"Home\",\"item\":\"https:\\\/\\\/essencesamazigh.com\\\/\"},{\"@type\":\"ListItem\",\"position\":2,\"name\":\"Shop\",\"item\":\"https:\\\/\\\/essencesamazigh.com\\\/shop-all-essences-amazigh\\\/\"},{\"@type\":\"ListItem\",\"position\":3,\"name\":\"Head and temple balm &#8216;ARJAF&#8217;\"}]},{\"@type\":\"WebSite\",\"@id\":\"https:\\\/\\\/essencesamazigh.com\\\/#website\",\"url\":\"https:\\\/\\\/essencesamazigh.com\\\/\",\"name\":\"Essences Amazigh\",\"description\":\"The TRUE power of flowers\",\"publisher\":{\"@id\":\"https:\\\/\\\/essencesamazigh.com\\\/#organization\"},\"potentialAction\":[{\"@type\":\"SearchAction\",\"target\":{\"@type\":\"EntryPoint\",\"urlTemplate\":\"https:\\\/\\\/essencesamazigh.com\\\/?s={search_term_string}\"},\"query-input\":{\"@type\":\"PropertyValueSpecification\",\"valueRequired\":true,\"valueName\":\"search_term_string\"}}],\"inLanguage\":\"fr-FR\"},{\"@type\":\"Organization\",\"@id\":\"https:\\\/\\\/essencesamazigh.com\\\/#organization\",\"name\":\"Essences Amazigh\",\"url\":\"https:\\\/\\\/essencesamazigh.com\\\/\",\"logo\":{\"@type\":\"ImageObject\",\"inLanguage\":\"fr-FR\",\"@id\":\"https:\\\/\\\/essencesamazigh.com\\\/#\\\/schema\\\/logo\\\/image\\\/\",\"url\":\"https:\\\/\\\/i0.wp.com\\\/essencesamazigh.com\\\/wp-content\\\/uploads\\\/LogoEA512x512pixel-1.png?fit=512%2C512&ssl=1\",\"contentUrl\":\"https:\\\/\\\/i0.wp.com\\\/essencesamazigh.com\\\/wp-content\\\/uploads\\\/LogoEA512x512pixel-1.png?fit=512%2C512&ssl=1\",\"width\":512,\"height\":512,\"caption\":\"Essences Amazigh\"},\"image\":{\"@id\":\"https:\\\/\\\/essencesamazigh.com\\\/#\\\/schema\\\/logo\\\/image\\\/\"},\"sameAs\":[\"https:\\\/\\\/www.facebook.com\\\/profile.php?id=100086107194579\",\"https:\\\/\\\/www.instagram.com\\\/essencesamazigh\\\/\"]}]}<\/script>\n<!-- \/ Yoast SEO plugin. -->","yoast_head_json":{"title":"Baume pour la t\u00eate et les tempes 'ARJAF' | Essences Amazigh","description":"Baume pour la t\u00eate et les tempes ARJAF \u00e0 l'argile verte et \u00e0 l'essence de fleurs de citron. Un rituel aromatique apaisant pour les moments de tension de la t\u00eate et de surcharge mentale.","robots":{"index":"index","follow":"follow","max-snippet":"max-snippet:-1","max-image-preview":"max-image-preview:large","max-video-preview":"max-video-preview:-1"},"canonical":"https:\/\/essencesamazigh.com\/fr\/produit\/baume-pour-la-tete-et-les-tempes-arjaf\/","og_locale":"fr_FR","og_type":"article","og_title":"Head and temple balm 'ARJAF'","og_description":"Head & temple balm ARJAF with green clay and lemon flower essence. A soothing aromatic ritual for moments of head tension and mental overload.","og_url":"https:\/\/essencesamazigh.com\/fr\/produit\/baume-pour-la-tete-et-les-tempes-arjaf\/","og_site_name":"Essences Amazigh","article_publisher":"https:\/\/www.facebook.com\/profile.php?id=100086107194579","article_modified_time":"2026-03-31T18:11:43+00:00","og_image":[{"width":1440,"height":1920,"url":"https:\/\/essencesamazigh.com\/wp-content\/uploads\/2024\/12\/REMEDESDANTAN-BaumeTeteTempesARJAFPOS1.webp","type":"image\/webp"}],"twitter_card":"summary_large_image","twitter_title":"Head and temple balm 'ARJAF'","twitter_description":"Head & temple balm ARJAF with green clay and lemon flower essence. A soothing aromatic ritual for moments of head tension and mental overload.","twitter_image":"https:\/\/i0.wp.com\/essencesamazigh.com\/wp-content\/uploads\/2024\/12\/REMEDESDANTAN-BaumeTeteTempesARJAFPOS1.webp?fit=1440%2C1920&ssl=1","twitter_misc":{"Dur\u00e9e de lecture estim\u00e9e":"1 minute"},"schema":{"@context":"https:\/\/schema.org","@graph":[{"@type":"WebPage","@id":"https:\/\/essencesamazigh.com\/product\/head-and-temple-balm-arjaf\/","url":"https:\/\/essencesamazigh.com\/product\/head-and-temple-balm-arjaf\/","name":"Baume pour la t\u00eate et les tempes 'ARJAF' | Essences Amazigh","isPartOf":{"@id":"https:\/\/essencesamazigh.com\/#website"},"primaryImageOfPage":{"@id":"https:\/\/essencesamazigh.com\/product\/head-and-temple-balm-arjaf\/#primaryimage"},"image":{"@id":"https:\/\/essencesamazigh.com\/product\/head-and-temple-balm-arjaf\/#primaryimage"},"thumbnailUrl":"https:\/\/i0.wp.com\/essencesamazigh.com\/wp-content\/uploads\/2024\/12\/EARTHOFNEFTAHeadTempleGreenClayBalmARJAFPOS3.png?fit=1800%2C2400&ssl=1","datePublished":"2024-12-02T19:40:35+00:00","dateModified":"2026-03-31T18:11:43+00:00","description":"Baume pour la t\u00eate et les tempes ARJAF \u00e0 l'argile verte et \u00e0 l'essence de fleurs de citron. Un rituel aromatique apaisant pour les moments de tension de la t\u00eate et de surcharge mentale.","breadcrumb":{"@id":"https:\/\/essencesamazigh.com\/product\/head-and-temple-balm-arjaf\/#breadcrumb"},"inLanguage":"fr-FR","potentialAction":[{"@type":"ReadAction","target":["https:\/\/essencesamazigh.com\/product\/head-and-temple-balm-arjaf\/"]}]},{"@type":"ImageObject","inLanguage":"fr-FR","@id":"https:\/\/essencesamazigh.com\/product\/head-and-temple-balm-arjaf\/#primaryimage","url":"https:\/\/i0.wp.com\/essencesamazigh.com\/wp-content\/uploads\/2024\/12\/EARTHOFNEFTAHeadTempleGreenClayBalmARJAFPOS3.png?fit=1800%2C2400&ssl=1","contentUrl":"https:\/\/i0.wp.com\/essencesamazigh.com\/wp-content\/uploads\/2024\/12\/EARTHOFNEFTAHeadTempleGreenClayBalmARJAFPOS3.png?fit=1800%2C2400&ssl=1","width":1800,"height":2400,"caption":"Head & Temple Green Clay Balm ARJAF"},{"@type":"BreadcrumbList","@id":"https:\/\/essencesamazigh.com\/product\/head-and-temple-balm-arjaf\/#breadcrumb","itemListElement":[{"@type":"ListItem","position":1,"name":"Home","item":"https:\/\/essencesamazigh.com\/"},{"@type":"ListItem","position":2,"name":"Shop","item":"https:\/\/essencesamazigh.com\/shop-all-essences-amazigh\/"},{"@type":"ListItem","position":3,"name":"Head and temple balm &#8216;ARJAF&#8217;"}]},{"@type":"WebSite","@id":"https:\/\/essencesamazigh.com\/#website","url":"https:\/\/essencesamazigh.com\/","name":"Essences Amazigh","description":"Le VRAI pouvoir des fleurs","publisher":{"@id":"https:\/\/essencesamazigh.com\/#organization"},"potentialAction":[{"@type":"SearchAction","target":{"@type":"EntryPoint","urlTemplate":"https:\/\/essencesamazigh.com\/?s={search_term_string}"},"query-input":{"@type":"PropertyValueSpecification","valueRequired":true,"valueName":"search_term_string"}}],"inLanguage":"fr-FR"},{"@type":"Organization","@id":"https:\/\/essencesamazigh.com\/#organization","name":"Essences Amazigh","url":"https:\/\/essencesamazigh.com\/","logo":{"@type":"ImageObject","inLanguage":"fr-FR","@id":"https:\/\/essencesamazigh.com\/#\/schema\/logo\/image\/","url":"https:\/\/i0.wp.com\/essencesamazigh.com\/wp-content\/uploads\/LogoEA512x512pixel-1.png?fit=512%2C512&ssl=1","contentUrl":"https:\/\/i0.wp.com\/essencesamazigh.com\/wp-content\/uploads\/LogoEA512x512pixel-1.png?fit=512%2C512&ssl=1","width":512,"height":512,"caption":"Essences Amazigh"},"image":{"@id":"https:\/\/essencesamazigh.com\/#\/schema\/logo\/image\/"},"sameAs":["https:\/\/www.facebook.com\/profile.php?id=100086107194579","https:\/\/www.instagram.com\/essencesamazigh\/"]}]}},"jetpack_sharing_enabled":true,"_links":{"self":[{"href":"https:\/\/essencesamazigh.com\/fr\/wp-json\/wp\/v2\/product\/7310","targetHints":{"allow":["GET"]}}],"collection":[{"href":"https:\/\/essencesamazigh.com\/fr\/wp-json\/wp\/v2\/product"}],"about":[{"href":"https:\/\/essencesamazigh.com\/fr\/wp-json\/wp\/v2\/types\/product"}],"version-history":[{"count":14,"href":"https:\/\/essencesamazigh.com\/fr\/wp-json\/wp\/v2\/product\/7310\/revisions"}],"predecessor-version":[{"id":10110,"href":"https:\/\/essencesamazigh.com\/fr\/wp-json\/wp\/v2\/product\/7310\/revisions\/10110"}],"wp:featuredmedia":[{"embeddable":true,"href":"https:\/\/essencesamazigh.com\/fr\/wp-json\/wp\/v2\/media\/10262"}],"wp:attachment":[{"href":"https:\/\/essencesamazigh.com\/fr\/wp-json\/wp\/v2\/media?parent=7310"}],"wp:term":[{"taxonomy":"product_brand","embeddable":true,"href":"https:\/\/essencesamazigh.com\/fr\/wp-json\/wp\/v2\/product_brand?post=7310"},{"taxonomy":"product_cat","embeddable":true,"href":"https:\/\/essencesamazigh.com\/fr\/wp-json\/wp\/v2\/product_cat?post=7310"},{"taxonomy":"product_tag","embeddable":true,"href":"https:\/\/essencesamazigh.com\/fr\/wp-json\/wp\/v2\/product_tag?post=7310"}],"curies":[{"name":"wp","href":"https:\/\/api.w.org\/{rel}","templated":true}]}}