{"id":7306,"date":"2024-12-02T19:36:10","date_gmt":"2024-12-02T19:36:10","guid":{"rendered":"https:\/\/essencesamazigh.com\/?post_type=product&#038;p=7306"},"modified":"2026-03-31T20:01:25","modified_gmt":"2026-03-31T19:01:25","slug":"panier-bleu-traditionnel","status":"publish","type":"product","link":"https:\/\/essencesamazigh.com\/fr\/product\/traditional-blue-basket\/","title":{"rendered":"Panier traditionnel bleu"},"content":{"rendered":"<p>Une jolie fibre naturelle traditionnelle tunisienne <a href=\"https:\/\/en.wikipedia.org\/wiki\/Nefta,_Tunisia\">Neftan<\/a> panier, de couleur bleue, fabriqu\u00e9 par des artistes de la r\u00e9gion et l'article parfait pour votre <a href=\"https:\/\/essencesamazigh.com\/fr\/boutique\/?e-filter-b0abce5-product_cat=gift-baskets\">des paniers-cadeaux.<\/a> Format : Diam\u00e8tre 20cm x Hauteur 7cm<\/p>","protected":false},"excerpt":{"rendered":"<p>A pretty traditional natural fiber Tunisian Neftan basket, blue color, made by artists from the region and the perfect item for your gift baskets. Format: Diameter 20cm x Height 7cm<\/p>","protected":false},"featured_media":7729,"template":"","meta":[],"product_brand":[],"product_cat":[87],"product_tag":[119,122],"class_list":{"0":"post-7306","1":"product","2":"type-product","3":"status-publish","4":"has-post-thumbnail","6":"product_cat-oasis-weaving","7":"product_tag-gift","8":"product_tag-home","10":"first","11":"instock","12":"shipping-taxable","13":"purchasable","14":"product-type-simple"},"yoast_head":"<!-- This site is optimized with the Yoast SEO plugin v27.4 - https:\/\/yoast.com\/product\/yoast-seo-wordpress\/ -->\n<title>Traditional blue basket | Essences Amazigh<\/title>\n<meta name=\"description\" content=\"A pretty traditional natural fiber Tunisian basket, blue color, made by artists from the region and the perfect item for your gift baskets\" \/>\n<meta name=\"robots\" content=\"index, follow, max-snippet:-1, max-image-preview:large, max-video-preview:-1\" \/>\n<link rel=\"canonical\" href=\"https:\/\/essencesamazigh.com\/fr\/produit\/panier-bleu-traditionnel\/\" \/>\n<meta property=\"og:locale\" content=\"fr_FR\" \/>\n<meta property=\"og:type\" content=\"article\" \/>\n<meta property=\"og:title\" content=\"Traditional blue basket\" \/>\n<meta property=\"og:description\" content=\"A pretty traditional Tunisian basket, blue color, made by artists from the region and the perfect item for your gift baskets. Format: Diameter 20cm x Height 7cm\" \/>\n<meta property=\"og:url\" content=\"https:\/\/essencesamazigh.com\/fr\/produit\/panier-bleu-traditionnel\/\" \/>\n<meta property=\"og:site_name\" content=\"Essences Amazigh\" \/>\n<meta property=\"article:publisher\" content=\"https:\/\/www.facebook.com\/profile.php?id=100086107194579\" \/>\n<meta property=\"article:modified_time\" content=\"2026-03-31T19:01:25+00:00\" \/>\n<meta property=\"og:image\" content=\"https:\/\/essencesamazigh.com\/wp-content\/uploads\/2024\/12\/COUFFINPANIERCADEAUBleuPOS1.png\" \/>\n\t<meta property=\"og:image:width\" content=\"1800\" \/>\n\t<meta property=\"og:image:height\" content=\"2400\" \/>\n\t<meta property=\"og:image:type\" content=\"image\/png\" \/>\n<meta name=\"twitter:card\" content=\"summary_large_image\" \/>\n<meta name=\"twitter:title\" content=\"Traditional blue basket\" \/>\n<meta name=\"twitter:description\" content=\"A pretty traditional Tunisian basket, blue color, made by artists from the region and the perfect item for your gift baskets. Format: Diameter 20cm x Height 7cm\" \/>\n<meta name=\"twitter:image\" content=\"https:\/\/i0.wp.com\/essencesamazigh.com\/wp-content\/uploads\/2024\/12\/COUFFINPANIERCADEAUBleuPOS1.png?fit=1800%2C2400&ssl=1\" \/>\n<meta name=\"twitter:label1\" content=\"Dur\u00e9e de lecture estim\u00e9e\" \/>\n\t<meta name=\"twitter:data1\" content=\"1 minute\" \/>\n<script type=\"application\/ld+json\" class=\"yoast-schema-graph\">{\"@context\":\"https:\\\/\\\/schema.org\",\"@graph\":[{\"@type\":\"WebPage\",\"@id\":\"https:\\\/\\\/essencesamazigh.com\\\/product\\\/traditional-blue-basket\\\/\",\"url\":\"https:\\\/\\\/essencesamazigh.com\\\/product\\\/traditional-blue-basket\\\/\",\"name\":\"Traditional blue basket | Essences Amazigh\",\"isPartOf\":{\"@id\":\"https:\\\/\\\/essencesamazigh.com\\\/#website\"},\"primaryImageOfPage\":{\"@id\":\"https:\\\/\\\/essencesamazigh.com\\\/product\\\/traditional-blue-basket\\\/#primaryimage\"},\"image\":{\"@id\":\"https:\\\/\\\/essencesamazigh.com\\\/product\\\/traditional-blue-basket\\\/#primaryimage\"},\"thumbnailUrl\":\"https:\\\/\\\/i0.wp.com\\\/essencesamazigh.com\\\/wp-content\\\/uploads\\\/2024\\\/12\\\/COUFFINPANIERCADEAUBleuPOS1.png?fit=1800%2C2400&ssl=1\",\"datePublished\":\"2024-12-02T19:36:10+00:00\",\"dateModified\":\"2026-03-31T19:01:25+00:00\",\"description\":\"A pretty traditional natural fiber Tunisian basket, blue color, made by artists from the region and the perfect item for your gift baskets\",\"breadcrumb\":{\"@id\":\"https:\\\/\\\/essencesamazigh.com\\\/product\\\/traditional-blue-basket\\\/#breadcrumb\"},\"inLanguage\":\"fr-FR\",\"potentialAction\":[{\"@type\":\"ReadAction\",\"target\":[\"https:\\\/\\\/essencesamazigh.com\\\/product\\\/traditional-blue-basket\\\/\"]}]},{\"@type\":\"ImageObject\",\"inLanguage\":\"fr-FR\",\"@id\":\"https:\\\/\\\/essencesamazigh.com\\\/product\\\/traditional-blue-basket\\\/#primaryimage\",\"url\":\"https:\\\/\\\/i0.wp.com\\\/essencesamazigh.com\\\/wp-content\\\/uploads\\\/2024\\\/12\\\/COUFFINPANIERCADEAUBleuPOS1.png?fit=1800%2C2400&ssl=1\",\"contentUrl\":\"https:\\\/\\\/i0.wp.com\\\/essencesamazigh.com\\\/wp-content\\\/uploads\\\/2024\\\/12\\\/COUFFINPANIERCADEAUBleuPOS1.png?fit=1800%2C2400&ssl=1\",\"width\":1800,\"height\":2400,\"caption\":\"Traditional blue basket\"},{\"@type\":\"BreadcrumbList\",\"@id\":\"https:\\\/\\\/essencesamazigh.com\\\/product\\\/traditional-blue-basket\\\/#breadcrumb\",\"itemListElement\":[{\"@type\":\"ListItem\",\"position\":1,\"name\":\"Home\",\"item\":\"https:\\\/\\\/essencesamazigh.com\\\/\"},{\"@type\":\"ListItem\",\"position\":2,\"name\":\"Shop\",\"item\":\"https:\\\/\\\/essencesamazigh.com\\\/shop-all-essences-amazigh\\\/\"},{\"@type\":\"ListItem\",\"position\":3,\"name\":\"Traditional blue basket\"}]},{\"@type\":\"WebSite\",\"@id\":\"https:\\\/\\\/essencesamazigh.com\\\/#website\",\"url\":\"https:\\\/\\\/essencesamazigh.com\\\/\",\"name\":\"Essences Amazigh\",\"description\":\"The TRUE power of flowers\",\"publisher\":{\"@id\":\"https:\\\/\\\/essencesamazigh.com\\\/#organization\"},\"potentialAction\":[{\"@type\":\"SearchAction\",\"target\":{\"@type\":\"EntryPoint\",\"urlTemplate\":\"https:\\\/\\\/essencesamazigh.com\\\/?s={search_term_string}\"},\"query-input\":{\"@type\":\"PropertyValueSpecification\",\"valueRequired\":true,\"valueName\":\"search_term_string\"}}],\"inLanguage\":\"fr-FR\"},{\"@type\":\"Organization\",\"@id\":\"https:\\\/\\\/essencesamazigh.com\\\/#organization\",\"name\":\"Essences Amazigh\",\"url\":\"https:\\\/\\\/essencesamazigh.com\\\/\",\"logo\":{\"@type\":\"ImageObject\",\"inLanguage\":\"fr-FR\",\"@id\":\"https:\\\/\\\/essencesamazigh.com\\\/#\\\/schema\\\/logo\\\/image\\\/\",\"url\":\"https:\\\/\\\/i0.wp.com\\\/essencesamazigh.com\\\/wp-content\\\/uploads\\\/LogoEA512x512pixel-1.png?fit=512%2C512&ssl=1\",\"contentUrl\":\"https:\\\/\\\/i0.wp.com\\\/essencesamazigh.com\\\/wp-content\\\/uploads\\\/LogoEA512x512pixel-1.png?fit=512%2C512&ssl=1\",\"width\":512,\"height\":512,\"caption\":\"Essences Amazigh\"},\"image\":{\"@id\":\"https:\\\/\\\/essencesamazigh.com\\\/#\\\/schema\\\/logo\\\/image\\\/\"},\"sameAs\":[\"https:\\\/\\\/www.facebook.com\\\/profile.php?id=100086107194579\",\"https:\\\/\\\/www.instagram.com\\\/essencesamazigh\\\/\"]}]}<\/script>\n<!-- \/ Yoast SEO plugin. -->","yoast_head_json":{"title":"Panier bleu traditionnel | Essences Amazigh","description":"Un joli panier traditionnel tunisien en fibre naturelle, de couleur bleue, fabriqu\u00e9 par des artistes de la r\u00e9gion et l'article id\u00e9al pour vos paniers cadeaux.","robots":{"index":"index","follow":"follow","max-snippet":"max-snippet:-1","max-image-preview":"max-image-preview:large","max-video-preview":"max-video-preview:-1"},"canonical":"https:\/\/essencesamazigh.com\/fr\/produit\/panier-bleu-traditionnel\/","og_locale":"fr_FR","og_type":"article","og_title":"Traditional blue basket","og_description":"A pretty traditional Tunisian basket, blue color, made by artists from the region and the perfect item for your gift baskets. Format: Diameter 20cm x Height 7cm","og_url":"https:\/\/essencesamazigh.com\/fr\/produit\/panier-bleu-traditionnel\/","og_site_name":"Essences Amazigh","article_publisher":"https:\/\/www.facebook.com\/profile.php?id=100086107194579","article_modified_time":"2026-03-31T19:01:25+00:00","og_image":[{"width":1800,"height":2400,"url":"https:\/\/essencesamazigh.com\/wp-content\/uploads\/2024\/12\/COUFFINPANIERCADEAUBleuPOS1.png","type":"image\/png"}],"twitter_card":"summary_large_image","twitter_title":"Traditional blue basket","twitter_description":"A pretty traditional Tunisian basket, blue color, made by artists from the region and the perfect item for your gift baskets. Format: Diameter 20cm x Height 7cm","twitter_image":"https:\/\/i0.wp.com\/essencesamazigh.com\/wp-content\/uploads\/2024\/12\/COUFFINPANIERCADEAUBleuPOS1.png?fit=1800%2C2400&ssl=1","twitter_misc":{"Dur\u00e9e de lecture estim\u00e9e":"1 minute"},"schema":{"@context":"https:\/\/schema.org","@graph":[{"@type":"WebPage","@id":"https:\/\/essencesamazigh.com\/product\/traditional-blue-basket\/","url":"https:\/\/essencesamazigh.com\/product\/traditional-blue-basket\/","name":"Panier bleu traditionnel | Essences Amazigh","isPartOf":{"@id":"https:\/\/essencesamazigh.com\/#website"},"primaryImageOfPage":{"@id":"https:\/\/essencesamazigh.com\/product\/traditional-blue-basket\/#primaryimage"},"image":{"@id":"https:\/\/essencesamazigh.com\/product\/traditional-blue-basket\/#primaryimage"},"thumbnailUrl":"https:\/\/i0.wp.com\/essencesamazigh.com\/wp-content\/uploads\/2024\/12\/COUFFINPANIERCADEAUBleuPOS1.png?fit=1800%2C2400&ssl=1","datePublished":"2024-12-02T19:36:10+00:00","dateModified":"2026-03-31T19:01:25+00:00","description":"Un joli panier traditionnel tunisien en fibre naturelle, de couleur bleue, fabriqu\u00e9 par des artistes de la r\u00e9gion et l'article id\u00e9al pour vos paniers cadeaux.","breadcrumb":{"@id":"https:\/\/essencesamazigh.com\/product\/traditional-blue-basket\/#breadcrumb"},"inLanguage":"fr-FR","potentialAction":[{"@type":"ReadAction","target":["https:\/\/essencesamazigh.com\/product\/traditional-blue-basket\/"]}]},{"@type":"ImageObject","inLanguage":"fr-FR","@id":"https:\/\/essencesamazigh.com\/product\/traditional-blue-basket\/#primaryimage","url":"https:\/\/i0.wp.com\/essencesamazigh.com\/wp-content\/uploads\/2024\/12\/COUFFINPANIERCADEAUBleuPOS1.png?fit=1800%2C2400&ssl=1","contentUrl":"https:\/\/i0.wp.com\/essencesamazigh.com\/wp-content\/uploads\/2024\/12\/COUFFINPANIERCADEAUBleuPOS1.png?fit=1800%2C2400&ssl=1","width":1800,"height":2400,"caption":"Traditional blue basket"},{"@type":"BreadcrumbList","@id":"https:\/\/essencesamazigh.com\/product\/traditional-blue-basket\/#breadcrumb","itemListElement":[{"@type":"ListItem","position":1,"name":"Home","item":"https:\/\/essencesamazigh.com\/"},{"@type":"ListItem","position":2,"name":"Shop","item":"https:\/\/essencesamazigh.com\/shop-all-essences-amazigh\/"},{"@type":"ListItem","position":3,"name":"Traditional blue basket"}]},{"@type":"WebSite","@id":"https:\/\/essencesamazigh.com\/#website","url":"https:\/\/essencesamazigh.com\/","name":"Essences Amazigh","description":"Le VRAI pouvoir des fleurs","publisher":{"@id":"https:\/\/essencesamazigh.com\/#organization"},"potentialAction":[{"@type":"SearchAction","target":{"@type":"EntryPoint","urlTemplate":"https:\/\/essencesamazigh.com\/?s={search_term_string}"},"query-input":{"@type":"PropertyValueSpecification","valueRequired":true,"valueName":"search_term_string"}}],"inLanguage":"fr-FR"},{"@type":"Organization","@id":"https:\/\/essencesamazigh.com\/#organization","name":"Essences Amazigh","url":"https:\/\/essencesamazigh.com\/","logo":{"@type":"ImageObject","inLanguage":"fr-FR","@id":"https:\/\/essencesamazigh.com\/#\/schema\/logo\/image\/","url":"https:\/\/i0.wp.com\/essencesamazigh.com\/wp-content\/uploads\/LogoEA512x512pixel-1.png?fit=512%2C512&ssl=1","contentUrl":"https:\/\/i0.wp.com\/essencesamazigh.com\/wp-content\/uploads\/LogoEA512x512pixel-1.png?fit=512%2C512&ssl=1","width":512,"height":512,"caption":"Essences Amazigh"},"image":{"@id":"https:\/\/essencesamazigh.com\/#\/schema\/logo\/image\/"},"sameAs":["https:\/\/www.facebook.com\/profile.php?id=100086107194579","https:\/\/www.instagram.com\/essencesamazigh\/"]}]}},"jetpack_sharing_enabled":true,"_links":{"self":[{"href":"https:\/\/essencesamazigh.com\/fr\/wp-json\/wp\/v2\/product\/7306","targetHints":{"allow":["GET"]}}],"collection":[{"href":"https:\/\/essencesamazigh.com\/fr\/wp-json\/wp\/v2\/product"}],"about":[{"href":"https:\/\/essencesamazigh.com\/fr\/wp-json\/wp\/v2\/types\/product"}],"version-history":[{"count":6,"href":"https:\/\/essencesamazigh.com\/fr\/wp-json\/wp\/v2\/product\/7306\/revisions"}],"predecessor-version":[{"id":9558,"href":"https:\/\/essencesamazigh.com\/fr\/wp-json\/wp\/v2\/product\/7306\/revisions\/9558"}],"wp:featuredmedia":[{"embeddable":true,"href":"https:\/\/essencesamazigh.com\/fr\/wp-json\/wp\/v2\/media\/7729"}],"wp:attachment":[{"href":"https:\/\/essencesamazigh.com\/fr\/wp-json\/wp\/v2\/media?parent=7306"}],"wp:term":[{"taxonomy":"product_brand","embeddable":true,"href":"https:\/\/essencesamazigh.com\/fr\/wp-json\/wp\/v2\/product_brand?post=7306"},{"taxonomy":"product_cat","embeddable":true,"href":"https:\/\/essencesamazigh.com\/fr\/wp-json\/wp\/v2\/product_cat?post=7306"},{"taxonomy":"product_tag","embeddable":true,"href":"https:\/\/essencesamazigh.com\/fr\/wp-json\/wp\/v2\/product_tag?post=7306"}],"curies":[{"name":"wp","href":"https:\/\/api.w.org\/{rel}","templated":true}]}}