{"id":7297,"date":"2024-10-24T10:56:03","date_gmt":"2024-10-24T10:56:03","guid":{"rendered":"https:\/\/essencesamazigh.com\/?post_type=product&#038;p=7297"},"modified":"2026-03-31T17:53:27","modified_gmt":"2026-03-31T16:53:27","slug":"sel-de-bain-purple-oasis","status":"publish","type":"product","link":"https:\/\/essencesamazigh.com\/fr\/product\/bath-salt-purple-oasis\/","title":{"rendered":"Sel de bain \"Purple Oasis"},"content":{"rendered":"<div><\/div>\n<div>\n<div>\n<p style=\"font-weight: 400;\">Au c\u0153ur de l'oasis de sel de bain \u2018Purple Oasis\u2019 se trouvent les <strong>les essences de fleurs de <a href=\"https:\/\/essencesamazigh.com\/fr\/produit\/essence-de-fleur-de-coing\/\">coing <\/a><\/strong>et <strong>douce \u00e9pine, <\/strong><strong>choisi<\/strong><strong> pour favoriser la douceur \u00e9motionnelle, la r\u00e9silience et un sentiment de confort pour les corps surmen\u00e9s ou fatigu\u00e9s.<\/strong>\u00a0Ces essences transforment votre bain en un rituel sensoriel, aidant \u00e0 apaiser les sensations de fatigue et favorisant une exp\u00e9rience r\u00e9paratrice apr\u00e8s l'effort.<\/p>\n<p style=\"font-weight: 400;\"><strong>Notes olfactives et effets sensoriels :<\/strong><\/p>\n<ul>\n<li><strong>Un r\u00e9veil rafra\u00eechissant : <\/strong>Le citron, l'eucalyptus et la menthe poivr\u00e9e revigorent les sens, laissant un ar\u00f4me vif et stimulant qui compl\u00e8te les moments d'effort physique.<\/li>\n<li><strong>Confort r\u00e9sineux : <\/strong>Le gen\u00e9vrier et le baume de copaiba constituent une base chaude et nourrissante, cr\u00e9ant une atmosph\u00e8re apaisante pour les muscles surmen\u00e9s.<\/li>\n<li data-start=\"764\" data-end=\"904\"><strong data-start=\"764\" data-end=\"793\">Toucher rafra\u00eechissant et relaxant : <\/strong>La gaulth\u00e9rie ajoute une note rafra\u00eechissante et r\u00e9confortante qui renforce la sensation de calme et de confort apr\u00e8s l'effort.<\/li>\n<\/ul>\n<p style=\"font-weight: 400;\"><strong>Bien-\u00eatre physique et mental :<\/strong><br data-start=\"892\" data-end=\"895\" \/>Ce sel de bain soutient les corps surmen\u00e9s, encourageant la pr\u00e9sence et la relaxation. Id\u00e9al pour les moments de fatigue ou de repos post-activit\u00e9, il favorise un bain doux et r\u00e9parateur pour le corps et l'esprit.<\/p>\n<p style=\"font-weight: 400;\"><strong>Dimension \u00e9nerg\u00e9tique :<\/strong><br data-start=\"1118\" data-end=\"1121\" \/>A\u00a0<a href=\"https:\/\/en.wikipedia.org\/wiki\/Quartz\"><strong data-start=\"1123\" data-end=\"1139\">pierre de quartz<\/strong><\/a>\u00a0renforce subtilement les qualit\u00e9s sensorielles et aromatiques de tous les ingr\u00e9dients, contribuant \u00e0 amplifier le rituel et l'exp\u00e9rience immersive de votre bain gr\u00e2ce aux propri\u00e9t\u00e9s naturelles de l'eau.<\/p>\n<p>*** Ce produit est destin\u00e9 au bien-\u00eatre, \u00e0 la relaxation et \u00e0 l'usage externe uniquement. Il ne s'agit pas d'un m\u00e9dicament et ne doit pas \u00eatre utilis\u00e9 pour diagnostiquer, traiter, pr\u00e9venir ou gu\u00e9rir une maladie. Tous nos produits sont naturels, artisanaux et s\u00fbrs lorsqu'ils sont utilis\u00e9s conform\u00e9ment aux instructions.<\/p>\n<\/div>\n<\/div>\n<p>&nbsp;<\/p>","protected":false},"excerpt":{"rendered":"<p>At the heart of the bath salt \u2018Purple Oasis\u2019 are the flower essences of quince and sweet thorn, chosen to support emotional softness, resilience, and a sense of comfort for overworked or fatigued bodies.\u00a0These essences transform your bath into a sensory ritual, helping to soothe sensations of tiredness and promote a restorative, post-effort experience. Olfactory [&hellip;]<\/p>\n","protected":false},"featured_media":10213,"template":"","meta":[],"product_brand":[],"product_cat":[126],"product_tag":[120,127],"class_list":{"0":"post-7297","1":"product","2":"type-product","3":"status-publish","4":"has-post-thumbnail","6":"product_cat-flower-essences-skincare","7":"product_tag-bath-salt","8":"product_tag-skincare","10":"first","11":"instock","12":"shipping-taxable","13":"purchasable","14":"product-type-simple"},"yoast_head":"<!-- This site is optimized with the Yoast SEO plugin v27.4 - https:\/\/yoast.com\/product\/yoast-seo-wordpress\/ -->\n<title>Bath salt &#039;Purple Oasis&#039; | Essences Amazigh<\/title>\n<meta name=\"description\" content=\"Purple Oasis \u2013 Bath Salt Ritual: A luxurious soak with quince and sweet thorn flower essences for mindful post-effort relaxation and sensory renewal.\" \/>\n<meta name=\"robots\" content=\"index, follow, max-snippet:-1, max-image-preview:large, max-video-preview:-1\" \/>\n<link rel=\"canonical\" href=\"https:\/\/essencesamazigh.com\/fr\/produit\/sel-de-bain-purple-oasis\/\" \/>\n<meta property=\"og:locale\" content=\"fr_FR\" \/>\n<meta property=\"og:type\" content=\"article\" \/>\n<meta property=\"og:title\" content=\"Bath salt &#039;Purple Oasis&#039;\" \/>\n<meta property=\"og:description\" content=\"Purple Oasis \u2013 Bath Salt Ritual: A luxurious soak with quince and sweet thorn flower essences for mindful post-effort relaxation and sensory renewal.\" \/>\n<meta property=\"og:url\" content=\"https:\/\/essencesamazigh.com\/fr\/produit\/sel-de-bain-purple-oasis\/\" \/>\n<meta property=\"og:site_name\" content=\"Essences Amazigh\" \/>\n<meta property=\"article:publisher\" content=\"https:\/\/www.facebook.com\/profile.php?id=100086107194579\" \/>\n<meta property=\"article:modified_time\" content=\"2026-03-31T16:53:27+00:00\" \/>\n<meta property=\"og:image\" content=\"https:\/\/i0.wp.com\/essencesamazigh.com\/wp-content\/uploads\/LogoEA512x512pixel-1.png?fit=512%2C512&ssl=1\" \/>\n\t<meta property=\"og:image:width\" content=\"512\" \/>\n\t<meta property=\"og:image:height\" content=\"512\" \/>\n\t<meta property=\"og:image:type\" content=\"image\/png\" \/>\n<meta name=\"twitter:card\" content=\"summary_large_image\" \/>\n<meta name=\"twitter:title\" content=\"Bath salt &#039;Purple Oasis&#039;\" \/>\n<meta name=\"twitter:description\" content=\"Purple Oasis \u2013 Bath Salt Ritual: A luxurious soak with quince and sweet thorn flower essences for mindful post-effort relaxation and sensory renewal.\" \/>\n<meta name=\"twitter:label1\" content=\"Dur\u00e9e de lecture estim\u00e9e\" \/>\n\t<meta name=\"twitter:data1\" content=\"2 minutes\" \/>\n<script type=\"application\/ld+json\" class=\"yoast-schema-graph\">{\"@context\":\"https:\\\/\\\/schema.org\",\"@graph\":[{\"@type\":\"WebPage\",\"@id\":\"https:\\\/\\\/essencesamazigh.com\\\/product\\\/bath-salt-purple-oasis\\\/\",\"url\":\"https:\\\/\\\/essencesamazigh.com\\\/product\\\/bath-salt-purple-oasis\\\/\",\"name\":\"Bath salt 'Purple Oasis' | Essences Amazigh\",\"isPartOf\":{\"@id\":\"https:\\\/\\\/essencesamazigh.com\\\/#website\"},\"primaryImageOfPage\":{\"@id\":\"https:\\\/\\\/essencesamazigh.com\\\/product\\\/bath-salt-purple-oasis\\\/#primaryimage\"},\"image\":{\"@id\":\"https:\\\/\\\/essencesamazigh.com\\\/product\\\/bath-salt-purple-oasis\\\/#primaryimage\"},\"thumbnailUrl\":\"https:\\\/\\\/i0.wp.com\\\/essencesamazigh.com\\\/wp-content\\\/uploads\\\/2024\\\/10\\\/BathSaltPurpleOasisPOS1.png?fit=1800%2C2400&ssl=1\",\"datePublished\":\"2024-10-24T10:56:03+00:00\",\"dateModified\":\"2026-03-31T16:53:27+00:00\",\"description\":\"Purple Oasis \u2013 Bath Salt Ritual: A luxurious soak with quince and sweet thorn flower essences for mindful post-effort relaxation and sensory renewal.\",\"breadcrumb\":{\"@id\":\"https:\\\/\\\/essencesamazigh.com\\\/product\\\/bath-salt-purple-oasis\\\/#breadcrumb\"},\"inLanguage\":\"fr-FR\",\"potentialAction\":[{\"@type\":\"ReadAction\",\"target\":[\"https:\\\/\\\/essencesamazigh.com\\\/product\\\/bath-salt-purple-oasis\\\/\"]}]},{\"@type\":\"ImageObject\",\"inLanguage\":\"fr-FR\",\"@id\":\"https:\\\/\\\/essencesamazigh.com\\\/product\\\/bath-salt-purple-oasis\\\/#primaryimage\",\"url\":\"https:\\\/\\\/i0.wp.com\\\/essencesamazigh.com\\\/wp-content\\\/uploads\\\/2024\\\/10\\\/BathSaltPurpleOasisPOS1.png?fit=1800%2C2400&ssl=1\",\"contentUrl\":\"https:\\\/\\\/i0.wp.com\\\/essencesamazigh.com\\\/wp-content\\\/uploads\\\/2024\\\/10\\\/BathSaltPurpleOasisPOS1.png?fit=1800%2C2400&ssl=1\",\"width\":1800,\"height\":2400,\"caption\":\"Bath salt Purple Oasis\"},{\"@type\":\"BreadcrumbList\",\"@id\":\"https:\\\/\\\/essencesamazigh.com\\\/product\\\/bath-salt-purple-oasis\\\/#breadcrumb\",\"itemListElement\":[{\"@type\":\"ListItem\",\"position\":1,\"name\":\"Home\",\"item\":\"https:\\\/\\\/essencesamazigh.com\\\/\"},{\"@type\":\"ListItem\",\"position\":2,\"name\":\"Shop\",\"item\":\"https:\\\/\\\/essencesamazigh.com\\\/shop-all-essences-amazigh\\\/\"},{\"@type\":\"ListItem\",\"position\":3,\"name\":\"Bath salt &#8216;Purple Oasis&#8217;\"}]},{\"@type\":\"WebSite\",\"@id\":\"https:\\\/\\\/essencesamazigh.com\\\/#website\",\"url\":\"https:\\\/\\\/essencesamazigh.com\\\/\",\"name\":\"Essences Amazigh\",\"description\":\"The TRUE power of flowers\",\"publisher\":{\"@id\":\"https:\\\/\\\/essencesamazigh.com\\\/#organization\"},\"potentialAction\":[{\"@type\":\"SearchAction\",\"target\":{\"@type\":\"EntryPoint\",\"urlTemplate\":\"https:\\\/\\\/essencesamazigh.com\\\/?s={search_term_string}\"},\"query-input\":{\"@type\":\"PropertyValueSpecification\",\"valueRequired\":true,\"valueName\":\"search_term_string\"}}],\"inLanguage\":\"fr-FR\"},{\"@type\":\"Organization\",\"@id\":\"https:\\\/\\\/essencesamazigh.com\\\/#organization\",\"name\":\"Essences Amazigh\",\"url\":\"https:\\\/\\\/essencesamazigh.com\\\/\",\"logo\":{\"@type\":\"ImageObject\",\"inLanguage\":\"fr-FR\",\"@id\":\"https:\\\/\\\/essencesamazigh.com\\\/#\\\/schema\\\/logo\\\/image\\\/\",\"url\":\"https:\\\/\\\/i0.wp.com\\\/essencesamazigh.com\\\/wp-content\\\/uploads\\\/LogoEA512x512pixel-1.png?fit=512%2C512&ssl=1\",\"contentUrl\":\"https:\\\/\\\/i0.wp.com\\\/essencesamazigh.com\\\/wp-content\\\/uploads\\\/LogoEA512x512pixel-1.png?fit=512%2C512&ssl=1\",\"width\":512,\"height\":512,\"caption\":\"Essences Amazigh\"},\"image\":{\"@id\":\"https:\\\/\\\/essencesamazigh.com\\\/#\\\/schema\\\/logo\\\/image\\\/\"},\"sameAs\":[\"https:\\\/\\\/www.facebook.com\\\/profile.php?id=100086107194579\",\"https:\\\/\\\/www.instagram.com\\\/essencesamazigh\\\/\"]}]}<\/script>\n<!-- \/ Yoast SEO plugin. -->","yoast_head_json":{"title":"Sel de bain 'Purple Oasis' | Essences Amazigh","description":"Purple Oasis - Rituel de sel de bain : un bain luxueux aux essences de fleurs de coing et d'\u00e9pine douce pour une relaxation post-effort en pleine conscience et un renouvellement sensoriel.","robots":{"index":"index","follow":"follow","max-snippet":"max-snippet:-1","max-image-preview":"max-image-preview:large","max-video-preview":"max-video-preview:-1"},"canonical":"https:\/\/essencesamazigh.com\/fr\/produit\/sel-de-bain-purple-oasis\/","og_locale":"fr_FR","og_type":"article","og_title":"Bath salt 'Purple Oasis'","og_description":"Purple Oasis \u2013 Bath Salt Ritual: A luxurious soak with quince and sweet thorn flower essences for mindful post-effort relaxation and sensory renewal.","og_url":"https:\/\/essencesamazigh.com\/fr\/produit\/sel-de-bain-purple-oasis\/","og_site_name":"Essences Amazigh","article_publisher":"https:\/\/www.facebook.com\/profile.php?id=100086107194579","article_modified_time":"2026-03-31T16:53:27+00:00","og_image":[{"width":512,"height":512,"url":"https:\/\/i0.wp.com\/essencesamazigh.com\/wp-content\/uploads\/LogoEA512x512pixel-1.png?fit=512%2C512&ssl=1","type":"image\/png"}],"twitter_card":"summary_large_image","twitter_title":"Bath salt 'Purple Oasis'","twitter_description":"Purple Oasis \u2013 Bath Salt Ritual: A luxurious soak with quince and sweet thorn flower essences for mindful post-effort relaxation and sensory renewal.","twitter_misc":{"Dur\u00e9e de lecture estim\u00e9e":"2 minutes"},"schema":{"@context":"https:\/\/schema.org","@graph":[{"@type":"WebPage","@id":"https:\/\/essencesamazigh.com\/product\/bath-salt-purple-oasis\/","url":"https:\/\/essencesamazigh.com\/product\/bath-salt-purple-oasis\/","name":"Sel de bain 'Purple Oasis' | Essences Amazigh","isPartOf":{"@id":"https:\/\/essencesamazigh.com\/#website"},"primaryImageOfPage":{"@id":"https:\/\/essencesamazigh.com\/product\/bath-salt-purple-oasis\/#primaryimage"},"image":{"@id":"https:\/\/essencesamazigh.com\/product\/bath-salt-purple-oasis\/#primaryimage"},"thumbnailUrl":"https:\/\/i0.wp.com\/essencesamazigh.com\/wp-content\/uploads\/2024\/10\/BathSaltPurpleOasisPOS1.png?fit=1800%2C2400&ssl=1","datePublished":"2024-10-24T10:56:03+00:00","dateModified":"2026-03-31T16:53:27+00:00","description":"Purple Oasis - Rituel de sel de bain : un bain luxueux aux essences de fleurs de coing et d'\u00e9pine douce pour une relaxation post-effort en pleine conscience et un renouvellement sensoriel.","breadcrumb":{"@id":"https:\/\/essencesamazigh.com\/product\/bath-salt-purple-oasis\/#breadcrumb"},"inLanguage":"fr-FR","potentialAction":[{"@type":"ReadAction","target":["https:\/\/essencesamazigh.com\/product\/bath-salt-purple-oasis\/"]}]},{"@type":"ImageObject","inLanguage":"fr-FR","@id":"https:\/\/essencesamazigh.com\/product\/bath-salt-purple-oasis\/#primaryimage","url":"https:\/\/i0.wp.com\/essencesamazigh.com\/wp-content\/uploads\/2024\/10\/BathSaltPurpleOasisPOS1.png?fit=1800%2C2400&ssl=1","contentUrl":"https:\/\/i0.wp.com\/essencesamazigh.com\/wp-content\/uploads\/2024\/10\/BathSaltPurpleOasisPOS1.png?fit=1800%2C2400&ssl=1","width":1800,"height":2400,"caption":"Bath salt Purple Oasis"},{"@type":"BreadcrumbList","@id":"https:\/\/essencesamazigh.com\/product\/bath-salt-purple-oasis\/#breadcrumb","itemListElement":[{"@type":"ListItem","position":1,"name":"Home","item":"https:\/\/essencesamazigh.com\/"},{"@type":"ListItem","position":2,"name":"Shop","item":"https:\/\/essencesamazigh.com\/shop-all-essences-amazigh\/"},{"@type":"ListItem","position":3,"name":"Bath salt &#8216;Purple Oasis&#8217;"}]},{"@type":"WebSite","@id":"https:\/\/essencesamazigh.com\/#website","url":"https:\/\/essencesamazigh.com\/","name":"Essences Amazigh","description":"Le VRAI pouvoir des fleurs","publisher":{"@id":"https:\/\/essencesamazigh.com\/#organization"},"potentialAction":[{"@type":"SearchAction","target":{"@type":"EntryPoint","urlTemplate":"https:\/\/essencesamazigh.com\/?s={search_term_string}"},"query-input":{"@type":"PropertyValueSpecification","valueRequired":true,"valueName":"search_term_string"}}],"inLanguage":"fr-FR"},{"@type":"Organization","@id":"https:\/\/essencesamazigh.com\/#organization","name":"Essences Amazigh","url":"https:\/\/essencesamazigh.com\/","logo":{"@type":"ImageObject","inLanguage":"fr-FR","@id":"https:\/\/essencesamazigh.com\/#\/schema\/logo\/image\/","url":"https:\/\/i0.wp.com\/essencesamazigh.com\/wp-content\/uploads\/LogoEA512x512pixel-1.png?fit=512%2C512&ssl=1","contentUrl":"https:\/\/i0.wp.com\/essencesamazigh.com\/wp-content\/uploads\/LogoEA512x512pixel-1.png?fit=512%2C512&ssl=1","width":512,"height":512,"caption":"Essences Amazigh"},"image":{"@id":"https:\/\/essencesamazigh.com\/#\/schema\/logo\/image\/"},"sameAs":["https:\/\/www.facebook.com\/profile.php?id=100086107194579","https:\/\/www.instagram.com\/essencesamazigh\/"]}]}},"jetpack_sharing_enabled":true,"_links":{"self":[{"href":"https:\/\/essencesamazigh.com\/fr\/wp-json\/wp\/v2\/product\/7297","targetHints":{"allow":["GET"]}}],"collection":[{"href":"https:\/\/essencesamazigh.com\/fr\/wp-json\/wp\/v2\/product"}],"about":[{"href":"https:\/\/essencesamazigh.com\/fr\/wp-json\/wp\/v2\/types\/product"}],"version-history":[{"count":47,"href":"https:\/\/essencesamazigh.com\/fr\/wp-json\/wp\/v2\/product\/7297\/revisions"}],"predecessor-version":[{"id":10102,"href":"https:\/\/essencesamazigh.com\/fr\/wp-json\/wp\/v2\/product\/7297\/revisions\/10102"}],"wp:featuredmedia":[{"embeddable":true,"href":"https:\/\/essencesamazigh.com\/fr\/wp-json\/wp\/v2\/media\/10213"}],"wp:attachment":[{"href":"https:\/\/essencesamazigh.com\/fr\/wp-json\/wp\/v2\/media?parent=7297"}],"wp:term":[{"taxonomy":"product_brand","embeddable":true,"href":"https:\/\/essencesamazigh.com\/fr\/wp-json\/wp\/v2\/product_brand?post=7297"},{"taxonomy":"product_cat","embeddable":true,"href":"https:\/\/essencesamazigh.com\/fr\/wp-json\/wp\/v2\/product_cat?post=7297"},{"taxonomy":"product_tag","embeddable":true,"href":"https:\/\/essencesamazigh.com\/fr\/wp-json\/wp\/v2\/product_tag?post=7297"}],"curies":[{"name":"wp","href":"https:\/\/api.w.org\/{rel}","templated":true}]}}