{"id":7293,"date":"2024-10-21T15:36:00","date_gmt":"2024-10-21T15:36:00","guid":{"rendered":"https:\/\/essencesamazigh.com\/?post_type=product&#038;p=7293"},"modified":"2026-03-31T17:50:37","modified_gmt":"2026-03-31T16:50:37","slug":"sel-de-bain-oasis-vert","status":"publish","type":"product","link":"https:\/\/essencesamazigh.com\/fr\/product\/bath-salt-green-oasis\/","title":{"rendered":"Sel de bain \u2018Green Oasis\u2019"},"content":{"rendered":"<p style=\"font-weight: 400;\">Au c\u0153ur de l\u2018\u2019oasis verte\" de sel de bain se trouve le centre de soins de sant\u00e9.<a href=\"https:\/\/essencesamazigh.com\/fr\/produit\/essence-de-fleur-pomme-de-crabe-chinoise\/\"><strong> Essence de fleurs de pomme de crabe chinoise<\/strong><\/a>\u00a0choisi<strong> pour favoriser la clart\u00e9 int\u00e9rieure, l'\u00e9quilibre \u00e9motionnel et une r\u00e9initialisation en douceur des corps surmen\u00e9s ou fatigu\u00e9s.<\/strong>\u00a0Dans le bain, le Crab Apple favorise un \u201cretour au neutre\u201d, aidant \u00e0 rel\u00e2cher les tensions et \u00e0 r\u00e9tablir un sentiment d'harmonie pour le corps et l'esprit.<\/p>\n<p style=\"font-weight: 400;\" data-start=\"884\" data-end=\"923\"><strong data-start=\"884\" data-end=\"921\">Notes olfactives et effets sensoriels :<\/strong><\/p>\n<ul>\n<li data-start=\"926\" data-end=\"1033\"><strong data-start=\"926\" data-end=\"949\">Frais et herbac\u00e9 : <\/strong>La menthe citronn\u00e9e et le romarin \u00e0 cin\u00e9ole \u00e9veillent les sens et favorisent la clart\u00e9 et l'ouverture.<\/li>\n<li data-start=\"1036\" data-end=\"1181\"><strong data-start=\"1036\" data-end=\"1059\">Harmonie structur\u00e9e : <\/strong>Le laurier, le basilic et le fragonia procurent un ar\u00f4me \u00e9quilibr\u00e9 qui favorise le calme, la stabilit\u00e9 et la pr\u00e9sence attentive.<\/li>\n<\/ul>\n<p style=\"font-weight: 400;\" data-start=\"1183\" data-end=\"1436\"><strong data-start=\"1183\" data-end=\"1214\">Bien-\u00eatre physique et mental :<\/strong><br data-start=\"1214\" data-end=\"1217\" \/>Green Oasis soutient le corps dans les moments de fatigue diffuse ou de surcharge mentale, en encourageant un doux sentiment de relaxation, d'\u00e9quilibre et de conscience attentive. Il favorise une impr\u00e9gnation r\u00e9paratrice et \u00e9quilibrante du corps et de l'esprit.<\/p>\n<p style=\"font-weight: 400;\" data-start=\"1438\" data-end=\"1768\"><strong data-start=\"1438\" data-end=\"1462\">Dimension \u00e9nerg\u00e9tique :<\/strong><br data-start=\"1462\" data-end=\"1465\" \/>A\u00a0<strong data-start=\"1611\" data-end=\"1627\">pierre de quartz<\/strong> amplifie subtilement les qualit\u00e9s sensorielles et aromatiques de tous les ingr\u00e9dients, enrichissant l'exp\u00e9rience et renfor\u00e7ant l'intention d'\u00e9quilibre<\/p>\n<p style=\"font-weight: 400;\" data-start=\"1438\" data-end=\"1768\">*** Ce produit est destin\u00e9 au bien-\u00eatre, \u00e0 la relaxation et \u00e0 l'usage externe uniquement. Il ne s'agit pas d'un m\u00e9dicament et ne doit pas \u00eatre utilis\u00e9 pour diagnostiquer, traiter, pr\u00e9venir ou gu\u00e9rir une maladie.<br data-start=\"390\" data-end=\"393\" \/>Tous nos produits sont naturels, artisanaux et g\u00e9n\u00e9ralement consid\u00e9r\u00e9s comme s\u00fbrs lorsqu'ils sont utilis\u00e9s conform\u00e9ment aux instructions.<\/p>\n<p data-start=\"1438\" data-end=\"1768\">","protected":false},"excerpt":{"rendered":"<p>At the heart of the bath salt &#8216;Green Oasis&#8217; is the Chinese Crab Apple flower essence\u00a0chosen to support inner clarity, emotional balance, and a gentle reset for overworked or fatigued bodies.\u00a0In a bath, Crab Apple encourages a \u201creset to neutral,\u201d helping release tension and restore a sense of harmony for both body and mind. Olfactory [&hellip;]<\/p>\n","protected":false},"featured_media":10214,"template":"","meta":[],"product_brand":[],"product_cat":[126],"product_tag":[120,127],"class_list":{"0":"post-7293","1":"product","2":"type-product","3":"status-publish","4":"has-post-thumbnail","6":"product_cat-flower-essences-skincare","7":"product_tag-bath-salt","8":"product_tag-skincare","10":"first","11":"instock","12":"shipping-taxable","13":"purchasable","14":"product-type-simple"},"yoast_head":"<!-- This site is optimized with the Yoast SEO plugin v27.4 - https:\/\/yoast.com\/product\/yoast-seo-wordpress\/ -->\n<title>Bath salt &#039;Green Oasis&#039; | Essences Amazigh<\/title>\n<meta name=\"description\" content=\"Green Oasis \u2013 Bath Salt Ritual: A balancing soak with Crab Apple flower essence, quartz, and herbaceous aromas to restore clarity, calm, and inner harmony.\" \/>\n<meta name=\"robots\" content=\"index, follow, max-snippet:-1, max-image-preview:large, max-video-preview:-1\" \/>\n<link rel=\"canonical\" href=\"https:\/\/essencesamazigh.com\/fr\/produit\/sel-de-bain-oasis-vert\/\" \/>\n<meta property=\"og:locale\" content=\"fr_FR\" \/>\n<meta property=\"og:type\" content=\"article\" \/>\n<meta property=\"og:title\" content=\"Bath salt &#039;Green Oasis&#039;\" \/>\n<meta property=\"og:description\" content=\"Green Oasis \u2013 Bath Salt Ritual: A balancing soak with Crab Apple flower essence, quartz, and herbaceous aromas to restore clarity, calm, and inner harmony.\" \/>\n<meta property=\"og:url\" content=\"https:\/\/essencesamazigh.com\/fr\/produit\/sel-de-bain-oasis-vert\/\" \/>\n<meta property=\"og:site_name\" content=\"Essences Amazigh\" \/>\n<meta property=\"article:publisher\" content=\"https:\/\/www.facebook.com\/profile.php?id=100086107194579\" \/>\n<meta property=\"article:modified_time\" content=\"2026-03-31T16:50:37+00:00\" \/>\n<meta property=\"og:image\" content=\"https:\/\/i0.wp.com\/essencesamazigh.com\/wp-content\/uploads\/LogoEA512x512pixel-1.png?fit=512%2C512&ssl=1\" \/>\n\t<meta property=\"og:image:width\" content=\"512\" \/>\n\t<meta property=\"og:image:height\" content=\"512\" \/>\n\t<meta property=\"og:image:type\" content=\"image\/png\" \/>\n<meta name=\"twitter:card\" content=\"summary_large_image\" \/>\n<meta name=\"twitter:title\" content=\"Bath salt &#039;Green Oasis&#039;\" \/>\n<meta name=\"twitter:description\" content=\"Green Oasis \u2013 Bath Salt Ritual: A balancing soak with Crab Apple flower essence, quartz, and herbaceous aromas to restore clarity, calm, and inner harmony.\" \/>\n<meta name=\"twitter:label1\" content=\"Dur\u00e9e de lecture estim\u00e9e\" \/>\n\t<meta name=\"twitter:data1\" content=\"2 minutes\" \/>\n<script type=\"application\/ld+json\" class=\"yoast-schema-graph\">{\"@context\":\"https:\\\/\\\/schema.org\",\"@graph\":[{\"@type\":\"WebPage\",\"@id\":\"https:\\\/\\\/essencesamazigh.com\\\/product\\\/bath-salt-green-oasis\\\/\",\"url\":\"https:\\\/\\\/essencesamazigh.com\\\/product\\\/bath-salt-green-oasis\\\/\",\"name\":\"Bath salt 'Green Oasis' | Essences Amazigh\",\"isPartOf\":{\"@id\":\"https:\\\/\\\/essencesamazigh.com\\\/#website\"},\"primaryImageOfPage\":{\"@id\":\"https:\\\/\\\/essencesamazigh.com\\\/product\\\/bath-salt-green-oasis\\\/#primaryimage\"},\"image\":{\"@id\":\"https:\\\/\\\/essencesamazigh.com\\\/product\\\/bath-salt-green-oasis\\\/#primaryimage\"},\"thumbnailUrl\":\"https:\\\/\\\/i0.wp.com\\\/essencesamazigh.com\\\/wp-content\\\/uploads\\\/2024\\\/10\\\/BathSaltGreenOasisPOS1.png?fit=1800%2C2400&ssl=1\",\"datePublished\":\"2024-10-21T15:36:00+00:00\",\"dateModified\":\"2026-03-31T16:50:37+00:00\",\"description\":\"Green Oasis \u2013 Bath Salt Ritual: A balancing soak with Crab Apple flower essence, quartz, and herbaceous aromas to restore clarity, calm, and inner harmony.\",\"breadcrumb\":{\"@id\":\"https:\\\/\\\/essencesamazigh.com\\\/product\\\/bath-salt-green-oasis\\\/#breadcrumb\"},\"inLanguage\":\"fr-FR\",\"potentialAction\":[{\"@type\":\"ReadAction\",\"target\":[\"https:\\\/\\\/essencesamazigh.com\\\/product\\\/bath-salt-green-oasis\\\/\"]}]},{\"@type\":\"ImageObject\",\"inLanguage\":\"fr-FR\",\"@id\":\"https:\\\/\\\/essencesamazigh.com\\\/product\\\/bath-salt-green-oasis\\\/#primaryimage\",\"url\":\"https:\\\/\\\/i0.wp.com\\\/essencesamazigh.com\\\/wp-content\\\/uploads\\\/2024\\\/10\\\/BathSaltGreenOasisPOS1.png?fit=1800%2C2400&ssl=1\",\"contentUrl\":\"https:\\\/\\\/i0.wp.com\\\/essencesamazigh.com\\\/wp-content\\\/uploads\\\/2024\\\/10\\\/BathSaltGreenOasisPOS1.png?fit=1800%2C2400&ssl=1\",\"width\":1800,\"height\":2400,\"caption\":\"Bath salt Green Oasis\"},{\"@type\":\"BreadcrumbList\",\"@id\":\"https:\\\/\\\/essencesamazigh.com\\\/product\\\/bath-salt-green-oasis\\\/#breadcrumb\",\"itemListElement\":[{\"@type\":\"ListItem\",\"position\":1,\"name\":\"Home\",\"item\":\"https:\\\/\\\/essencesamazigh.com\\\/\"},{\"@type\":\"ListItem\",\"position\":2,\"name\":\"Shop\",\"item\":\"https:\\\/\\\/essencesamazigh.com\\\/shop-all-essences-amazigh\\\/\"},{\"@type\":\"ListItem\",\"position\":3,\"name\":\"Bath salt &#8216;Green Oasis&#8217;\"}]},{\"@type\":\"WebSite\",\"@id\":\"https:\\\/\\\/essencesamazigh.com\\\/#website\",\"url\":\"https:\\\/\\\/essencesamazigh.com\\\/\",\"name\":\"Essences Amazigh\",\"description\":\"The TRUE power of flowers\",\"publisher\":{\"@id\":\"https:\\\/\\\/essencesamazigh.com\\\/#organization\"},\"potentialAction\":[{\"@type\":\"SearchAction\",\"target\":{\"@type\":\"EntryPoint\",\"urlTemplate\":\"https:\\\/\\\/essencesamazigh.com\\\/?s={search_term_string}\"},\"query-input\":{\"@type\":\"PropertyValueSpecification\",\"valueRequired\":true,\"valueName\":\"search_term_string\"}}],\"inLanguage\":\"fr-FR\"},{\"@type\":\"Organization\",\"@id\":\"https:\\\/\\\/essencesamazigh.com\\\/#organization\",\"name\":\"Essences Amazigh\",\"url\":\"https:\\\/\\\/essencesamazigh.com\\\/\",\"logo\":{\"@type\":\"ImageObject\",\"inLanguage\":\"fr-FR\",\"@id\":\"https:\\\/\\\/essencesamazigh.com\\\/#\\\/schema\\\/logo\\\/image\\\/\",\"url\":\"https:\\\/\\\/i0.wp.com\\\/essencesamazigh.com\\\/wp-content\\\/uploads\\\/LogoEA512x512pixel-1.png?fit=512%2C512&ssl=1\",\"contentUrl\":\"https:\\\/\\\/i0.wp.com\\\/essencesamazigh.com\\\/wp-content\\\/uploads\\\/LogoEA512x512pixel-1.png?fit=512%2C512&ssl=1\",\"width\":512,\"height\":512,\"caption\":\"Essences Amazigh\"},\"image\":{\"@id\":\"https:\\\/\\\/essencesamazigh.com\\\/#\\\/schema\\\/logo\\\/image\\\/\"},\"sameAs\":[\"https:\\\/\\\/www.facebook.com\\\/profile.php?id=100086107194579\",\"https:\\\/\\\/www.instagram.com\\\/essencesamazigh\\\/\"]}]}<\/script>\n<!-- \/ Yoast SEO plugin. -->","yoast_head_json":{"title":"Sel de bain 'Green Oasis' | Essences Amazigh","description":"Green Oasis - Bath Salt Ritual : Un bain \u00e9quilibrant avec de l'essence de fleur de pomme de crabe, du quartz et des ar\u00f4mes herbac\u00e9s pour restaurer la clart\u00e9, le calme et l'harmonie int\u00e9rieure.","robots":{"index":"index","follow":"follow","max-snippet":"max-snippet:-1","max-image-preview":"max-image-preview:large","max-video-preview":"max-video-preview:-1"},"canonical":"https:\/\/essencesamazigh.com\/fr\/produit\/sel-de-bain-oasis-vert\/","og_locale":"fr_FR","og_type":"article","og_title":"Bath salt 'Green Oasis'","og_description":"Green Oasis \u2013 Bath Salt Ritual: A balancing soak with Crab Apple flower essence, quartz, and herbaceous aromas to restore clarity, calm, and inner harmony.","og_url":"https:\/\/essencesamazigh.com\/fr\/produit\/sel-de-bain-oasis-vert\/","og_site_name":"Essences Amazigh","article_publisher":"https:\/\/www.facebook.com\/profile.php?id=100086107194579","article_modified_time":"2026-03-31T16:50:37+00:00","og_image":[{"width":512,"height":512,"url":"https:\/\/i0.wp.com\/essencesamazigh.com\/wp-content\/uploads\/LogoEA512x512pixel-1.png?fit=512%2C512&ssl=1","type":"image\/png"}],"twitter_card":"summary_large_image","twitter_title":"Bath salt 'Green Oasis'","twitter_description":"Green Oasis \u2013 Bath Salt Ritual: A balancing soak with Crab Apple flower essence, quartz, and herbaceous aromas to restore clarity, calm, and inner harmony.","twitter_misc":{"Dur\u00e9e de lecture estim\u00e9e":"2 minutes"},"schema":{"@context":"https:\/\/schema.org","@graph":[{"@type":"WebPage","@id":"https:\/\/essencesamazigh.com\/product\/bath-salt-green-oasis\/","url":"https:\/\/essencesamazigh.com\/product\/bath-salt-green-oasis\/","name":"Sel de bain 'Green Oasis' | Essences Amazigh","isPartOf":{"@id":"https:\/\/essencesamazigh.com\/#website"},"primaryImageOfPage":{"@id":"https:\/\/essencesamazigh.com\/product\/bath-salt-green-oasis\/#primaryimage"},"image":{"@id":"https:\/\/essencesamazigh.com\/product\/bath-salt-green-oasis\/#primaryimage"},"thumbnailUrl":"https:\/\/i0.wp.com\/essencesamazigh.com\/wp-content\/uploads\/2024\/10\/BathSaltGreenOasisPOS1.png?fit=1800%2C2400&ssl=1","datePublished":"2024-10-21T15:36:00+00:00","dateModified":"2026-03-31T16:50:37+00:00","description":"Green Oasis - Bath Salt Ritual : Un bain \u00e9quilibrant avec de l'essence de fleur de pomme de crabe, du quartz et des ar\u00f4mes herbac\u00e9s pour restaurer la clart\u00e9, le calme et l'harmonie int\u00e9rieure.","breadcrumb":{"@id":"https:\/\/essencesamazigh.com\/product\/bath-salt-green-oasis\/#breadcrumb"},"inLanguage":"fr-FR","potentialAction":[{"@type":"ReadAction","target":["https:\/\/essencesamazigh.com\/product\/bath-salt-green-oasis\/"]}]},{"@type":"ImageObject","inLanguage":"fr-FR","@id":"https:\/\/essencesamazigh.com\/product\/bath-salt-green-oasis\/#primaryimage","url":"https:\/\/i0.wp.com\/essencesamazigh.com\/wp-content\/uploads\/2024\/10\/BathSaltGreenOasisPOS1.png?fit=1800%2C2400&ssl=1","contentUrl":"https:\/\/i0.wp.com\/essencesamazigh.com\/wp-content\/uploads\/2024\/10\/BathSaltGreenOasisPOS1.png?fit=1800%2C2400&ssl=1","width":1800,"height":2400,"caption":"Bath salt Green Oasis"},{"@type":"BreadcrumbList","@id":"https:\/\/essencesamazigh.com\/product\/bath-salt-green-oasis\/#breadcrumb","itemListElement":[{"@type":"ListItem","position":1,"name":"Home","item":"https:\/\/essencesamazigh.com\/"},{"@type":"ListItem","position":2,"name":"Shop","item":"https:\/\/essencesamazigh.com\/shop-all-essences-amazigh\/"},{"@type":"ListItem","position":3,"name":"Bath salt &#8216;Green Oasis&#8217;"}]},{"@type":"WebSite","@id":"https:\/\/essencesamazigh.com\/#website","url":"https:\/\/essencesamazigh.com\/","name":"Essences Amazigh","description":"Le VRAI pouvoir des fleurs","publisher":{"@id":"https:\/\/essencesamazigh.com\/#organization"},"potentialAction":[{"@type":"SearchAction","target":{"@type":"EntryPoint","urlTemplate":"https:\/\/essencesamazigh.com\/?s={search_term_string}"},"query-input":{"@type":"PropertyValueSpecification","valueRequired":true,"valueName":"search_term_string"}}],"inLanguage":"fr-FR"},{"@type":"Organization","@id":"https:\/\/essencesamazigh.com\/#organization","name":"Essences Amazigh","url":"https:\/\/essencesamazigh.com\/","logo":{"@type":"ImageObject","inLanguage":"fr-FR","@id":"https:\/\/essencesamazigh.com\/#\/schema\/logo\/image\/","url":"https:\/\/i0.wp.com\/essencesamazigh.com\/wp-content\/uploads\/LogoEA512x512pixel-1.png?fit=512%2C512&ssl=1","contentUrl":"https:\/\/i0.wp.com\/essencesamazigh.com\/wp-content\/uploads\/LogoEA512x512pixel-1.png?fit=512%2C512&ssl=1","width":512,"height":512,"caption":"Essences Amazigh"},"image":{"@id":"https:\/\/essencesamazigh.com\/#\/schema\/logo\/image\/"},"sameAs":["https:\/\/www.facebook.com\/profile.php?id=100086107194579","https:\/\/www.instagram.com\/essencesamazigh\/"]}]}},"jetpack_sharing_enabled":true,"_links":{"self":[{"href":"https:\/\/essencesamazigh.com\/fr\/wp-json\/wp\/v2\/product\/7293","targetHints":{"allow":["GET"]}}],"collection":[{"href":"https:\/\/essencesamazigh.com\/fr\/wp-json\/wp\/v2\/product"}],"about":[{"href":"https:\/\/essencesamazigh.com\/fr\/wp-json\/wp\/v2\/types\/product"}],"version-history":[{"count":12,"href":"https:\/\/essencesamazigh.com\/fr\/wp-json\/wp\/v2\/product\/7293\/revisions"}],"predecessor-version":[{"id":10175,"href":"https:\/\/essencesamazigh.com\/fr\/wp-json\/wp\/v2\/product\/7293\/revisions\/10175"}],"wp:featuredmedia":[{"embeddable":true,"href":"https:\/\/essencesamazigh.com\/fr\/wp-json\/wp\/v2\/media\/10214"}],"wp:attachment":[{"href":"https:\/\/essencesamazigh.com\/fr\/wp-json\/wp\/v2\/media?parent=7293"}],"wp:term":[{"taxonomy":"product_brand","embeddable":true,"href":"https:\/\/essencesamazigh.com\/fr\/wp-json\/wp\/v2\/product_brand?post=7293"},{"taxonomy":"product_cat","embeddable":true,"href":"https:\/\/essencesamazigh.com\/fr\/wp-json\/wp\/v2\/product_cat?post=7293"},{"taxonomy":"product_tag","embeddable":true,"href":"https:\/\/essencesamazigh.com\/fr\/wp-json\/wp\/v2\/product_tag?post=7293"}],"curies":[{"name":"wp","href":"https:\/\/api.w.org\/{rel}","templated":true}]}}