{"id":6195,"date":"2024-05-23T17:29:40","date_gmt":"2024-05-23T17:29:40","guid":{"rendered":"https:\/\/essencesamazigh.com\/?post_type=product&#038;p=6195"},"modified":"2026-03-31T17:50:49","modified_gmt":"2026-03-31T16:50:49","slug":"sel-de-bain-orange-oasis","status":"publish","type":"product","link":"https:\/\/essencesamazigh.com\/fr\/product\/bath-salt-orange-oasis\/","title":{"rendered":"Sel de bain \u2018Orange Oasis\u2019"},"content":{"rendered":"<p style=\"font-weight: 400;\">Au c\u0153ur du sel de bain \u2018Oasis d'orange\u2019 se trouve l'huile d'olive.<strong> Essence de fleurs d'oranger amer, <\/strong>choisi<strong> pour favoriser la lib\u00e9ration mentale, le calme \u00e9motionnel et le rel\u00e2chement en douceur des tensions.<\/strong>\u00a0Cette essence transforme votre bain en un rituel attentif et anti-stress, favorisant la relaxation et une transition r\u00e9paratrice vers la nuit.<\/p>\n<p style=\"font-weight: 400;\" data-start=\"662\" data-end=\"700\"><strong data-start=\"662\" data-end=\"698\">Notes olfactives et effets sensoriels<\/strong><\/p>\n<ul>\n<li data-start=\"703\" data-end=\"797\"><strong data-start=\"703\" data-end=\"727\">Douceur et fra\u00eecheur des agrumes :<\/strong>L'orange douce et la mandarine jaune stimulent et calment les sens en douceur.<\/li>\n<li data-start=\"800\" data-end=\"899\"><strong data-start=\"800\" data-end=\"825\">Lumineux et harmonieux :<\/strong>La bergamote et le petit grain bigarade apportent un ar\u00f4me rafra\u00eechissant et \u00e9quilibrant.<\/li>\n<li data-start=\"902\" data-end=\"1063\"><strong data-start=\"902\" data-end=\"924\">Enracin\u00e9s et floraux :<\/strong>L'essence de fleur d'oranger amer, compl\u00e9t\u00e9e par de l'huile d'olive, de la vitamine E et de l'oxyde min\u00e9ral d'orange, cr\u00e9e une atmosph\u00e8re apaisante et r\u00e9confortante.<\/li>\n<\/ul>\n<p style=\"font-weight: 400;\" data-start=\"1065\" data-end=\"1305\"><strong data-start=\"1065\" data-end=\"1095\">Bien-\u00eatre physique et mental<\/strong><br data-start=\"1095\" data-end=\"1098\" \/>Orange Oasis encourage un doux ralentissement du rythme corporel, favorisant la relaxation musculaire et soutenant le calme mental. Il est id\u00e9al pour les moments de tension mentale, de surstimulation ou de pr\u00e9paration au sommeil.<\/p>\n<p style=\"font-weight: 400;\" data-start=\"1362\" data-end=\"1697\"><strong data-start=\"1362\" data-end=\"1385\">Dimension \u00e9nerg\u00e9tique<\/strong><br data-start=\"1385\" data-end=\"1388\" \/>A\u00a0<a href=\"https:\/\/en.wikipedia.org\/wiki\/Quartz\"><strong data-start=\"1541\" data-end=\"1557\">pierre de quartz<\/strong><\/a> amplifie subtilement les qualit\u00e9s sensorielles et aromatiques de tous les ingr\u00e9dients, enrichissant le rituel et renfor\u00e7ant l'intention de relaxation.<\/p>\n<p style=\"font-weight: 400;\" data-start=\"1362\" data-end=\"1697\">*** Ce produit est destin\u00e9 au bien-\u00eatre, \u00e0 la relaxation et \u00e0 l'usage externe uniquement. Il ne s'agit pas d'un m\u00e9dicament et ne doit pas \u00eatre utilis\u00e9 pour diagnostiquer, traiter, pr\u00e9venir ou gu\u00e9rir une maladie. Tous nos produits sont naturels, artisanaux et s\u00fbrs lorsqu'ils sont utilis\u00e9s conform\u00e9ment aux instructions.<\/p>\n<p data-start=\"1362\" data-end=\"1697\">","protected":false},"excerpt":{"rendered":"<p>At the heart of the bath salt &#8216;Orange Oasis&#8217; is the Bitter Orange flower essence, chosen to support mental release, emotional calm, and a gentle letting go of tension.\u00a0This essence transforms your bath into a mindful, anti-stress ritual, encouraging relaxation and a restorative transition into the night. Olfactory Notes &amp; Sensory Effect Soft &amp; Citrus-Fresh:Sweet [&hellip;]<\/p>\n","protected":false},"featured_media":10215,"template":"","meta":[],"product_brand":[],"product_cat":[126],"product_tag":[120,127],"class_list":{"0":"post-6195","1":"product","2":"type-product","3":"status-publish","4":"has-post-thumbnail","6":"product_cat-flower-essences-skincare","7":"product_tag-bath-salt","8":"product_tag-skincare","10":"first","11":"instock","12":"shipping-taxable","13":"purchasable","14":"product-type-simple"},"yoast_head":"<!-- This site is optimized with the Yoast SEO plugin v27.4 - https:\/\/yoast.com\/product\/yoast-seo-wordpress\/ -->\n<title>Bath salt &#039;Orange Oasis&#039; | Essences Amazigh<\/title>\n<meta name=\"description\" content=\"Orange Oasis \u2013 Bath Salt Ritual: Relax with Bitter Orange flower essence, citrus oils, and quartz for a calming, stress-relieving soak.\" \/>\n<meta name=\"robots\" content=\"index, follow, max-snippet:-1, max-image-preview:large, max-video-preview:-1\" \/>\n<link rel=\"canonical\" href=\"https:\/\/essencesamazigh.com\/fr\/produit\/sel-de-bain-orange-oasis\/\" \/>\n<meta property=\"og:locale\" content=\"fr_FR\" \/>\n<meta property=\"og:type\" content=\"article\" \/>\n<meta property=\"og:title\" content=\"Bath salt &#039;Orange Oasis&#039;\" \/>\n<meta property=\"og:description\" content=\"Orange Oasis \u2013 Bath Salt Ritual: Relax with Bitter Orange flower essence, citrus oils, and quartz for a calming, stress-relieving soak.\" \/>\n<meta property=\"og:url\" content=\"https:\/\/essencesamazigh.com\/fr\/produit\/sel-de-bain-orange-oasis\/\" \/>\n<meta property=\"og:site_name\" content=\"Essences Amazigh\" \/>\n<meta property=\"article:publisher\" content=\"https:\/\/www.facebook.com\/profile.php?id=100086107194579\" \/>\n<meta property=\"article:modified_time\" content=\"2026-03-31T16:50:49+00:00\" \/>\n<meta property=\"og:image\" content=\"https:\/\/i0.wp.com\/essencesamazigh.com\/wp-content\/uploads\/LogoEA512x512pixel-1.png?fit=512%2C512&ssl=1\" \/>\n\t<meta property=\"og:image:width\" content=\"512\" \/>\n\t<meta property=\"og:image:height\" content=\"512\" \/>\n\t<meta property=\"og:image:type\" content=\"image\/png\" \/>\n<meta name=\"twitter:card\" content=\"summary_large_image\" \/>\n<meta name=\"twitter:title\" content=\"Bath salt &#039;Orange Oasis&#039;\" \/>\n<meta name=\"twitter:description\" content=\"Orange Oasis \u2013 Bath Salt Ritual: Relax with Bitter Orange flower essence, citrus oils, and quartz for a calming, stress-relieving soak.\" \/>\n<meta name=\"twitter:label1\" content=\"Dur\u00e9e de lecture estim\u00e9e\" \/>\n\t<meta name=\"twitter:data1\" content=\"2 minutes\" \/>\n<script type=\"application\/ld+json\" class=\"yoast-schema-graph\">{\"@context\":\"https:\\\/\\\/schema.org\",\"@graph\":[{\"@type\":\"WebPage\",\"@id\":\"https:\\\/\\\/essencesamazigh.com\\\/product\\\/bath-salt-orange-oasis\\\/\",\"url\":\"https:\\\/\\\/essencesamazigh.com\\\/product\\\/bath-salt-orange-oasis\\\/\",\"name\":\"Bath salt 'Orange Oasis' | Essences Amazigh\",\"isPartOf\":{\"@id\":\"https:\\\/\\\/essencesamazigh.com\\\/#website\"},\"primaryImageOfPage\":{\"@id\":\"https:\\\/\\\/essencesamazigh.com\\\/product\\\/bath-salt-orange-oasis\\\/#primaryimage\"},\"image\":{\"@id\":\"https:\\\/\\\/essencesamazigh.com\\\/product\\\/bath-salt-orange-oasis\\\/#primaryimage\"},\"thumbnailUrl\":\"https:\\\/\\\/i0.wp.com\\\/essencesamazigh.com\\\/wp-content\\\/uploads\\\/2024\\\/05\\\/BathSaltOrangeOasisPOS1.png?fit=1800%2C2400&ssl=1\",\"datePublished\":\"2024-05-23T17:29:40+00:00\",\"dateModified\":\"2026-03-31T16:50:49+00:00\",\"description\":\"Orange Oasis \u2013 Bath Salt Ritual: Relax with Bitter Orange flower essence, citrus oils, and quartz for a calming, stress-relieving soak.\",\"breadcrumb\":{\"@id\":\"https:\\\/\\\/essencesamazigh.com\\\/product\\\/bath-salt-orange-oasis\\\/#breadcrumb\"},\"inLanguage\":\"fr-FR\",\"potentialAction\":[{\"@type\":\"ReadAction\",\"target\":[\"https:\\\/\\\/essencesamazigh.com\\\/product\\\/bath-salt-orange-oasis\\\/\"]}]},{\"@type\":\"ImageObject\",\"inLanguage\":\"fr-FR\",\"@id\":\"https:\\\/\\\/essencesamazigh.com\\\/product\\\/bath-salt-orange-oasis\\\/#primaryimage\",\"url\":\"https:\\\/\\\/i0.wp.com\\\/essencesamazigh.com\\\/wp-content\\\/uploads\\\/2024\\\/05\\\/BathSaltOrangeOasisPOS1.png?fit=1800%2C2400&ssl=1\",\"contentUrl\":\"https:\\\/\\\/i0.wp.com\\\/essencesamazigh.com\\\/wp-content\\\/uploads\\\/2024\\\/05\\\/BathSaltOrangeOasisPOS1.png?fit=1800%2C2400&ssl=1\",\"width\":1800,\"height\":2400,\"caption\":\"Bath salt Orange Oasis\"},{\"@type\":\"BreadcrumbList\",\"@id\":\"https:\\\/\\\/essencesamazigh.com\\\/product\\\/bath-salt-orange-oasis\\\/#breadcrumb\",\"itemListElement\":[{\"@type\":\"ListItem\",\"position\":1,\"name\":\"Home\",\"item\":\"https:\\\/\\\/essencesamazigh.com\\\/\"},{\"@type\":\"ListItem\",\"position\":2,\"name\":\"Shop\",\"item\":\"https:\\\/\\\/essencesamazigh.com\\\/shop-all-essences-amazigh\\\/\"},{\"@type\":\"ListItem\",\"position\":3,\"name\":\"Bath salt &#8216;Orange Oasis&#8217;\"}]},{\"@type\":\"WebSite\",\"@id\":\"https:\\\/\\\/essencesamazigh.com\\\/#website\",\"url\":\"https:\\\/\\\/essencesamazigh.com\\\/\",\"name\":\"Essences Amazigh\",\"description\":\"The TRUE power of flowers\",\"publisher\":{\"@id\":\"https:\\\/\\\/essencesamazigh.com\\\/#organization\"},\"potentialAction\":[{\"@type\":\"SearchAction\",\"target\":{\"@type\":\"EntryPoint\",\"urlTemplate\":\"https:\\\/\\\/essencesamazigh.com\\\/?s={search_term_string}\"},\"query-input\":{\"@type\":\"PropertyValueSpecification\",\"valueRequired\":true,\"valueName\":\"search_term_string\"}}],\"inLanguage\":\"fr-FR\"},{\"@type\":\"Organization\",\"@id\":\"https:\\\/\\\/essencesamazigh.com\\\/#organization\",\"name\":\"Essences Amazigh\",\"url\":\"https:\\\/\\\/essencesamazigh.com\\\/\",\"logo\":{\"@type\":\"ImageObject\",\"inLanguage\":\"fr-FR\",\"@id\":\"https:\\\/\\\/essencesamazigh.com\\\/#\\\/schema\\\/logo\\\/image\\\/\",\"url\":\"https:\\\/\\\/i0.wp.com\\\/essencesamazigh.com\\\/wp-content\\\/uploads\\\/LogoEA512x512pixel-1.png?fit=512%2C512&ssl=1\",\"contentUrl\":\"https:\\\/\\\/i0.wp.com\\\/essencesamazigh.com\\\/wp-content\\\/uploads\\\/LogoEA512x512pixel-1.png?fit=512%2C512&ssl=1\",\"width\":512,\"height\":512,\"caption\":\"Essences Amazigh\"},\"image\":{\"@id\":\"https:\\\/\\\/essencesamazigh.com\\\/#\\\/schema\\\/logo\\\/image\\\/\"},\"sameAs\":[\"https:\\\/\\\/www.facebook.com\\\/profile.php?id=100086107194579\",\"https:\\\/\\\/www.instagram.com\\\/essencesamazigh\\\/\"]}]}<\/script>\n<!-- \/ Yoast SEO plugin. -->","yoast_head_json":{"title":"Sel de bain 'Orange Oasis' | Essences Amazigh","description":"Orange Oasis - Rituel de sel de bain : D\u00e9tendez-vous avec l'essence de fleur d'oranger amer, les huiles d'agrumes et le quartz pour un bain calmant et anti-stress.","robots":{"index":"index","follow":"follow","max-snippet":"max-snippet:-1","max-image-preview":"max-image-preview:large","max-video-preview":"max-video-preview:-1"},"canonical":"https:\/\/essencesamazigh.com\/fr\/produit\/sel-de-bain-orange-oasis\/","og_locale":"fr_FR","og_type":"article","og_title":"Bath salt 'Orange Oasis'","og_description":"Orange Oasis \u2013 Bath Salt Ritual: Relax with Bitter Orange flower essence, citrus oils, and quartz for a calming, stress-relieving soak.","og_url":"https:\/\/essencesamazigh.com\/fr\/produit\/sel-de-bain-orange-oasis\/","og_site_name":"Essences Amazigh","article_publisher":"https:\/\/www.facebook.com\/profile.php?id=100086107194579","article_modified_time":"2026-03-31T16:50:49+00:00","og_image":[{"width":512,"height":512,"url":"https:\/\/i0.wp.com\/essencesamazigh.com\/wp-content\/uploads\/LogoEA512x512pixel-1.png?fit=512%2C512&ssl=1","type":"image\/png"}],"twitter_card":"summary_large_image","twitter_title":"Bath salt 'Orange Oasis'","twitter_description":"Orange Oasis \u2013 Bath Salt Ritual: Relax with Bitter Orange flower essence, citrus oils, and quartz for a calming, stress-relieving soak.","twitter_misc":{"Dur\u00e9e de lecture estim\u00e9e":"2 minutes"},"schema":{"@context":"https:\/\/schema.org","@graph":[{"@type":"WebPage","@id":"https:\/\/essencesamazigh.com\/product\/bath-salt-orange-oasis\/","url":"https:\/\/essencesamazigh.com\/product\/bath-salt-orange-oasis\/","name":"Sel de bain 'Orange Oasis' | Essences Amazigh","isPartOf":{"@id":"https:\/\/essencesamazigh.com\/#website"},"primaryImageOfPage":{"@id":"https:\/\/essencesamazigh.com\/product\/bath-salt-orange-oasis\/#primaryimage"},"image":{"@id":"https:\/\/essencesamazigh.com\/product\/bath-salt-orange-oasis\/#primaryimage"},"thumbnailUrl":"https:\/\/i0.wp.com\/essencesamazigh.com\/wp-content\/uploads\/2024\/05\/BathSaltOrangeOasisPOS1.png?fit=1800%2C2400&ssl=1","datePublished":"2024-05-23T17:29:40+00:00","dateModified":"2026-03-31T16:50:49+00:00","description":"Orange Oasis - Rituel de sel de bain : D\u00e9tendez-vous avec l'essence de fleur d'oranger amer, les huiles d'agrumes et le quartz pour un bain calmant et anti-stress.","breadcrumb":{"@id":"https:\/\/essencesamazigh.com\/product\/bath-salt-orange-oasis\/#breadcrumb"},"inLanguage":"fr-FR","potentialAction":[{"@type":"ReadAction","target":["https:\/\/essencesamazigh.com\/product\/bath-salt-orange-oasis\/"]}]},{"@type":"ImageObject","inLanguage":"fr-FR","@id":"https:\/\/essencesamazigh.com\/product\/bath-salt-orange-oasis\/#primaryimage","url":"https:\/\/i0.wp.com\/essencesamazigh.com\/wp-content\/uploads\/2024\/05\/BathSaltOrangeOasisPOS1.png?fit=1800%2C2400&ssl=1","contentUrl":"https:\/\/i0.wp.com\/essencesamazigh.com\/wp-content\/uploads\/2024\/05\/BathSaltOrangeOasisPOS1.png?fit=1800%2C2400&ssl=1","width":1800,"height":2400,"caption":"Bath salt Orange Oasis"},{"@type":"BreadcrumbList","@id":"https:\/\/essencesamazigh.com\/product\/bath-salt-orange-oasis\/#breadcrumb","itemListElement":[{"@type":"ListItem","position":1,"name":"Home","item":"https:\/\/essencesamazigh.com\/"},{"@type":"ListItem","position":2,"name":"Shop","item":"https:\/\/essencesamazigh.com\/shop-all-essences-amazigh\/"},{"@type":"ListItem","position":3,"name":"Bath salt &#8216;Orange Oasis&#8217;"}]},{"@type":"WebSite","@id":"https:\/\/essencesamazigh.com\/#website","url":"https:\/\/essencesamazigh.com\/","name":"Essences Amazigh","description":"Le VRAI pouvoir des fleurs","publisher":{"@id":"https:\/\/essencesamazigh.com\/#organization"},"potentialAction":[{"@type":"SearchAction","target":{"@type":"EntryPoint","urlTemplate":"https:\/\/essencesamazigh.com\/?s={search_term_string}"},"query-input":{"@type":"PropertyValueSpecification","valueRequired":true,"valueName":"search_term_string"}}],"inLanguage":"fr-FR"},{"@type":"Organization","@id":"https:\/\/essencesamazigh.com\/#organization","name":"Essences Amazigh","url":"https:\/\/essencesamazigh.com\/","logo":{"@type":"ImageObject","inLanguage":"fr-FR","@id":"https:\/\/essencesamazigh.com\/#\/schema\/logo\/image\/","url":"https:\/\/i0.wp.com\/essencesamazigh.com\/wp-content\/uploads\/LogoEA512x512pixel-1.png?fit=512%2C512&ssl=1","contentUrl":"https:\/\/i0.wp.com\/essencesamazigh.com\/wp-content\/uploads\/LogoEA512x512pixel-1.png?fit=512%2C512&ssl=1","width":512,"height":512,"caption":"Essences Amazigh"},"image":{"@id":"https:\/\/essencesamazigh.com\/#\/schema\/logo\/image\/"},"sameAs":["https:\/\/www.facebook.com\/profile.php?id=100086107194579","https:\/\/www.instagram.com\/essencesamazigh\/"]}]}},"jetpack_sharing_enabled":true,"_links":{"self":[{"href":"https:\/\/essencesamazigh.com\/fr\/wp-json\/wp\/v2\/product\/6195","targetHints":{"allow":["GET"]}}],"collection":[{"href":"https:\/\/essencesamazigh.com\/fr\/wp-json\/wp\/v2\/product"}],"about":[{"href":"https:\/\/essencesamazigh.com\/fr\/wp-json\/wp\/v2\/types\/product"}],"version-history":[{"count":9,"href":"https:\/\/essencesamazigh.com\/fr\/wp-json\/wp\/v2\/product\/6195\/revisions"}],"predecessor-version":[{"id":7233,"href":"https:\/\/essencesamazigh.com\/fr\/wp-json\/wp\/v2\/product\/6195\/revisions\/7233"}],"wp:featuredmedia":[{"embeddable":true,"href":"https:\/\/essencesamazigh.com\/fr\/wp-json\/wp\/v2\/media\/10215"}],"wp:attachment":[{"href":"https:\/\/essencesamazigh.com\/fr\/wp-json\/wp\/v2\/media?parent=6195"}],"wp:term":[{"taxonomy":"product_brand","embeddable":true,"href":"https:\/\/essencesamazigh.com\/fr\/wp-json\/wp\/v2\/product_brand?post=6195"},{"taxonomy":"product_cat","embeddable":true,"href":"https:\/\/essencesamazigh.com\/fr\/wp-json\/wp\/v2\/product_cat?post=6195"},{"taxonomy":"product_tag","embeddable":true,"href":"https:\/\/essencesamazigh.com\/fr\/wp-json\/wp\/v2\/product_tag?post=6195"}],"curies":[{"name":"wp","href":"https:\/\/api.w.org\/{rel}","templated":true}]}}