{"id":5540,"date":"2024-03-26T09:53:14","date_gmt":"2024-03-26T09:53:14","guid":{"rendered":"https:\/\/essencesamazigh.com\/?post_type=product&#038;p=5540"},"modified":"2026-04-07T09:25:44","modified_gmt":"2026-04-07T08:25:44","slug":"encens-27-2","status":"publish","type":"product","link":"https:\/\/essencesamazigh.com\/fr\/product\/incense-27-2\/","title":{"rendered":"Encens 27"},"content":{"rendered":"<p><span class=\"Y2IQFc\" lang=\"en\">La fameuse '<a href=\"https:\/\/essencesamazigh.com\/fr\/produit\/encens-27-2\/\">Encens 27\u2032<\/a> ou encore appel\u00e9 \"Bukhour\", est un produit artisanal fabriqu\u00e9 par les femmes de la r\u00e9gion de l'Ouganda. <a href=\"https:\/\/en.wikipedia.org\/wiki\/Nefta,_Tunisia\">Nefta<\/a>selon une coutume amazighe ancestrale. Traditionnellement utilis\u00e9 en fumigation dans les maisons, cet encens aux ar\u00f4mes chauds, bois\u00e9s et \u00e9pic\u00e9s est \u00e9galement connu pour \u00e9liminer les basses vibrations r\u00e9sultant du mauvais \u0153il, de la jalousie, de la magie et des mauvaises intentions.<\/span><\/p>\n<p>.<\/p>\n<p>&nbsp;<\/p>\n<p>&nbsp;<\/p>","protected":false},"excerpt":{"rendered":"<p>The famous &#8216;Incense 27&#8242; or again called &#8216;Bukhour&#8217;, \u00a0is a handcrafted product made by the women of Nefta, according to an ancestral Amazigh custom. Traditionally used as a fumigation in homes, this incense with its warm, woody and spicy aromas is also known to eliminate the low vibrations resulting from the evil eye, jealousy, magic [&hellip;]<\/p>\n","protected":false},"featured_media":10277,"template":"","meta":[],"product_brand":[],"product_cat":[77],"product_tag":[122,121],"class_list":{"0":"post-5540","1":"product","2":"type-product","3":"status-publish","4":"has-post-thumbnail","6":"product_cat-nefta-breath","7":"product_tag-home","8":"product_tag-incense","10":"first","11":"instock","12":"shipping-taxable","13":"purchasable","14":"product-type-simple"},"yoast_head":"<!-- This site is optimized with the Yoast SEO plugin v27.4 - https:\/\/yoast.com\/product\/yoast-seo-wordpress\/ -->\n<title>Incense 27 | Essences Amazigh<\/title>\n<meta name=\"description\" content=\"Incense 27 is a famous handcrafted product made according to an ancestral Amazigh custom of Nefta. Traditionally used as a fumigation in homes.\" \/>\n<meta name=\"robots\" content=\"index, follow, max-snippet:-1, max-image-preview:large, max-video-preview:-1\" \/>\n<link rel=\"canonical\" href=\"https:\/\/essencesamazigh.com\/fr\/produit\/encens-27-2\/\" \/>\n<meta property=\"og:locale\" content=\"fr_FR\" \/>\n<meta property=\"og:type\" content=\"article\" \/>\n<meta property=\"og:title\" content=\"Incense 27\" \/>\n<meta property=\"og:description\" content=\"Incense 27 is a famous handcrafted product made according to an ancestral Amazigh custom of Nefta. Traditionally used as a fumigation in homes.\" \/>\n<meta property=\"og:url\" content=\"https:\/\/essencesamazigh.com\/fr\/produit\/encens-27-2\/\" \/>\n<meta property=\"og:site_name\" content=\"Essences Amazigh\" \/>\n<meta property=\"article:publisher\" content=\"https:\/\/www.facebook.com\/profile.php?id=100086107194579\" \/>\n<meta property=\"article:modified_time\" content=\"2026-04-07T08:25:44+00:00\" \/>\n<meta property=\"og:image\" content=\"https:\/\/essencesamazigh.com\/wp-content\/uploads\/2024\/03\/ENCENSTRADEncens27100GPOS1.webp\" \/>\n\t<meta property=\"og:image:width\" content=\"1440\" \/>\n\t<meta property=\"og:image:height\" content=\"1920\" \/>\n\t<meta property=\"og:image:type\" content=\"image\/webp\" \/>\n<meta name=\"twitter:card\" content=\"summary_large_image\" \/>\n<meta name=\"twitter:title\" content=\"Incense 27\" \/>\n<meta name=\"twitter:description\" content=\"Incense 27 is a famous handcrafted product made according to an ancestral Amazigh custom of Nefta. Traditionally used as a fumigation in homes.\" \/>\n<meta name=\"twitter:image\" content=\"https:\/\/i0.wp.com\/essencesamazigh.com\/wp-content\/uploads\/2024\/03\/ENCENSTRADEncens27100GPOS1.webp?fit=1440%2C1920&ssl=1\" \/>\n<meta name=\"twitter:label1\" content=\"Dur\u00e9e de lecture estim\u00e9e\" \/>\n\t<meta name=\"twitter:data1\" content=\"1 minute\" \/>\n<script type=\"application\/ld+json\" class=\"yoast-schema-graph\">{\"@context\":\"https:\\\/\\\/schema.org\",\"@graph\":[{\"@type\":\"WebPage\",\"@id\":\"https:\\\/\\\/essencesamazigh.com\\\/product\\\/incense-27-2\\\/\",\"url\":\"https:\\\/\\\/essencesamazigh.com\\\/product\\\/incense-27-2\\\/\",\"name\":\"Incense 27 | Essences Amazigh\",\"isPartOf\":{\"@id\":\"https:\\\/\\\/essencesamazigh.com\\\/#website\"},\"primaryImageOfPage\":{\"@id\":\"https:\\\/\\\/essencesamazigh.com\\\/product\\\/incense-27-2\\\/#primaryimage\"},\"image\":{\"@id\":\"https:\\\/\\\/essencesamazigh.com\\\/product\\\/incense-27-2\\\/#primaryimage\"},\"thumbnailUrl\":\"https:\\\/\\\/i0.wp.com\\\/essencesamazigh.com\\\/wp-content\\\/uploads\\\/2024\\\/03\\\/Incense27-100g-POS1.png?fit=1800%2C2400&ssl=1\",\"datePublished\":\"2024-03-26T09:53:14+00:00\",\"dateModified\":\"2026-04-07T08:25:44+00:00\",\"description\":\"Incense 27 is a famous handcrafted product made according to an ancestral Amazigh custom of Nefta. Traditionally used as a fumigation in homes.\",\"breadcrumb\":{\"@id\":\"https:\\\/\\\/essencesamazigh.com\\\/product\\\/incense-27-2\\\/#breadcrumb\"},\"inLanguage\":\"fr-FR\",\"potentialAction\":[{\"@type\":\"ReadAction\",\"target\":[\"https:\\\/\\\/essencesamazigh.com\\\/product\\\/incense-27-2\\\/\"]}]},{\"@type\":\"ImageObject\",\"inLanguage\":\"fr-FR\",\"@id\":\"https:\\\/\\\/essencesamazigh.com\\\/product\\\/incense-27-2\\\/#primaryimage\",\"url\":\"https:\\\/\\\/i0.wp.com\\\/essencesamazigh.com\\\/wp-content\\\/uploads\\\/2024\\\/03\\\/Incense27-100g-POS1.png?fit=1800%2C2400&ssl=1\",\"contentUrl\":\"https:\\\/\\\/i0.wp.com\\\/essencesamazigh.com\\\/wp-content\\\/uploads\\\/2024\\\/03\\\/Incense27-100g-POS1.png?fit=1800%2C2400&ssl=1\",\"width\":1800,\"height\":2400},{\"@type\":\"BreadcrumbList\",\"@id\":\"https:\\\/\\\/essencesamazigh.com\\\/product\\\/incense-27-2\\\/#breadcrumb\",\"itemListElement\":[{\"@type\":\"ListItem\",\"position\":1,\"name\":\"Home\",\"item\":\"https:\\\/\\\/essencesamazigh.com\\\/\"},{\"@type\":\"ListItem\",\"position\":2,\"name\":\"Shop\",\"item\":\"https:\\\/\\\/essencesamazigh.com\\\/shop-all-essences-amazigh\\\/\"},{\"@type\":\"ListItem\",\"position\":3,\"name\":\"Incense 27\"}]},{\"@type\":\"WebSite\",\"@id\":\"https:\\\/\\\/essencesamazigh.com\\\/#website\",\"url\":\"https:\\\/\\\/essencesamazigh.com\\\/\",\"name\":\"Essences Amazigh\",\"description\":\"The TRUE power of flowers\",\"publisher\":{\"@id\":\"https:\\\/\\\/essencesamazigh.com\\\/#organization\"},\"potentialAction\":[{\"@type\":\"SearchAction\",\"target\":{\"@type\":\"EntryPoint\",\"urlTemplate\":\"https:\\\/\\\/essencesamazigh.com\\\/?s={search_term_string}\"},\"query-input\":{\"@type\":\"PropertyValueSpecification\",\"valueRequired\":true,\"valueName\":\"search_term_string\"}}],\"inLanguage\":\"fr-FR\"},{\"@type\":\"Organization\",\"@id\":\"https:\\\/\\\/essencesamazigh.com\\\/#organization\",\"name\":\"Essences Amazigh\",\"url\":\"https:\\\/\\\/essencesamazigh.com\\\/\",\"logo\":{\"@type\":\"ImageObject\",\"inLanguage\":\"fr-FR\",\"@id\":\"https:\\\/\\\/essencesamazigh.com\\\/#\\\/schema\\\/logo\\\/image\\\/\",\"url\":\"https:\\\/\\\/i0.wp.com\\\/essencesamazigh.com\\\/wp-content\\\/uploads\\\/LogoEA512x512pixel-1.png?fit=512%2C512&ssl=1\",\"contentUrl\":\"https:\\\/\\\/i0.wp.com\\\/essencesamazigh.com\\\/wp-content\\\/uploads\\\/LogoEA512x512pixel-1.png?fit=512%2C512&ssl=1\",\"width\":512,\"height\":512,\"caption\":\"Essences Amazigh\"},\"image\":{\"@id\":\"https:\\\/\\\/essencesamazigh.com\\\/#\\\/schema\\\/logo\\\/image\\\/\"},\"sameAs\":[\"https:\\\/\\\/www.facebook.com\\\/profile.php?id=100086107194579\",\"https:\\\/\\\/www.instagram.com\\\/essencesamazigh\\\/\"]}]}<\/script>\n<!-- \/ Yoast SEO plugin. -->","yoast_head_json":{"title":"Encens 27 | Essences Amazigh","description":"L'encens 27 est un c\u00e9l\u00e8bre produit artisanal fabriqu\u00e9 selon une coutume amazighe ancestrale de Nefta. Il est traditionnellement utilis\u00e9 comme fumigation dans les maisons.","robots":{"index":"index","follow":"follow","max-snippet":"max-snippet:-1","max-image-preview":"max-image-preview:large","max-video-preview":"max-video-preview:-1"},"canonical":"https:\/\/essencesamazigh.com\/fr\/produit\/encens-27-2\/","og_locale":"fr_FR","og_type":"article","og_title":"Incense 27","og_description":"Incense 27 is a famous handcrafted product made according to an ancestral Amazigh custom of Nefta. Traditionally used as a fumigation in homes.","og_url":"https:\/\/essencesamazigh.com\/fr\/produit\/encens-27-2\/","og_site_name":"Essences Amazigh","article_publisher":"https:\/\/www.facebook.com\/profile.php?id=100086107194579","article_modified_time":"2026-04-07T08:25:44+00:00","og_image":[{"width":1440,"height":1920,"url":"https:\/\/essencesamazigh.com\/wp-content\/uploads\/2024\/03\/ENCENSTRADEncens27100GPOS1.webp","type":"image\/webp"}],"twitter_card":"summary_large_image","twitter_title":"Incense 27","twitter_description":"Incense 27 is a famous handcrafted product made according to an ancestral Amazigh custom of Nefta. Traditionally used as a fumigation in homes.","twitter_image":"https:\/\/i0.wp.com\/essencesamazigh.com\/wp-content\/uploads\/2024\/03\/ENCENSTRADEncens27100GPOS1.webp?fit=1440%2C1920&ssl=1","twitter_misc":{"Dur\u00e9e de lecture estim\u00e9e":"1 minute"},"schema":{"@context":"https:\/\/schema.org","@graph":[{"@type":"WebPage","@id":"https:\/\/essencesamazigh.com\/product\/incense-27-2\/","url":"https:\/\/essencesamazigh.com\/product\/incense-27-2\/","name":"Encens 27 | Essences Amazigh","isPartOf":{"@id":"https:\/\/essencesamazigh.com\/#website"},"primaryImageOfPage":{"@id":"https:\/\/essencesamazigh.com\/product\/incense-27-2\/#primaryimage"},"image":{"@id":"https:\/\/essencesamazigh.com\/product\/incense-27-2\/#primaryimage"},"thumbnailUrl":"https:\/\/i0.wp.com\/essencesamazigh.com\/wp-content\/uploads\/2024\/03\/Incense27-100g-POS1.png?fit=1800%2C2400&ssl=1","datePublished":"2024-03-26T09:53:14+00:00","dateModified":"2026-04-07T08:25:44+00:00","description":"L'encens 27 est un c\u00e9l\u00e8bre produit artisanal fabriqu\u00e9 selon une coutume amazighe ancestrale de Nefta. Il est traditionnellement utilis\u00e9 comme fumigation dans les maisons.","breadcrumb":{"@id":"https:\/\/essencesamazigh.com\/product\/incense-27-2\/#breadcrumb"},"inLanguage":"fr-FR","potentialAction":[{"@type":"ReadAction","target":["https:\/\/essencesamazigh.com\/product\/incense-27-2\/"]}]},{"@type":"ImageObject","inLanguage":"fr-FR","@id":"https:\/\/essencesamazigh.com\/product\/incense-27-2\/#primaryimage","url":"https:\/\/i0.wp.com\/essencesamazigh.com\/wp-content\/uploads\/2024\/03\/Incense27-100g-POS1.png?fit=1800%2C2400&ssl=1","contentUrl":"https:\/\/i0.wp.com\/essencesamazigh.com\/wp-content\/uploads\/2024\/03\/Incense27-100g-POS1.png?fit=1800%2C2400&ssl=1","width":1800,"height":2400},{"@type":"BreadcrumbList","@id":"https:\/\/essencesamazigh.com\/product\/incense-27-2\/#breadcrumb","itemListElement":[{"@type":"ListItem","position":1,"name":"Home","item":"https:\/\/essencesamazigh.com\/"},{"@type":"ListItem","position":2,"name":"Shop","item":"https:\/\/essencesamazigh.com\/shop-all-essences-amazigh\/"},{"@type":"ListItem","position":3,"name":"Incense 27"}]},{"@type":"WebSite","@id":"https:\/\/essencesamazigh.com\/#website","url":"https:\/\/essencesamazigh.com\/","name":"Essences Amazigh","description":"Le VRAI pouvoir des fleurs","publisher":{"@id":"https:\/\/essencesamazigh.com\/#organization"},"potentialAction":[{"@type":"SearchAction","target":{"@type":"EntryPoint","urlTemplate":"https:\/\/essencesamazigh.com\/?s={search_term_string}"},"query-input":{"@type":"PropertyValueSpecification","valueRequired":true,"valueName":"search_term_string"}}],"inLanguage":"fr-FR"},{"@type":"Organization","@id":"https:\/\/essencesamazigh.com\/#organization","name":"Essences Amazigh","url":"https:\/\/essencesamazigh.com\/","logo":{"@type":"ImageObject","inLanguage":"fr-FR","@id":"https:\/\/essencesamazigh.com\/#\/schema\/logo\/image\/","url":"https:\/\/i0.wp.com\/essencesamazigh.com\/wp-content\/uploads\/LogoEA512x512pixel-1.png?fit=512%2C512&ssl=1","contentUrl":"https:\/\/i0.wp.com\/essencesamazigh.com\/wp-content\/uploads\/LogoEA512x512pixel-1.png?fit=512%2C512&ssl=1","width":512,"height":512,"caption":"Essences Amazigh"},"image":{"@id":"https:\/\/essencesamazigh.com\/#\/schema\/logo\/image\/"},"sameAs":["https:\/\/www.facebook.com\/profile.php?id=100086107194579","https:\/\/www.instagram.com\/essencesamazigh\/"]}]}},"jetpack_sharing_enabled":true,"_links":{"self":[{"href":"https:\/\/essencesamazigh.com\/fr\/wp-json\/wp\/v2\/product\/5540","targetHints":{"allow":["GET"]}}],"collection":[{"href":"https:\/\/essencesamazigh.com\/fr\/wp-json\/wp\/v2\/product"}],"about":[{"href":"https:\/\/essencesamazigh.com\/fr\/wp-json\/wp\/v2\/types\/product"}],"version-history":[{"count":7,"href":"https:\/\/essencesamazigh.com\/fr\/wp-json\/wp\/v2\/product\/5540\/revisions"}],"predecessor-version":[{"id":9562,"href":"https:\/\/essencesamazigh.com\/fr\/wp-json\/wp\/v2\/product\/5540\/revisions\/9562"}],"wp:featuredmedia":[{"embeddable":true,"href":"https:\/\/essencesamazigh.com\/fr\/wp-json\/wp\/v2\/media\/10277"}],"wp:attachment":[{"href":"https:\/\/essencesamazigh.com\/fr\/wp-json\/wp\/v2\/media?parent=5540"}],"wp:term":[{"taxonomy":"product_brand","embeddable":true,"href":"https:\/\/essencesamazigh.com\/fr\/wp-json\/wp\/v2\/product_brand?post=5540"},{"taxonomy":"product_cat","embeddable":true,"href":"https:\/\/essencesamazigh.com\/fr\/wp-json\/wp\/v2\/product_cat?post=5540"},{"taxonomy":"product_tag","embeddable":true,"href":"https:\/\/essencesamazigh.com\/fr\/wp-json\/wp\/v2\/product_tag?post=5540"}],"curies":[{"name":"wp","href":"https:\/\/api.w.org\/{rel}","templated":true}]}}