{"id":5539,"date":"2024-03-26T09:47:12","date_gmt":"2024-03-26T09:47:12","guid":{"rendered":"https:\/\/essencesamazigh.com\/?post_type=product&#038;p=5539"},"modified":"2026-03-31T19:14:30","modified_gmt":"2026-03-31T18:14:30","slug":"bougie-en-argile-oasis-dhiver","status":"publish","type":"product","link":"https:\/\/essencesamazigh.com\/fr\/product\/clay-candle-winter-oasis\/","title":{"rendered":"Bougie d'argile \"Oasis d'hiver"},"content":{"rendered":"<p><span class=\"Y2IQFc\" lang=\"en\">Avec la bougie en pot d'argile \u2018Winter Oasis\u2019, plongez dans l'oasis de l'hiver. <a href=\"https:\/\/en.wikipedia.org\/wiki\/Nefta,_Tunisia\">Nefta<\/a> en hiver en allumant cette <a href=\"https:\/\/essencesamazigh.com\/fr\/boutique\/?e-filter-b0abce5-product_cat=floral-candles\">bougie parfum\u00e9e<\/a> fabriqu\u00e9 \u00e0 partir de cire v\u00e9g\u00e9tale 100% et \u00e9quip\u00e9 d'une m\u00e8che en bois. Compos\u00e9 d'un mariage de fleurs, de boules d'hiver et de feuilles avec l'association de la pierre de quartz et de la fameuse rose des sables locale. Ce voyage olfactif, \u00e0 la fois gourmand, bois\u00e9 et \u00e9pic\u00e9, diffusera une atmosph\u00e8re chaleureuse et parfum\u00e9e dans votre int\u00e9rieur pendant pr\u00e8s de 40 heures.<\/span><\/p>\n<p>.<\/p>\n<p>&nbsp;<\/p>\n<p>&nbsp;<\/p>","protected":false},"excerpt":{"rendered":"<p>With the clay pot candle &#8216;Winter Oasis&#8217;, dive into the oasis of Nefta in winter by lighting this scented candle made from 100% vegetable wax and equipped with a wooden wick. Composed of a marriage of flowers, winter balls and \u00a0leaves with the association of quartz stone and the famous local sand rose. This olfactory [&hellip;]<\/p>\n","protected":false},"featured_media":7721,"template":"","meta":[],"product_brand":[],"product_cat":[71],"product_tag":[123,122],"class_list":{"0":"post-5539","1":"product","2":"type-product","3":"status-publish","4":"has-post-thumbnail","6":"product_cat-oasis-blooms","7":"product_tag-candle","8":"product_tag-home","10":"first","11":"instock","12":"shipping-taxable","13":"purchasable","14":"product-type-simple"},"yoast_head":"<!-- This site is optimized with the Yoast SEO plugin v27.4 - https:\/\/yoast.com\/product\/yoast-seo-wordpress\/ -->\n<title>Clay candle &#039;Winter Oasis&#039; | Essences Amazigh<\/title>\n<meta name=\"description\" content=\"The clay candle Winter Oasis will let you dive into an olfactory journey within the oasis of Nefta by winter (winter flora, quartz and sand rose).\" \/>\n<meta name=\"robots\" content=\"index, follow, max-snippet:-1, max-image-preview:large, max-video-preview:-1\" \/>\n<link rel=\"canonical\" href=\"https:\/\/essencesamazigh.com\/fr\/produit\/bougie-en-argile-oasis-dhiver\/\" \/>\n<meta property=\"og:locale\" content=\"fr_FR\" \/>\n<meta property=\"og:type\" content=\"article\" \/>\n<meta property=\"og:title\" content=\"Clay pot candle &#039;Winter Oasis&#039;\" \/>\n<meta property=\"og:description\" content=\"The clay pot candle Winter Oasis will let you dive into an olfactory journey within the oasis of Nefta by winter (winter flora, quartz and sand rose).\" \/>\n<meta property=\"og:url\" content=\"https:\/\/essencesamazigh.com\/fr\/produit\/bougie-en-argile-oasis-dhiver\/\" \/>\n<meta property=\"og:site_name\" content=\"Essences Amazigh\" \/>\n<meta property=\"article:publisher\" content=\"https:\/\/www.facebook.com\/profile.php?id=100086107194579\" \/>\n<meta property=\"article:modified_time\" content=\"2026-03-31T18:14:30+00:00\" \/>\n<meta property=\"og:image\" content=\"https:\/\/essencesamazigh.com\/wp-content\/uploads\/2024\/03\/BOUGIESFondantOasisHiversPOS1.webp\" \/>\n\t<meta property=\"og:image:width\" content=\"1440\" \/>\n\t<meta property=\"og:image:height\" content=\"1920\" \/>\n\t<meta property=\"og:image:type\" content=\"image\/webp\" \/>\n<meta name=\"twitter:card\" content=\"summary_large_image\" \/>\n<meta name=\"twitter:title\" content=\"Clay pot candle &#039;Winter Oasis&#039;\" \/>\n<meta name=\"twitter:description\" content=\"The clay pot candle Winter Oasis will let you dive into an olfactory journey within the oasis of Nefta by winter (winter flora, quartz and sand rose).\" \/>\n<meta name=\"twitter:image\" content=\"https:\/\/i0.wp.com\/essencesamazigh.com\/wp-content\/uploads\/2024\/03\/BOUGIESFondantOasisHiversPOS1.webp?fit=1440%2C1920&ssl=1\" \/>\n<meta name=\"twitter:label1\" content=\"Dur\u00e9e de lecture estim\u00e9e\" \/>\n\t<meta name=\"twitter:data1\" content=\"1 minute\" \/>\n<script type=\"application\/ld+json\" class=\"yoast-schema-graph\">{\"@context\":\"https:\\\/\\\/schema.org\",\"@graph\":[{\"@type\":\"WebPage\",\"@id\":\"https:\\\/\\\/essencesamazigh.com\\\/product\\\/clay-candle-winter-oasis\\\/\",\"url\":\"https:\\\/\\\/essencesamazigh.com\\\/product\\\/clay-candle-winter-oasis\\\/\",\"name\":\"Clay candle 'Winter Oasis' | Essences Amazigh\",\"isPartOf\":{\"@id\":\"https:\\\/\\\/essencesamazigh.com\\\/#website\"},\"primaryImageOfPage\":{\"@id\":\"https:\\\/\\\/essencesamazigh.com\\\/product\\\/clay-candle-winter-oasis\\\/#primaryimage\"},\"image\":{\"@id\":\"https:\\\/\\\/essencesamazigh.com\\\/product\\\/clay-candle-winter-oasis\\\/#primaryimage\"},\"thumbnailUrl\":\"https:\\\/\\\/i0.wp.com\\\/essencesamazigh.com\\\/wp-content\\\/uploads\\\/2024\\\/03\\\/BOUGIESFondantOasisHiversPOS1.webp?fit=1440%2C1920&ssl=1\",\"datePublished\":\"2024-03-26T09:47:12+00:00\",\"dateModified\":\"2026-03-31T18:14:30+00:00\",\"description\":\"The clay candle Winter Oasis will let you dive into an olfactory journey within the oasis of Nefta by winter (winter flora, quartz and sand rose).\",\"breadcrumb\":{\"@id\":\"https:\\\/\\\/essencesamazigh.com\\\/product\\\/clay-candle-winter-oasis\\\/#breadcrumb\"},\"inLanguage\":\"fr-FR\",\"potentialAction\":[{\"@type\":\"ReadAction\",\"target\":[\"https:\\\/\\\/essencesamazigh.com\\\/product\\\/clay-candle-winter-oasis\\\/\"]}]},{\"@type\":\"ImageObject\",\"inLanguage\":\"fr-FR\",\"@id\":\"https:\\\/\\\/essencesamazigh.com\\\/product\\\/clay-candle-winter-oasis\\\/#primaryimage\",\"url\":\"https:\\\/\\\/i0.wp.com\\\/essencesamazigh.com\\\/wp-content\\\/uploads\\\/2024\\\/03\\\/BOUGIESFondantOasisHiversPOS1.webp?fit=1440%2C1920&ssl=1\",\"contentUrl\":\"https:\\\/\\\/i0.wp.com\\\/essencesamazigh.com\\\/wp-content\\\/uploads\\\/2024\\\/03\\\/BOUGIESFondantOasisHiversPOS1.webp?fit=1440%2C1920&ssl=1\",\"width\":1440,\"height\":1920,\"caption\":\"Clay candle Winter Oasis\"},{\"@type\":\"BreadcrumbList\",\"@id\":\"https:\\\/\\\/essencesamazigh.com\\\/product\\\/clay-candle-winter-oasis\\\/#breadcrumb\",\"itemListElement\":[{\"@type\":\"ListItem\",\"position\":1,\"name\":\"Home\",\"item\":\"https:\\\/\\\/essencesamazigh.com\\\/\"},{\"@type\":\"ListItem\",\"position\":2,\"name\":\"Shop\",\"item\":\"https:\\\/\\\/essencesamazigh.com\\\/shop-all-essences-amazigh\\\/\"},{\"@type\":\"ListItem\",\"position\":3,\"name\":\"Clay candle &#8216;Winter Oasis&#8217;\"}]},{\"@type\":\"WebSite\",\"@id\":\"https:\\\/\\\/essencesamazigh.com\\\/#website\",\"url\":\"https:\\\/\\\/essencesamazigh.com\\\/\",\"name\":\"Essences Amazigh\",\"description\":\"The TRUE power of flowers\",\"publisher\":{\"@id\":\"https:\\\/\\\/essencesamazigh.com\\\/#organization\"},\"potentialAction\":[{\"@type\":\"SearchAction\",\"target\":{\"@type\":\"EntryPoint\",\"urlTemplate\":\"https:\\\/\\\/essencesamazigh.com\\\/?s={search_term_string}\"},\"query-input\":{\"@type\":\"PropertyValueSpecification\",\"valueRequired\":true,\"valueName\":\"search_term_string\"}}],\"inLanguage\":\"fr-FR\"},{\"@type\":\"Organization\",\"@id\":\"https:\\\/\\\/essencesamazigh.com\\\/#organization\",\"name\":\"Essences Amazigh\",\"url\":\"https:\\\/\\\/essencesamazigh.com\\\/\",\"logo\":{\"@type\":\"ImageObject\",\"inLanguage\":\"fr-FR\",\"@id\":\"https:\\\/\\\/essencesamazigh.com\\\/#\\\/schema\\\/logo\\\/image\\\/\",\"url\":\"https:\\\/\\\/i0.wp.com\\\/essencesamazigh.com\\\/wp-content\\\/uploads\\\/LogoEA512x512pixel-1.png?fit=512%2C512&ssl=1\",\"contentUrl\":\"https:\\\/\\\/i0.wp.com\\\/essencesamazigh.com\\\/wp-content\\\/uploads\\\/LogoEA512x512pixel-1.png?fit=512%2C512&ssl=1\",\"width\":512,\"height\":512,\"caption\":\"Essences Amazigh\"},\"image\":{\"@id\":\"https:\\\/\\\/essencesamazigh.com\\\/#\\\/schema\\\/logo\\\/image\\\/\"},\"sameAs\":[\"https:\\\/\\\/www.facebook.com\\\/profile.php?id=100086107194579\",\"https:\\\/\\\/www.instagram.com\\\/essencesamazigh\\\/\"]}]}<\/script>\n<!-- \/ Yoast SEO plugin. -->","yoast_head_json":{"title":"Bougie d'argile 'Winter Oasis' | Essences Amazigh","description":"La bougie d'argile Oasis d'hiver vous permettra de plonger dans un voyage olfactif au sein de l'oasis de Nefta en hiver (flore d'hiver, quartz et rose des sables).","robots":{"index":"index","follow":"follow","max-snippet":"max-snippet:-1","max-image-preview":"max-image-preview:large","max-video-preview":"max-video-preview:-1"},"canonical":"https:\/\/essencesamazigh.com\/fr\/produit\/bougie-en-argile-oasis-dhiver\/","og_locale":"fr_FR","og_type":"article","og_title":"Clay pot candle 'Winter Oasis'","og_description":"The clay pot candle Winter Oasis will let you dive into an olfactory journey within the oasis of Nefta by winter (winter flora, quartz and sand rose).","og_url":"https:\/\/essencesamazigh.com\/fr\/produit\/bougie-en-argile-oasis-dhiver\/","og_site_name":"Essences Amazigh","article_publisher":"https:\/\/www.facebook.com\/profile.php?id=100086107194579","article_modified_time":"2026-03-31T18:14:30+00:00","og_image":[{"width":1440,"height":1920,"url":"https:\/\/essencesamazigh.com\/wp-content\/uploads\/2024\/03\/BOUGIESFondantOasisHiversPOS1.webp","type":"image\/webp"}],"twitter_card":"summary_large_image","twitter_title":"Clay pot candle 'Winter Oasis'","twitter_description":"The clay pot candle Winter Oasis will let you dive into an olfactory journey within the oasis of Nefta by winter (winter flora, quartz and sand rose).","twitter_image":"https:\/\/i0.wp.com\/essencesamazigh.com\/wp-content\/uploads\/2024\/03\/BOUGIESFondantOasisHiversPOS1.webp?fit=1440%2C1920&ssl=1","twitter_misc":{"Dur\u00e9e de lecture estim\u00e9e":"1 minute"},"schema":{"@context":"https:\/\/schema.org","@graph":[{"@type":"WebPage","@id":"https:\/\/essencesamazigh.com\/product\/clay-candle-winter-oasis\/","url":"https:\/\/essencesamazigh.com\/product\/clay-candle-winter-oasis\/","name":"Bougie d'argile 'Winter Oasis' | Essences Amazigh","isPartOf":{"@id":"https:\/\/essencesamazigh.com\/#website"},"primaryImageOfPage":{"@id":"https:\/\/essencesamazigh.com\/product\/clay-candle-winter-oasis\/#primaryimage"},"image":{"@id":"https:\/\/essencesamazigh.com\/product\/clay-candle-winter-oasis\/#primaryimage"},"thumbnailUrl":"https:\/\/i0.wp.com\/essencesamazigh.com\/wp-content\/uploads\/2024\/03\/BOUGIESFondantOasisHiversPOS1.webp?fit=1440%2C1920&ssl=1","datePublished":"2024-03-26T09:47:12+00:00","dateModified":"2026-03-31T18:14:30+00:00","description":"La bougie d'argile Oasis d'hiver vous permettra de plonger dans un voyage olfactif au sein de l'oasis de Nefta en hiver (flore d'hiver, quartz et rose des sables).","breadcrumb":{"@id":"https:\/\/essencesamazigh.com\/product\/clay-candle-winter-oasis\/#breadcrumb"},"inLanguage":"fr-FR","potentialAction":[{"@type":"ReadAction","target":["https:\/\/essencesamazigh.com\/product\/clay-candle-winter-oasis\/"]}]},{"@type":"ImageObject","inLanguage":"fr-FR","@id":"https:\/\/essencesamazigh.com\/product\/clay-candle-winter-oasis\/#primaryimage","url":"https:\/\/i0.wp.com\/essencesamazigh.com\/wp-content\/uploads\/2024\/03\/BOUGIESFondantOasisHiversPOS1.webp?fit=1440%2C1920&ssl=1","contentUrl":"https:\/\/i0.wp.com\/essencesamazigh.com\/wp-content\/uploads\/2024\/03\/BOUGIESFondantOasisHiversPOS1.webp?fit=1440%2C1920&ssl=1","width":1440,"height":1920,"caption":"Clay candle Winter Oasis"},{"@type":"BreadcrumbList","@id":"https:\/\/essencesamazigh.com\/product\/clay-candle-winter-oasis\/#breadcrumb","itemListElement":[{"@type":"ListItem","position":1,"name":"Home","item":"https:\/\/essencesamazigh.com\/"},{"@type":"ListItem","position":2,"name":"Shop","item":"https:\/\/essencesamazigh.com\/shop-all-essences-amazigh\/"},{"@type":"ListItem","position":3,"name":"Clay candle &#8216;Winter Oasis&#8217;"}]},{"@type":"WebSite","@id":"https:\/\/essencesamazigh.com\/#website","url":"https:\/\/essencesamazigh.com\/","name":"Essences Amazigh","description":"Le VRAI pouvoir des fleurs","publisher":{"@id":"https:\/\/essencesamazigh.com\/#organization"},"potentialAction":[{"@type":"SearchAction","target":{"@type":"EntryPoint","urlTemplate":"https:\/\/essencesamazigh.com\/?s={search_term_string}"},"query-input":{"@type":"PropertyValueSpecification","valueRequired":true,"valueName":"search_term_string"}}],"inLanguage":"fr-FR"},{"@type":"Organization","@id":"https:\/\/essencesamazigh.com\/#organization","name":"Essences Amazigh","url":"https:\/\/essencesamazigh.com\/","logo":{"@type":"ImageObject","inLanguage":"fr-FR","@id":"https:\/\/essencesamazigh.com\/#\/schema\/logo\/image\/","url":"https:\/\/i0.wp.com\/essencesamazigh.com\/wp-content\/uploads\/LogoEA512x512pixel-1.png?fit=512%2C512&ssl=1","contentUrl":"https:\/\/i0.wp.com\/essencesamazigh.com\/wp-content\/uploads\/LogoEA512x512pixel-1.png?fit=512%2C512&ssl=1","width":512,"height":512,"caption":"Essences Amazigh"},"image":{"@id":"https:\/\/essencesamazigh.com\/#\/schema\/logo\/image\/"},"sameAs":["https:\/\/www.facebook.com\/profile.php?id=100086107194579","https:\/\/www.instagram.com\/essencesamazigh\/"]}]}},"jetpack_sharing_enabled":true,"_links":{"self":[{"href":"https:\/\/essencesamazigh.com\/fr\/wp-json\/wp\/v2\/product\/5539","targetHints":{"allow":["GET"]}}],"collection":[{"href":"https:\/\/essencesamazigh.com\/fr\/wp-json\/wp\/v2\/product"}],"about":[{"href":"https:\/\/essencesamazigh.com\/fr\/wp-json\/wp\/v2\/types\/product"}],"version-history":[{"count":10,"href":"https:\/\/essencesamazigh.com\/fr\/wp-json\/wp\/v2\/product\/5539\/revisions"}],"predecessor-version":[{"id":9582,"href":"https:\/\/essencesamazigh.com\/fr\/wp-json\/wp\/v2\/product\/5539\/revisions\/9582"}],"wp:featuredmedia":[{"embeddable":true,"href":"https:\/\/essencesamazigh.com\/fr\/wp-json\/wp\/v2\/media\/7721"}],"wp:attachment":[{"href":"https:\/\/essencesamazigh.com\/fr\/wp-json\/wp\/v2\/media?parent=5539"}],"wp:term":[{"taxonomy":"product_brand","embeddable":true,"href":"https:\/\/essencesamazigh.com\/fr\/wp-json\/wp\/v2\/product_brand?post=5539"},{"taxonomy":"product_cat","embeddable":true,"href":"https:\/\/essencesamazigh.com\/fr\/wp-json\/wp\/v2\/product_cat?post=5539"},{"taxonomy":"product_tag","embeddable":true,"href":"https:\/\/essencesamazigh.com\/fr\/wp-json\/wp\/v2\/product_tag?post=5539"}],"curies":[{"name":"wp","href":"https:\/\/api.w.org\/{rel}","templated":true}]}}