{"id":5537,"date":"2024-03-26T09:41:05","date_gmt":"2024-03-26T09:41:05","guid":{"rendered":"https:\/\/essencesamazigh.com\/?post_type=product&#038;p=5537"},"modified":"2026-03-31T19:34:44","modified_gmt":"2026-03-31T18:34:44","slug":"bougie-fondante-oasis-rose","status":"publish","type":"product","link":"https:\/\/essencesamazigh.com\/fr\/product\/fondant-candle-oasis-rose\/","title":{"rendered":"Bougie fondant  'Rose de l'oasis'"},"content":{"rendered":"<p><span class=\"Y2IQFc\" lang=\"en\">Avec notre bougie fondante \u2018Oasis Rose\u2019, vous plongerez dans un voyage parmi les roses de Damas de l'Asie du Sud-Est. \u00a0<a href=\"https:\/\/en.wikipedia.org\/wiki\/Nefta,_Tunisia\">Nefta<\/a> oasis. Cette <a href=\"https:\/\/essencesamazigh.com\/fr\/boutique\/?e-filter-b0abce5-product_cat=floral-candles\">bougie fondante<\/a> est compos\u00e9 de cire v\u00e9g\u00e9tale 100%, de rose de Damas s\u00e9ch\u00e9e, d'une m\u00e8che en coton et d'une pierre de quartz locale. Il diffusera son parfum de p\u00e9tales de roses naturelles 100% pendant 10 heures dans toute la maison. Une id\u00e9e de cadeau parfaite pour c\u00e9l\u00e9brer la beaut\u00e9 de la vie.<\/span><\/p>\n<p>.<\/p>\n<p>&nbsp;<\/p>\n<p>&nbsp;<\/p>","protected":false},"excerpt":{"rendered":"<p>With our fondant candle &#8216;Oasis Rose&#8217;, you will dive into a journey amongst the Damask rose of \u00a0Nefta oasis. This melting candle is made with 100% vegetable wax, dried oasis Damask rose, a cotton wick and a local quartz stone. It will diffuse its 100% natural rose petal fragrance for 10 hours throughout your home. [&hellip;]<\/p>\n","protected":false},"featured_media":7712,"template":"","meta":[],"product_brand":[],"product_cat":[71],"product_tag":[123,122],"class_list":{"0":"post-5537","1":"product","2":"type-product","3":"status-publish","4":"has-post-thumbnail","6":"product_cat-oasis-blooms","7":"product_tag-candle","8":"product_tag-home","10":"first","11":"instock","12":"shipping-taxable","13":"purchasable","14":"product-type-simple"},"yoast_head":"<!-- This site is optimized with the Yoast SEO plugin v27.4 - https:\/\/yoast.com\/product\/yoast-seo-wordpress\/ -->\n<title>Fondant candle &#039;Oasis Rose&#039; | Essences Amazigh<\/title>\n<meta name=\"description\" content=\"The fondant candle &#039;Oasis Rose&#039; will let you dive into an olfactory journey within the Damask rose of the oasis of Nefta (dried roses, local quartz stone).\" \/>\n<meta name=\"robots\" content=\"index, follow, max-snippet:-1, max-image-preview:large, max-video-preview:-1\" \/>\n<link rel=\"canonical\" href=\"https:\/\/essencesamazigh.com\/fr\/produit\/bougie-fondante-oasis-rose\/\" \/>\n<meta property=\"og:locale\" content=\"fr_FR\" \/>\n<meta property=\"og:type\" content=\"article\" \/>\n<meta property=\"og:title\" content=\"Fondant candle &#039;Oasis Rose&#039;\" \/>\n<meta property=\"og:description\" content=\"The fondant candle &#039;Oasis Rose&#039; will let you dive into an olfactory journey within the Damask rose of the oasis of Nefta (dried roses, local quartz stone).\" \/>\n<meta property=\"og:url\" content=\"https:\/\/essencesamazigh.com\/fr\/produit\/bougie-fondante-oasis-rose\/\" \/>\n<meta property=\"og:site_name\" content=\"Essences Amazigh\" \/>\n<meta property=\"article:publisher\" content=\"https:\/\/www.facebook.com\/profile.php?id=100086107194579\" \/>\n<meta property=\"article:modified_time\" content=\"2026-03-31T18:34:44+00:00\" \/>\n<meta property=\"og:image\" content=\"https:\/\/essencesamazigh.com\/wp-content\/uploads\/2024\/03\/BOUGIESFondantRosePOS1.webp\" \/>\n\t<meta property=\"og:image:width\" content=\"1440\" \/>\n\t<meta property=\"og:image:height\" content=\"1920\" \/>\n\t<meta property=\"og:image:type\" content=\"image\/webp\" \/>\n<meta name=\"twitter:card\" content=\"summary_large_image\" \/>\n<meta name=\"twitter:title\" content=\"Fondant candle &#039;Oasis Rose&#039;\" \/>\n<meta name=\"twitter:description\" content=\"The fondant candle &#039;Oasis Rose&#039; will let you dive into an olfactory journey within the Damask rose of the oasis of Nefta (dried roses, local quartz stone).\" \/>\n<meta name=\"twitter:image\" content=\"https:\/\/i0.wp.com\/essencesamazigh.com\/wp-content\/uploads\/2024\/03\/BOUGIESFondantRosePOS1.webp?fit=1440%2C1920&ssl=1\" \/>\n<meta name=\"twitter:label1\" content=\"Dur\u00e9e de lecture estim\u00e9e\" \/>\n\t<meta name=\"twitter:data1\" content=\"1 minute\" \/>\n<script type=\"application\/ld+json\" class=\"yoast-schema-graph\">{\"@context\":\"https:\\\/\\\/schema.org\",\"@graph\":[{\"@type\":\"WebPage\",\"@id\":\"https:\\\/\\\/essencesamazigh.com\\\/product\\\/fondant-candle-oasis-rose\\\/\",\"url\":\"https:\\\/\\\/essencesamazigh.com\\\/product\\\/fondant-candle-oasis-rose\\\/\",\"name\":\"Fondant candle 'Oasis Rose' | Essences Amazigh\",\"isPartOf\":{\"@id\":\"https:\\\/\\\/essencesamazigh.com\\\/#website\"},\"primaryImageOfPage\":{\"@id\":\"https:\\\/\\\/essencesamazigh.com\\\/product\\\/fondant-candle-oasis-rose\\\/#primaryimage\"},\"image\":{\"@id\":\"https:\\\/\\\/essencesamazigh.com\\\/product\\\/fondant-candle-oasis-rose\\\/#primaryimage\"},\"thumbnailUrl\":\"https:\\\/\\\/i0.wp.com\\\/essencesamazigh.com\\\/wp-content\\\/uploads\\\/2024\\\/03\\\/BOUGIESFondantRosePOS1.webp?fit=1440%2C1920&ssl=1\",\"datePublished\":\"2024-03-26T09:41:05+00:00\",\"dateModified\":\"2026-03-31T18:34:44+00:00\",\"description\":\"The fondant candle 'Oasis Rose' will let you dive into an olfactory journey within the Damask rose of the oasis of Nefta (dried roses, local quartz stone).\",\"breadcrumb\":{\"@id\":\"https:\\\/\\\/essencesamazigh.com\\\/product\\\/fondant-candle-oasis-rose\\\/#breadcrumb\"},\"inLanguage\":\"fr-FR\",\"potentialAction\":[{\"@type\":\"ReadAction\",\"target\":[\"https:\\\/\\\/essencesamazigh.com\\\/product\\\/fondant-candle-oasis-rose\\\/\"]}]},{\"@type\":\"ImageObject\",\"inLanguage\":\"fr-FR\",\"@id\":\"https:\\\/\\\/essencesamazigh.com\\\/product\\\/fondant-candle-oasis-rose\\\/#primaryimage\",\"url\":\"https:\\\/\\\/i0.wp.com\\\/essencesamazigh.com\\\/wp-content\\\/uploads\\\/2024\\\/03\\\/BOUGIESFondantRosePOS1.webp?fit=1440%2C1920&ssl=1\",\"contentUrl\":\"https:\\\/\\\/i0.wp.com\\\/essencesamazigh.com\\\/wp-content\\\/uploads\\\/2024\\\/03\\\/BOUGIESFondantRosePOS1.webp?fit=1440%2C1920&ssl=1\",\"width\":1440,\"height\":1920,\"caption\":\"Fondant candle Oasis Rose\"},{\"@type\":\"BreadcrumbList\",\"@id\":\"https:\\\/\\\/essencesamazigh.com\\\/product\\\/fondant-candle-oasis-rose\\\/#breadcrumb\",\"itemListElement\":[{\"@type\":\"ListItem\",\"position\":1,\"name\":\"Home\",\"item\":\"https:\\\/\\\/essencesamazigh.com\\\/\"},{\"@type\":\"ListItem\",\"position\":2,\"name\":\"Shop\",\"item\":\"https:\\\/\\\/essencesamazigh.com\\\/shop-all-essences-amazigh\\\/\"},{\"@type\":\"ListItem\",\"position\":3,\"name\":\"Fondant candle &#8216;Oasis Rose&#8217;\"}]},{\"@type\":\"WebSite\",\"@id\":\"https:\\\/\\\/essencesamazigh.com\\\/#website\",\"url\":\"https:\\\/\\\/essencesamazigh.com\\\/\",\"name\":\"Essences Amazigh\",\"description\":\"The TRUE power of flowers\",\"publisher\":{\"@id\":\"https:\\\/\\\/essencesamazigh.com\\\/#organization\"},\"potentialAction\":[{\"@type\":\"SearchAction\",\"target\":{\"@type\":\"EntryPoint\",\"urlTemplate\":\"https:\\\/\\\/essencesamazigh.com\\\/?s={search_term_string}\"},\"query-input\":{\"@type\":\"PropertyValueSpecification\",\"valueRequired\":true,\"valueName\":\"search_term_string\"}}],\"inLanguage\":\"fr-FR\"},{\"@type\":\"Organization\",\"@id\":\"https:\\\/\\\/essencesamazigh.com\\\/#organization\",\"name\":\"Essences Amazigh\",\"url\":\"https:\\\/\\\/essencesamazigh.com\\\/\",\"logo\":{\"@type\":\"ImageObject\",\"inLanguage\":\"fr-FR\",\"@id\":\"https:\\\/\\\/essencesamazigh.com\\\/#\\\/schema\\\/logo\\\/image\\\/\",\"url\":\"https:\\\/\\\/i0.wp.com\\\/essencesamazigh.com\\\/wp-content\\\/uploads\\\/LogoEA512x512pixel-1.png?fit=512%2C512&ssl=1\",\"contentUrl\":\"https:\\\/\\\/i0.wp.com\\\/essencesamazigh.com\\\/wp-content\\\/uploads\\\/LogoEA512x512pixel-1.png?fit=512%2C512&ssl=1\",\"width\":512,\"height\":512,\"caption\":\"Essences Amazigh\"},\"image\":{\"@id\":\"https:\\\/\\\/essencesamazigh.com\\\/#\\\/schema\\\/logo\\\/image\\\/\"},\"sameAs\":[\"https:\\\/\\\/www.facebook.com\\\/profile.php?id=100086107194579\",\"https:\\\/\\\/www.instagram.com\\\/essencesamazigh\\\/\"]}]}<\/script>\n<!-- \/ Yoast SEO plugin. -->","yoast_head_json":{"title":"Bougie fondante 'Oasis Rose' | Essences Amazigh","description":"La bougie fondante 'Oasis Rose' vous fera plonger dans un voyage olfactif au sein de la rose de Damas de l'oasis de Nefta (roses s\u00e9ch\u00e9es, pierre de quartz locale).","robots":{"index":"index","follow":"follow","max-snippet":"max-snippet:-1","max-image-preview":"max-image-preview:large","max-video-preview":"max-video-preview:-1"},"canonical":"https:\/\/essencesamazigh.com\/fr\/produit\/bougie-fondante-oasis-rose\/","og_locale":"fr_FR","og_type":"article","og_title":"Fondant candle 'Oasis Rose'","og_description":"The fondant candle 'Oasis Rose' will let you dive into an olfactory journey within the Damask rose of the oasis of Nefta (dried roses, local quartz stone).","og_url":"https:\/\/essencesamazigh.com\/fr\/produit\/bougie-fondante-oasis-rose\/","og_site_name":"Essences Amazigh","article_publisher":"https:\/\/www.facebook.com\/profile.php?id=100086107194579","article_modified_time":"2026-03-31T18:34:44+00:00","og_image":[{"width":1440,"height":1920,"url":"https:\/\/essencesamazigh.com\/wp-content\/uploads\/2024\/03\/BOUGIESFondantRosePOS1.webp","type":"image\/webp"}],"twitter_card":"summary_large_image","twitter_title":"Fondant candle 'Oasis Rose'","twitter_description":"The fondant candle 'Oasis Rose' will let you dive into an olfactory journey within the Damask rose of the oasis of Nefta (dried roses, local quartz stone).","twitter_image":"https:\/\/i0.wp.com\/essencesamazigh.com\/wp-content\/uploads\/2024\/03\/BOUGIESFondantRosePOS1.webp?fit=1440%2C1920&ssl=1","twitter_misc":{"Dur\u00e9e de lecture estim\u00e9e":"1 minute"},"schema":{"@context":"https:\/\/schema.org","@graph":[{"@type":"WebPage","@id":"https:\/\/essencesamazigh.com\/product\/fondant-candle-oasis-rose\/","url":"https:\/\/essencesamazigh.com\/product\/fondant-candle-oasis-rose\/","name":"Bougie fondante 'Oasis Rose' | Essences Amazigh","isPartOf":{"@id":"https:\/\/essencesamazigh.com\/#website"},"primaryImageOfPage":{"@id":"https:\/\/essencesamazigh.com\/product\/fondant-candle-oasis-rose\/#primaryimage"},"image":{"@id":"https:\/\/essencesamazigh.com\/product\/fondant-candle-oasis-rose\/#primaryimage"},"thumbnailUrl":"https:\/\/i0.wp.com\/essencesamazigh.com\/wp-content\/uploads\/2024\/03\/BOUGIESFondantRosePOS1.webp?fit=1440%2C1920&ssl=1","datePublished":"2024-03-26T09:41:05+00:00","dateModified":"2026-03-31T18:34:44+00:00","description":"La bougie fondante 'Oasis Rose' vous fera plonger dans un voyage olfactif au sein de la rose de Damas de l'oasis de Nefta (roses s\u00e9ch\u00e9es, pierre de quartz locale).","breadcrumb":{"@id":"https:\/\/essencesamazigh.com\/product\/fondant-candle-oasis-rose\/#breadcrumb"},"inLanguage":"fr-FR","potentialAction":[{"@type":"ReadAction","target":["https:\/\/essencesamazigh.com\/product\/fondant-candle-oasis-rose\/"]}]},{"@type":"ImageObject","inLanguage":"fr-FR","@id":"https:\/\/essencesamazigh.com\/product\/fondant-candle-oasis-rose\/#primaryimage","url":"https:\/\/i0.wp.com\/essencesamazigh.com\/wp-content\/uploads\/2024\/03\/BOUGIESFondantRosePOS1.webp?fit=1440%2C1920&ssl=1","contentUrl":"https:\/\/i0.wp.com\/essencesamazigh.com\/wp-content\/uploads\/2024\/03\/BOUGIESFondantRosePOS1.webp?fit=1440%2C1920&ssl=1","width":1440,"height":1920,"caption":"Fondant candle Oasis Rose"},{"@type":"BreadcrumbList","@id":"https:\/\/essencesamazigh.com\/product\/fondant-candle-oasis-rose\/#breadcrumb","itemListElement":[{"@type":"ListItem","position":1,"name":"Home","item":"https:\/\/essencesamazigh.com\/"},{"@type":"ListItem","position":2,"name":"Shop","item":"https:\/\/essencesamazigh.com\/shop-all-essences-amazigh\/"},{"@type":"ListItem","position":3,"name":"Fondant candle &#8216;Oasis Rose&#8217;"}]},{"@type":"WebSite","@id":"https:\/\/essencesamazigh.com\/#website","url":"https:\/\/essencesamazigh.com\/","name":"Essences Amazigh","description":"Le VRAI pouvoir des fleurs","publisher":{"@id":"https:\/\/essencesamazigh.com\/#organization"},"potentialAction":[{"@type":"SearchAction","target":{"@type":"EntryPoint","urlTemplate":"https:\/\/essencesamazigh.com\/?s={search_term_string}"},"query-input":{"@type":"PropertyValueSpecification","valueRequired":true,"valueName":"search_term_string"}}],"inLanguage":"fr-FR"},{"@type":"Organization","@id":"https:\/\/essencesamazigh.com\/#organization","name":"Essences Amazigh","url":"https:\/\/essencesamazigh.com\/","logo":{"@type":"ImageObject","inLanguage":"fr-FR","@id":"https:\/\/essencesamazigh.com\/#\/schema\/logo\/image\/","url":"https:\/\/i0.wp.com\/essencesamazigh.com\/wp-content\/uploads\/LogoEA512x512pixel-1.png?fit=512%2C512&ssl=1","contentUrl":"https:\/\/i0.wp.com\/essencesamazigh.com\/wp-content\/uploads\/LogoEA512x512pixel-1.png?fit=512%2C512&ssl=1","width":512,"height":512,"caption":"Essences Amazigh"},"image":{"@id":"https:\/\/essencesamazigh.com\/#\/schema\/logo\/image\/"},"sameAs":["https:\/\/www.facebook.com\/profile.php?id=100086107194579","https:\/\/www.instagram.com\/essencesamazigh\/"]}]}},"jetpack_sharing_enabled":true,"_links":{"self":[{"href":"https:\/\/essencesamazigh.com\/fr\/wp-json\/wp\/v2\/product\/5537","targetHints":{"allow":["GET"]}}],"collection":[{"href":"https:\/\/essencesamazigh.com\/fr\/wp-json\/wp\/v2\/product"}],"about":[{"href":"https:\/\/essencesamazigh.com\/fr\/wp-json\/wp\/v2\/types\/product"}],"version-history":[{"count":7,"href":"https:\/\/essencesamazigh.com\/fr\/wp-json\/wp\/v2\/product\/5537\/revisions"}],"predecessor-version":[{"id":5727,"href":"https:\/\/essencesamazigh.com\/fr\/wp-json\/wp\/v2\/product\/5537\/revisions\/5727"}],"wp:featuredmedia":[{"embeddable":true,"href":"https:\/\/essencesamazigh.com\/fr\/wp-json\/wp\/v2\/media\/7712"}],"wp:attachment":[{"href":"https:\/\/essencesamazigh.com\/fr\/wp-json\/wp\/v2\/media?parent=5537"}],"wp:term":[{"taxonomy":"product_brand","embeddable":true,"href":"https:\/\/essencesamazigh.com\/fr\/wp-json\/wp\/v2\/product_brand?post=5537"},{"taxonomy":"product_cat","embeddable":true,"href":"https:\/\/essencesamazigh.com\/fr\/wp-json\/wp\/v2\/product_cat?post=5537"},{"taxonomy":"product_tag","embeddable":true,"href":"https:\/\/essencesamazigh.com\/fr\/wp-json\/wp\/v2\/product_tag?post=5537"}],"curies":[{"name":"wp","href":"https:\/\/api.w.org\/{rel}","templated":true}]}}