{"id":5536,"date":"2024-03-26T09:34:48","date_gmt":"2024-03-26T09:34:48","guid":{"rendered":"https:\/\/essencesamazigh.com\/?post_type=product&#038;p=5536"},"modified":"2026-03-31T19:33:16","modified_gmt":"2026-03-31T18:33:16","slug":"bougie-fondante-oasis-grenade","status":"publish","type":"product","link":"https:\/\/essencesamazigh.com\/fr\/product\/fondant-candle-oasis-pomegranate\/","title":{"rendered":"Bougie fondant 'Grenade de l'oasis'"},"content":{"rendered":"<p><span class=\"Y2IQFc\" lang=\"en\">Avec notre bougie fondante \u2018Oasis Pomegranate\u2019, vous plongerez dans un voyage au milieu des grenadiers de l'Oasis. <a href=\"https:\/\/en.wikipedia.org\/wiki\/Nefta,_Tunisia\">Nefta<\/a> oasis. Cette <a href=\"https:\/\/essencesamazigh.com\/fr\/boutique\/?e-filter-b0abce5-product_cat=floral-candles\">bougie fondante<\/a> est fabriqu\u00e9 \u00e0 partir de cire v\u00e9g\u00e9tale 100%, de fleurs de grenade s\u00e9ch\u00e9es, d'une m\u00e8che en coton et d'une pierre de quartz locale. Il diffusera son doux et exquis parfum naturel 100% pendant 10 heures dans toute la maison. Une id\u00e9e de cadeau parfaite pour c\u00e9l\u00e9brer la beaut\u00e9 de la vie.<\/span><\/p>\n<p>&nbsp;<\/p>\n<p>&nbsp;<\/p>","protected":false},"excerpt":{"rendered":"<p>With our fondant candle &#8216;Oasis Pomegranate&#8217;, you will dive into a \u00a0journey amongst the pomegranate trees of Nefta oasis. This melting candle is made from 100% vegetable wax, dried pomegranate flowers, a cotton wick and a local quartz stone. It will diffuse its sweet and exquisite, 100% natural fragrance for 10 hours throughout your home. [&hellip;]<\/p>\n","protected":false},"featured_media":7715,"template":"","meta":[],"product_brand":[],"product_cat":[71],"product_tag":[123,122],"class_list":{"0":"post-5536","1":"product","2":"type-product","3":"status-publish","4":"has-post-thumbnail","6":"product_cat-oasis-blooms","7":"product_tag-candle","8":"product_tag-home","10":"first","11":"instock","12":"shipping-taxable","13":"purchasable","14":"product-type-simple"},"yoast_head":"<!-- This site is optimized with the Yoast SEO plugin v27.4 - https:\/\/yoast.com\/product\/yoast-seo-wordpress\/ -->\n<title>Fondant candle &#039;Oasis Pomegranate&#039; | Essences Amazigh<\/title>\n<meta name=\"description\" content=\"The fondant candle &#039;Oasis Pomegranate&#039; will let you dive into an sweet olfactory journey within the pomegranate trees of the oasis of Nefta.\" \/>\n<meta name=\"robots\" content=\"index, follow, max-snippet:-1, max-image-preview:large, max-video-preview:-1\" \/>\n<link rel=\"canonical\" href=\"https:\/\/essencesamazigh.com\/fr\/produit\/bougie-fondante-oasis-grenade\/\" \/>\n<meta property=\"og:locale\" content=\"fr_FR\" \/>\n<meta property=\"og:type\" content=\"article\" \/>\n<meta property=\"og:title\" content=\"Fondant candle &#039;Oasis Pomegranate&#039;\" \/>\n<meta property=\"og:description\" content=\"The fondant candle &#039;Oasis Pomegranate&#039; will let you dive into an sweet olfactory journey within the pomegranate trees of the oasis of Nefta.\" \/>\n<meta property=\"og:url\" content=\"https:\/\/essencesamazigh.com\/fr\/produit\/bougie-fondante-oasis-grenade\/\" \/>\n<meta property=\"og:site_name\" content=\"Essences Amazigh\" \/>\n<meta property=\"article:publisher\" content=\"https:\/\/www.facebook.com\/profile.php?id=100086107194579\" \/>\n<meta property=\"article:modified_time\" content=\"2026-03-31T18:33:16+00:00\" \/>\n<meta property=\"og:image\" content=\"https:\/\/essencesamazigh.com\/wp-content\/uploads\/2024\/03\/BOUGIESFondantGrenadierPOS1.webp\" \/>\n\t<meta property=\"og:image:width\" content=\"1440\" \/>\n\t<meta property=\"og:image:height\" content=\"1920\" \/>\n\t<meta property=\"og:image:type\" content=\"image\/webp\" \/>\n<meta name=\"twitter:card\" content=\"summary_large_image\" \/>\n<meta name=\"twitter:title\" content=\"Fondant candle &#039;Oasis Pomegranate&#039;\" \/>\n<meta name=\"twitter:description\" content=\"The fondant candle &#039;Oasis Pomegranate&#039; will let you dive into an sweet olfactory journey within the pomegranate trees of the oasis of Nefta.\" \/>\n<meta name=\"twitter:image\" content=\"https:\/\/i0.wp.com\/essencesamazigh.com\/wp-content\/uploads\/2024\/03\/BOUGIESFondantGrenadierPOS1.webp?fit=1440%2C1920&ssl=1\" \/>\n<meta name=\"twitter:label1\" content=\"Dur\u00e9e de lecture estim\u00e9e\" \/>\n\t<meta name=\"twitter:data1\" content=\"1 minute\" \/>\n<script type=\"application\/ld+json\" class=\"yoast-schema-graph\">{\"@context\":\"https:\\\/\\\/schema.org\",\"@graph\":[{\"@type\":\"WebPage\",\"@id\":\"https:\\\/\\\/essencesamazigh.com\\\/product\\\/fondant-candle-oasis-pomegranate\\\/\",\"url\":\"https:\\\/\\\/essencesamazigh.com\\\/product\\\/fondant-candle-oasis-pomegranate\\\/\",\"name\":\"Fondant candle 'Oasis Pomegranate' | Essences Amazigh\",\"isPartOf\":{\"@id\":\"https:\\\/\\\/essencesamazigh.com\\\/#website\"},\"primaryImageOfPage\":{\"@id\":\"https:\\\/\\\/essencesamazigh.com\\\/product\\\/fondant-candle-oasis-pomegranate\\\/#primaryimage\"},\"image\":{\"@id\":\"https:\\\/\\\/essencesamazigh.com\\\/product\\\/fondant-candle-oasis-pomegranate\\\/#primaryimage\"},\"thumbnailUrl\":\"https:\\\/\\\/i0.wp.com\\\/essencesamazigh.com\\\/wp-content\\\/uploads\\\/2024\\\/03\\\/BOUGIESFondantGrenadierPOS1.webp?fit=1440%2C1920&ssl=1\",\"datePublished\":\"2024-03-26T09:34:48+00:00\",\"dateModified\":\"2026-03-31T18:33:16+00:00\",\"description\":\"The fondant candle 'Oasis Pomegranate' will let you dive into an sweet olfactory journey within the pomegranate trees of the oasis of Nefta.\",\"breadcrumb\":{\"@id\":\"https:\\\/\\\/essencesamazigh.com\\\/product\\\/fondant-candle-oasis-pomegranate\\\/#breadcrumb\"},\"inLanguage\":\"fr-FR\",\"potentialAction\":[{\"@type\":\"ReadAction\",\"target\":[\"https:\\\/\\\/essencesamazigh.com\\\/product\\\/fondant-candle-oasis-pomegranate\\\/\"]}]},{\"@type\":\"ImageObject\",\"inLanguage\":\"fr-FR\",\"@id\":\"https:\\\/\\\/essencesamazigh.com\\\/product\\\/fondant-candle-oasis-pomegranate\\\/#primaryimage\",\"url\":\"https:\\\/\\\/i0.wp.com\\\/essencesamazigh.com\\\/wp-content\\\/uploads\\\/2024\\\/03\\\/BOUGIESFondantGrenadierPOS1.webp?fit=1440%2C1920&ssl=1\",\"contentUrl\":\"https:\\\/\\\/i0.wp.com\\\/essencesamazigh.com\\\/wp-content\\\/uploads\\\/2024\\\/03\\\/BOUGIESFondantGrenadierPOS1.webp?fit=1440%2C1920&ssl=1\",\"width\":1440,\"height\":1920,\"caption\":\"Fondant candle Oasis Pomegranate\"},{\"@type\":\"BreadcrumbList\",\"@id\":\"https:\\\/\\\/essencesamazigh.com\\\/product\\\/fondant-candle-oasis-pomegranate\\\/#breadcrumb\",\"itemListElement\":[{\"@type\":\"ListItem\",\"position\":1,\"name\":\"Home\",\"item\":\"https:\\\/\\\/essencesamazigh.com\\\/\"},{\"@type\":\"ListItem\",\"position\":2,\"name\":\"Shop\",\"item\":\"https:\\\/\\\/essencesamazigh.com\\\/shop-all-essences-amazigh\\\/\"},{\"@type\":\"ListItem\",\"position\":3,\"name\":\"Fondant candle &#8216;Oasis Pomegranate&#8217;\"}]},{\"@type\":\"WebSite\",\"@id\":\"https:\\\/\\\/essencesamazigh.com\\\/#website\",\"url\":\"https:\\\/\\\/essencesamazigh.com\\\/\",\"name\":\"Essences Amazigh\",\"description\":\"The TRUE power of flowers\",\"publisher\":{\"@id\":\"https:\\\/\\\/essencesamazigh.com\\\/#organization\"},\"potentialAction\":[{\"@type\":\"SearchAction\",\"target\":{\"@type\":\"EntryPoint\",\"urlTemplate\":\"https:\\\/\\\/essencesamazigh.com\\\/?s={search_term_string}\"},\"query-input\":{\"@type\":\"PropertyValueSpecification\",\"valueRequired\":true,\"valueName\":\"search_term_string\"}}],\"inLanguage\":\"fr-FR\"},{\"@type\":\"Organization\",\"@id\":\"https:\\\/\\\/essencesamazigh.com\\\/#organization\",\"name\":\"Essences Amazigh\",\"url\":\"https:\\\/\\\/essencesamazigh.com\\\/\",\"logo\":{\"@type\":\"ImageObject\",\"inLanguage\":\"fr-FR\",\"@id\":\"https:\\\/\\\/essencesamazigh.com\\\/#\\\/schema\\\/logo\\\/image\\\/\",\"url\":\"https:\\\/\\\/i0.wp.com\\\/essencesamazigh.com\\\/wp-content\\\/uploads\\\/LogoEA512x512pixel-1.png?fit=512%2C512&ssl=1\",\"contentUrl\":\"https:\\\/\\\/i0.wp.com\\\/essencesamazigh.com\\\/wp-content\\\/uploads\\\/LogoEA512x512pixel-1.png?fit=512%2C512&ssl=1\",\"width\":512,\"height\":512,\"caption\":\"Essences Amazigh\"},\"image\":{\"@id\":\"https:\\\/\\\/essencesamazigh.com\\\/#\\\/schema\\\/logo\\\/image\\\/\"},\"sameAs\":[\"https:\\\/\\\/www.facebook.com\\\/profile.php?id=100086107194579\",\"https:\\\/\\\/www.instagram.com\\\/essencesamazigh\\\/\"]}]}<\/script>\n<!-- \/ Yoast SEO plugin. -->","yoast_head_json":{"title":"Bougie fondante 'Oasis Grenade' | Essences Amazigh","description":"La bougie fondante 'Oasis Grenade' vous fera plonger dans un doux voyage olfactif au milieu des grenadiers de l'oasis de Nefta.","robots":{"index":"index","follow":"follow","max-snippet":"max-snippet:-1","max-image-preview":"max-image-preview:large","max-video-preview":"max-video-preview:-1"},"canonical":"https:\/\/essencesamazigh.com\/fr\/produit\/bougie-fondante-oasis-grenade\/","og_locale":"fr_FR","og_type":"article","og_title":"Fondant candle 'Oasis Pomegranate'","og_description":"The fondant candle 'Oasis Pomegranate' will let you dive into an sweet olfactory journey within the pomegranate trees of the oasis of Nefta.","og_url":"https:\/\/essencesamazigh.com\/fr\/produit\/bougie-fondante-oasis-grenade\/","og_site_name":"Essences Amazigh","article_publisher":"https:\/\/www.facebook.com\/profile.php?id=100086107194579","article_modified_time":"2026-03-31T18:33:16+00:00","og_image":[{"width":1440,"height":1920,"url":"https:\/\/essencesamazigh.com\/wp-content\/uploads\/2024\/03\/BOUGIESFondantGrenadierPOS1.webp","type":"image\/webp"}],"twitter_card":"summary_large_image","twitter_title":"Fondant candle 'Oasis Pomegranate'","twitter_description":"The fondant candle 'Oasis Pomegranate' will let you dive into an sweet olfactory journey within the pomegranate trees of the oasis of Nefta.","twitter_image":"https:\/\/i0.wp.com\/essencesamazigh.com\/wp-content\/uploads\/2024\/03\/BOUGIESFondantGrenadierPOS1.webp?fit=1440%2C1920&ssl=1","twitter_misc":{"Dur\u00e9e de lecture estim\u00e9e":"1 minute"},"schema":{"@context":"https:\/\/schema.org","@graph":[{"@type":"WebPage","@id":"https:\/\/essencesamazigh.com\/product\/fondant-candle-oasis-pomegranate\/","url":"https:\/\/essencesamazigh.com\/product\/fondant-candle-oasis-pomegranate\/","name":"Bougie fondante 'Oasis Grenade' | Essences Amazigh","isPartOf":{"@id":"https:\/\/essencesamazigh.com\/#website"},"primaryImageOfPage":{"@id":"https:\/\/essencesamazigh.com\/product\/fondant-candle-oasis-pomegranate\/#primaryimage"},"image":{"@id":"https:\/\/essencesamazigh.com\/product\/fondant-candle-oasis-pomegranate\/#primaryimage"},"thumbnailUrl":"https:\/\/i0.wp.com\/essencesamazigh.com\/wp-content\/uploads\/2024\/03\/BOUGIESFondantGrenadierPOS1.webp?fit=1440%2C1920&ssl=1","datePublished":"2024-03-26T09:34:48+00:00","dateModified":"2026-03-31T18:33:16+00:00","description":"La bougie fondante 'Oasis Grenade' vous fera plonger dans un doux voyage olfactif au milieu des grenadiers de l'oasis de Nefta.","breadcrumb":{"@id":"https:\/\/essencesamazigh.com\/product\/fondant-candle-oasis-pomegranate\/#breadcrumb"},"inLanguage":"fr-FR","potentialAction":[{"@type":"ReadAction","target":["https:\/\/essencesamazigh.com\/product\/fondant-candle-oasis-pomegranate\/"]}]},{"@type":"ImageObject","inLanguage":"fr-FR","@id":"https:\/\/essencesamazigh.com\/product\/fondant-candle-oasis-pomegranate\/#primaryimage","url":"https:\/\/i0.wp.com\/essencesamazigh.com\/wp-content\/uploads\/2024\/03\/BOUGIESFondantGrenadierPOS1.webp?fit=1440%2C1920&ssl=1","contentUrl":"https:\/\/i0.wp.com\/essencesamazigh.com\/wp-content\/uploads\/2024\/03\/BOUGIESFondantGrenadierPOS1.webp?fit=1440%2C1920&ssl=1","width":1440,"height":1920,"caption":"Fondant candle Oasis Pomegranate"},{"@type":"BreadcrumbList","@id":"https:\/\/essencesamazigh.com\/product\/fondant-candle-oasis-pomegranate\/#breadcrumb","itemListElement":[{"@type":"ListItem","position":1,"name":"Home","item":"https:\/\/essencesamazigh.com\/"},{"@type":"ListItem","position":2,"name":"Shop","item":"https:\/\/essencesamazigh.com\/shop-all-essences-amazigh\/"},{"@type":"ListItem","position":3,"name":"Fondant candle &#8216;Oasis Pomegranate&#8217;"}]},{"@type":"WebSite","@id":"https:\/\/essencesamazigh.com\/#website","url":"https:\/\/essencesamazigh.com\/","name":"Essences Amazigh","description":"Le VRAI pouvoir des fleurs","publisher":{"@id":"https:\/\/essencesamazigh.com\/#organization"},"potentialAction":[{"@type":"SearchAction","target":{"@type":"EntryPoint","urlTemplate":"https:\/\/essencesamazigh.com\/?s={search_term_string}"},"query-input":{"@type":"PropertyValueSpecification","valueRequired":true,"valueName":"search_term_string"}}],"inLanguage":"fr-FR"},{"@type":"Organization","@id":"https:\/\/essencesamazigh.com\/#organization","name":"Essences Amazigh","url":"https:\/\/essencesamazigh.com\/","logo":{"@type":"ImageObject","inLanguage":"fr-FR","@id":"https:\/\/essencesamazigh.com\/#\/schema\/logo\/image\/","url":"https:\/\/i0.wp.com\/essencesamazigh.com\/wp-content\/uploads\/LogoEA512x512pixel-1.png?fit=512%2C512&ssl=1","contentUrl":"https:\/\/i0.wp.com\/essencesamazigh.com\/wp-content\/uploads\/LogoEA512x512pixel-1.png?fit=512%2C512&ssl=1","width":512,"height":512,"caption":"Essences Amazigh"},"image":{"@id":"https:\/\/essencesamazigh.com\/#\/schema\/logo\/image\/"},"sameAs":["https:\/\/www.facebook.com\/profile.php?id=100086107194579","https:\/\/www.instagram.com\/essencesamazigh\/"]}]}},"jetpack_sharing_enabled":true,"_links":{"self":[{"href":"https:\/\/essencesamazigh.com\/fr\/wp-json\/wp\/v2\/product\/5536","targetHints":{"allow":["GET"]}}],"collection":[{"href":"https:\/\/essencesamazigh.com\/fr\/wp-json\/wp\/v2\/product"}],"about":[{"href":"https:\/\/essencesamazigh.com\/fr\/wp-json\/wp\/v2\/types\/product"}],"version-history":[{"count":5,"href":"https:\/\/essencesamazigh.com\/fr\/wp-json\/wp\/v2\/product\/5536\/revisions"}],"predecessor-version":[{"id":9565,"href":"https:\/\/essencesamazigh.com\/fr\/wp-json\/wp\/v2\/product\/5536\/revisions\/9565"}],"wp:featuredmedia":[{"embeddable":true,"href":"https:\/\/essencesamazigh.com\/fr\/wp-json\/wp\/v2\/media\/7715"}],"wp:attachment":[{"href":"https:\/\/essencesamazigh.com\/fr\/wp-json\/wp\/v2\/media?parent=5536"}],"wp:term":[{"taxonomy":"product_brand","embeddable":true,"href":"https:\/\/essencesamazigh.com\/fr\/wp-json\/wp\/v2\/product_brand?post=5536"},{"taxonomy":"product_cat","embeddable":true,"href":"https:\/\/essencesamazigh.com\/fr\/wp-json\/wp\/v2\/product_cat?post=5536"},{"taxonomy":"product_tag","embeddable":true,"href":"https:\/\/essencesamazigh.com\/fr\/wp-json\/wp\/v2\/product_tag?post=5536"}],"curies":[{"name":"wp","href":"https:\/\/api.w.org\/{rel}","templated":true}]}}