{"id":5532,"date":"2024-03-26T08:55:43","date_gmt":"2024-03-26T08:55:43","guid":{"rendered":"https:\/\/essencesamazigh.com\/?post_type=product&#038;p=5532"},"modified":"2026-03-31T18:50:01","modified_gmt":"2026-03-31T17:50:01","slug":"baume-a-largile-verte-asfar","status":"publish","type":"product","link":"https:\/\/essencesamazigh.com\/fr\/product\/green-clay-balm-asfar\/","title":{"rendered":"Baume \u00e0 l'argile verte \u2018ASFAR\u2019"},"content":{"rendered":"<p><span class=\"Y2IQFc\" lang=\"en\">Notre <a href=\"https:\/\/en.wikipedia.org\/wiki\/Illite\">argile verte<\/a> Le baume \u2018ASFAR\u2019 est <\/span>un soin protecteur intensif, formul\u00e9 pour apaiser et r\u00e9g\u00e9n\u00e9rer les peaux s\u00e8ches, sensibles ou expos\u00e9es \u00e0 l'environnement. V\u00e9ritable alli\u00e9 au quotidien, sa texture riche et onctueuse forme une barri\u00e8re naturelle pour favoriser le confort de la peau et aider \u00e0 calmer les sensations d'inconfort.<button class=\"rBl3me\" tabindex=\"0\" data-amic=\"true\" data-icl-uuid=\"f7335cb6-00cf-42de-8915-33b22d4eb2c7\" aria-label=\"Voir les liens connexes\" data-wiz-attrbind=\"disabled=oRi0Wb_o\/C5gNJc;aria-label=oRi0Wb_o\/bOjMyf;class=oRi0Wb_o\/UpSNec\" data-ved=\"2ahUKEwjC8dCM46OSAxXYVqQEHWFiB_sQye0OegYIAQgEEAE\"><\/button><\/p>\n<ul class=\"KsbFXc U6u95\" data-complete=\"true\" data-processed=\"true\">\n<li data-hveid=\"CAEIBhAA\" data-complete=\"true\" data-sae=\"\"><span class=\"T286Pc\" data-sfc-cp=\"\" data-complete=\"true\"><strong class=\"Yjhzub\" data-complete=\"true\">Huile d'olive extra vierge tunisienne :<\/strong> Riche en antioxydants, il nourrit en profondeur et aide \u00e0 maintenir l'\u00e9lasticit\u00e9 de la peau.<\/span><\/li>\n<li data-hveid=\"CAEIBhAB\" data-complete=\"true\" data-sae=\"\"><span class=\"T286Pc\" data-sfc-cp=\"\" data-complete=\"true\"><strong class=\"Yjhzub\" data-complete=\"true\">Argile verte illite de Nefta :<\/strong> Connu pour ses propri\u00e9t\u00e9s purifiantes et apaisantes, il permet de calmer les sensations d'inconfort.<\/span><\/li>\n<li data-hveid=\"CAEIBhAC\" data-complete=\"true\" data-sae=\"\"><span class=\"T286Pc\" data-sfc-cp=\"\" data-complete=\"true\"><strong class=\"Yjhzub\" data-complete=\"true\">Cire d'abeille jaune :<\/strong> Prot\u00e8ge la barri\u00e8re cutan\u00e9e tout en permettant \u00e0 la peau de respirer.<\/span><\/li>\n<li data-hveid=\"CAEIBhAD\" data-complete=\"true\" data-sae=\"\"><span class=\"T286Pc\" data-sfc-cp=\"\" data-complete=\"true\"><strong class=\"Yjhzub\" data-complete=\"true\"><span class=\"Y2IQFc\" lang=\"en\"><a href=\"https:\/\/essencesamazigh.com\/fr\/produit\/essence-de-fleur-pomme-de-crabe-chinoise\/\">Essence de fleurs de pomme chinoise<\/a> :<\/span><\/strong> Infus\u00e9 pour une dimension holistique de puret\u00e9 et d'\u00e9quilibre.<\/span><\/li>\n<\/ul>\n<p><span class=\"T286Pc\" data-sfc-cp=\"\" data-complete=\"true\">*** Ce produit est destin\u00e9 au bien-\u00eatre, \u00e0 la relaxation et \u00e0 l'usage externe uniquement. Il ne s'agit pas d'un m\u00e9dicament et ne doit pas \u00eatre utilis\u00e9 pour diagnostiquer, traiter, pr\u00e9venir ou gu\u00e9rir une maladie. Tous nos produits sont naturels, artisanaux et g\u00e9n\u00e9ralement consid\u00e9r\u00e9s comme s\u00fbrs lorsqu'ils sont utilis\u00e9s conform\u00e9ment aux instructions.<\/span><\/p>\n<p>&nbsp;<\/p>","protected":false},"excerpt":{"rendered":"<p>Our green clay balm &#8216;ASFAR&#8217; is an intensive protective care product, formulated to soothe and regenerate dry, sensitive, or environmentally exposed skin. A genuine everyday ally, its rich and creamy texture forms a natural barrier to support skin comfort and help calm sensations of discomfort. Tunisian Extra Virgin Olive Oil: Rich in antioxidants, it deeply [&hellip;]<\/p>\n","protected":false},"featured_media":10244,"template":"","meta":[],"product_brand":[],"product_cat":[66],"product_tag":[117,118],"class_list":{"0":"post-5532","1":"product","2":"type-product","3":"status-publish","4":"has-post-thumbnail","6":"product_cat-earth-of-nefta","7":"product_tag-flower-essence","8":"product_tag-remedies","10":"first","11":"instock","12":"shipping-taxable","13":"purchasable","14":"product-type-simple"},"yoast_head":"<!-- This site is optimized with the Yoast SEO plugin v27.4 - https:\/\/yoast.com\/product\/yoast-seo-wordpress\/ -->\n<title>Green clay balm &#039;ASFAR&#039; | Essences Amazigh<\/title>\n<meta name=\"description\" content=\"The green clay balm ASFAR, made natural ingredients and flower essence, is the emergency balm to have for all sorts of skin issue.\" \/>\n<meta name=\"robots\" content=\"index, follow, max-snippet:-1, max-image-preview:large, max-video-preview:-1\" \/>\n<link rel=\"canonical\" href=\"https:\/\/essencesamazigh.com\/fr\/produit\/baume-a-largile-verte-asfar\/\" \/>\n<meta property=\"og:locale\" content=\"fr_FR\" \/>\n<meta property=\"og:type\" content=\"article\" \/>\n<meta property=\"og:title\" content=\"Green clay balm &#039;ASFAR&#039;\" \/>\n<meta property=\"og:description\" content=\"The green clay balm ASFAR, made natural ingredients and flower essence, is the emergency balm to have for all sorts of skin issue.\" \/>\n<meta property=\"og:url\" content=\"https:\/\/essencesamazigh.com\/fr\/produit\/baume-a-largile-verte-asfar\/\" \/>\n<meta property=\"og:site_name\" content=\"Essences Amazigh\" \/>\n<meta property=\"article:publisher\" content=\"https:\/\/www.facebook.com\/profile.php?id=100086107194579\" \/>\n<meta property=\"article:modified_time\" content=\"2026-03-31T17:50:01+00:00\" \/>\n<meta property=\"og:image\" content=\"https:\/\/essencesamazigh.com\/wp-content\/uploads\/2024\/03\/EARTHOFNEFTAGreenClayBalmASFARPOS3.png\" \/>\n\t<meta property=\"og:image:width\" content=\"1800\" \/>\n\t<meta property=\"og:image:height\" content=\"2400\" \/>\n\t<meta property=\"og:image:type\" content=\"image\/png\" \/>\n<meta name=\"twitter:card\" content=\"summary_large_image\" \/>\n<meta name=\"twitter:title\" content=\"Green clay balm &#039;ASFAR&#039;\" \/>\n<meta name=\"twitter:description\" content=\"The green clay balm ASFAR, made natural ingredients and flower essence, is the emergency balm to have for all sorts of skin issue.\" \/>\n<meta name=\"twitter:image\" content=\"https:\/\/i0.wp.com\/essencesamazigh.com\/wp-content\/uploads\/2024\/03\/EARTHOFNEFTAGreenClayBalmASFARPOS3.png?fit=1800%2C2400&ssl=1\" \/>\n<meta name=\"twitter:label1\" content=\"Dur\u00e9e de lecture estim\u00e9e\" \/>\n\t<meta name=\"twitter:data1\" content=\"1 minute\" \/>\n<script type=\"application\/ld+json\" class=\"yoast-schema-graph\">{\"@context\":\"https:\\\/\\\/schema.org\",\"@graph\":[{\"@type\":\"WebPage\",\"@id\":\"https:\\\/\\\/essencesamazigh.com\\\/product\\\/green-clay-balm-asfar\\\/\",\"url\":\"https:\\\/\\\/essencesamazigh.com\\\/product\\\/green-clay-balm-asfar\\\/\",\"name\":\"Green clay balm 'ASFAR' | Essences Amazigh\",\"isPartOf\":{\"@id\":\"https:\\\/\\\/essencesamazigh.com\\\/#website\"},\"primaryImageOfPage\":{\"@id\":\"https:\\\/\\\/essencesamazigh.com\\\/product\\\/green-clay-balm-asfar\\\/#primaryimage\"},\"image\":{\"@id\":\"https:\\\/\\\/essencesamazigh.com\\\/product\\\/green-clay-balm-asfar\\\/#primaryimage\"},\"thumbnailUrl\":\"https:\\\/\\\/i0.wp.com\\\/essencesamazigh.com\\\/wp-content\\\/uploads\\\/2024\\\/03\\\/EARTHOFNEFTAGreenClayBalmASFARPOS3.png?fit=1800%2C2400&ssl=1\",\"datePublished\":\"2024-03-26T08:55:43+00:00\",\"dateModified\":\"2026-03-31T17:50:01+00:00\",\"description\":\"The green clay balm ASFAR, made natural ingredients and flower essence, is the emergency balm to have for all sorts of skin issue.\",\"breadcrumb\":{\"@id\":\"https:\\\/\\\/essencesamazigh.com\\\/product\\\/green-clay-balm-asfar\\\/#breadcrumb\"},\"inLanguage\":\"fr-FR\",\"potentialAction\":[{\"@type\":\"ReadAction\",\"target\":[\"https:\\\/\\\/essencesamazigh.com\\\/product\\\/green-clay-balm-asfar\\\/\"]}]},{\"@type\":\"ImageObject\",\"inLanguage\":\"fr-FR\",\"@id\":\"https:\\\/\\\/essencesamazigh.com\\\/product\\\/green-clay-balm-asfar\\\/#primaryimage\",\"url\":\"https:\\\/\\\/i0.wp.com\\\/essencesamazigh.com\\\/wp-content\\\/uploads\\\/2024\\\/03\\\/EARTHOFNEFTAGreenClayBalmASFARPOS3.png?fit=1800%2C2400&ssl=1\",\"contentUrl\":\"https:\\\/\\\/i0.wp.com\\\/essencesamazigh.com\\\/wp-content\\\/uploads\\\/2024\\\/03\\\/EARTHOFNEFTAGreenClayBalmASFARPOS3.png?fit=1800%2C2400&ssl=1\",\"width\":1800,\"height\":2400,\"caption\":\"Green Clay Balm ASFAR\"},{\"@type\":\"BreadcrumbList\",\"@id\":\"https:\\\/\\\/essencesamazigh.com\\\/product\\\/green-clay-balm-asfar\\\/#breadcrumb\",\"itemListElement\":[{\"@type\":\"ListItem\",\"position\":1,\"name\":\"Home\",\"item\":\"https:\\\/\\\/essencesamazigh.com\\\/\"},{\"@type\":\"ListItem\",\"position\":2,\"name\":\"Shop\",\"item\":\"https:\\\/\\\/essencesamazigh.com\\\/shop-all-essences-amazigh\\\/\"},{\"@type\":\"ListItem\",\"position\":3,\"name\":\"Green clay balm &#8216;ASFAR&#8217;\"}]},{\"@type\":\"WebSite\",\"@id\":\"https:\\\/\\\/essencesamazigh.com\\\/#website\",\"url\":\"https:\\\/\\\/essencesamazigh.com\\\/\",\"name\":\"Essences Amazigh\",\"description\":\"The TRUE power of flowers\",\"publisher\":{\"@id\":\"https:\\\/\\\/essencesamazigh.com\\\/#organization\"},\"potentialAction\":[{\"@type\":\"SearchAction\",\"target\":{\"@type\":\"EntryPoint\",\"urlTemplate\":\"https:\\\/\\\/essencesamazigh.com\\\/?s={search_term_string}\"},\"query-input\":{\"@type\":\"PropertyValueSpecification\",\"valueRequired\":true,\"valueName\":\"search_term_string\"}}],\"inLanguage\":\"fr-FR\"},{\"@type\":\"Organization\",\"@id\":\"https:\\\/\\\/essencesamazigh.com\\\/#organization\",\"name\":\"Essences Amazigh\",\"url\":\"https:\\\/\\\/essencesamazigh.com\\\/\",\"logo\":{\"@type\":\"ImageObject\",\"inLanguage\":\"fr-FR\",\"@id\":\"https:\\\/\\\/essencesamazigh.com\\\/#\\\/schema\\\/logo\\\/image\\\/\",\"url\":\"https:\\\/\\\/i0.wp.com\\\/essencesamazigh.com\\\/wp-content\\\/uploads\\\/LogoEA512x512pixel-1.png?fit=512%2C512&ssl=1\",\"contentUrl\":\"https:\\\/\\\/i0.wp.com\\\/essencesamazigh.com\\\/wp-content\\\/uploads\\\/LogoEA512x512pixel-1.png?fit=512%2C512&ssl=1\",\"width\":512,\"height\":512,\"caption\":\"Essences Amazigh\"},\"image\":{\"@id\":\"https:\\\/\\\/essencesamazigh.com\\\/#\\\/schema\\\/logo\\\/image\\\/\"},\"sameAs\":[\"https:\\\/\\\/www.facebook.com\\\/profile.php?id=100086107194579\",\"https:\\\/\\\/www.instagram.com\\\/essencesamazigh\\\/\"]}]}<\/script>\n<!-- \/ Yoast SEO plugin. -->","yoast_head_json":{"title":"Baume \u00e0 l'argile verte 'ASFAR' | Essences Amazigh","description":"Le baume \u00e0 l'argile verte ASFAR, compos\u00e9 d'ingr\u00e9dients naturels et d'essence de fleurs, est le baume d'urgence \u00e0 avoir pour toutes sortes de probl\u00e8mes de peau.","robots":{"index":"index","follow":"follow","max-snippet":"max-snippet:-1","max-image-preview":"max-image-preview:large","max-video-preview":"max-video-preview:-1"},"canonical":"https:\/\/essencesamazigh.com\/fr\/produit\/baume-a-largile-verte-asfar\/","og_locale":"fr_FR","og_type":"article","og_title":"Green clay balm 'ASFAR'","og_description":"The green clay balm ASFAR, made natural ingredients and flower essence, is the emergency balm to have for all sorts of skin issue.","og_url":"https:\/\/essencesamazigh.com\/fr\/produit\/baume-a-largile-verte-asfar\/","og_site_name":"Essences Amazigh","article_publisher":"https:\/\/www.facebook.com\/profile.php?id=100086107194579","article_modified_time":"2026-03-31T17:50:01+00:00","og_image":[{"width":1800,"height":2400,"url":"https:\/\/essencesamazigh.com\/wp-content\/uploads\/2024\/03\/EARTHOFNEFTAGreenClayBalmASFARPOS3.png","type":"image\/png"}],"twitter_card":"summary_large_image","twitter_title":"Green clay balm 'ASFAR'","twitter_description":"The green clay balm ASFAR, made natural ingredients and flower essence, is the emergency balm to have for all sorts of skin issue.","twitter_image":"https:\/\/i0.wp.com\/essencesamazigh.com\/wp-content\/uploads\/2024\/03\/EARTHOFNEFTAGreenClayBalmASFARPOS3.png?fit=1800%2C2400&ssl=1","twitter_misc":{"Dur\u00e9e de lecture estim\u00e9e":"1 minute"},"schema":{"@context":"https:\/\/schema.org","@graph":[{"@type":"WebPage","@id":"https:\/\/essencesamazigh.com\/product\/green-clay-balm-asfar\/","url":"https:\/\/essencesamazigh.com\/product\/green-clay-balm-asfar\/","name":"Baume \u00e0 l'argile verte 'ASFAR' | Essences Amazigh","isPartOf":{"@id":"https:\/\/essencesamazigh.com\/#website"},"primaryImageOfPage":{"@id":"https:\/\/essencesamazigh.com\/product\/green-clay-balm-asfar\/#primaryimage"},"image":{"@id":"https:\/\/essencesamazigh.com\/product\/green-clay-balm-asfar\/#primaryimage"},"thumbnailUrl":"https:\/\/i0.wp.com\/essencesamazigh.com\/wp-content\/uploads\/2024\/03\/EARTHOFNEFTAGreenClayBalmASFARPOS3.png?fit=1800%2C2400&ssl=1","datePublished":"2024-03-26T08:55:43+00:00","dateModified":"2026-03-31T17:50:01+00:00","description":"Le baume \u00e0 l'argile verte ASFAR, compos\u00e9 d'ingr\u00e9dients naturels et d'essence de fleurs, est le baume d'urgence \u00e0 avoir pour toutes sortes de probl\u00e8mes de peau.","breadcrumb":{"@id":"https:\/\/essencesamazigh.com\/product\/green-clay-balm-asfar\/#breadcrumb"},"inLanguage":"fr-FR","potentialAction":[{"@type":"ReadAction","target":["https:\/\/essencesamazigh.com\/product\/green-clay-balm-asfar\/"]}]},{"@type":"ImageObject","inLanguage":"fr-FR","@id":"https:\/\/essencesamazigh.com\/product\/green-clay-balm-asfar\/#primaryimage","url":"https:\/\/i0.wp.com\/essencesamazigh.com\/wp-content\/uploads\/2024\/03\/EARTHOFNEFTAGreenClayBalmASFARPOS3.png?fit=1800%2C2400&ssl=1","contentUrl":"https:\/\/i0.wp.com\/essencesamazigh.com\/wp-content\/uploads\/2024\/03\/EARTHOFNEFTAGreenClayBalmASFARPOS3.png?fit=1800%2C2400&ssl=1","width":1800,"height":2400,"caption":"Green Clay Balm ASFAR"},{"@type":"BreadcrumbList","@id":"https:\/\/essencesamazigh.com\/product\/green-clay-balm-asfar\/#breadcrumb","itemListElement":[{"@type":"ListItem","position":1,"name":"Home","item":"https:\/\/essencesamazigh.com\/"},{"@type":"ListItem","position":2,"name":"Shop","item":"https:\/\/essencesamazigh.com\/shop-all-essences-amazigh\/"},{"@type":"ListItem","position":3,"name":"Green clay balm &#8216;ASFAR&#8217;"}]},{"@type":"WebSite","@id":"https:\/\/essencesamazigh.com\/#website","url":"https:\/\/essencesamazigh.com\/","name":"Essences Amazigh","description":"Le VRAI pouvoir des fleurs","publisher":{"@id":"https:\/\/essencesamazigh.com\/#organization"},"potentialAction":[{"@type":"SearchAction","target":{"@type":"EntryPoint","urlTemplate":"https:\/\/essencesamazigh.com\/?s={search_term_string}"},"query-input":{"@type":"PropertyValueSpecification","valueRequired":true,"valueName":"search_term_string"}}],"inLanguage":"fr-FR"},{"@type":"Organization","@id":"https:\/\/essencesamazigh.com\/#organization","name":"Essences Amazigh","url":"https:\/\/essencesamazigh.com\/","logo":{"@type":"ImageObject","inLanguage":"fr-FR","@id":"https:\/\/essencesamazigh.com\/#\/schema\/logo\/image\/","url":"https:\/\/i0.wp.com\/essencesamazigh.com\/wp-content\/uploads\/LogoEA512x512pixel-1.png?fit=512%2C512&ssl=1","contentUrl":"https:\/\/i0.wp.com\/essencesamazigh.com\/wp-content\/uploads\/LogoEA512x512pixel-1.png?fit=512%2C512&ssl=1","width":512,"height":512,"caption":"Essences Amazigh"},"image":{"@id":"https:\/\/essencesamazigh.com\/#\/schema\/logo\/image\/"},"sameAs":["https:\/\/www.facebook.com\/profile.php?id=100086107194579","https:\/\/www.instagram.com\/essencesamazigh\/"]}]}},"jetpack_sharing_enabled":true,"_links":{"self":[{"href":"https:\/\/essencesamazigh.com\/fr\/wp-json\/wp\/v2\/product\/5532","targetHints":{"allow":["GET"]}}],"collection":[{"href":"https:\/\/essencesamazigh.com\/fr\/wp-json\/wp\/v2\/product"}],"about":[{"href":"https:\/\/essencesamazigh.com\/fr\/wp-json\/wp\/v2\/types\/product"}],"version-history":[{"count":9,"href":"https:\/\/essencesamazigh.com\/fr\/wp-json\/wp\/v2\/product\/5532\/revisions"}],"predecessor-version":[{"id":10242,"href":"https:\/\/essencesamazigh.com\/fr\/wp-json\/wp\/v2\/product\/5532\/revisions\/10242"}],"wp:featuredmedia":[{"embeddable":true,"href":"https:\/\/essencesamazigh.com\/fr\/wp-json\/wp\/v2\/media\/10244"}],"wp:attachment":[{"href":"https:\/\/essencesamazigh.com\/fr\/wp-json\/wp\/v2\/media?parent=5532"}],"wp:term":[{"taxonomy":"product_brand","embeddable":true,"href":"https:\/\/essencesamazigh.com\/fr\/wp-json\/wp\/v2\/product_brand?post=5532"},{"taxonomy":"product_cat","embeddable":true,"href":"https:\/\/essencesamazigh.com\/fr\/wp-json\/wp\/v2\/product_cat?post=5532"},{"taxonomy":"product_tag","embeddable":true,"href":"https:\/\/essencesamazigh.com\/fr\/wp-json\/wp\/v2\/product_tag?post=5532"}],"curies":[{"name":"wp","href":"https:\/\/api.w.org\/{rel}","templated":true}]}}