{"id":5531,"date":"2024-03-26T08:42:14","date_gmt":"2024-03-26T08:42:14","guid":{"rendered":"https:\/\/essencesamazigh.com\/?post_type=product&#038;p=5531"},"modified":"2026-03-31T18:49:47","modified_gmt":"2026-03-31T17:49:47","slug":"argile-verte-en-poudre-tirrist","status":"publish","type":"product","link":"https:\/\/essencesamazigh.com\/fr\/product\/green-clay-powder-tirrist\/","title":{"rendered":"Argile verte en poudre 'TIRRIST'"},"content":{"rendered":"<div class=\"Y3BBE\" data-sfc-cp=\"\" data-hveid=\"CAEIBBAA\" data-processed=\"true\" data-complete=\"true\">L'argile verte en poudre TIRRIST est une authentique argile verte illite riche en min\u00e9raux, provenant des paysages vierges de Nefta, en Tunisie. Trait\u00e9e selon des m\u00e9thodes traditionnelles, cette terre brute est s\u00e9ch\u00e9e au soleil pour pr\u00e9server son \u00e9nergie vitale naturelle. Hautement absorbante et min\u00e9ralisante, elle constitue un produit de base polyvalent pour les rituels de beaut\u00e9 naturels.<button class=\"rBl3me\" tabindex=\"0\" data-amic=\"true\" data-icl-uuid=\"53cf46f9-bc79-43dc-bece-86ff4cfebe83\" aria-label=\"Voir les liens connexes\" data-wiz-attrbind=\"disabled=fuWuWe_r\/C5gNJc;aria-label=fuWuWe_r\/bOjMyf;class=fuWuWe_r\/UpSNec\" data-ved=\"2ahUKEwjup5Dw56OSAxX6OfsDHZdyDU8Qye0OegYIAQgEEAE\"><\/button><\/div>\n<ul class=\"KsbFXc U6u95\" data-complete=\"true\" data-processed=\"true\">\n<li data-hveid=\"CAEICBAA\" data-complete=\"true\" data-sae=\"\"><span class=\"T286Pc\" data-sfc-cp=\"\" data-complete=\"true\"><strong class=\"Yjhzub\" data-complete=\"true\">Pur et non trait\u00e9 :<\/strong> Non ionis\u00e9, non irradi\u00e9 et 100% exempt de colorants artificiels, de conservateurs ou d'additifs synth\u00e9tiques.<\/span><\/li>\n<li data-hveid=\"CAEICBAB\" data-complete=\"true\" data-sae=\"\"><span class=\"T286Pc\" data-sfc-cp=\"\" data-complete=\"true\"><strong class=\"Yjhzub\" data-complete=\"true\">Authentique Origine :<\/strong> \u201cMade in Nefta\u201d - un hommage au patrimoine g\u00e9ologique unique du Sahara tunisien.<\/span><\/li>\n<li data-hveid=\"CAEICBAC\" data-complete=\"true\" data-sae=\"\"><span class=\"T286Pc\" data-sfc-cp=\"\" data-complete=\"true\"><strong class=\"Yjhzub\" data-complete=\"true\">Profil min\u00e9ral :<\/strong> Naturellement riche en min\u00e9raux et oligo-\u00e9l\u00e9ments essentiels, sp\u00e9cifiquement s\u00e9lectionn\u00e9 pour ses propri\u00e9t\u00e9s sup\u00e9rieures de dessin et de purification.<\/span><\/li>\n<\/ul>\n<p>*** Ce produit est destin\u00e9 au bien-\u00eatre, \u00e0 la relaxation et \u00e0 l'usage externe uniquement. Il ne s'agit pas d'un m\u00e9dicament et ne doit pas \u00eatre utilis\u00e9 pour diagnostiquer, traiter, pr\u00e9venir ou gu\u00e9rir une maladie. Tous nos produits sont naturels, artisanaux et g\u00e9n\u00e9ralement consid\u00e9r\u00e9s comme s\u00fbrs lorsqu'ils sont utilis\u00e9s conform\u00e9ment aux instructions.<\/p>\n<p>&nbsp;<\/p>\n<p>&nbsp;<\/p>","protected":false},"excerpt":{"rendered":"<p>The green clay powder TIRRIST is an authentic, mineral-rich Green Illite Clay, sustainably sourced from the pristine landscapes of Nefta, Tunisia. Processed using traditional methods, this raw earth is sun-dried to preserve its natural vital energy. Highly absorbent and mineralizing, it is a versatile staple for natural beauty rituals. Pure &amp; Untreated: Non-ionized, non-irradiated, and [&hellip;]<\/p>\n","protected":false},"featured_media":7710,"template":"","meta":[],"product_brand":[],"product_cat":[66],"product_tag":[118],"class_list":{"0":"post-5531","1":"product","2":"type-product","3":"status-publish","4":"has-post-thumbnail","6":"product_cat-earth-of-nefta","7":"product_tag-remedies","9":"first","10":"instock","11":"shipping-taxable","12":"purchasable","13":"product-type-simple"},"yoast_head":"<!-- This site is optimized with the Yoast SEO plugin v27.4 - https:\/\/yoast.com\/product\/yoast-seo-wordpress\/ -->\n<title>Green clay powder &#039;TIRRIST&#039; | Essences Amazigh<\/title>\n<meta name=\"description\" content=\"The green clay powder &#039;TIRRIST&#039; is a Tunisian green clay from south region, sun-dried, non-ionized, non-irradiated, without coloring or preservatives.\" \/>\n<meta name=\"robots\" content=\"index, follow, max-snippet:-1, max-image-preview:large, max-video-preview:-1\" \/>\n<link rel=\"canonical\" href=\"https:\/\/essencesamazigh.com\/fr\/produit\/argile-verte-en-poudre-tirrist\/\" \/>\n<meta property=\"og:locale\" content=\"fr_FR\" \/>\n<meta property=\"og:type\" content=\"article\" \/>\n<meta property=\"og:title\" content=\"Green clay powder &#039;TIRRIST&#039;\" \/>\n<meta property=\"og:description\" content=\"The green clay powder &#039;TIRRIST&#039; is a Tunisian green clay from south region, sun-dried, non-ionized, non-irradiated, without coloring or preservatives.\" \/>\n<meta property=\"og:url\" content=\"https:\/\/essencesamazigh.com\/fr\/produit\/argile-verte-en-poudre-tirrist\/\" \/>\n<meta property=\"og:site_name\" content=\"Essences Amazigh\" \/>\n<meta property=\"article:publisher\" content=\"https:\/\/www.facebook.com\/profile.php?id=100086107194579\" \/>\n<meta property=\"article:modified_time\" content=\"2026-03-31T17:49:47+00:00\" \/>\n<meta property=\"og:image\" content=\"https:\/\/essencesamazigh.com\/wp-content\/uploads\/2024\/03\/REMEDESDANTANArgileVerteTIRRISTPOS1.png\" \/>\n\t<meta property=\"og:image:width\" content=\"1800\" \/>\n\t<meta property=\"og:image:height\" content=\"2400\" \/>\n\t<meta property=\"og:image:type\" content=\"image\/png\" \/>\n<meta name=\"twitter:card\" content=\"summary_large_image\" \/>\n<meta name=\"twitter:title\" content=\"Green clay powder &#039;TIRRIST&#039;\" \/>\n<meta name=\"twitter:description\" content=\"The green clay powder &#039;TIRRIST&#039; is a Tunisian green clay from south region, sun-dried, non-ionized, non-irradiated, without coloring or preservatives.\" \/>\n<meta name=\"twitter:image\" content=\"https:\/\/i0.wp.com\/essencesamazigh.com\/wp-content\/uploads\/2024\/03\/REMEDESDANTANArgileVerteTIRRISTPOS1.png?fit=1800%2C2400&ssl=1\" \/>\n<meta name=\"twitter:label1\" content=\"Dur\u00e9e de lecture estim\u00e9e\" \/>\n\t<meta name=\"twitter:data1\" content=\"1 minute\" \/>\n<script type=\"application\/ld+json\" class=\"yoast-schema-graph\">{\"@context\":\"https:\\\/\\\/schema.org\",\"@graph\":[{\"@type\":\"WebPage\",\"@id\":\"https:\\\/\\\/essencesamazigh.com\\\/product\\\/green-clay-powder-tirrist\\\/\",\"url\":\"https:\\\/\\\/essencesamazigh.com\\\/product\\\/green-clay-powder-tirrist\\\/\",\"name\":\"Green clay powder 'TIRRIST' | Essences Amazigh\",\"isPartOf\":{\"@id\":\"https:\\\/\\\/essencesamazigh.com\\\/#website\"},\"primaryImageOfPage\":{\"@id\":\"https:\\\/\\\/essencesamazigh.com\\\/product\\\/green-clay-powder-tirrist\\\/#primaryimage\"},\"image\":{\"@id\":\"https:\\\/\\\/essencesamazigh.com\\\/product\\\/green-clay-powder-tirrist\\\/#primaryimage\"},\"thumbnailUrl\":\"https:\\\/\\\/i0.wp.com\\\/essencesamazigh.com\\\/wp-content\\\/uploads\\\/2024\\\/03\\\/REMEDESDANTANArgileVerteTIRRISTPOS1.png?fit=1800%2C2400&ssl=1\",\"datePublished\":\"2024-03-26T08:42:14+00:00\",\"dateModified\":\"2026-03-31T17:49:47+00:00\",\"description\":\"The green clay powder 'TIRRIST' is a Tunisian green clay from south region, sun-dried, non-ionized, non-irradiated, without coloring or preservatives.\",\"breadcrumb\":{\"@id\":\"https:\\\/\\\/essencesamazigh.com\\\/product\\\/green-clay-powder-tirrist\\\/#breadcrumb\"},\"inLanguage\":\"fr-FR\",\"potentialAction\":[{\"@type\":\"ReadAction\",\"target\":[\"https:\\\/\\\/essencesamazigh.com\\\/product\\\/green-clay-powder-tirrist\\\/\"]}]},{\"@type\":\"ImageObject\",\"inLanguage\":\"fr-FR\",\"@id\":\"https:\\\/\\\/essencesamazigh.com\\\/product\\\/green-clay-powder-tirrist\\\/#primaryimage\",\"url\":\"https:\\\/\\\/i0.wp.com\\\/essencesamazigh.com\\\/wp-content\\\/uploads\\\/2024\\\/03\\\/REMEDESDANTANArgileVerteTIRRISTPOS1.png?fit=1800%2C2400&ssl=1\",\"contentUrl\":\"https:\\\/\\\/i0.wp.com\\\/essencesamazigh.com\\\/wp-content\\\/uploads\\\/2024\\\/03\\\/REMEDESDANTANArgileVerteTIRRISTPOS1.png?fit=1800%2C2400&ssl=1\",\"width\":1800,\"height\":2400,\"caption\":\"Green clay powder 'TIRRIST'\"},{\"@type\":\"BreadcrumbList\",\"@id\":\"https:\\\/\\\/essencesamazigh.com\\\/product\\\/green-clay-powder-tirrist\\\/#breadcrumb\",\"itemListElement\":[{\"@type\":\"ListItem\",\"position\":1,\"name\":\"Home\",\"item\":\"https:\\\/\\\/essencesamazigh.com\\\/\"},{\"@type\":\"ListItem\",\"position\":2,\"name\":\"Shop\",\"item\":\"https:\\\/\\\/essencesamazigh.com\\\/shop-all-essences-amazigh\\\/\"},{\"@type\":\"ListItem\",\"position\":3,\"name\":\"Green clay powder &#8216;TIRRIST&#8217;\"}]},{\"@type\":\"WebSite\",\"@id\":\"https:\\\/\\\/essencesamazigh.com\\\/#website\",\"url\":\"https:\\\/\\\/essencesamazigh.com\\\/\",\"name\":\"Essences Amazigh\",\"description\":\"The TRUE power of flowers\",\"publisher\":{\"@id\":\"https:\\\/\\\/essencesamazigh.com\\\/#organization\"},\"potentialAction\":[{\"@type\":\"SearchAction\",\"target\":{\"@type\":\"EntryPoint\",\"urlTemplate\":\"https:\\\/\\\/essencesamazigh.com\\\/?s={search_term_string}\"},\"query-input\":{\"@type\":\"PropertyValueSpecification\",\"valueRequired\":true,\"valueName\":\"search_term_string\"}}],\"inLanguage\":\"fr-FR\"},{\"@type\":\"Organization\",\"@id\":\"https:\\\/\\\/essencesamazigh.com\\\/#organization\",\"name\":\"Essences Amazigh\",\"url\":\"https:\\\/\\\/essencesamazigh.com\\\/\",\"logo\":{\"@type\":\"ImageObject\",\"inLanguage\":\"fr-FR\",\"@id\":\"https:\\\/\\\/essencesamazigh.com\\\/#\\\/schema\\\/logo\\\/image\\\/\",\"url\":\"https:\\\/\\\/i0.wp.com\\\/essencesamazigh.com\\\/wp-content\\\/uploads\\\/LogoEA512x512pixel-1.png?fit=512%2C512&ssl=1\",\"contentUrl\":\"https:\\\/\\\/i0.wp.com\\\/essencesamazigh.com\\\/wp-content\\\/uploads\\\/LogoEA512x512pixel-1.png?fit=512%2C512&ssl=1\",\"width\":512,\"height\":512,\"caption\":\"Essences Amazigh\"},\"image\":{\"@id\":\"https:\\\/\\\/essencesamazigh.com\\\/#\\\/schema\\\/logo\\\/image\\\/\"},\"sameAs\":[\"https:\\\/\\\/www.facebook.com\\\/profile.php?id=100086107194579\",\"https:\\\/\\\/www.instagram.com\\\/essencesamazigh\\\/\"]}]}<\/script>\n<!-- \/ Yoast SEO plugin. -->","yoast_head_json":{"title":"Argile verte en poudre 'TIRRIST' | Essences Amazigh","description":"L'argile verte en poudre 'TIRRIST' est une argile verte tunisienne de la r\u00e9gion sud, s\u00e9ch\u00e9e au soleil, non ionis\u00e9e, non irradi\u00e9e, sans colorant ni conservateur.","robots":{"index":"index","follow":"follow","max-snippet":"max-snippet:-1","max-image-preview":"max-image-preview:large","max-video-preview":"max-video-preview:-1"},"canonical":"https:\/\/essencesamazigh.com\/fr\/produit\/argile-verte-en-poudre-tirrist\/","og_locale":"fr_FR","og_type":"article","og_title":"Green clay powder 'TIRRIST'","og_description":"The green clay powder 'TIRRIST' is a Tunisian green clay from south region, sun-dried, non-ionized, non-irradiated, without coloring or preservatives.","og_url":"https:\/\/essencesamazigh.com\/fr\/produit\/argile-verte-en-poudre-tirrist\/","og_site_name":"Essences Amazigh","article_publisher":"https:\/\/www.facebook.com\/profile.php?id=100086107194579","article_modified_time":"2026-03-31T17:49:47+00:00","og_image":[{"width":1800,"height":2400,"url":"https:\/\/essencesamazigh.com\/wp-content\/uploads\/2024\/03\/REMEDESDANTANArgileVerteTIRRISTPOS1.png","type":"image\/png"}],"twitter_card":"summary_large_image","twitter_title":"Green clay powder 'TIRRIST'","twitter_description":"The green clay powder 'TIRRIST' is a Tunisian green clay from south region, sun-dried, non-ionized, non-irradiated, without coloring or preservatives.","twitter_image":"https:\/\/i0.wp.com\/essencesamazigh.com\/wp-content\/uploads\/2024\/03\/REMEDESDANTANArgileVerteTIRRISTPOS1.png?fit=1800%2C2400&ssl=1","twitter_misc":{"Dur\u00e9e de lecture estim\u00e9e":"1 minute"},"schema":{"@context":"https:\/\/schema.org","@graph":[{"@type":"WebPage","@id":"https:\/\/essencesamazigh.com\/product\/green-clay-powder-tirrist\/","url":"https:\/\/essencesamazigh.com\/product\/green-clay-powder-tirrist\/","name":"Argile verte en poudre 'TIRRIST' | Essences Amazigh","isPartOf":{"@id":"https:\/\/essencesamazigh.com\/#website"},"primaryImageOfPage":{"@id":"https:\/\/essencesamazigh.com\/product\/green-clay-powder-tirrist\/#primaryimage"},"image":{"@id":"https:\/\/essencesamazigh.com\/product\/green-clay-powder-tirrist\/#primaryimage"},"thumbnailUrl":"https:\/\/i0.wp.com\/essencesamazigh.com\/wp-content\/uploads\/2024\/03\/REMEDESDANTANArgileVerteTIRRISTPOS1.png?fit=1800%2C2400&ssl=1","datePublished":"2024-03-26T08:42:14+00:00","dateModified":"2026-03-31T17:49:47+00:00","description":"L'argile verte en poudre 'TIRRIST' est une argile verte tunisienne de la r\u00e9gion sud, s\u00e9ch\u00e9e au soleil, non ionis\u00e9e, non irradi\u00e9e, sans colorant ni conservateur.","breadcrumb":{"@id":"https:\/\/essencesamazigh.com\/product\/green-clay-powder-tirrist\/#breadcrumb"},"inLanguage":"fr-FR","potentialAction":[{"@type":"ReadAction","target":["https:\/\/essencesamazigh.com\/product\/green-clay-powder-tirrist\/"]}]},{"@type":"ImageObject","inLanguage":"fr-FR","@id":"https:\/\/essencesamazigh.com\/product\/green-clay-powder-tirrist\/#primaryimage","url":"https:\/\/i0.wp.com\/essencesamazigh.com\/wp-content\/uploads\/2024\/03\/REMEDESDANTANArgileVerteTIRRISTPOS1.png?fit=1800%2C2400&ssl=1","contentUrl":"https:\/\/i0.wp.com\/essencesamazigh.com\/wp-content\/uploads\/2024\/03\/REMEDESDANTANArgileVerteTIRRISTPOS1.png?fit=1800%2C2400&ssl=1","width":1800,"height":2400,"caption":"Green clay powder 'TIRRIST'"},{"@type":"BreadcrumbList","@id":"https:\/\/essencesamazigh.com\/product\/green-clay-powder-tirrist\/#breadcrumb","itemListElement":[{"@type":"ListItem","position":1,"name":"Home","item":"https:\/\/essencesamazigh.com\/"},{"@type":"ListItem","position":2,"name":"Shop","item":"https:\/\/essencesamazigh.com\/shop-all-essences-amazigh\/"},{"@type":"ListItem","position":3,"name":"Green clay powder &#8216;TIRRIST&#8217;"}]},{"@type":"WebSite","@id":"https:\/\/essencesamazigh.com\/#website","url":"https:\/\/essencesamazigh.com\/","name":"Essences Amazigh","description":"Le VRAI pouvoir des fleurs","publisher":{"@id":"https:\/\/essencesamazigh.com\/#organization"},"potentialAction":[{"@type":"SearchAction","target":{"@type":"EntryPoint","urlTemplate":"https:\/\/essencesamazigh.com\/?s={search_term_string}"},"query-input":{"@type":"PropertyValueSpecification","valueRequired":true,"valueName":"search_term_string"}}],"inLanguage":"fr-FR"},{"@type":"Organization","@id":"https:\/\/essencesamazigh.com\/#organization","name":"Essences Amazigh","url":"https:\/\/essencesamazigh.com\/","logo":{"@type":"ImageObject","inLanguage":"fr-FR","@id":"https:\/\/essencesamazigh.com\/#\/schema\/logo\/image\/","url":"https:\/\/i0.wp.com\/essencesamazigh.com\/wp-content\/uploads\/LogoEA512x512pixel-1.png?fit=512%2C512&ssl=1","contentUrl":"https:\/\/i0.wp.com\/essencesamazigh.com\/wp-content\/uploads\/LogoEA512x512pixel-1.png?fit=512%2C512&ssl=1","width":512,"height":512,"caption":"Essences Amazigh"},"image":{"@id":"https:\/\/essencesamazigh.com\/#\/schema\/logo\/image\/"},"sameAs":["https:\/\/www.facebook.com\/profile.php?id=100086107194579","https:\/\/www.instagram.com\/essencesamazigh\/"]}]}},"jetpack_sharing_enabled":true,"_links":{"self":[{"href":"https:\/\/essencesamazigh.com\/fr\/wp-json\/wp\/v2\/product\/5531","targetHints":{"allow":["GET"]}}],"collection":[{"href":"https:\/\/essencesamazigh.com\/fr\/wp-json\/wp\/v2\/product"}],"about":[{"href":"https:\/\/essencesamazigh.com\/fr\/wp-json\/wp\/v2\/types\/product"}],"version-history":[{"count":9,"href":"https:\/\/essencesamazigh.com\/fr\/wp-json\/wp\/v2\/product\/5531\/revisions"}],"predecessor-version":[{"id":10091,"href":"https:\/\/essencesamazigh.com\/fr\/wp-json\/wp\/v2\/product\/5531\/revisions\/10091"}],"wp:featuredmedia":[{"embeddable":true,"href":"https:\/\/essencesamazigh.com\/fr\/wp-json\/wp\/v2\/media\/7710"}],"wp:attachment":[{"href":"https:\/\/essencesamazigh.com\/fr\/wp-json\/wp\/v2\/media?parent=5531"}],"wp:term":[{"taxonomy":"product_brand","embeddable":true,"href":"https:\/\/essencesamazigh.com\/fr\/wp-json\/wp\/v2\/product_brand?post=5531"},{"taxonomy":"product_cat","embeddable":true,"href":"https:\/\/essencesamazigh.com\/fr\/wp-json\/wp\/v2\/product_cat?post=5531"},{"taxonomy":"product_tag","embeddable":true,"href":"https:\/\/essencesamazigh.com\/fr\/wp-json\/wp\/v2\/product_tag?post=5531"}],"curies":[{"name":"wp","href":"https:\/\/api.w.org\/{rel}","templated":true}]}}