{"id":5530,"date":"2024-03-26T08:30:37","date_gmt":"2024-03-26T08:30:37","guid":{"rendered":"https:\/\/essencesamazigh.com\/?post_type=product&#038;p=5530"},"modified":"2026-03-31T18:09:43","modified_gmt":"2026-03-31T17:09:43","slug":"elixir-de-vitalite-capillaire-ifulki","status":"publish","type":"product","link":"https:\/\/essencesamazigh.com\/fr\/product\/hair-vitality-elixir-ifulki\/","title":{"rendered":"\u00c9lixir de vitalit\u00e9 capillaire \u2018IFULKI\u2019"},"content":{"rendered":"<p data-start=\"280\" data-end=\"607\">L'\u00e9lixir de vitalit\u00e9 capillaire \u2018IFULKI\u2019 est un traitement luxueux du cuir chevelu et des cheveux con\u00e7u pour am\u00e9liorer l'apparence de cheveux plus forts et plus sains. Infus\u00e9 de <strong data-start=\"442\" data-end=\"478\">noix et <a href=\"https:\/\/essencesamazigh.com\/fr\/produit\/essence-de-fleur-dolivier\/\">essences de fleurs d'olivier<\/a><\/strong>, Cet \u00e9lixir, traditionnellement c\u00e9l\u00e9br\u00e9 pour le renouveau et l'\u00e9quilibre, cr\u00e9e un rituel nourrissant qui prend soin \u00e0 la fois du cuir chevelu et des cheveux.<\/p>\n<p data-start=\"609\" data-end=\"839\">Les notes chaudes et l\u00e9g\u00e8rement \u00e9pic\u00e9es des huiles de moutarde et de ricin se m\u00ealent \u00e0 la fra\u00eecheur de la menthe poivr\u00e9e et du pamplemousse sans furocoumarine, tandis que le bois de c\u00e8dre de l'Atlas et l'ylang-ylang ajoutent une profondeur bois\u00e9e et florale - une exp\u00e9rience sensorielle revigorante et harmonieuse.<\/p>\n<p data-start=\"841\" data-end=\"860\"><strong data-start=\"841\" data-end=\"858\">Principaux avantages :<\/strong><\/p>\n<ul data-start=\"861\" data-end=\"1005\">\n<li data-start=\"861\" data-end=\"896\">\n<p data-start=\"863\" data-end=\"896\">Nourrit et adoucit le cuir chevelu<\/p>\n<\/li>\n<li data-start=\"897\" data-end=\"950\">\n<p data-start=\"899\" data-end=\"950\">Am\u00e9liore la vitalit\u00e9 et la r\u00e9sistance des cheveux<\/p>\n<\/li>\n<li data-start=\"951\" data-end=\"1005\">\n<p data-start=\"953\" data-end=\"1005\">Maintient le confort du cuir chevelu sans alourdir les cheveux<\/p>\n<\/li>\n<\/ul>\n<p>.Ce produit est destin\u00e9 au bien-\u00eatre, \u00e0 la relaxation et \u00e0 l'usage externe uniquement. Il ne s'agit pas d'un m\u00e9dicament et ne doit pas \u00eatre utilis\u00e9 pour diagnostiquer, traiter, pr\u00e9venir ou gu\u00e9rir une maladie. Tous nos produits sont naturels, artisanaux et s\u00fbrs lorsqu'ils sont utilis\u00e9s conform\u00e9ment aux instructions.<\/p>\n<p>&nbsp;<\/p>","protected":false},"excerpt":{"rendered":"<p>The Hair Vitality Elixir &#8216;IFULKI&#8217; is a luxurious scalp and hair treatment designed to enhance the appearance of stronger, healthier-looking hair. Infused with walnut and olive flower essences, traditionally celebrated for renewal and balance, this elixir creates a nourishing ritual that cares for both scalp and hair. Warm, slightly spicy notes of mustard and castor [&hellip;]<\/p>\n","protected":false},"featured_media":10191,"template":"","meta":[],"product_brand":[],"product_cat":[126],"product_tag":[127],"class_list":{"0":"post-5530","1":"product","2":"type-product","3":"status-publish","4":"has-post-thumbnail","6":"product_cat-flower-essences-skincare","7":"product_tag-skincare","9":"first","10":"instock","11":"shipping-taxable","12":"purchasable","13":"product-type-simple"},"yoast_head":"<!-- This site is optimized with the Yoast SEO plugin v27.4 - https:\/\/yoast.com\/product\/yoast-seo-wordpress\/ -->\n<title>Hair Vitality Elixir &#039;IFULKI&#039; | Essences Amazigh<\/title>\n<meta name=\"description\" content=\"IFULKI \u2013 Hair Vitality Elixir: A nourishing botanical hair treatment with walnut &amp; olive flower essences for stronger, healthier-looking hair.\" \/>\n<meta name=\"robots\" content=\"index, follow, max-snippet:-1, max-image-preview:large, max-video-preview:-1\" \/>\n<link rel=\"canonical\" href=\"https:\/\/essencesamazigh.com\/fr\/produit\/elixir-de-vitalite-capillaire-ifulki\/\" \/>\n<meta property=\"og:locale\" content=\"fr_FR\" \/>\n<meta property=\"og:type\" content=\"article\" \/>\n<meta property=\"og:title\" content=\"Hair vitality elixir &#039;IFULKI&#039;\" \/>\n<meta property=\"og:description\" content=\"IFULKI \u2013 Hair Vitality Elixir: A nourishing botanical hair treatment with walnut &amp; olive flower essences for stronger, healthier-looking hair.\" \/>\n<meta property=\"og:url\" content=\"https:\/\/essencesamazigh.com\/fr\/produit\/elixir-de-vitalite-capillaire-ifulki\/\" \/>\n<meta property=\"og:site_name\" content=\"Essences Amazigh\" \/>\n<meta property=\"article:publisher\" content=\"https:\/\/www.facebook.com\/profile.php?id=100086107194579\" \/>\n<meta property=\"article:modified_time\" content=\"2026-03-31T17:09:43+00:00\" \/>\n<meta property=\"og:image\" content=\"https:\/\/i0.wp.com\/essencesamazigh.com\/wp-content\/uploads\/LogoEA512x512pixel-1.png?fit=512%2C512&ssl=1\" \/>\n\t<meta property=\"og:image:width\" content=\"512\" \/>\n\t<meta property=\"og:image:height\" content=\"512\" \/>\n\t<meta property=\"og:image:type\" content=\"image\/png\" \/>\n<meta name=\"twitter:card\" content=\"summary_large_image\" \/>\n<meta name=\"twitter:title\" content=\"Hair vitality elixir &#039;IFULKI&#039;\" \/>\n<meta name=\"twitter:description\" content=\"IFULKI \u2013 Hair Vitality Elixir: A nourishing botanical hair treatment with walnut &amp; olive flower essences for stronger, healthier-looking hair.\" \/>\n<meta name=\"twitter:label1\" content=\"Dur\u00e9e de lecture estim\u00e9e\" \/>\n\t<meta name=\"twitter:data1\" content=\"1 minute\" \/>\n<script type=\"application\/ld+json\" class=\"yoast-schema-graph\">{\"@context\":\"https:\\\/\\\/schema.org\",\"@graph\":[{\"@type\":\"WebPage\",\"@id\":\"https:\\\/\\\/essencesamazigh.com\\\/product\\\/hair-vitality-elixir-ifulki\\\/\",\"url\":\"https:\\\/\\\/essencesamazigh.com\\\/product\\\/hair-vitality-elixir-ifulki\\\/\",\"name\":\"Hair Vitality Elixir 'IFULKI' | Essences Amazigh\",\"isPartOf\":{\"@id\":\"https:\\\/\\\/essencesamazigh.com\\\/#website\"},\"primaryImageOfPage\":{\"@id\":\"https:\\\/\\\/essencesamazigh.com\\\/product\\\/hair-vitality-elixir-ifulki\\\/#primaryimage\"},\"image\":{\"@id\":\"https:\\\/\\\/essencesamazigh.com\\\/product\\\/hair-vitality-elixir-ifulki\\\/#primaryimage\"},\"thumbnailUrl\":\"https:\\\/\\\/i0.wp.com\\\/essencesamazigh.com\\\/wp-content\\\/uploads\\\/2024\\\/03\\\/FESKINCAREHairVitalityElixirIFOULKINEPOS1.jpg?fit=1800%2C2400&ssl=1\",\"datePublished\":\"2024-03-26T08:30:37+00:00\",\"dateModified\":\"2026-03-31T17:09:43+00:00\",\"description\":\"IFULKI \u2013 Hair Vitality Elixir: A nourishing botanical hair treatment with walnut & olive flower essences for stronger, healthier-looking hair.\",\"breadcrumb\":{\"@id\":\"https:\\\/\\\/essencesamazigh.com\\\/product\\\/hair-vitality-elixir-ifulki\\\/#breadcrumb\"},\"inLanguage\":\"fr-FR\",\"potentialAction\":[{\"@type\":\"ReadAction\",\"target\":[\"https:\\\/\\\/essencesamazigh.com\\\/product\\\/hair-vitality-elixir-ifulki\\\/\"]}]},{\"@type\":\"ImageObject\",\"inLanguage\":\"fr-FR\",\"@id\":\"https:\\\/\\\/essencesamazigh.com\\\/product\\\/hair-vitality-elixir-ifulki\\\/#primaryimage\",\"url\":\"https:\\\/\\\/i0.wp.com\\\/essencesamazigh.com\\\/wp-content\\\/uploads\\\/2024\\\/03\\\/FESKINCAREHairVitalityElixirIFOULKINEPOS1.jpg?fit=1800%2C2400&ssl=1\",\"contentUrl\":\"https:\\\/\\\/i0.wp.com\\\/essencesamazigh.com\\\/wp-content\\\/uploads\\\/2024\\\/03\\\/FESKINCAREHairVitalityElixirIFOULKINEPOS1.jpg?fit=1800%2C2400&ssl=1\",\"width\":1800,\"height\":2400,\"caption\":\"Hair Vitality Elixir IFULKI\"},{\"@type\":\"BreadcrumbList\",\"@id\":\"https:\\\/\\\/essencesamazigh.com\\\/product\\\/hair-vitality-elixir-ifulki\\\/#breadcrumb\",\"itemListElement\":[{\"@type\":\"ListItem\",\"position\":1,\"name\":\"Home\",\"item\":\"https:\\\/\\\/essencesamazigh.com\\\/\"},{\"@type\":\"ListItem\",\"position\":2,\"name\":\"Shop\",\"item\":\"https:\\\/\\\/essencesamazigh.com\\\/shop-all-essences-amazigh\\\/\"},{\"@type\":\"ListItem\",\"position\":3,\"name\":\"Hair Vitality Elixir &#8216;IFULKI&#8217;\"}]},{\"@type\":\"WebSite\",\"@id\":\"https:\\\/\\\/essencesamazigh.com\\\/#website\",\"url\":\"https:\\\/\\\/essencesamazigh.com\\\/\",\"name\":\"Essences Amazigh\",\"description\":\"The TRUE power of flowers\",\"publisher\":{\"@id\":\"https:\\\/\\\/essencesamazigh.com\\\/#organization\"},\"potentialAction\":[{\"@type\":\"SearchAction\",\"target\":{\"@type\":\"EntryPoint\",\"urlTemplate\":\"https:\\\/\\\/essencesamazigh.com\\\/?s={search_term_string}\"},\"query-input\":{\"@type\":\"PropertyValueSpecification\",\"valueRequired\":true,\"valueName\":\"search_term_string\"}}],\"inLanguage\":\"fr-FR\"},{\"@type\":\"Organization\",\"@id\":\"https:\\\/\\\/essencesamazigh.com\\\/#organization\",\"name\":\"Essences Amazigh\",\"url\":\"https:\\\/\\\/essencesamazigh.com\\\/\",\"logo\":{\"@type\":\"ImageObject\",\"inLanguage\":\"fr-FR\",\"@id\":\"https:\\\/\\\/essencesamazigh.com\\\/#\\\/schema\\\/logo\\\/image\\\/\",\"url\":\"https:\\\/\\\/i0.wp.com\\\/essencesamazigh.com\\\/wp-content\\\/uploads\\\/LogoEA512x512pixel-1.png?fit=512%2C512&ssl=1\",\"contentUrl\":\"https:\\\/\\\/i0.wp.com\\\/essencesamazigh.com\\\/wp-content\\\/uploads\\\/LogoEA512x512pixel-1.png?fit=512%2C512&ssl=1\",\"width\":512,\"height\":512,\"caption\":\"Essences Amazigh\"},\"image\":{\"@id\":\"https:\\\/\\\/essencesamazigh.com\\\/#\\\/schema\\\/logo\\\/image\\\/\"},\"sameAs\":[\"https:\\\/\\\/www.facebook.com\\\/profile.php?id=100086107194579\",\"https:\\\/\\\/www.instagram.com\\\/essencesamazigh\\\/\"]}]}<\/script>\n<!-- \/ Yoast SEO plugin. -->","yoast_head_json":{"title":"Elixir vitalit\u00e9 cheveux 'IFULKI' | Essences Amazigh","description":"IFULKI - \u00c9lixir de vitalit\u00e9 capillaire : Un traitement capillaire v\u00e9g\u00e9tal nourrissant \u00e0 base d'essences de noix et de fleurs d'olivier pour des cheveux plus forts et plus sains.","robots":{"index":"index","follow":"follow","max-snippet":"max-snippet:-1","max-image-preview":"max-image-preview:large","max-video-preview":"max-video-preview:-1"},"canonical":"https:\/\/essencesamazigh.com\/fr\/produit\/elixir-de-vitalite-capillaire-ifulki\/","og_locale":"fr_FR","og_type":"article","og_title":"Hair vitality elixir 'IFULKI'","og_description":"IFULKI \u2013 Hair Vitality Elixir: A nourishing botanical hair treatment with walnut & olive flower essences for stronger, healthier-looking hair.","og_url":"https:\/\/essencesamazigh.com\/fr\/produit\/elixir-de-vitalite-capillaire-ifulki\/","og_site_name":"Essences Amazigh","article_publisher":"https:\/\/www.facebook.com\/profile.php?id=100086107194579","article_modified_time":"2026-03-31T17:09:43+00:00","og_image":[{"width":512,"height":512,"url":"https:\/\/i0.wp.com\/essencesamazigh.com\/wp-content\/uploads\/LogoEA512x512pixel-1.png?fit=512%2C512&ssl=1","type":"image\/png"}],"twitter_card":"summary_large_image","twitter_title":"Hair vitality elixir 'IFULKI'","twitter_description":"IFULKI \u2013 Hair Vitality Elixir: A nourishing botanical hair treatment with walnut & olive flower essences for stronger, healthier-looking hair.","twitter_misc":{"Dur\u00e9e de lecture estim\u00e9e":"1 minute"},"schema":{"@context":"https:\/\/schema.org","@graph":[{"@type":"WebPage","@id":"https:\/\/essencesamazigh.com\/product\/hair-vitality-elixir-ifulki\/","url":"https:\/\/essencesamazigh.com\/product\/hair-vitality-elixir-ifulki\/","name":"Elixir vitalit\u00e9 cheveux 'IFULKI' | Essences Amazigh","isPartOf":{"@id":"https:\/\/essencesamazigh.com\/#website"},"primaryImageOfPage":{"@id":"https:\/\/essencesamazigh.com\/product\/hair-vitality-elixir-ifulki\/#primaryimage"},"image":{"@id":"https:\/\/essencesamazigh.com\/product\/hair-vitality-elixir-ifulki\/#primaryimage"},"thumbnailUrl":"https:\/\/i0.wp.com\/essencesamazigh.com\/wp-content\/uploads\/2024\/03\/FESKINCAREHairVitalityElixirIFOULKINEPOS1.jpg?fit=1800%2C2400&ssl=1","datePublished":"2024-03-26T08:30:37+00:00","dateModified":"2026-03-31T17:09:43+00:00","description":"IFULKI - \u00c9lixir de vitalit\u00e9 capillaire : Un traitement capillaire v\u00e9g\u00e9tal nourrissant \u00e0 base d'essences de noix et de fleurs d'olivier pour des cheveux plus forts et plus sains.","breadcrumb":{"@id":"https:\/\/essencesamazigh.com\/product\/hair-vitality-elixir-ifulki\/#breadcrumb"},"inLanguage":"fr-FR","potentialAction":[{"@type":"ReadAction","target":["https:\/\/essencesamazigh.com\/product\/hair-vitality-elixir-ifulki\/"]}]},{"@type":"ImageObject","inLanguage":"fr-FR","@id":"https:\/\/essencesamazigh.com\/product\/hair-vitality-elixir-ifulki\/#primaryimage","url":"https:\/\/i0.wp.com\/essencesamazigh.com\/wp-content\/uploads\/2024\/03\/FESKINCAREHairVitalityElixirIFOULKINEPOS1.jpg?fit=1800%2C2400&ssl=1","contentUrl":"https:\/\/i0.wp.com\/essencesamazigh.com\/wp-content\/uploads\/2024\/03\/FESKINCAREHairVitalityElixirIFOULKINEPOS1.jpg?fit=1800%2C2400&ssl=1","width":1800,"height":2400,"caption":"Hair Vitality Elixir IFULKI"},{"@type":"BreadcrumbList","@id":"https:\/\/essencesamazigh.com\/product\/hair-vitality-elixir-ifulki\/#breadcrumb","itemListElement":[{"@type":"ListItem","position":1,"name":"Home","item":"https:\/\/essencesamazigh.com\/"},{"@type":"ListItem","position":2,"name":"Shop","item":"https:\/\/essencesamazigh.com\/shop-all-essences-amazigh\/"},{"@type":"ListItem","position":3,"name":"Hair Vitality Elixir &#8216;IFULKI&#8217;"}]},{"@type":"WebSite","@id":"https:\/\/essencesamazigh.com\/#website","url":"https:\/\/essencesamazigh.com\/","name":"Essences Amazigh","description":"Le VRAI pouvoir des fleurs","publisher":{"@id":"https:\/\/essencesamazigh.com\/#organization"},"potentialAction":[{"@type":"SearchAction","target":{"@type":"EntryPoint","urlTemplate":"https:\/\/essencesamazigh.com\/?s={search_term_string}"},"query-input":{"@type":"PropertyValueSpecification","valueRequired":true,"valueName":"search_term_string"}}],"inLanguage":"fr-FR"},{"@type":"Organization","@id":"https:\/\/essencesamazigh.com\/#organization","name":"Essences Amazigh","url":"https:\/\/essencesamazigh.com\/","logo":{"@type":"ImageObject","inLanguage":"fr-FR","@id":"https:\/\/essencesamazigh.com\/#\/schema\/logo\/image\/","url":"https:\/\/i0.wp.com\/essencesamazigh.com\/wp-content\/uploads\/LogoEA512x512pixel-1.png?fit=512%2C512&ssl=1","contentUrl":"https:\/\/i0.wp.com\/essencesamazigh.com\/wp-content\/uploads\/LogoEA512x512pixel-1.png?fit=512%2C512&ssl=1","width":512,"height":512,"caption":"Essences Amazigh"},"image":{"@id":"https:\/\/essencesamazigh.com\/#\/schema\/logo\/image\/"},"sameAs":["https:\/\/www.facebook.com\/profile.php?id=100086107194579","https:\/\/www.instagram.com\/essencesamazigh\/"]}]}},"jetpack_sharing_enabled":true,"_links":{"self":[{"href":"https:\/\/essencesamazigh.com\/fr\/wp-json\/wp\/v2\/product\/5530","targetHints":{"allow":["GET"]}}],"collection":[{"href":"https:\/\/essencesamazigh.com\/fr\/wp-json\/wp\/v2\/product"}],"about":[{"href":"https:\/\/essencesamazigh.com\/fr\/wp-json\/wp\/v2\/types\/product"}],"version-history":[{"count":9,"href":"https:\/\/essencesamazigh.com\/fr\/wp-json\/wp\/v2\/product\/5530\/revisions"}],"predecessor-version":[{"id":5721,"href":"https:\/\/essencesamazigh.com\/fr\/wp-json\/wp\/v2\/product\/5530\/revisions\/5721"}],"wp:featuredmedia":[{"embeddable":true,"href":"https:\/\/essencesamazigh.com\/fr\/wp-json\/wp\/v2\/media\/10191"}],"wp:attachment":[{"href":"https:\/\/essencesamazigh.com\/fr\/wp-json\/wp\/v2\/media?parent=5530"}],"wp:term":[{"taxonomy":"product_brand","embeddable":true,"href":"https:\/\/essencesamazigh.com\/fr\/wp-json\/wp\/v2\/product_brand?post=5530"},{"taxonomy":"product_cat","embeddable":true,"href":"https:\/\/essencesamazigh.com\/fr\/wp-json\/wp\/v2\/product_cat?post=5530"},{"taxonomy":"product_tag","embeddable":true,"href":"https:\/\/essencesamazigh.com\/fr\/wp-json\/wp\/v2\/product_tag?post=5530"}],"curies":[{"name":"wp","href":"https:\/\/api.w.org\/{rel}","templated":true}]}}