{"id":5529,"date":"2024-03-26T08:20:11","date_gmt":"2024-03-26T08:20:11","guid":{"rendered":"https:\/\/essencesamazigh.com\/?post_type=product&#038;p=5529"},"modified":"2026-03-31T18:40:26","modified_gmt":"2026-03-31T17:40:26","slug":"baume-parfume-ul","status":"publish","type":"product","link":"https:\/\/essencesamazigh.com\/fr\/product\/perfumed-balm-ul\/","title":{"rendered":"Baume parfum\u00e9 'UL'"},"content":{"rendered":"<p data-start=\"296\" data-end=\"579\"><strong data-start=\"296\" data-end=\"316\">BAUME PARFUM\u00c9 UL<\/strong> r\u00e9v\u00e8le une rencontre d\u00e9licate entre la chaleur profonde et myst\u00e9rieuse du oud et l'\u00e9l\u00e9gance douce et velout\u00e9e de la rose. La richesse naturelle du beurre de karit\u00e9 et de la cire d'abeille permet au parfum de se d\u00e9ployer progressivement sur la peau, laissant un sillage subtil, raffin\u00e9 et intime.<\/p>\n<p data-start=\"581\" data-end=\"821\"><strong data-start=\"581\" data-end=\"611\">Texture et plaisir sensoriel :<\/strong><br data-start=\"611\" data-end=\"614\" \/>Sa texture fondante se transforme en huile soyeuse au contact de la peau, glissant sans effort et sans sensation de gras. Compacte et facile \u00e0 transporter, elle est parfaite pour des retouches discr\u00e8tes tout au long de la journ\u00e9e.<\/p>\n<p data-start=\"823\" data-end=\"1257\"><strong data-start=\"823\" data-end=\"857\">Les essences de fleurs qui ouvrent le c\u0153ur :<\/strong><br data-start=\"857\" data-end=\"860\" \/>Au c\u0153ur de ce baume se trouvent <strong data-start=\"889\" data-end=\"966\">les essences de fleurs d'hibiscus, de grenade et de rose de Damas, centr\u00e9es sur la femme<\/strong>, Ils sont reconnus dans les traditions holistiques pour leur \u00e9nergie nourrici\u00e8re et leur capacit\u00e9 \u00e0 ouvrir le c\u0153ur. Ils renforcent la douceur \u00e9motionnelle, cultivent l'harmonie sensuelle et invitent \u00e0 une conscience attentive et centr\u00e9e sur le c\u0153ur, enrichissant le rituel intime du Baume Parfum\u00e9 UL et approfondissant l'exp\u00e9rience sensorielle du parfum.<\/p>\n<p data-start=\"823\" data-end=\"1257\">*** Ce produit est destin\u00e9 au bien-\u00eatre, \u00e0 la relaxation et \u00e0 l'usage externe uniquement. Il ne s'agit pas d'un m\u00e9dicament et ne doit pas \u00eatre utilis\u00e9 pour diagnostiquer, traiter, pr\u00e9venir ou gu\u00e9rir une maladie. Tous nos produits sont naturels, artisanaux et s\u00fbrs lorsqu'ils sont utilis\u00e9s conform\u00e9ment aux instructions.<\/p>\n<p>&nbsp;<\/p>","protected":false},"excerpt":{"rendered":"<p>PERFUMED BALM UL reveals a delicate encounter between the deep, mysterious warmth of oud and the soft, velvety elegance of rose. The natural richness of shea butter and beeswax allows the fragrance to unfold gradually on the skin, leaving a subtle, refined, and intimate trail. Texture &amp; Sensory Delight:Its melting texture transforms into a silky [&hellip;]<\/p>\n","protected":false},"featured_media":7735,"template":"","meta":[],"product_brand":[],"product_cat":[126],"product_tag":[124,117],"class_list":{"0":"post-5529","1":"product","2":"type-product","3":"status-publish","4":"has-post-thumbnail","6":"product_cat-flower-essences-skincare","7":"product_tag-body-care","8":"product_tag-flower-essence","10":"first","11":"instock","12":"shipping-taxable","13":"purchasable","14":"product-type-simple"},"yoast_head":"<!-- This site is optimized with the Yoast SEO plugin v27.4 - https:\/\/yoast.com\/product\/yoast-seo-wordpress\/ -->\n<title>Perfumed balm &#039;UL&#039; | Essences Amazigh<\/title>\n<meta name=\"description\" content=\"The perfumed balm UL : the sensual combination of Oudh, rose petals and flower essences that contribute to the powers of femininity and opening of the heart\" \/>\n<meta name=\"robots\" content=\"index, follow, max-snippet:-1, max-image-preview:large, max-video-preview:-1\" \/>\n<link rel=\"canonical\" href=\"https:\/\/essencesamazigh.com\/fr\/produit\/baume-parfume-ul\/\" \/>\n<meta property=\"og:locale\" content=\"fr_FR\" \/>\n<meta property=\"og:type\" content=\"article\" \/>\n<meta property=\"og:title\" content=\"Perfumed balm &#039;UL&#039;\" \/>\n<meta property=\"og:description\" content=\"The perfumed balm UL : the sensual combination of Oudh, rose petals and flower essences that contribute to the powers of femininity and opening of the heart\" \/>\n<meta property=\"og:url\" content=\"https:\/\/essencesamazigh.com\/fr\/produit\/baume-parfume-ul\/\" \/>\n<meta property=\"og:site_name\" content=\"Essences Amazigh\" \/>\n<meta property=\"article:publisher\" content=\"https:\/\/www.facebook.com\/profile.php?id=100086107194579\" \/>\n<meta property=\"article:modified_time\" content=\"2026-03-31T17:40:26+00:00\" \/>\n<meta property=\"og:image\" content=\"https:\/\/i0.wp.com\/essencesamazigh.com\/wp-content\/uploads\/LogoEA512x512pixel-1.png?fit=512%2C512&ssl=1\" \/>\n\t<meta property=\"og:image:width\" content=\"512\" \/>\n\t<meta property=\"og:image:height\" content=\"512\" \/>\n\t<meta property=\"og:image:type\" content=\"image\/png\" \/>\n<meta name=\"twitter:card\" content=\"summary_large_image\" \/>\n<meta name=\"twitter:title\" content=\"Perfumed balm &#039;UL&#039;\" \/>\n<meta name=\"twitter:description\" content=\"The perfumed balm UL : the sensual combination of Oudh, rose petals and flower essences that contribute to the powers of femininity and opening of the heart\" \/>\n<meta name=\"twitter:label1\" content=\"Dur\u00e9e de lecture estim\u00e9e\" \/>\n\t<meta name=\"twitter:data1\" content=\"1 minute\" \/>\n<script type=\"application\/ld+json\" class=\"yoast-schema-graph\">{\"@context\":\"https:\\\/\\\/schema.org\",\"@graph\":[{\"@type\":\"WebPage\",\"@id\":\"https:\\\/\\\/essencesamazigh.com\\\/product\\\/perfumed-balm-ul\\\/\",\"url\":\"https:\\\/\\\/essencesamazigh.com\\\/product\\\/perfumed-balm-ul\\\/\",\"name\":\"Perfumed balm 'UL' | Essences Amazigh\",\"isPartOf\":{\"@id\":\"https:\\\/\\\/essencesamazigh.com\\\/#website\"},\"primaryImageOfPage\":{\"@id\":\"https:\\\/\\\/essencesamazigh.com\\\/product\\\/perfumed-balm-ul\\\/#primaryimage\"},\"image\":{\"@id\":\"https:\\\/\\\/essencesamazigh.com\\\/product\\\/perfumed-balm-ul\\\/#primaryimage\"},\"thumbnailUrl\":\"https:\\\/\\\/i0.wp.com\\\/essencesamazigh.com\\\/wp-content\\\/uploads\\\/2024\\\/03\\\/SOINSCHEVEUXCORPSVISAGEBaumeParfumeULPOS1.png?fit=1800%2C2400&ssl=1\",\"datePublished\":\"2024-03-26T08:20:11+00:00\",\"dateModified\":\"2026-03-31T17:40:26+00:00\",\"description\":\"The perfumed balm UL : the sensual combination of Oudh, rose petals and flower essences that contribute to the powers of femininity and opening of the heart\",\"breadcrumb\":{\"@id\":\"https:\\\/\\\/essencesamazigh.com\\\/product\\\/perfumed-balm-ul\\\/#breadcrumb\"},\"inLanguage\":\"fr-FR\",\"potentialAction\":[{\"@type\":\"ReadAction\",\"target\":[\"https:\\\/\\\/essencesamazigh.com\\\/product\\\/perfumed-balm-ul\\\/\"]}]},{\"@type\":\"ImageObject\",\"inLanguage\":\"fr-FR\",\"@id\":\"https:\\\/\\\/essencesamazigh.com\\\/product\\\/perfumed-balm-ul\\\/#primaryimage\",\"url\":\"https:\\\/\\\/i0.wp.com\\\/essencesamazigh.com\\\/wp-content\\\/uploads\\\/2024\\\/03\\\/SOINSCHEVEUXCORPSVISAGEBaumeParfumeULPOS1.png?fit=1800%2C2400&ssl=1\",\"contentUrl\":\"https:\\\/\\\/i0.wp.com\\\/essencesamazigh.com\\\/wp-content\\\/uploads\\\/2024\\\/03\\\/SOINSCHEVEUXCORPSVISAGEBaumeParfumeULPOS1.png?fit=1800%2C2400&ssl=1\",\"width\":1800,\"height\":2400,\"caption\":\"Perfumed balm UL\"},{\"@type\":\"BreadcrumbList\",\"@id\":\"https:\\\/\\\/essencesamazigh.com\\\/product\\\/perfumed-balm-ul\\\/#breadcrumb\",\"itemListElement\":[{\"@type\":\"ListItem\",\"position\":1,\"name\":\"Home\",\"item\":\"https:\\\/\\\/essencesamazigh.com\\\/\"},{\"@type\":\"ListItem\",\"position\":2,\"name\":\"Shop\",\"item\":\"https:\\\/\\\/essencesamazigh.com\\\/shop-all-essences-amazigh\\\/\"},{\"@type\":\"ListItem\",\"position\":3,\"name\":\"Perfumed balm &#8216;UL&#8217;\"}]},{\"@type\":\"WebSite\",\"@id\":\"https:\\\/\\\/essencesamazigh.com\\\/#website\",\"url\":\"https:\\\/\\\/essencesamazigh.com\\\/\",\"name\":\"Essences Amazigh\",\"description\":\"The TRUE power of flowers\",\"publisher\":{\"@id\":\"https:\\\/\\\/essencesamazigh.com\\\/#organization\"},\"potentialAction\":[{\"@type\":\"SearchAction\",\"target\":{\"@type\":\"EntryPoint\",\"urlTemplate\":\"https:\\\/\\\/essencesamazigh.com\\\/?s={search_term_string}\"},\"query-input\":{\"@type\":\"PropertyValueSpecification\",\"valueRequired\":true,\"valueName\":\"search_term_string\"}}],\"inLanguage\":\"fr-FR\"},{\"@type\":\"Organization\",\"@id\":\"https:\\\/\\\/essencesamazigh.com\\\/#organization\",\"name\":\"Essences Amazigh\",\"url\":\"https:\\\/\\\/essencesamazigh.com\\\/\",\"logo\":{\"@type\":\"ImageObject\",\"inLanguage\":\"fr-FR\",\"@id\":\"https:\\\/\\\/essencesamazigh.com\\\/#\\\/schema\\\/logo\\\/image\\\/\",\"url\":\"https:\\\/\\\/i0.wp.com\\\/essencesamazigh.com\\\/wp-content\\\/uploads\\\/LogoEA512x512pixel-1.png?fit=512%2C512&ssl=1\",\"contentUrl\":\"https:\\\/\\\/i0.wp.com\\\/essencesamazigh.com\\\/wp-content\\\/uploads\\\/LogoEA512x512pixel-1.png?fit=512%2C512&ssl=1\",\"width\":512,\"height\":512,\"caption\":\"Essences Amazigh\"},\"image\":{\"@id\":\"https:\\\/\\\/essencesamazigh.com\\\/#\\\/schema\\\/logo\\\/image\\\/\"},\"sameAs\":[\"https:\\\/\\\/www.facebook.com\\\/profile.php?id=100086107194579\",\"https:\\\/\\\/www.instagram.com\\\/essencesamazigh\\\/\"]}]}<\/script>\n<!-- \/ Yoast SEO plugin. -->","yoast_head_json":{"title":"Baume parfum\u00e9 'UL' | Essences Amazigh","description":"Le baume parfum\u00e9 UL : la combinaison sensuelle de l'Oudh, des p\u00e9tales de rose et des essences de fleurs qui contribuent aux pouvoirs de la f\u00e9minit\u00e9 et \u00e0 l'ouverture du c\u0153ur.","robots":{"index":"index","follow":"follow","max-snippet":"max-snippet:-1","max-image-preview":"max-image-preview:large","max-video-preview":"max-video-preview:-1"},"canonical":"https:\/\/essencesamazigh.com\/fr\/produit\/baume-parfume-ul\/","og_locale":"fr_FR","og_type":"article","og_title":"Perfumed balm 'UL'","og_description":"The perfumed balm UL : the sensual combination of Oudh, rose petals and flower essences that contribute to the powers of femininity and opening of the heart","og_url":"https:\/\/essencesamazigh.com\/fr\/produit\/baume-parfume-ul\/","og_site_name":"Essences Amazigh","article_publisher":"https:\/\/www.facebook.com\/profile.php?id=100086107194579","article_modified_time":"2026-03-31T17:40:26+00:00","og_image":[{"width":512,"height":512,"url":"https:\/\/i0.wp.com\/essencesamazigh.com\/wp-content\/uploads\/LogoEA512x512pixel-1.png?fit=512%2C512&ssl=1","type":"image\/png"}],"twitter_card":"summary_large_image","twitter_title":"Perfumed balm 'UL'","twitter_description":"The perfumed balm UL : the sensual combination of Oudh, rose petals and flower essences that contribute to the powers of femininity and opening of the heart","twitter_misc":{"Dur\u00e9e de lecture estim\u00e9e":"1 minute"},"schema":{"@context":"https:\/\/schema.org","@graph":[{"@type":"WebPage","@id":"https:\/\/essencesamazigh.com\/product\/perfumed-balm-ul\/","url":"https:\/\/essencesamazigh.com\/product\/perfumed-balm-ul\/","name":"Baume parfum\u00e9 'UL' | Essences Amazigh","isPartOf":{"@id":"https:\/\/essencesamazigh.com\/#website"},"primaryImageOfPage":{"@id":"https:\/\/essencesamazigh.com\/product\/perfumed-balm-ul\/#primaryimage"},"image":{"@id":"https:\/\/essencesamazigh.com\/product\/perfumed-balm-ul\/#primaryimage"},"thumbnailUrl":"https:\/\/i0.wp.com\/essencesamazigh.com\/wp-content\/uploads\/2024\/03\/SOINSCHEVEUXCORPSVISAGEBaumeParfumeULPOS1.png?fit=1800%2C2400&ssl=1","datePublished":"2024-03-26T08:20:11+00:00","dateModified":"2026-03-31T17:40:26+00:00","description":"Le baume parfum\u00e9 UL : la combinaison sensuelle de l'Oudh, des p\u00e9tales de rose et des essences de fleurs qui contribuent aux pouvoirs de la f\u00e9minit\u00e9 et \u00e0 l'ouverture du c\u0153ur.","breadcrumb":{"@id":"https:\/\/essencesamazigh.com\/product\/perfumed-balm-ul\/#breadcrumb"},"inLanguage":"fr-FR","potentialAction":[{"@type":"ReadAction","target":["https:\/\/essencesamazigh.com\/product\/perfumed-balm-ul\/"]}]},{"@type":"ImageObject","inLanguage":"fr-FR","@id":"https:\/\/essencesamazigh.com\/product\/perfumed-balm-ul\/#primaryimage","url":"https:\/\/i0.wp.com\/essencesamazigh.com\/wp-content\/uploads\/2024\/03\/SOINSCHEVEUXCORPSVISAGEBaumeParfumeULPOS1.png?fit=1800%2C2400&ssl=1","contentUrl":"https:\/\/i0.wp.com\/essencesamazigh.com\/wp-content\/uploads\/2024\/03\/SOINSCHEVEUXCORPSVISAGEBaumeParfumeULPOS1.png?fit=1800%2C2400&ssl=1","width":1800,"height":2400,"caption":"Perfumed balm UL"},{"@type":"BreadcrumbList","@id":"https:\/\/essencesamazigh.com\/product\/perfumed-balm-ul\/#breadcrumb","itemListElement":[{"@type":"ListItem","position":1,"name":"Home","item":"https:\/\/essencesamazigh.com\/"},{"@type":"ListItem","position":2,"name":"Shop","item":"https:\/\/essencesamazigh.com\/shop-all-essences-amazigh\/"},{"@type":"ListItem","position":3,"name":"Perfumed balm &#8216;UL&#8217;"}]},{"@type":"WebSite","@id":"https:\/\/essencesamazigh.com\/#website","url":"https:\/\/essencesamazigh.com\/","name":"Essences Amazigh","description":"Le VRAI pouvoir des fleurs","publisher":{"@id":"https:\/\/essencesamazigh.com\/#organization"},"potentialAction":[{"@type":"SearchAction","target":{"@type":"EntryPoint","urlTemplate":"https:\/\/essencesamazigh.com\/?s={search_term_string}"},"query-input":{"@type":"PropertyValueSpecification","valueRequired":true,"valueName":"search_term_string"}}],"inLanguage":"fr-FR"},{"@type":"Organization","@id":"https:\/\/essencesamazigh.com\/#organization","name":"Essences Amazigh","url":"https:\/\/essencesamazigh.com\/","logo":{"@type":"ImageObject","inLanguage":"fr-FR","@id":"https:\/\/essencesamazigh.com\/#\/schema\/logo\/image\/","url":"https:\/\/i0.wp.com\/essencesamazigh.com\/wp-content\/uploads\/LogoEA512x512pixel-1.png?fit=512%2C512&ssl=1","contentUrl":"https:\/\/i0.wp.com\/essencesamazigh.com\/wp-content\/uploads\/LogoEA512x512pixel-1.png?fit=512%2C512&ssl=1","width":512,"height":512,"caption":"Essences Amazigh"},"image":{"@id":"https:\/\/essencesamazigh.com\/#\/schema\/logo\/image\/"},"sameAs":["https:\/\/www.facebook.com\/profile.php?id=100086107194579","https:\/\/www.instagram.com\/essencesamazigh\/"]}]}},"jetpack_sharing_enabled":true,"_links":{"self":[{"href":"https:\/\/essencesamazigh.com\/fr\/wp-json\/wp\/v2\/product\/5529","targetHints":{"allow":["GET"]}}],"collection":[{"href":"https:\/\/essencesamazigh.com\/fr\/wp-json\/wp\/v2\/product"}],"about":[{"href":"https:\/\/essencesamazigh.com\/fr\/wp-json\/wp\/v2\/types\/product"}],"version-history":[{"count":7,"href":"https:\/\/essencesamazigh.com\/fr\/wp-json\/wp\/v2\/product\/5529\/revisions"}],"predecessor-version":[{"id":5720,"href":"https:\/\/essencesamazigh.com\/fr\/wp-json\/wp\/v2\/product\/5529\/revisions\/5720"}],"wp:featuredmedia":[{"embeddable":true,"href":"https:\/\/essencesamazigh.com\/fr\/wp-json\/wp\/v2\/media\/7735"}],"wp:attachment":[{"href":"https:\/\/essencesamazigh.com\/fr\/wp-json\/wp\/v2\/media?parent=5529"}],"wp:term":[{"taxonomy":"product_brand","embeddable":true,"href":"https:\/\/essencesamazigh.com\/fr\/wp-json\/wp\/v2\/product_brand?post=5529"},{"taxonomy":"product_cat","embeddable":true,"href":"https:\/\/essencesamazigh.com\/fr\/wp-json\/wp\/v2\/product_cat?post=5529"},{"taxonomy":"product_tag","embeddable":true,"href":"https:\/\/essencesamazigh.com\/fr\/wp-json\/wp\/v2\/product_tag?post=5529"}],"curies":[{"name":"wp","href":"https:\/\/api.w.org\/{rel}","templated":true}]}}