{"id":5488,"date":"2024-03-25T12:34:52","date_gmt":"2024-03-25T12:34:52","guid":{"rendered":"https:\/\/essencesamazigh.com\/?post_type=product&#038;p=5488"},"modified":"2026-03-31T12:36:53","modified_gmt":"2026-03-31T11:36:53","slug":"essence-de-fleur-integrite-sensuelle","status":"publish","type":"product","link":"https:\/\/essencesamazigh.com\/fr\/product\/flower-essence-sensual-integrity\/","title":{"rendered":"\u00c9lixir de fleurs \u2018Int\u00e9grit\u00e9 sensuelle\u2019"},"content":{"rendered":"<p data-path-to-node=\"3\"><b data-path-to-node=\"3\" data-index-in-node=\"0\">Int\u00e9grit\u00e9 sensuelle<\/b> est une infusion vibratoire con\u00e7ue pour favoriser une connexion harmonieuse entre le c\u0153ur et le corps. Cette formule est con\u00e7ue pour aider \u00e0 dissoudre les sentiments de honte, la conscience de soi ou les associations n\u00e9gatives qui peuvent cr\u00e9er une barri\u00e8re \u00e0 l'intimit\u00e9. En gu\u00e9rissant l'inconfort \u00e9motionnel souvent li\u00e9 \u00e0 l'amour et \u00e0 la vuln\u00e9rabilit\u00e9, elle vous permet de r\u00e9cup\u00e9rer votre droit \u00e0 vivre la joie et la passion.<\/p>\n<p data-path-to-node=\"4\">Plut\u00f4t que de se contenter de traiter la surface, <b data-path-to-node=\"4\" data-index-in-node=\"41\">Int\u00e9grit\u00e9 sensuelle<\/b> agit comme un doux catalyseur de l'amour de soi. Il soutient ceux qui souhaitent raviver l'int\u00e9r\u00eat pour leurs relations et devenir plus expressifs et r\u00e9ceptifs, tant sur le plan physique qu'\u00e9motionnel.<\/p>\n<h3 data-path-to-node=\"5\">La synergie botanique :<\/h3>\n<ul data-path-to-node=\"6\">\n<li>\n<p data-path-to-node=\"6,0,0\"><b data-path-to-node=\"6,0,0\" data-index-in-node=\"0\">Pomme de crabe chinoise :<\/b> Lib\u00e8re des sentiments de \u201cmalpropret\u00e9\u201d ou de honte physique, en favorisant un sentiment de puret\u00e9 int\u00e9rieure.<\/p>\n<\/li>\n<li>\n<p data-path-to-node=\"6,1,0\"><b data-path-to-node=\"6,1,0\" data-index-in-node=\"0\">Rose de Damas :<\/b> Comble le foss\u00e9 entre le toucher physique et l'amour \u00e9motionnel, ouvrant le c\u0153ur \u00e0 une connexion profonde.<\/p>\n<\/li>\n<li>\n<p data-path-to-node=\"6,2,0\"><b data-path-to-node=\"6,2,0\" data-index-in-node=\"0\">Hibiscus endormi :<\/b> R\u00e9veille en douceur l'\u00e9nergie sacr\u00e9e, ravivant l'\u00e9tincelle interne de passion et de chaleur.<\/p>\n<\/li>\n<li>\n<p data-path-to-node=\"6,3,0\"><b data-path-to-node=\"6,3,0\" data-index-in-node=\"0\">Onagre :<\/b> Gu\u00e9rit les sch\u00e9mas de rejet profond\u00e9ment ancr\u00e9s, permettant la s\u00e9curit\u00e9 dans la vuln\u00e9rabilit\u00e9.<\/p>\n<\/li>\n<li>\n<p data-path-to-node=\"6,4,0\"><b data-path-to-node=\"6,4,0\" data-index-in-node=\"0\">Cucomber :<\/b> Adoucit la rigidit\u00e9 mentale et les pens\u00e9es excessives, ce qui permet d'\u00eatre pr\u00e9sent dans l'instant.<\/p>\n<\/li>\n<li>\n<p data-path-to-node=\"6,5,0\"><b data-path-to-node=\"6,5,0\" data-index-in-node=\"0\">Olive :<\/b> R\u00e9approvisionne l'\u00e9nergie vitale n\u00e9cessaire pour s'engager pleinement et de mani\u00e8re vibrante dans les relations.<\/p>\n<\/li>\n<\/ul>\n<p data-path-to-node=\"7\"><b data-path-to-node=\"7\" data-index-in-node=\"73\">Int\u00e9grit\u00e9 sensuelle<\/b> est un outil permettant de revenir \u00e0 un \u00e9tat d'intimit\u00e9 expressive et centr\u00e9e sur le c\u0153ur.<\/p>\n<p>*** Pour le bien-\u00eatre et la relaxation uniquement. Ce produit n'est pas un m\u00e9dicament et n'est pas destin\u00e9 \u00e0 diagnostiquer, traiter, pr\u00e9venir ou gu\u00e9rir une maladie. Les effets d\u00e9crits sont de nature symbolique et traditionnelle. Utiliser selon les instructions.<\/p>\n<p>&nbsp;<\/p>","protected":false},"excerpt":{"rendered":"<p>Sensual Integrity flower essence is a vibrational infusion designed to foster a harmonious connection between the heart and the body. This formula is crafted to help dissolve feelings of shame, self-consciousness, or negative associations that can create a barrier to intimacy. By healing the emotional discomfort often linked to love and vulnerability, it enables you [&hellip;]<\/p>\n","protected":false},"featured_media":10200,"template":"","meta":[],"product_brand":[],"product_cat":[45],"product_tag":[117],"class_list":{"0":"post-5488","1":"product","2":"type-product","3":"status-publish","4":"has-post-thumbnail","6":"product_cat-flower-essences-combination","7":"product_tag-flower-essence","9":"first","10":"instock","11":"shipping-taxable","12":"purchasable","13":"product-type-simple"},"yoast_head":"<!-- This site is optimized with the Yoast SEO plugin v27.4 - https:\/\/yoast.com\/product\/yoast-seo-wordpress\/ -->\n<title>Flower essence &#039;Sensual Integrity&#039; | Essences Amazigh<\/title>\n<meta name=\"description\" content=\"Reclaim intimacy with Sensual Integrity flower essence . A 6 flower synergy to heal shame, restore self-love, and revive vital passion\" \/>\n<meta name=\"robots\" content=\"index, follow, max-snippet:-1, max-image-preview:large, max-video-preview:-1\" \/>\n<link rel=\"canonical\" href=\"https:\/\/essencesamazigh.com\/fr\/produit\/essence-de-fleur-integrite-sensuelle\/\" \/>\n<meta property=\"og:locale\" content=\"fr_FR\" \/>\n<meta property=\"og:type\" content=\"article\" \/>\n<meta property=\"og:title\" content=\"Flower essence &#039;Sensual Integrity&#039;\" \/>\n<meta property=\"og:description\" content=\"Reclaim intimacy with Sensual Integrity flower essence . A 6 flower synergy to heal shame, restore self-love, and revive vital passion\" \/>\n<meta property=\"og:url\" content=\"https:\/\/essencesamazigh.com\/fr\/produit\/essence-de-fleur-integrite-sensuelle\/\" \/>\n<meta property=\"og:site_name\" content=\"Essences Amazigh\" \/>\n<meta property=\"article:publisher\" content=\"https:\/\/www.facebook.com\/profile.php?id=100086107194579\" \/>\n<meta property=\"article:modified_time\" content=\"2026-03-31T11:36:53+00:00\" \/>\n<meta property=\"og:image\" content=\"https:\/\/i0.wp.com\/essencesamazigh.com\/wp-content\/uploads\/LogoEA512x512pixel-1.png?fit=512%2C512&ssl=1\" \/>\n\t<meta property=\"og:image:width\" content=\"512\" \/>\n\t<meta property=\"og:image:height\" content=\"512\" \/>\n\t<meta property=\"og:image:type\" content=\"image\/png\" \/>\n<meta name=\"twitter:card\" content=\"summary_large_image\" \/>\n<meta name=\"twitter:title\" content=\"Flower essence &#039;Sensual Integrity&#039;\" \/>\n<meta name=\"twitter:description\" content=\"Reclaim intimacy with Sensual Integrity flower essence . A 6 flower synergy to heal shame, restore self-love, and revive vital passion\" \/>\n<meta name=\"twitter:label1\" content=\"Dur\u00e9e de lecture estim\u00e9e\" \/>\n\t<meta name=\"twitter:data1\" content=\"2 minutes\" \/>\n<script type=\"application\/ld+json\" class=\"yoast-schema-graph\">{\"@context\":\"https:\\\/\\\/schema.org\",\"@graph\":[{\"@type\":\"WebPage\",\"@id\":\"https:\\\/\\\/essencesamazigh.com\\\/product\\\/flower-essence-sensual-integrity\\\/\",\"url\":\"https:\\\/\\\/essencesamazigh.com\\\/product\\\/flower-essence-sensual-integrity\\\/\",\"name\":\"Flower essence 'Sensual Integrity' | Essences Amazigh\",\"isPartOf\":{\"@id\":\"https:\\\/\\\/essencesamazigh.com\\\/#website\"},\"primaryImageOfPage\":{\"@id\":\"https:\\\/\\\/essencesamazigh.com\\\/product\\\/flower-essence-sensual-integrity\\\/#primaryimage\"},\"image\":{\"@id\":\"https:\\\/\\\/essencesamazigh.com\\\/product\\\/flower-essence-sensual-integrity\\\/#primaryimage\"},\"thumbnailUrl\":\"https:\\\/\\\/i0.wp.com\\\/essencesamazigh.com\\\/wp-content\\\/uploads\\\/2024\\\/03\\\/FESensualIntegrityPOS1-1.jpg?fit=1800%2C2400&ssl=1\",\"datePublished\":\"2024-03-25T12:34:52+00:00\",\"dateModified\":\"2026-03-31T11:36:53+00:00\",\"description\":\"Reclaim intimacy with Sensual Integrity flower essence . A 6 flower synergy to heal shame, restore self-love, and revive vital passion\",\"breadcrumb\":{\"@id\":\"https:\\\/\\\/essencesamazigh.com\\\/product\\\/flower-essence-sensual-integrity\\\/#breadcrumb\"},\"inLanguage\":\"fr-FR\",\"potentialAction\":[{\"@type\":\"ReadAction\",\"target\":[\"https:\\\/\\\/essencesamazigh.com\\\/product\\\/flower-essence-sensual-integrity\\\/\"]}]},{\"@type\":\"ImageObject\",\"inLanguage\":\"fr-FR\",\"@id\":\"https:\\\/\\\/essencesamazigh.com\\\/product\\\/flower-essence-sensual-integrity\\\/#primaryimage\",\"url\":\"https:\\\/\\\/i0.wp.com\\\/essencesamazigh.com\\\/wp-content\\\/uploads\\\/2024\\\/03\\\/FESensualIntegrityPOS1-1.jpg?fit=1800%2C2400&ssl=1\",\"contentUrl\":\"https:\\\/\\\/i0.wp.com\\\/essencesamazigh.com\\\/wp-content\\\/uploads\\\/2024\\\/03\\\/FESensualIntegrityPOS1-1.jpg?fit=1800%2C2400&ssl=1\",\"width\":1800,\"height\":2400,\"caption\":\"Flower essence Sensual Integrity\"},{\"@type\":\"BreadcrumbList\",\"@id\":\"https:\\\/\\\/essencesamazigh.com\\\/product\\\/flower-essence-sensual-integrity\\\/#breadcrumb\",\"itemListElement\":[{\"@type\":\"ListItem\",\"position\":1,\"name\":\"Home\",\"item\":\"https:\\\/\\\/essencesamazigh.com\\\/\"},{\"@type\":\"ListItem\",\"position\":2,\"name\":\"Shop\",\"item\":\"https:\\\/\\\/essencesamazigh.com\\\/shop-all-essences-amazigh\\\/\"},{\"@type\":\"ListItem\",\"position\":3,\"name\":\"Flower essence &#8216;Sensual Integrity&#8217;\"}]},{\"@type\":\"WebSite\",\"@id\":\"https:\\\/\\\/essencesamazigh.com\\\/#website\",\"url\":\"https:\\\/\\\/essencesamazigh.com\\\/\",\"name\":\"Essences Amazigh\",\"description\":\"The TRUE power of flowers\",\"publisher\":{\"@id\":\"https:\\\/\\\/essencesamazigh.com\\\/#organization\"},\"potentialAction\":[{\"@type\":\"SearchAction\",\"target\":{\"@type\":\"EntryPoint\",\"urlTemplate\":\"https:\\\/\\\/essencesamazigh.com\\\/?s={search_term_string}\"},\"query-input\":{\"@type\":\"PropertyValueSpecification\",\"valueRequired\":true,\"valueName\":\"search_term_string\"}}],\"inLanguage\":\"fr-FR\"},{\"@type\":\"Organization\",\"@id\":\"https:\\\/\\\/essencesamazigh.com\\\/#organization\",\"name\":\"Essences Amazigh\",\"url\":\"https:\\\/\\\/essencesamazigh.com\\\/\",\"logo\":{\"@type\":\"ImageObject\",\"inLanguage\":\"fr-FR\",\"@id\":\"https:\\\/\\\/essencesamazigh.com\\\/#\\\/schema\\\/logo\\\/image\\\/\",\"url\":\"https:\\\/\\\/i0.wp.com\\\/essencesamazigh.com\\\/wp-content\\\/uploads\\\/LogoEA512x512pixel-1.png?fit=512%2C512&ssl=1\",\"contentUrl\":\"https:\\\/\\\/i0.wp.com\\\/essencesamazigh.com\\\/wp-content\\\/uploads\\\/LogoEA512x512pixel-1.png?fit=512%2C512&ssl=1\",\"width\":512,\"height\":512,\"caption\":\"Essences Amazigh\"},\"image\":{\"@id\":\"https:\\\/\\\/essencesamazigh.com\\\/#\\\/schema\\\/logo\\\/image\\\/\"},\"sameAs\":[\"https:\\\/\\\/www.facebook.com\\\/profile.php?id=100086107194579\",\"https:\\\/\\\/www.instagram.com\\\/essencesamazigh\\\/\"]}]}<\/script>\n<!-- \/ Yoast SEO plugin. -->","yoast_head_json":{"title":"\u00c9lixir de fleurs 'Int\u00e9grit\u00e9 sensuelle' | Essences Amazigh","description":"Retrouvez l'intimit\u00e9 avec l'essence de fleurs Int\u00e9grit\u00e9 sensuelle. Une synergie de 6 fleurs pour gu\u00e9rir la honte, restaurer l'amour de soi et raviver la passion vitale.","robots":{"index":"index","follow":"follow","max-snippet":"max-snippet:-1","max-image-preview":"max-image-preview:large","max-video-preview":"max-video-preview:-1"},"canonical":"https:\/\/essencesamazigh.com\/fr\/produit\/essence-de-fleur-integrite-sensuelle\/","og_locale":"fr_FR","og_type":"article","og_title":"Flower essence 'Sensual Integrity'","og_description":"Reclaim intimacy with Sensual Integrity flower essence . A 6 flower synergy to heal shame, restore self-love, and revive vital passion","og_url":"https:\/\/essencesamazigh.com\/fr\/produit\/essence-de-fleur-integrite-sensuelle\/","og_site_name":"Essences Amazigh","article_publisher":"https:\/\/www.facebook.com\/profile.php?id=100086107194579","article_modified_time":"2026-03-31T11:36:53+00:00","og_image":[{"width":512,"height":512,"url":"https:\/\/i0.wp.com\/essencesamazigh.com\/wp-content\/uploads\/LogoEA512x512pixel-1.png?fit=512%2C512&ssl=1","type":"image\/png"}],"twitter_card":"summary_large_image","twitter_title":"Flower essence 'Sensual Integrity'","twitter_description":"Reclaim intimacy with Sensual Integrity flower essence . A 6 flower synergy to heal shame, restore self-love, and revive vital passion","twitter_misc":{"Dur\u00e9e de lecture estim\u00e9e":"2 minutes"},"schema":{"@context":"https:\/\/schema.org","@graph":[{"@type":"WebPage","@id":"https:\/\/essencesamazigh.com\/product\/flower-essence-sensual-integrity\/","url":"https:\/\/essencesamazigh.com\/product\/flower-essence-sensual-integrity\/","name":"\u00c9lixir de fleurs 'Int\u00e9grit\u00e9 sensuelle' | Essences Amazigh","isPartOf":{"@id":"https:\/\/essencesamazigh.com\/#website"},"primaryImageOfPage":{"@id":"https:\/\/essencesamazigh.com\/product\/flower-essence-sensual-integrity\/#primaryimage"},"image":{"@id":"https:\/\/essencesamazigh.com\/product\/flower-essence-sensual-integrity\/#primaryimage"},"thumbnailUrl":"https:\/\/i0.wp.com\/essencesamazigh.com\/wp-content\/uploads\/2024\/03\/FESensualIntegrityPOS1-1.jpg?fit=1800%2C2400&ssl=1","datePublished":"2024-03-25T12:34:52+00:00","dateModified":"2026-03-31T11:36:53+00:00","description":"Retrouvez l'intimit\u00e9 avec l'essence de fleurs Int\u00e9grit\u00e9 sensuelle. Une synergie de 6 fleurs pour gu\u00e9rir la honte, restaurer l'amour de soi et raviver la passion vitale.","breadcrumb":{"@id":"https:\/\/essencesamazigh.com\/product\/flower-essence-sensual-integrity\/#breadcrumb"},"inLanguage":"fr-FR","potentialAction":[{"@type":"ReadAction","target":["https:\/\/essencesamazigh.com\/product\/flower-essence-sensual-integrity\/"]}]},{"@type":"ImageObject","inLanguage":"fr-FR","@id":"https:\/\/essencesamazigh.com\/product\/flower-essence-sensual-integrity\/#primaryimage","url":"https:\/\/i0.wp.com\/essencesamazigh.com\/wp-content\/uploads\/2024\/03\/FESensualIntegrityPOS1-1.jpg?fit=1800%2C2400&ssl=1","contentUrl":"https:\/\/i0.wp.com\/essencesamazigh.com\/wp-content\/uploads\/2024\/03\/FESensualIntegrityPOS1-1.jpg?fit=1800%2C2400&ssl=1","width":1800,"height":2400,"caption":"Flower essence Sensual Integrity"},{"@type":"BreadcrumbList","@id":"https:\/\/essencesamazigh.com\/product\/flower-essence-sensual-integrity\/#breadcrumb","itemListElement":[{"@type":"ListItem","position":1,"name":"Home","item":"https:\/\/essencesamazigh.com\/"},{"@type":"ListItem","position":2,"name":"Shop","item":"https:\/\/essencesamazigh.com\/shop-all-essences-amazigh\/"},{"@type":"ListItem","position":3,"name":"Flower essence &#8216;Sensual Integrity&#8217;"}]},{"@type":"WebSite","@id":"https:\/\/essencesamazigh.com\/#website","url":"https:\/\/essencesamazigh.com\/","name":"Essences Amazigh","description":"Le VRAI pouvoir des fleurs","publisher":{"@id":"https:\/\/essencesamazigh.com\/#organization"},"potentialAction":[{"@type":"SearchAction","target":{"@type":"EntryPoint","urlTemplate":"https:\/\/essencesamazigh.com\/?s={search_term_string}"},"query-input":{"@type":"PropertyValueSpecification","valueRequired":true,"valueName":"search_term_string"}}],"inLanguage":"fr-FR"},{"@type":"Organization","@id":"https:\/\/essencesamazigh.com\/#organization","name":"Essences Amazigh","url":"https:\/\/essencesamazigh.com\/","logo":{"@type":"ImageObject","inLanguage":"fr-FR","@id":"https:\/\/essencesamazigh.com\/#\/schema\/logo\/image\/","url":"https:\/\/i0.wp.com\/essencesamazigh.com\/wp-content\/uploads\/LogoEA512x512pixel-1.png?fit=512%2C512&ssl=1","contentUrl":"https:\/\/i0.wp.com\/essencesamazigh.com\/wp-content\/uploads\/LogoEA512x512pixel-1.png?fit=512%2C512&ssl=1","width":512,"height":512,"caption":"Essences Amazigh"},"image":{"@id":"https:\/\/essencesamazigh.com\/#\/schema\/logo\/image\/"},"sameAs":["https:\/\/www.facebook.com\/profile.php?id=100086107194579","https:\/\/www.instagram.com\/essencesamazigh\/"]}]}},"jetpack_sharing_enabled":true,"_links":{"self":[{"href":"https:\/\/essencesamazigh.com\/fr\/wp-json\/wp\/v2\/product\/5488","targetHints":{"allow":["GET"]}}],"collection":[{"href":"https:\/\/essencesamazigh.com\/fr\/wp-json\/wp\/v2\/product"}],"about":[{"href":"https:\/\/essencesamazigh.com\/fr\/wp-json\/wp\/v2\/types\/product"}],"version-history":[{"count":18,"href":"https:\/\/essencesamazigh.com\/fr\/wp-json\/wp\/v2\/product\/5488\/revisions"}],"predecessor-version":[{"id":10165,"href":"https:\/\/essencesamazigh.com\/fr\/wp-json\/wp\/v2\/product\/5488\/revisions\/10165"}],"wp:featuredmedia":[{"embeddable":true,"href":"https:\/\/essencesamazigh.com\/fr\/wp-json\/wp\/v2\/media\/10200"}],"wp:attachment":[{"href":"https:\/\/essencesamazigh.com\/fr\/wp-json\/wp\/v2\/media?parent=5488"}],"wp:term":[{"taxonomy":"product_brand","embeddable":true,"href":"https:\/\/essencesamazigh.com\/fr\/wp-json\/wp\/v2\/product_brand?post=5488"},{"taxonomy":"product_cat","embeddable":true,"href":"https:\/\/essencesamazigh.com\/fr\/wp-json\/wp\/v2\/product_cat?post=5488"},{"taxonomy":"product_tag","embeddable":true,"href":"https:\/\/essencesamazigh.com\/fr\/wp-json\/wp\/v2\/product_tag?post=5488"}],"curies":[{"name":"wp","href":"https:\/\/api.w.org\/{rel}","templated":true}]}}