{"id":5459,"date":"2024-03-25T10:41:31","date_gmt":"2024-03-25T10:41:31","guid":{"rendered":"https:\/\/essencesamazigh.com\/?post_type=product&#038;p=5459"},"modified":"2026-03-31T12:35:29","modified_gmt":"2026-03-31T11:35:29","slug":"essence-de-fleur-pomme-de-crabe-chinoise","status":"publish","type":"product","link":"https:\/\/essencesamazigh.com\/fr\/product\/flower-essence-chinese-crab-apple\/","title":{"rendered":"Essence de fleurs de pomme chinoise"},"content":{"rendered":"<p><strong>Introduction : <\/strong>Le\u00a0<strong>Pomme de crabe<\/strong>\u00a0(<em>Malus pumila<\/em>) est un petit pommier sauvage caract\u00e9ris\u00e9 par son bois noueux et robuste et son explosion de belles fleurs blanches \u00e0 roses au printemps. Si l'arbre est ornemental et robuste, son fruit est c\u00e9l\u00e8bre pour son acidit\u00e9 et sa petite taille, souvent utilis\u00e9e pour ses propri\u00e9t\u00e9s \u201cpiquantes\u201d et clarifiantes.\u00a0<strong>A Nefta, c'est un arbre que l'on trouve dans les poches plus fra\u00eeches et ombrag\u00e9es des diff\u00e9rentes oasis o\u00f9 la biodiversit\u00e9 se d\u00e9veloppe.<\/strong>\u00a0Dans la tradition des \u00e9lixirs floraux, Crab Apple est connu sous le nom de \u201cCleansing Remedy\u201d. Il s'attaque au sentiment d'\u00eatre \u201cimpur\u201d ou \u201cencombr\u00e9\u201d - que ce soit physiquement, mentalement ou \u00e9motionnellement - et aide l'individu \u00e0 retrouver un \u00e9tat de puret\u00e9 int\u00e9rieure et d'acceptation de soi.<\/p>\n<p style=\"font-weight: 400;\"><strong>Arch\u00e9type :<\/strong>\u00a0<strong>Le nettoyant \u00e9motionnel<\/strong> - Faciliter un sentiment d'ordre int\u00e9rieur, de propret\u00e9 et de lib\u00e9ration de l'aversion pour soi.<\/p>\n<p style=\"font-weight: 400;\"><strong>Sympt\u00f4mes cl\u00e9s (le \u2018avant\u2019) :<\/strong><\/p>\n<ul style=\"font-weight: 400;\">\n<li><strong>Sentiment d'impuret\u00e9 :<\/strong>\u00a0Sentiment persistant d'\u00eatre \u201cimpur\u201d, \u201ccontamin\u00e9\u201d ou \u201csale\u201d sur le plan \u00e9motionnel ou physique.<\/li>\n<li><strong>Fixation sur les petits d\u00e9tails :<\/strong>\u00a0L'obsession des petites imperfections - qu'il s'agisse d'une tache sur la peau, d'une petite erreur ou d'un \u201cd\u00e9faut\u201d per\u00e7u dans le caract\u00e8re d'une personne.<\/li>\n<li><strong>Le d\u00e9go\u00fbt de soi :<\/strong>\u00a0Un manque d'acceptation de soi o\u00f9 l'on se sent \u201cgrossier\u201d ou honteux de ses propres pens\u00e9es naturelles ou de sa pr\u00e9sence physique.<\/li>\n<li><strong>Le besoin de perfection :<\/strong>\u00a0Une tendance \u00e0 se sentir \u201cencombr\u00e9\u201d ou anxieux lorsque l'environnement ou l'image de soi ne sont pas parfaitement ordonn\u00e9s.<\/li>\n<li><strong>Toxicit\u00e9 \u00e9motionnelle :<\/strong>\u00a0Sentiment d'\u00eatre accabl\u00e9 par des pens\u00e9es n\u00e9gatives ou un \u00e9tat interne \u201cencombr\u00e9\u201d qui doit \u00eatre \u00e9vacu\u00e9.<\/li>\n<\/ul>\n<p style=\"font-weight: 400;\"><strong>Potentiel de transformation (l'apr\u00e8s) :<\/strong><\/p>\n<ul style=\"font-weight: 400;\">\n<li><strong>De la honte \u00e0 l'acceptation :<\/strong>\u00a0Favorise une perspective saine sur soi-m\u00eame, permettant d'accepter les imperfections sans jugement.<\/li>\n<li><strong>Puret\u00e9 int\u00e9rieure :<\/strong>\u00a0Favorise le sentiment d'\u00eatre \u201cnettoy\u00e9\u201d et rafra\u00eechi de l'int\u00e9rieur.<\/li>\n<li><strong>Le sens des proportions :<\/strong>\u00a0Aide l'individu \u00e0 aller au-del\u00e0 des d\u00e9tails mineurs pour voir la \u201cvue d'ensemble\u201d de sa propre beaut\u00e9 et de sa valeur.<\/li>\n<li><strong>Ordre et clart\u00e9 :<\/strong>\u00a0Favorise le sens de l'organisation interne et externe, en aidant \u00e0 \u00e9liminer le \u201cd\u00e9sordre\u201d mental.\u201d<\/li>\n<li><strong>Une pl\u00e9nitude rayonnante :<\/strong> Facilite le retour \u00e0 un \u00e9tat de gr\u00e2ce o\u00f9 l'on se sent \u00e0 l'aise et pur dans sa peau.<\/li>\n<\/ul>\n<p>*** Pour le bien-\u00eatre et la relaxation uniquement. Ce produit n'est pas un m\u00e9dicament et n'est pas destin\u00e9 \u00e0 diagnostiquer, traiter, pr\u00e9venir ou gu\u00e9rir une maladie. Les effets d\u00e9crits sont de nature symbolique et traditionnelle. Utiliser selon les instructions.<\/p>\n<p>&nbsp;<\/p>","protected":false},"excerpt":{"rendered":"<p>\u2018La fleur de l'acceptation de soi\u2019<\/p>","protected":false},"featured_media":10184,"template":"","meta":[],"product_brand":[],"product_cat":[21],"product_tag":[117],"class_list":{"0":"post-5459","1":"product","2":"type-product","3":"status-publish","4":"has-post-thumbnail","6":"product_cat-flower-essences-single","7":"product_tag-flower-essence","9":"first","10":"instock","11":"shipping-taxable","12":"purchasable","13":"product-type-simple"},"yoast_head":"<!-- This site is optimized with the Yoast SEO plugin v27.4 - https:\/\/yoast.com\/product\/yoast-seo-wordpress\/ -->\n<title>Flower essence of Chinese crab apple | Essences Amazigh<\/title>\n<meta name=\"description\" content=\"Chinese Crab Apple Flower Essence The Cleanser: A traditional remedy to restore a sense of inner purity, self-acceptance, and emotional clarity.\" \/>\n<meta name=\"robots\" content=\"index, follow, max-snippet:-1, max-image-preview:large, max-video-preview:-1\" \/>\n<link rel=\"canonical\" href=\"https:\/\/essencesamazigh.com\/fr\/produit\/essence-de-fleur-pomme-de-crabe-chinoise\/\" \/>\n<meta property=\"og:locale\" content=\"fr_FR\" \/>\n<meta property=\"og:type\" content=\"article\" \/>\n<meta property=\"og:title\" content=\"Flower essence of Chinese crab apple\" \/>\n<meta property=\"og:description\" content=\"Chinese Crab Apple Flower Essence. The Cleanser: A traditional remedy to restore a sense of inner purity, self-acceptance, and emotional clarity.\" \/>\n<meta property=\"og:url\" content=\"https:\/\/essencesamazigh.com\/fr\/produit\/essence-de-fleur-pomme-de-crabe-chinoise\/\" \/>\n<meta property=\"og:site_name\" content=\"Essences Amazigh\" \/>\n<meta property=\"article:publisher\" content=\"https:\/\/www.facebook.com\/profile.php?id=100086107194579\" \/>\n<meta property=\"article:modified_time\" content=\"2026-03-31T11:35:29+00:00\" \/>\n<meta property=\"og:image\" content=\"https:\/\/i0.wp.com\/essencesamazigh.com\/wp-content\/uploads\/LogoEA512x512pixel-1.png?fit=512%2C512&ssl=1\" \/>\n\t<meta property=\"og:image:width\" content=\"512\" \/>\n\t<meta property=\"og:image:height\" content=\"512\" \/>\n\t<meta property=\"og:image:type\" content=\"image\/png\" \/>\n<meta name=\"twitter:card\" content=\"summary_large_image\" \/>\n<meta name=\"twitter:title\" content=\"Flower essence of Chinese crab apple\" \/>\n<meta name=\"twitter:description\" content=\"Chinese Crab Apple Flower Essence. The Cleanser: A traditional remedy to restore a sense of inner purity, self-acceptance, and emotional clarity.\" \/>\n<meta name=\"twitter:label1\" content=\"Dur\u00e9e de lecture estim\u00e9e\" \/>\n\t<meta name=\"twitter:data1\" content=\"2 minutes\" \/>\n<script type=\"application\/ld+json\" class=\"yoast-schema-graph\">{\"@context\":\"https:\\\/\\\/schema.org\",\"@graph\":[{\"@type\":\"WebPage\",\"@id\":\"https:\\\/\\\/essencesamazigh.com\\\/product\\\/flower-essence-chinese-crab-apple\\\/\",\"url\":\"https:\\\/\\\/essencesamazigh.com\\\/product\\\/flower-essence-chinese-crab-apple\\\/\",\"name\":\"Flower essence of Chinese crab apple | Essences Amazigh\",\"isPartOf\":{\"@id\":\"https:\\\/\\\/essencesamazigh.com\\\/#website\"},\"primaryImageOfPage\":{\"@id\":\"https:\\\/\\\/essencesamazigh.com\\\/product\\\/flower-essence-chinese-crab-apple\\\/#primaryimage\"},\"image\":{\"@id\":\"https:\\\/\\\/essencesamazigh.com\\\/product\\\/flower-essence-chinese-crab-apple\\\/#primaryimage\"},\"thumbnailUrl\":\"https:\\\/\\\/i0.wp.com\\\/essencesamazigh.com\\\/wp-content\\\/uploads\\\/2024\\\/03\\\/FEChineseCrabApplePOS1.png?fit=1800%2C2400&ssl=1\",\"datePublished\":\"2024-03-25T10:41:31+00:00\",\"dateModified\":\"2026-03-31T11:35:29+00:00\",\"description\":\"Chinese Crab Apple Flower Essence The Cleanser: A traditional remedy to restore a sense of inner purity, self-acceptance, and emotional clarity.\",\"breadcrumb\":{\"@id\":\"https:\\\/\\\/essencesamazigh.com\\\/product\\\/flower-essence-chinese-crab-apple\\\/#breadcrumb\"},\"inLanguage\":\"fr-FR\",\"potentialAction\":[{\"@type\":\"ReadAction\",\"target\":[\"https:\\\/\\\/essencesamazigh.com\\\/product\\\/flower-essence-chinese-crab-apple\\\/\"]}]},{\"@type\":\"ImageObject\",\"inLanguage\":\"fr-FR\",\"@id\":\"https:\\\/\\\/essencesamazigh.com\\\/product\\\/flower-essence-chinese-crab-apple\\\/#primaryimage\",\"url\":\"https:\\\/\\\/i0.wp.com\\\/essencesamazigh.com\\\/wp-content\\\/uploads\\\/2024\\\/03\\\/FEChineseCrabApplePOS1.png?fit=1800%2C2400&ssl=1\",\"contentUrl\":\"https:\\\/\\\/i0.wp.com\\\/essencesamazigh.com\\\/wp-content\\\/uploads\\\/2024\\\/03\\\/FEChineseCrabApplePOS1.png?fit=1800%2C2400&ssl=1\",\"width\":1800,\"height\":2400,\"caption\":\"Flower essence Chinese Crab Apple\"},{\"@type\":\"BreadcrumbList\",\"@id\":\"https:\\\/\\\/essencesamazigh.com\\\/product\\\/flower-essence-chinese-crab-apple\\\/#breadcrumb\",\"itemListElement\":[{\"@type\":\"ListItem\",\"position\":1,\"name\":\"Home\",\"item\":\"https:\\\/\\\/essencesamazigh.com\\\/\"},{\"@type\":\"ListItem\",\"position\":2,\"name\":\"Shop\",\"item\":\"https:\\\/\\\/essencesamazigh.com\\\/shop-all-essences-amazigh\\\/\"},{\"@type\":\"ListItem\",\"position\":3,\"name\":\"Flower essence of Chinese crab apple\"}]},{\"@type\":\"WebSite\",\"@id\":\"https:\\\/\\\/essencesamazigh.com\\\/#website\",\"url\":\"https:\\\/\\\/essencesamazigh.com\\\/\",\"name\":\"Essences Amazigh\",\"description\":\"The TRUE power of flowers\",\"publisher\":{\"@id\":\"https:\\\/\\\/essencesamazigh.com\\\/#organization\"},\"potentialAction\":[{\"@type\":\"SearchAction\",\"target\":{\"@type\":\"EntryPoint\",\"urlTemplate\":\"https:\\\/\\\/essencesamazigh.com\\\/?s={search_term_string}\"},\"query-input\":{\"@type\":\"PropertyValueSpecification\",\"valueRequired\":true,\"valueName\":\"search_term_string\"}}],\"inLanguage\":\"fr-FR\"},{\"@type\":\"Organization\",\"@id\":\"https:\\\/\\\/essencesamazigh.com\\\/#organization\",\"name\":\"Essences Amazigh\",\"url\":\"https:\\\/\\\/essencesamazigh.com\\\/\",\"logo\":{\"@type\":\"ImageObject\",\"inLanguage\":\"fr-FR\",\"@id\":\"https:\\\/\\\/essencesamazigh.com\\\/#\\\/schema\\\/logo\\\/image\\\/\",\"url\":\"https:\\\/\\\/i0.wp.com\\\/essencesamazigh.com\\\/wp-content\\\/uploads\\\/LogoEA512x512pixel-1.png?fit=512%2C512&ssl=1\",\"contentUrl\":\"https:\\\/\\\/i0.wp.com\\\/essencesamazigh.com\\\/wp-content\\\/uploads\\\/LogoEA512x512pixel-1.png?fit=512%2C512&ssl=1\",\"width\":512,\"height\":512,\"caption\":\"Essences Amazigh\"},\"image\":{\"@id\":\"https:\\\/\\\/essencesamazigh.com\\\/#\\\/schema\\\/logo\\\/image\\\/\"},\"sameAs\":[\"https:\\\/\\\/www.facebook.com\\\/profile.php?id=100086107194579\",\"https:\\\/\\\/www.instagram.com\\\/essencesamazigh\\\/\"]}]}<\/script>\n<!-- \/ Yoast SEO plugin. -->","yoast_head_json":{"title":"\u00c9lixir floral de pommier chinois | Essences Amazigh","description":"\u00c9lixir floral chinois de pomme de crabe Le nettoyant : Un rem\u00e8de traditionnel pour restaurer un sentiment de puret\u00e9 int\u00e9rieure, d'acceptation de soi et de clart\u00e9 \u00e9motionnelle.","robots":{"index":"index","follow":"follow","max-snippet":"max-snippet:-1","max-image-preview":"max-image-preview:large","max-video-preview":"max-video-preview:-1"},"canonical":"https:\/\/essencesamazigh.com\/fr\/produit\/essence-de-fleur-pomme-de-crabe-chinoise\/","og_locale":"fr_FR","og_type":"article","og_title":"Flower essence of Chinese crab apple","og_description":"Chinese Crab Apple Flower Essence. The Cleanser: A traditional remedy to restore a sense of inner purity, self-acceptance, and emotional clarity.","og_url":"https:\/\/essencesamazigh.com\/fr\/produit\/essence-de-fleur-pomme-de-crabe-chinoise\/","og_site_name":"Essences Amazigh","article_publisher":"https:\/\/www.facebook.com\/profile.php?id=100086107194579","article_modified_time":"2026-03-31T11:35:29+00:00","og_image":[{"width":512,"height":512,"url":"https:\/\/i0.wp.com\/essencesamazigh.com\/wp-content\/uploads\/LogoEA512x512pixel-1.png?fit=512%2C512&ssl=1","type":"image\/png"}],"twitter_card":"summary_large_image","twitter_title":"Flower essence of Chinese crab apple","twitter_description":"Chinese Crab Apple Flower Essence. The Cleanser: A traditional remedy to restore a sense of inner purity, self-acceptance, and emotional clarity.","twitter_misc":{"Dur\u00e9e de lecture estim\u00e9e":"2 minutes"},"schema":{"@context":"https:\/\/schema.org","@graph":[{"@type":"WebPage","@id":"https:\/\/essencesamazigh.com\/product\/flower-essence-chinese-crab-apple\/","url":"https:\/\/essencesamazigh.com\/product\/flower-essence-chinese-crab-apple\/","name":"\u00c9lixir floral de pommier chinois | Essences Amazigh","isPartOf":{"@id":"https:\/\/essencesamazigh.com\/#website"},"primaryImageOfPage":{"@id":"https:\/\/essencesamazigh.com\/product\/flower-essence-chinese-crab-apple\/#primaryimage"},"image":{"@id":"https:\/\/essencesamazigh.com\/product\/flower-essence-chinese-crab-apple\/#primaryimage"},"thumbnailUrl":"https:\/\/i0.wp.com\/essencesamazigh.com\/wp-content\/uploads\/2024\/03\/FEChineseCrabApplePOS1.png?fit=1800%2C2400&ssl=1","datePublished":"2024-03-25T10:41:31+00:00","dateModified":"2026-03-31T11:35:29+00:00","description":"\u00c9lixir floral chinois de pomme de crabe Le nettoyant : Un rem\u00e8de traditionnel pour restaurer un sentiment de puret\u00e9 int\u00e9rieure, d'acceptation de soi et de clart\u00e9 \u00e9motionnelle.","breadcrumb":{"@id":"https:\/\/essencesamazigh.com\/product\/flower-essence-chinese-crab-apple\/#breadcrumb"},"inLanguage":"fr-FR","potentialAction":[{"@type":"ReadAction","target":["https:\/\/essencesamazigh.com\/product\/flower-essence-chinese-crab-apple\/"]}]},{"@type":"ImageObject","inLanguage":"fr-FR","@id":"https:\/\/essencesamazigh.com\/product\/flower-essence-chinese-crab-apple\/#primaryimage","url":"https:\/\/i0.wp.com\/essencesamazigh.com\/wp-content\/uploads\/2024\/03\/FEChineseCrabApplePOS1.png?fit=1800%2C2400&ssl=1","contentUrl":"https:\/\/i0.wp.com\/essencesamazigh.com\/wp-content\/uploads\/2024\/03\/FEChineseCrabApplePOS1.png?fit=1800%2C2400&ssl=1","width":1800,"height":2400,"caption":"Flower essence Chinese Crab Apple"},{"@type":"BreadcrumbList","@id":"https:\/\/essencesamazigh.com\/product\/flower-essence-chinese-crab-apple\/#breadcrumb","itemListElement":[{"@type":"ListItem","position":1,"name":"Home","item":"https:\/\/essencesamazigh.com\/"},{"@type":"ListItem","position":2,"name":"Shop","item":"https:\/\/essencesamazigh.com\/shop-all-essences-amazigh\/"},{"@type":"ListItem","position":3,"name":"Flower essence of Chinese crab apple"}]},{"@type":"WebSite","@id":"https:\/\/essencesamazigh.com\/#website","url":"https:\/\/essencesamazigh.com\/","name":"Essences Amazigh","description":"Le VRAI pouvoir des fleurs","publisher":{"@id":"https:\/\/essencesamazigh.com\/#organization"},"potentialAction":[{"@type":"SearchAction","target":{"@type":"EntryPoint","urlTemplate":"https:\/\/essencesamazigh.com\/?s={search_term_string}"},"query-input":{"@type":"PropertyValueSpecification","valueRequired":true,"valueName":"search_term_string"}}],"inLanguage":"fr-FR"},{"@type":"Organization","@id":"https:\/\/essencesamazigh.com\/#organization","name":"Essences Amazigh","url":"https:\/\/essencesamazigh.com\/","logo":{"@type":"ImageObject","inLanguage":"fr-FR","@id":"https:\/\/essencesamazigh.com\/#\/schema\/logo\/image\/","url":"https:\/\/i0.wp.com\/essencesamazigh.com\/wp-content\/uploads\/LogoEA512x512pixel-1.png?fit=512%2C512&ssl=1","contentUrl":"https:\/\/i0.wp.com\/essencesamazigh.com\/wp-content\/uploads\/LogoEA512x512pixel-1.png?fit=512%2C512&ssl=1","width":512,"height":512,"caption":"Essences Amazigh"},"image":{"@id":"https:\/\/essencesamazigh.com\/#\/schema\/logo\/image\/"},"sameAs":["https:\/\/www.facebook.com\/profile.php?id=100086107194579","https:\/\/www.instagram.com\/essencesamazigh\/"]}]}},"jetpack_sharing_enabled":true,"_links":{"self":[{"href":"https:\/\/essencesamazigh.com\/fr\/wp-json\/wp\/v2\/product\/5459","targetHints":{"allow":["GET"]}}],"collection":[{"href":"https:\/\/essencesamazigh.com\/fr\/wp-json\/wp\/v2\/product"}],"about":[{"href":"https:\/\/essencesamazigh.com\/fr\/wp-json\/wp\/v2\/types\/product"}],"version-history":[{"count":10,"href":"https:\/\/essencesamazigh.com\/fr\/wp-json\/wp\/v2\/product\/5459\/revisions"}],"predecessor-version":[{"id":10155,"href":"https:\/\/essencesamazigh.com\/fr\/wp-json\/wp\/v2\/product\/5459\/revisions\/10155"}],"wp:featuredmedia":[{"embeddable":true,"href":"https:\/\/essencesamazigh.com\/fr\/wp-json\/wp\/v2\/media\/10184"}],"wp:attachment":[{"href":"https:\/\/essencesamazigh.com\/fr\/wp-json\/wp\/v2\/media?parent=5459"}],"wp:term":[{"taxonomy":"product_brand","embeddable":true,"href":"https:\/\/essencesamazigh.com\/fr\/wp-json\/wp\/v2\/product_brand?post=5459"},{"taxonomy":"product_cat","embeddable":true,"href":"https:\/\/essencesamazigh.com\/fr\/wp-json\/wp\/v2\/product_cat?post=5459"},{"taxonomy":"product_tag","embeddable":true,"href":"https:\/\/essencesamazigh.com\/fr\/wp-json\/wp\/v2\/product_tag?post=5459"}],"curies":[{"name":"wp","href":"https:\/\/api.w.org\/{rel}","templated":true}]}}