{"id":25,"date":"2024-03-18T09:14:51","date_gmt":"2024-03-18T09:14:51","guid":{"rendered":"https:\/\/essencesamazigh.com\/?post_type=product&#038;p=25"},"modified":"2026-03-31T12:35:02","modified_gmt":"2026-03-31T11:35:02","slug":"essence-de-fleurs-de-citron","status":"publish","type":"product","link":"https:\/\/essencesamazigh.com\/fr\/product\/flower-essence-of-lemon\/","title":{"rendered":"Essence de fleurs de citron"},"content":{"rendered":"<p><strong>Introduction : <\/strong>Le\u00a0<strong data-complete=\"true\" data-processed=\"true\">citronnier<\/strong>\u00a0(<strong data-complete=\"true\" data-processed=\"true\"><em>Citrus limon<\/em><\/strong>) est une esp\u00e8ce \u00e0 feuilles persistantes connue pour ses fruits d'un jaune \u00e9clatant et ses fleurs aromatiques d'un blanc cireux avec une pointe de pourpre sur les bords. Dans de nombreuses cultures, les fleurs de citron symbolisent la puret\u00e9, l'amour, le rafra\u00eechissement et le renouveau, refl\u00e9tant pr\u00e9cis\u00e9ment l'essence de leurs fleurs. Cela signifie un cycle constant de purification et de vitalit\u00e9. L'aspect et le parfum vifs et tranchants repr\u00e9sentent la clart\u00e9, le d\u00e9passement de la confusion et l'apport d'une \u00e9nergie concentr\u00e9e et purificatrice \u00e0 l'esprit. Dans la tradition des \u00e9lixirs floraux, le citron est associ\u00e9 \u00e0 la dissolution du brouillard mental et \u00e0 la promotion d'une pens\u00e9e claire et nette. On pense qu'il aide \u00e0 traiter une surcharge d'informations, \u00e0 r\u00e9tablir la concentration et \u00e0 soutenir une perspective brillante et optimiste.<span data-animation-atomic=\"\" data-wiz-attrbind=\"class=h1vqPe_m\/TKHnVd\" data-sae=\"\" aria-owns=\"action-menu-toolbar\"><span data-wiz-uids=\"h1vqPe_n,h1vqPe_o\" data-complete=\"true\" data-processed=\"true\">\u00a0<\/span>A Nefta, <\/span>Le\u00a0<strong data-complete=\"true\" data-processed=\"true\">\u201cCitronnier \u201d4 saisons<\/strong>\u00a0est la vari\u00e9t\u00e9 la plus courante, que l'on trouve facilement dans les oasis o\u00f9 elle donne de beaux citrons tout au long de l'ann\u00e9e.<\/p>\n<div class=\"otQkpb\" role=\"heading\" aria-level=\"3\" data-animation-nesting=\"\" data-sfc-cp=\"\" data-processed=\"true\" data-sae=\"\" data-complete=\"true\">\n<p style=\"font-weight: 400;\"><strong>Arch\u00e9type : <\/strong><em>Le clarificateur de la pens\u00e9e - favorise l'acuit\u00e9 mentale, la concentration et la l\u00e9g\u00e8ret\u00e9 \u00e9motionnelle.<\/em><\/p>\n<p style=\"font-weight: 400;\"><strong>Principaux sympt\u00f4mes (l\u2018\u2019avant\") :<\/strong><\/p>\n<ul style=\"font-weight: 400;\">\n<li><strong>Brouillard mental<\/strong>: Sensation de congestion mentale, de brouillard ou d'incapacit\u00e9 \u00e0 se concentrer et \u00e0 se focaliser clairement.<\/li>\n<li><strong>Surcharge d'informations<\/strong>: Sentiment d'\u00eatre submerg\u00e9 ou mentalement dispers\u00e9 en raison d'une trop grande quantit\u00e9 d'informations ou de l'incapacit\u00e9 \u00e0 traiter efficacement les pens\u00e9es.<\/li>\n<li><strong>Lourdeur \u00e9motionnelle<\/strong>: En cas de l\u00e9thargie, de manque de vitalit\u00e9 ou d'\u00e9nergie mentale.<\/li>\n<li><strong>Ind\u00e9cision et stagnation<\/strong>: Difficult\u00e9 \u00e0 prendre des d\u00e9cisions en raison d'une certaine confusion ou d'un sentiment d'immobilisme.<\/li>\n<\/ul>\n<p style=\"font-weight: 400;\"><strong>Potentiel de transformation avec l'essence de citron (The \u2018After\u2019) :<\/strong><\/p>\n<ul style=\"font-weight: 400;\">\n<li><strong>De la confusion \u00e0 la clart\u00e9<\/strong>: Associ\u00e9 \u00e0 une pens\u00e9e vive et concentr\u00e9e et \u00e0 un \u00e9tat d'esprit clair.<\/li>\n<li><strong>De la surcharge au traitement<\/strong>: Favorise l'assimilation efficace de l'information et l'am\u00e9lioration de la capacit\u00e9 d'apprentissage.<\/li>\n<li><strong>De la l\u00e9thargie \u00e0 la vitalit\u00e9<\/strong>: Favorise un sentiment de l\u00e9g\u00e8ret\u00e9 mentale, un regain d'\u00e9nergie et une vision plus claire des choses.<\/li>\n<li><strong>De la tension \u00e0 la concentration<\/strong>: Aide \u00e0 soulager le stress et la tension au niveau mental, favorisant un \u00e9tat paisible mais alerte.<\/li>\n<\/ul>\n<p style=\"font-weight: 400;\">*** Pour le bien-\u00eatre et la relaxation uniquement. Ce produit n'est pas un m\u00e9dicament et n'est pas destin\u00e9 \u00e0 diagnostiquer, traiter, pr\u00e9venir ou gu\u00e9rir une maladie. Les effets d\u00e9crits sont de nature symbolique et traditionnelle. Utiliser selon les instructions.<\/p>\n<p style=\"font-weight: 400;\">\n<\/div>","protected":false},"excerpt":{"rendered":"<p>La fleur de la clart\u00e9 mentale<\/p>","protected":false},"featured_media":10188,"template":"","meta":[],"product_brand":[],"product_cat":[21],"product_tag":[117],"class_list":{"0":"post-25","1":"product","2":"type-product","3":"status-publish","4":"has-post-thumbnail","6":"product_cat-flower-essences-single","7":"product_tag-flower-essence","9":"first","10":"instock","11":"shipping-taxable","12":"purchasable","13":"product-type-simple"},"yoast_head":"<!-- This site is optimized with the Yoast SEO plugin v27.4 - https:\/\/yoast.com\/product\/yoast-seo-wordpress\/ -->\n<title>Flower essence of Lemon | Essences Amazigh<\/title>\n<meta name=\"description\" content=\"Lemon Flower Essence promotes mental clarity, sharp focus, and emotional lightness, inviting intellectual renewal and a bright, optimistic outlook.\" \/>\n<meta name=\"robots\" content=\"index, follow, max-snippet:-1, max-image-preview:large, max-video-preview:-1\" \/>\n<link rel=\"canonical\" href=\"https:\/\/essencesamazigh.com\/fr\/produit\/essence-de-fleurs-de-citron\/\" \/>\n<meta property=\"og:locale\" content=\"fr_FR\" \/>\n<meta property=\"og:type\" content=\"article\" \/>\n<meta property=\"og:title\" content=\"Flower essence of Lemon\" \/>\n<meta property=\"og:description\" content=\"Lemon Flower Essence promotes mental clarity, sharp focus, and emotional lightness, inviting intellectual renewal and a bright, optimistic outlook.\" \/>\n<meta property=\"og:url\" content=\"https:\/\/essencesamazigh.com\/fr\/produit\/essence-de-fleurs-de-citron\/\" \/>\n<meta property=\"og:site_name\" content=\"Essences Amazigh\" \/>\n<meta property=\"article:publisher\" content=\"https:\/\/www.facebook.com\/profile.php?id=100086107194579\" \/>\n<meta property=\"article:modified_time\" content=\"2026-03-31T11:35:02+00:00\" \/>\n<meta property=\"og:image\" content=\"https:\/\/i0.wp.com\/essencesamazigh.com\/wp-content\/uploads\/LogoEA512x512pixel-1.png?fit=512%2C512&ssl=1\" \/>\n\t<meta property=\"og:image:width\" content=\"512\" \/>\n\t<meta property=\"og:image:height\" content=\"512\" \/>\n\t<meta property=\"og:image:type\" content=\"image\/png\" \/>\n<meta name=\"twitter:card\" content=\"summary_large_image\" \/>\n<meta name=\"twitter:title\" content=\"Flower essence of Lemon\" \/>\n<meta name=\"twitter:description\" content=\"Lemon Flower Essence promotes mental clarity, sharp focus, and emotional lightness, inviting intellectual renewal and a bright, optimistic outlook.\" \/>\n<meta name=\"twitter:label1\" content=\"Dur\u00e9e de lecture estim\u00e9e\" \/>\n\t<meta name=\"twitter:data1\" content=\"2 minutes\" \/>\n<script type=\"application\/ld+json\" class=\"yoast-schema-graph\">{\"@context\":\"https:\\\/\\\/schema.org\",\"@graph\":[{\"@type\":\"WebPage\",\"@id\":\"https:\\\/\\\/essencesamazigh.com\\\/product\\\/flower-essence-of-lemon\\\/\",\"url\":\"https:\\\/\\\/essencesamazigh.com\\\/product\\\/flower-essence-of-lemon\\\/\",\"name\":\"Flower essence of Lemon | Essences Amazigh\",\"isPartOf\":{\"@id\":\"https:\\\/\\\/essencesamazigh.com\\\/#website\"},\"primaryImageOfPage\":{\"@id\":\"https:\\\/\\\/essencesamazigh.com\\\/product\\\/flower-essence-of-lemon\\\/#primaryimage\"},\"image\":{\"@id\":\"https:\\\/\\\/essencesamazigh.com\\\/product\\\/flower-essence-of-lemon\\\/#primaryimage\"},\"thumbnailUrl\":\"https:\\\/\\\/i0.wp.com\\\/essencesamazigh.com\\\/wp-content\\\/uploads\\\/2024\\\/03\\\/FELemonPOS1.png?fit=1800%2C2400&ssl=1\",\"datePublished\":\"2024-03-18T09:14:51+00:00\",\"dateModified\":\"2026-03-31T11:35:02+00:00\",\"description\":\"Lemon Flower Essence promotes mental clarity, sharp focus, and emotional lightness, inviting intellectual renewal and a bright, optimistic outlook.\",\"breadcrumb\":{\"@id\":\"https:\\\/\\\/essencesamazigh.com\\\/product\\\/flower-essence-of-lemon\\\/#breadcrumb\"},\"inLanguage\":\"fr-FR\",\"potentialAction\":[{\"@type\":\"ReadAction\",\"target\":[\"https:\\\/\\\/essencesamazigh.com\\\/product\\\/flower-essence-of-lemon\\\/\"]}]},{\"@type\":\"ImageObject\",\"inLanguage\":\"fr-FR\",\"@id\":\"https:\\\/\\\/essencesamazigh.com\\\/product\\\/flower-essence-of-lemon\\\/#primaryimage\",\"url\":\"https:\\\/\\\/i0.wp.com\\\/essencesamazigh.com\\\/wp-content\\\/uploads\\\/2024\\\/03\\\/FELemonPOS1.png?fit=1800%2C2400&ssl=1\",\"contentUrl\":\"https:\\\/\\\/i0.wp.com\\\/essencesamazigh.com\\\/wp-content\\\/uploads\\\/2024\\\/03\\\/FELemonPOS1.png?fit=1800%2C2400&ssl=1\",\"width\":1800,\"height\":2400,\"caption\":\"Flower essence of Lemon\"},{\"@type\":\"BreadcrumbList\",\"@id\":\"https:\\\/\\\/essencesamazigh.com\\\/product\\\/flower-essence-of-lemon\\\/#breadcrumb\",\"itemListElement\":[{\"@type\":\"ListItem\",\"position\":1,\"name\":\"Home\",\"item\":\"https:\\\/\\\/essencesamazigh.com\\\/\"},{\"@type\":\"ListItem\",\"position\":2,\"name\":\"Shop\",\"item\":\"https:\\\/\\\/essencesamazigh.com\\\/shop-all-essences-amazigh\\\/\"},{\"@type\":\"ListItem\",\"position\":3,\"name\":\"Flower essence of Lemon\"}]},{\"@type\":\"WebSite\",\"@id\":\"https:\\\/\\\/essencesamazigh.com\\\/#website\",\"url\":\"https:\\\/\\\/essencesamazigh.com\\\/\",\"name\":\"Essences Amazigh\",\"description\":\"The TRUE power of flowers\",\"publisher\":{\"@id\":\"https:\\\/\\\/essencesamazigh.com\\\/#organization\"},\"potentialAction\":[{\"@type\":\"SearchAction\",\"target\":{\"@type\":\"EntryPoint\",\"urlTemplate\":\"https:\\\/\\\/essencesamazigh.com\\\/?s={search_term_string}\"},\"query-input\":{\"@type\":\"PropertyValueSpecification\",\"valueRequired\":true,\"valueName\":\"search_term_string\"}}],\"inLanguage\":\"fr-FR\"},{\"@type\":\"Organization\",\"@id\":\"https:\\\/\\\/essencesamazigh.com\\\/#organization\",\"name\":\"Essences Amazigh\",\"url\":\"https:\\\/\\\/essencesamazigh.com\\\/\",\"logo\":{\"@type\":\"ImageObject\",\"inLanguage\":\"fr-FR\",\"@id\":\"https:\\\/\\\/essencesamazigh.com\\\/#\\\/schema\\\/logo\\\/image\\\/\",\"url\":\"https:\\\/\\\/i0.wp.com\\\/essencesamazigh.com\\\/wp-content\\\/uploads\\\/LogoEA512x512pixel-1.png?fit=512%2C512&ssl=1\",\"contentUrl\":\"https:\\\/\\\/i0.wp.com\\\/essencesamazigh.com\\\/wp-content\\\/uploads\\\/LogoEA512x512pixel-1.png?fit=512%2C512&ssl=1\",\"width\":512,\"height\":512,\"caption\":\"Essences Amazigh\"},\"image\":{\"@id\":\"https:\\\/\\\/essencesamazigh.com\\\/#\\\/schema\\\/logo\\\/image\\\/\"},\"sameAs\":[\"https:\\\/\\\/www.facebook.com\\\/profile.php?id=100086107194579\",\"https:\\\/\\\/www.instagram.com\\\/essencesamazigh\\\/\"]}]}<\/script>\n<!-- \/ Yoast SEO plugin. -->","yoast_head_json":{"title":"\u00c9lixir floral de citron | Essences Amazigh","description":"L'essence de fleur de citron favorise la clart\u00e9 mentale, la concentration et la l\u00e9g\u00e8ret\u00e9 \u00e9motionnelle, invitant \u00e0 un renouveau intellectuel et \u00e0 une perspective brillante et optimiste.","robots":{"index":"index","follow":"follow","max-snippet":"max-snippet:-1","max-image-preview":"max-image-preview:large","max-video-preview":"max-video-preview:-1"},"canonical":"https:\/\/essencesamazigh.com\/fr\/produit\/essence-de-fleurs-de-citron\/","og_locale":"fr_FR","og_type":"article","og_title":"Flower essence of Lemon","og_description":"Lemon Flower Essence promotes mental clarity, sharp focus, and emotional lightness, inviting intellectual renewal and a bright, optimistic outlook.","og_url":"https:\/\/essencesamazigh.com\/fr\/produit\/essence-de-fleurs-de-citron\/","og_site_name":"Essences Amazigh","article_publisher":"https:\/\/www.facebook.com\/profile.php?id=100086107194579","article_modified_time":"2026-03-31T11:35:02+00:00","og_image":[{"width":512,"height":512,"url":"https:\/\/i0.wp.com\/essencesamazigh.com\/wp-content\/uploads\/LogoEA512x512pixel-1.png?fit=512%2C512&ssl=1","type":"image\/png"}],"twitter_card":"summary_large_image","twitter_title":"Flower essence of Lemon","twitter_description":"Lemon Flower Essence promotes mental clarity, sharp focus, and emotional lightness, inviting intellectual renewal and a bright, optimistic outlook.","twitter_misc":{"Dur\u00e9e de lecture estim\u00e9e":"2 minutes"},"schema":{"@context":"https:\/\/schema.org","@graph":[{"@type":"WebPage","@id":"https:\/\/essencesamazigh.com\/product\/flower-essence-of-lemon\/","url":"https:\/\/essencesamazigh.com\/product\/flower-essence-of-lemon\/","name":"\u00c9lixir floral de citron | Essences Amazigh","isPartOf":{"@id":"https:\/\/essencesamazigh.com\/#website"},"primaryImageOfPage":{"@id":"https:\/\/essencesamazigh.com\/product\/flower-essence-of-lemon\/#primaryimage"},"image":{"@id":"https:\/\/essencesamazigh.com\/product\/flower-essence-of-lemon\/#primaryimage"},"thumbnailUrl":"https:\/\/i0.wp.com\/essencesamazigh.com\/wp-content\/uploads\/2024\/03\/FELemonPOS1.png?fit=1800%2C2400&ssl=1","datePublished":"2024-03-18T09:14:51+00:00","dateModified":"2026-03-31T11:35:02+00:00","description":"L'essence de fleur de citron favorise la clart\u00e9 mentale, la concentration et la l\u00e9g\u00e8ret\u00e9 \u00e9motionnelle, invitant \u00e0 un renouveau intellectuel et \u00e0 une perspective brillante et optimiste.","breadcrumb":{"@id":"https:\/\/essencesamazigh.com\/product\/flower-essence-of-lemon\/#breadcrumb"},"inLanguage":"fr-FR","potentialAction":[{"@type":"ReadAction","target":["https:\/\/essencesamazigh.com\/product\/flower-essence-of-lemon\/"]}]},{"@type":"ImageObject","inLanguage":"fr-FR","@id":"https:\/\/essencesamazigh.com\/product\/flower-essence-of-lemon\/#primaryimage","url":"https:\/\/i0.wp.com\/essencesamazigh.com\/wp-content\/uploads\/2024\/03\/FELemonPOS1.png?fit=1800%2C2400&ssl=1","contentUrl":"https:\/\/i0.wp.com\/essencesamazigh.com\/wp-content\/uploads\/2024\/03\/FELemonPOS1.png?fit=1800%2C2400&ssl=1","width":1800,"height":2400,"caption":"Flower essence of Lemon"},{"@type":"BreadcrumbList","@id":"https:\/\/essencesamazigh.com\/product\/flower-essence-of-lemon\/#breadcrumb","itemListElement":[{"@type":"ListItem","position":1,"name":"Home","item":"https:\/\/essencesamazigh.com\/"},{"@type":"ListItem","position":2,"name":"Shop","item":"https:\/\/essencesamazigh.com\/shop-all-essences-amazigh\/"},{"@type":"ListItem","position":3,"name":"Flower essence of Lemon"}]},{"@type":"WebSite","@id":"https:\/\/essencesamazigh.com\/#website","url":"https:\/\/essencesamazigh.com\/","name":"Essences Amazigh","description":"Le VRAI pouvoir des fleurs","publisher":{"@id":"https:\/\/essencesamazigh.com\/#organization"},"potentialAction":[{"@type":"SearchAction","target":{"@type":"EntryPoint","urlTemplate":"https:\/\/essencesamazigh.com\/?s={search_term_string}"},"query-input":{"@type":"PropertyValueSpecification","valueRequired":true,"valueName":"search_term_string"}}],"inLanguage":"fr-FR"},{"@type":"Organization","@id":"https:\/\/essencesamazigh.com\/#organization","name":"Essences Amazigh","url":"https:\/\/essencesamazigh.com\/","logo":{"@type":"ImageObject","inLanguage":"fr-FR","@id":"https:\/\/essencesamazigh.com\/#\/schema\/logo\/image\/","url":"https:\/\/i0.wp.com\/essencesamazigh.com\/wp-content\/uploads\/LogoEA512x512pixel-1.png?fit=512%2C512&ssl=1","contentUrl":"https:\/\/i0.wp.com\/essencesamazigh.com\/wp-content\/uploads\/LogoEA512x512pixel-1.png?fit=512%2C512&ssl=1","width":512,"height":512,"caption":"Essences Amazigh"},"image":{"@id":"https:\/\/essencesamazigh.com\/#\/schema\/logo\/image\/"},"sameAs":["https:\/\/www.facebook.com\/profile.php?id=100086107194579","https:\/\/www.instagram.com\/essencesamazigh\/"]}]}},"jetpack_sharing_enabled":true,"_links":{"self":[{"href":"https:\/\/essencesamazigh.com\/fr\/wp-json\/wp\/v2\/product\/25","targetHints":{"allow":["GET"]}}],"collection":[{"href":"https:\/\/essencesamazigh.com\/fr\/wp-json\/wp\/v2\/product"}],"about":[{"href":"https:\/\/essencesamazigh.com\/fr\/wp-json\/wp\/v2\/types\/product"}],"version-history":[{"count":9,"href":"https:\/\/essencesamazigh.com\/fr\/wp-json\/wp\/v2\/product\/25\/revisions"}],"predecessor-version":[{"id":28,"href":"https:\/\/essencesamazigh.com\/fr\/wp-json\/wp\/v2\/product\/25\/revisions\/28"}],"wp:featuredmedia":[{"embeddable":true,"href":"https:\/\/essencesamazigh.com\/fr\/wp-json\/wp\/v2\/media\/10188"}],"wp:attachment":[{"href":"https:\/\/essencesamazigh.com\/fr\/wp-json\/wp\/v2\/media?parent=25"}],"wp:term":[{"taxonomy":"product_brand","embeddable":true,"href":"https:\/\/essencesamazigh.com\/fr\/wp-json\/wp\/v2\/product_brand?post=25"},{"taxonomy":"product_cat","embeddable":true,"href":"https:\/\/essencesamazigh.com\/fr\/wp-json\/wp\/v2\/product_cat?post=25"},{"taxonomy":"product_tag","embeddable":true,"href":"https:\/\/essencesamazigh.com\/fr\/wp-json\/wp\/v2\/product_tag?post=25"}],"curies":[{"name":"wp","href":"https:\/\/api.w.org\/{rel}","templated":true}]}}