{"id":10018,"date":"2025-11-20T17:47:24","date_gmt":"2025-11-20T16:47:24","guid":{"rendered":"https:\/\/essencesamazigh.com\/?post_type=product&#038;p=10018"},"modified":"2026-03-31T19:11:54","modified_gmt":"2026-03-31T18:11:54","slug":"savon-oasya","status":"publish","type":"product","link":"https:\/\/essencesamazigh.com\/fr\/product\/oasya-soap\/","title":{"rendered":"Savon Oasya"},"content":{"rendered":"<p data-start=\"244\" data-end=\"326\"><strong data-start=\"244\" data-end=\"258\">Savon OASYA<\/strong> est un pain nettoyant naturel \u00e0 base d'argile qui convient \u00e0 tous les types de peau.<\/p>\n<p data-start=\"328\" data-end=\"506\">Au c\u0153ur de ce dispositif, on trouve <strong data-start=\"343\" data-end=\"375\">argile illite verte de Nefta<\/strong>, L'huile de jojoba, connue pour ses propri\u00e9t\u00e9s purifiantes et \u00e9quilibrantes, aide \u00e0 nettoyer la peau en douceur et \u00e0 absorber l'exc\u00e8s d'impuret\u00e9s sans la dess\u00e9cher.<\/p>\n<p data-start=\"508\" data-end=\"821\">La formule est infus\u00e9e de fa\u00e7on unique avec le <a href=\"https:\/\/essencesamazigh.com\/fr\/produit\/essence-de-fleur-pomme-de-crabe-chinoise\/\"><strong data-start=\"549\" data-end=\"589\">essence de fleur de pomme de crabe chinoise<\/strong><\/a>, L'argile, traditionnellement associ\u00e9e aux d\u00e9s\u00e9quilibres cutan\u00e9s et \u00e0 la sensation de purification et d'acceptation de la peau. Cet ingr\u00e9dient holistique compl\u00e8te l'action physique de l'argile en favorisant le confort et l'harmonie de la peau.<\/p>\n<p data-start=\"823\" data-end=\"1014\">L\u00e9g\u00e8rement parfum\u00e9 avec un <strong data-start=\"846\" data-end=\"915\">m\u00e9lange bois\u00e9 d'Hinoki, de bois de c\u00e8dre et d'une douce touche d'ylang-ylang<\/strong>, Le savon offre un rituel de nettoyage minimaliste et rassurant.<\/p>\n<hr data-start=\"1016\" data-end=\"1019\" \/>\n<h3 data-start=\"1021\" data-end=\"1039\">\u2714 Principaux avantages<\/h3>\n<ul data-start=\"1040\" data-end=\"1182\">\n<li data-start=\"1040\" data-end=\"1072\">\n<p data-start=\"1042\" data-end=\"1072\">Purifie et \u00e9quilibre en douceur<\/p>\n<\/li>\n<li data-start=\"1073\" data-end=\"1110\">\n<p data-start=\"1075\" data-end=\"1110\">Favorise le confort et la clart\u00e9 de la peau<\/p>\n<\/li>\n<li data-start=\"1111\" data-end=\"1142\">\n<p data-start=\"1113\" data-end=\"1142\">Convient \u00e0 tous les types de peau<\/p>\n<\/li>\n<li data-start=\"1143\" data-end=\"1182\">\n<p data-start=\"1145\" data-end=\"1182\">Savon naturel, artisanal, \u00e0 base d'argile<\/p>\n<\/li>\n<\/ul>\n<p>*** Ce produit est destin\u00e9 au bien-\u00eatre, \u00e0 la relaxation et \u00e0 l'usage externe uniquement. Il ne s'agit pas d'un m\u00e9dicament et ne doit pas \u00eatre utilis\u00e9 pour diagnostiquer, traiter, pr\u00e9venir ou gu\u00e9rir une maladie. Tous nos produits sont naturels, artisanaux et g\u00e9n\u00e9ralement consid\u00e9r\u00e9s comme s\u00fbrs lorsqu'ils sont utilis\u00e9s conform\u00e9ment aux instructions.<\/p>","protected":false},"excerpt":{"rendered":"<p>OASYA Soap is a natural, clay-based cleansing bar suitable for all skin types. At its core is green illite clay from Nefta, known for its purifying and balancing properties, helping to gently cleanse the skin and absorb excess impurities without drying. The formula is uniquely infused with the flower essence of Chinese Crab Apple, traditionally [&hellip;]<\/p>\n","protected":false},"featured_media":10019,"template":"","meta":[],"product_brand":[],"product_cat":[66],"product_tag":[131],"class_list":{"0":"post-10018","1":"product","2":"type-product","3":"status-publish","4":"has-post-thumbnail","6":"product_cat-earth-of-nefta","7":"product_tag-earthy-skincare","9":"first","10":"instock","11":"shipping-taxable","12":"purchasable","13":"product-type-simple"},"yoast_head":"<!-- This site is optimized with the Yoast SEO plugin v27.4 - https:\/\/yoast.com\/product\/yoast-seo-wordpress\/ -->\n<title>Oasya soap | Essences Amazigh<\/title>\n<meta name=\"description\" content=\"Oasya soap: An all-natural soap for all skin types. This handcrafted bar blends purifying earth elements, deep hydration, and a serene, aromatic essence\" \/>\n<meta name=\"robots\" content=\"index, follow, max-snippet:-1, max-image-preview:large, max-video-preview:-1\" \/>\n<link rel=\"canonical\" href=\"https:\/\/essencesamazigh.com\/fr\/produit\/savon-oasya\/\" \/>\n<meta property=\"og:locale\" content=\"fr_FR\" \/>\n<meta property=\"og:type\" content=\"article\" \/>\n<meta property=\"og:title\" content=\"Oasya soap\" \/>\n<meta property=\"og:description\" content=\"An all-natural soap for all skin types. This handcrafted bar blends purifying earth elements, deep hydration, and a serene, aromatic essence\" \/>\n<meta property=\"og:url\" content=\"https:\/\/essencesamazigh.com\/fr\/produit\/savon-oasya\/\" \/>\n<meta property=\"og:site_name\" content=\"Essences Amazigh\" \/>\n<meta property=\"article:publisher\" content=\"https:\/\/www.facebook.com\/profile.php?id=100086107194579\" \/>\n<meta property=\"article:modified_time\" content=\"2026-03-31T18:11:54+00:00\" \/>\n<meta property=\"og:image\" content=\"https:\/\/i0.wp.com\/essencesamazigh.com\/wp-content\/uploads\/LogoEA512x512pixel-1.png?fit=512%2C512&ssl=1\" \/>\n\t<meta property=\"og:image:width\" content=\"512\" \/>\n\t<meta property=\"og:image:height\" content=\"512\" \/>\n\t<meta property=\"og:image:type\" content=\"image\/png\" \/>\n<meta name=\"twitter:card\" content=\"summary_large_image\" \/>\n<meta name=\"twitter:title\" content=\"Oasya soap\" \/>\n<meta name=\"twitter:description\" content=\"An all-natural soap for all skin types. This handcrafted bar blends purifying earth elements, deep hydration, and a serene, aromatic essence\" \/>\n<meta name=\"twitter:label1\" content=\"Dur\u00e9e de lecture estim\u00e9e\" \/>\n\t<meta name=\"twitter:data1\" content=\"1 minute\" \/>\n<script type=\"application\/ld+json\" class=\"yoast-schema-graph\">{\"@context\":\"https:\\\/\\\/schema.org\",\"@graph\":[{\"@type\":\"WebPage\",\"@id\":\"https:\\\/\\\/essencesamazigh.com\\\/product\\\/oasya-soap\\\/\",\"url\":\"https:\\\/\\\/essencesamazigh.com\\\/product\\\/oasya-soap\\\/\",\"name\":\"Oasya soap | Essences Amazigh\",\"isPartOf\":{\"@id\":\"https:\\\/\\\/essencesamazigh.com\\\/#website\"},\"primaryImageOfPage\":{\"@id\":\"https:\\\/\\\/essencesamazigh.com\\\/product\\\/oasya-soap\\\/#primaryimage\"},\"image\":{\"@id\":\"https:\\\/\\\/essencesamazigh.com\\\/product\\\/oasya-soap\\\/#primaryimage\"},\"thumbnailUrl\":\"https:\\\/\\\/i0.wp.com\\\/essencesamazigh.com\\\/wp-content\\\/uploads\\\/2025\\\/11\\\/EARTHOFNEFTACREATIONSOasyaSoapPOS1.png?fit=1800%2C2400&ssl=1\",\"datePublished\":\"2025-11-20T16:47:24+00:00\",\"dateModified\":\"2026-03-31T18:11:54+00:00\",\"description\":\"Oasya soap: An all-natural soap for all skin types. This handcrafted bar blends purifying earth elements, deep hydration, and a serene, aromatic essence\",\"breadcrumb\":{\"@id\":\"https:\\\/\\\/essencesamazigh.com\\\/product\\\/oasya-soap\\\/#breadcrumb\"},\"inLanguage\":\"fr-FR\",\"potentialAction\":[{\"@type\":\"ReadAction\",\"target\":[\"https:\\\/\\\/essencesamazigh.com\\\/product\\\/oasya-soap\\\/\"]}]},{\"@type\":\"ImageObject\",\"inLanguage\":\"fr-FR\",\"@id\":\"https:\\\/\\\/essencesamazigh.com\\\/product\\\/oasya-soap\\\/#primaryimage\",\"url\":\"https:\\\/\\\/i0.wp.com\\\/essencesamazigh.com\\\/wp-content\\\/uploads\\\/2025\\\/11\\\/EARTHOFNEFTACREATIONSOasyaSoapPOS1.png?fit=1800%2C2400&ssl=1\",\"contentUrl\":\"https:\\\/\\\/i0.wp.com\\\/essencesamazigh.com\\\/wp-content\\\/uploads\\\/2025\\\/11\\\/EARTHOFNEFTACREATIONSOasyaSoapPOS1.png?fit=1800%2C2400&ssl=1\",\"width\":1800,\"height\":2400,\"caption\":\"Oasya Soap\"},{\"@type\":\"BreadcrumbList\",\"@id\":\"https:\\\/\\\/essencesamazigh.com\\\/product\\\/oasya-soap\\\/#breadcrumb\",\"itemListElement\":[{\"@type\":\"ListItem\",\"position\":1,\"name\":\"Home\",\"item\":\"https:\\\/\\\/essencesamazigh.com\\\/\"},{\"@type\":\"ListItem\",\"position\":2,\"name\":\"Shop\",\"item\":\"https:\\\/\\\/essencesamazigh.com\\\/shop-all-essences-amazigh\\\/\"},{\"@type\":\"ListItem\",\"position\":3,\"name\":\"Oasya soap\"}]},{\"@type\":\"WebSite\",\"@id\":\"https:\\\/\\\/essencesamazigh.com\\\/#website\",\"url\":\"https:\\\/\\\/essencesamazigh.com\\\/\",\"name\":\"Essences Amazigh\",\"description\":\"The TRUE power of flowers\",\"publisher\":{\"@id\":\"https:\\\/\\\/essencesamazigh.com\\\/#organization\"},\"potentialAction\":[{\"@type\":\"SearchAction\",\"target\":{\"@type\":\"EntryPoint\",\"urlTemplate\":\"https:\\\/\\\/essencesamazigh.com\\\/?s={search_term_string}\"},\"query-input\":{\"@type\":\"PropertyValueSpecification\",\"valueRequired\":true,\"valueName\":\"search_term_string\"}}],\"inLanguage\":\"fr-FR\"},{\"@type\":\"Organization\",\"@id\":\"https:\\\/\\\/essencesamazigh.com\\\/#organization\",\"name\":\"Essences Amazigh\",\"url\":\"https:\\\/\\\/essencesamazigh.com\\\/\",\"logo\":{\"@type\":\"ImageObject\",\"inLanguage\":\"fr-FR\",\"@id\":\"https:\\\/\\\/essencesamazigh.com\\\/#\\\/schema\\\/logo\\\/image\\\/\",\"url\":\"https:\\\/\\\/i0.wp.com\\\/essencesamazigh.com\\\/wp-content\\\/uploads\\\/LogoEA512x512pixel-1.png?fit=512%2C512&ssl=1\",\"contentUrl\":\"https:\\\/\\\/i0.wp.com\\\/essencesamazigh.com\\\/wp-content\\\/uploads\\\/LogoEA512x512pixel-1.png?fit=512%2C512&ssl=1\",\"width\":512,\"height\":512,\"caption\":\"Essences Amazigh\"},\"image\":{\"@id\":\"https:\\\/\\\/essencesamazigh.com\\\/#\\\/schema\\\/logo\\\/image\\\/\"},\"sameAs\":[\"https:\\\/\\\/www.facebook.com\\\/profile.php?id=100086107194579\",\"https:\\\/\\\/www.instagram.com\\\/essencesamazigh\\\/\"]}]}<\/script>\n<!-- \/ Yoast SEO plugin. -->","yoast_head_json":{"title":"Savon Oasya | Essences Amazigh","description":"Savon Oasya : Un savon enti\u00e8rement naturel pour tous les types de peau. Ce savon artisanal m\u00e9lange des \u00e9l\u00e9ments terrestres purifiants, une hydratation profonde et une essence aromatique sereine.","robots":{"index":"index","follow":"follow","max-snippet":"max-snippet:-1","max-image-preview":"max-image-preview:large","max-video-preview":"max-video-preview:-1"},"canonical":"https:\/\/essencesamazigh.com\/fr\/produit\/savon-oasya\/","og_locale":"fr_FR","og_type":"article","og_title":"Oasya soap","og_description":"An all-natural soap for all skin types. This handcrafted bar blends purifying earth elements, deep hydration, and a serene, aromatic essence","og_url":"https:\/\/essencesamazigh.com\/fr\/produit\/savon-oasya\/","og_site_name":"Essences Amazigh","article_publisher":"https:\/\/www.facebook.com\/profile.php?id=100086107194579","article_modified_time":"2026-03-31T18:11:54+00:00","og_image":[{"width":512,"height":512,"url":"https:\/\/i0.wp.com\/essencesamazigh.com\/wp-content\/uploads\/LogoEA512x512pixel-1.png?fit=512%2C512&ssl=1","type":"image\/png"}],"twitter_card":"summary_large_image","twitter_title":"Oasya soap","twitter_description":"An all-natural soap for all skin types. This handcrafted bar blends purifying earth elements, deep hydration, and a serene, aromatic essence","twitter_misc":{"Dur\u00e9e de lecture estim\u00e9e":"1 minute"},"schema":{"@context":"https:\/\/schema.org","@graph":[{"@type":"WebPage","@id":"https:\/\/essencesamazigh.com\/product\/oasya-soap\/","url":"https:\/\/essencesamazigh.com\/product\/oasya-soap\/","name":"Savon Oasya | Essences Amazigh","isPartOf":{"@id":"https:\/\/essencesamazigh.com\/#website"},"primaryImageOfPage":{"@id":"https:\/\/essencesamazigh.com\/product\/oasya-soap\/#primaryimage"},"image":{"@id":"https:\/\/essencesamazigh.com\/product\/oasya-soap\/#primaryimage"},"thumbnailUrl":"https:\/\/i0.wp.com\/essencesamazigh.com\/wp-content\/uploads\/2025\/11\/EARTHOFNEFTACREATIONSOasyaSoapPOS1.png?fit=1800%2C2400&ssl=1","datePublished":"2025-11-20T16:47:24+00:00","dateModified":"2026-03-31T18:11:54+00:00","description":"Savon Oasya : Un savon enti\u00e8rement naturel pour tous les types de peau. Ce savon artisanal m\u00e9lange des \u00e9l\u00e9ments terrestres purifiants, une hydratation profonde et une essence aromatique sereine.","breadcrumb":{"@id":"https:\/\/essencesamazigh.com\/product\/oasya-soap\/#breadcrumb"},"inLanguage":"fr-FR","potentialAction":[{"@type":"ReadAction","target":["https:\/\/essencesamazigh.com\/product\/oasya-soap\/"]}]},{"@type":"ImageObject","inLanguage":"fr-FR","@id":"https:\/\/essencesamazigh.com\/product\/oasya-soap\/#primaryimage","url":"https:\/\/i0.wp.com\/essencesamazigh.com\/wp-content\/uploads\/2025\/11\/EARTHOFNEFTACREATIONSOasyaSoapPOS1.png?fit=1800%2C2400&ssl=1","contentUrl":"https:\/\/i0.wp.com\/essencesamazigh.com\/wp-content\/uploads\/2025\/11\/EARTHOFNEFTACREATIONSOasyaSoapPOS1.png?fit=1800%2C2400&ssl=1","width":1800,"height":2400,"caption":"Oasya Soap"},{"@type":"BreadcrumbList","@id":"https:\/\/essencesamazigh.com\/product\/oasya-soap\/#breadcrumb","itemListElement":[{"@type":"ListItem","position":1,"name":"Home","item":"https:\/\/essencesamazigh.com\/"},{"@type":"ListItem","position":2,"name":"Shop","item":"https:\/\/essencesamazigh.com\/shop-all-essences-amazigh\/"},{"@type":"ListItem","position":3,"name":"Oasya soap"}]},{"@type":"WebSite","@id":"https:\/\/essencesamazigh.com\/#website","url":"https:\/\/essencesamazigh.com\/","name":"Essences Amazigh","description":"Le VRAI pouvoir des fleurs","publisher":{"@id":"https:\/\/essencesamazigh.com\/#organization"},"potentialAction":[{"@type":"SearchAction","target":{"@type":"EntryPoint","urlTemplate":"https:\/\/essencesamazigh.com\/?s={search_term_string}"},"query-input":{"@type":"PropertyValueSpecification","valueRequired":true,"valueName":"search_term_string"}}],"inLanguage":"fr-FR"},{"@type":"Organization","@id":"https:\/\/essencesamazigh.com\/#organization","name":"Essences Amazigh","url":"https:\/\/essencesamazigh.com\/","logo":{"@type":"ImageObject","inLanguage":"fr-FR","@id":"https:\/\/essencesamazigh.com\/#\/schema\/logo\/image\/","url":"https:\/\/i0.wp.com\/essencesamazigh.com\/wp-content\/uploads\/LogoEA512x512pixel-1.png?fit=512%2C512&ssl=1","contentUrl":"https:\/\/i0.wp.com\/essencesamazigh.com\/wp-content\/uploads\/LogoEA512x512pixel-1.png?fit=512%2C512&ssl=1","width":512,"height":512,"caption":"Essences Amazigh"},"image":{"@id":"https:\/\/essencesamazigh.com\/#\/schema\/logo\/image\/"},"sameAs":["https:\/\/www.facebook.com\/profile.php?id=100086107194579","https:\/\/www.instagram.com\/essencesamazigh\/"]}]}},"jetpack_sharing_enabled":true,"_links":{"self":[{"href":"https:\/\/essencesamazigh.com\/fr\/wp-json\/wp\/v2\/product\/10018","targetHints":{"allow":["GET"]}}],"collection":[{"href":"https:\/\/essencesamazigh.com\/fr\/wp-json\/wp\/v2\/product"}],"about":[{"href":"https:\/\/essencesamazigh.com\/fr\/wp-json\/wp\/v2\/types\/product"}],"version-history":[{"count":7,"href":"https:\/\/essencesamazigh.com\/fr\/wp-json\/wp\/v2\/product\/10018\/revisions"}],"predecessor-version":[{"id":10109,"href":"https:\/\/essencesamazigh.com\/fr\/wp-json\/wp\/v2\/product\/10018\/revisions\/10109"}],"wp:featuredmedia":[{"embeddable":true,"href":"https:\/\/essencesamazigh.com\/fr\/wp-json\/wp\/v2\/media\/10019"}],"wp:attachment":[{"href":"https:\/\/essencesamazigh.com\/fr\/wp-json\/wp\/v2\/media?parent=10018"}],"wp:term":[{"taxonomy":"product_brand","embeddable":true,"href":"https:\/\/essencesamazigh.com\/fr\/wp-json\/wp\/v2\/product_brand?post=10018"},{"taxonomy":"product_cat","embeddable":true,"href":"https:\/\/essencesamazigh.com\/fr\/wp-json\/wp\/v2\/product_cat?post=10018"},{"taxonomy":"product_tag","embeddable":true,"href":"https:\/\/essencesamazigh.com\/fr\/wp-json\/wp\/v2\/product_tag?post=10018"}],"curies":[{"name":"wp","href":"https:\/\/api.w.org\/{rel}","templated":true}]}}