{"id":7957,"date":"2025-07-27T11:57:12","date_gmt":"2025-07-27T10:57:12","guid":{"rendered":"https:\/\/essencesamazigh.com\/?page_id=7957"},"modified":"2025-07-28T18:48:49","modified_gmt":"2025-07-28T17:48:49","slug":"politique-de-retour-essences-amazigh","status":"publish","type":"page","link":"https:\/\/essencesamazigh.com\/fr\/returns-policy-essences-amazigh\/","title":{"rendered":"Politique de retour"},"content":{"rendered":"<div data-elementor-type=\"wp-page\" data-elementor-id=\"7957\" class=\"elementor elementor-7957\" data-elementor-post-type=\"page\">\n\t\t\t\t<div class=\"elementor-element elementor-element-404713cd e-flex e-con-boxed e-con e-parent\" data-id=\"404713cd\" data-element_type=\"container\" data-e-type=\"container\">\n\t\t\t\t\t<div class=\"e-con-inner\">\n\t\t\t\t<div class=\"elementor-element elementor-element-f5892c5 elementor-widget elementor-widget-heading\" data-id=\"f5892c5\" data-element_type=\"widget\" data-e-type=\"widget\" data-widget_type=\"heading.default\">\n\t\t\t\t\t<h2 class=\"elementor-heading-title elementor-size-default\">Politique de retour<\/h2>\t\t\t\t<\/div>\n\t\t\t\t<div class=\"elementor-element elementor-element-26cea359 elementor-widget elementor-widget-text-editor\" data-id=\"26cea359\" data-element_type=\"widget\" data-e-type=\"widget\" data-widget_type=\"text-editor.default\">\n\t\t\t\t\t\t\t\t\t\n<p><strong>Notre engagement en faveur de la qualit\u00e9<\/strong><br \/>Chez Essences Amazigh, nous sommes fiers de livrer des produits de la plus haute qualit\u00e9. Nous comprenons que parfois, des probl\u00e8mes peuvent survenir avec votre commande et nous tenons \u00e0 vous assurer que nous sommes l\u00e0 pour y rem\u00e9dier.<br \/><br \/><strong>Articles endommag\u00e9s, d\u00e9fectueux ou incorrects<\/strong><br \/>Dans le cas improbable o\u00f9 vous recevriez des produits endommag\u00e9s, d\u00e9fectueux ou ne correspondant pas \u00e0 votre commande, nous nous engageons \u00e0 r\u00e9parer les d\u00e9g\u00e2ts. Nous offrons une politique de remplacement sans tracas et sans frais suppl\u00e9mentaires. Il vous suffit de contacter notre \u00e9quipe du service client\u00e8le et nous nous chargerons de votre remplacement.<\/p>\n\n<p><strong>Erreurs de commande<\/strong><br \/>Bien que nous soyons fid\u00e8les \u00e0 notre engagement en mati\u00e8re de qualit\u00e9, nous vous demandons de s\u00e9lectionner soigneusement vos articles au cours du processus de commande. Malheureusement, nous ne sommes pas en mesure de rembourser ou de remplacer des produits en raison d'erreurs de commande de la part des clients. Nous vous encourageons \u00e0 revoir vos choix avant de finaliser votre commande, afin de vous assurer une exp\u00e9rience agr\u00e9able et fluide avec nos produits.<\/p>\n\n<p><strong>Contactez-nous pour obtenir de l'aide<br \/><\/strong>Si vous rencontrez des probl\u00e8mes ou si vous avez des questions sur notre politique de retour, notre \u00e9quipe de service \u00e0 la client\u00e8le est pr\u00eate \u00e0 vous aider. Contactez-nous et nous nous efforcerons de r\u00e9pondre \u00e0 vos pr\u00e9occupations et de faire de votre exp\u00e9rience avec nous une exp\u00e9rience positive.<\/p>\n\t\t\t\t\t\t\t\t<\/div>\n\t\t\t\t\t<\/div>\n\t\t\t\t<\/div>\n\t\t\t\t<\/div>","protected":false},"excerpt":{"rendered":"<p>Returns Policy Our Commitment to QualityAt Essences Amazigh, we pride ourselves on delivering products of the highest quality. We understand that sometimes, issues may arise with your order and we want to assure you that we&#8217;re here to make it right. Damaged, Faulty, or Incorrect ItemsIn the&nbsp;unlikely&nbsp;event you receive products that are damaged, faulty or [&hellip;]<\/p>\n","protected":false},"author":1,"featured_media":9663,"parent":0,"menu_order":0,"comment_status":"closed","ping_status":"closed","template":"","meta":{"footnotes":""},"class_list":["post-7957","page","type-page","status-publish","has-post-thumbnail","hentry"],"yoast_head":"<!-- This site is optimized with the Yoast SEO plugin v27.4 - https:\/\/yoast.com\/product\/yoast-seo-wordpress\/ -->\n<title>Returns Policy | Essences Amazigh<\/title>\n<meta name=\"description\" content=\"As Per General Legal Standards, Essences Amazigh Legally And Properly Notified The Buyer With The Returns Policy\" \/>\n<meta name=\"robots\" content=\"index, follow, max-snippet:-1, max-image-preview:large, max-video-preview:-1\" \/>\n<link rel=\"canonical\" href=\"https:\/\/essencesamazigh.com\/fr\/politique-de-retour-essences-amazigh\/\" \/>\n<meta property=\"og:locale\" content=\"fr_FR\" \/>\n<meta property=\"og:type\" content=\"article\" \/>\n<meta property=\"og:title\" content=\"Returns Policy | Essences Amazigh\" \/>\n<meta property=\"og:description\" content=\"As Per General Legal Standards, Essences Amazigh Legally And Properly Notified The Buyer With The Returns Policy\" \/>\n<meta property=\"og:url\" content=\"https:\/\/essencesamazigh.com\/fr\/politique-de-retour-essences-amazigh\/\" \/>\n<meta property=\"og:site_name\" content=\"Essences Amazigh\" \/>\n<meta property=\"article:publisher\" content=\"https:\/\/www.facebook.com\/profile.php?id=100086107194579\" \/>\n<meta property=\"article:modified_time\" content=\"2025-07-28T17:48:49+00:00\" \/>\n<meta property=\"og:image\" content=\"https:\/\/essencesamazigh.com\/wp-content\/uploads\/2025\/07\/RefundReturnsPolicyPageEA.png\" \/>\n\t<meta property=\"og:image:width\" content=\"2560\" \/>\n\t<meta property=\"og:image:height\" content=\"2507\" \/>\n\t<meta property=\"og:image:type\" content=\"image\/png\" \/>\n<meta name=\"twitter:card\" content=\"summary_large_image\" \/>\n<meta name=\"twitter:title\" content=\"Returns Policy | Essences Amazigh\" \/>\n<meta name=\"twitter:description\" content=\"As Per General Legal Standards, Essences Amazigh Legally And Properly Notified The Buyer With The Returns Policy\" \/>\n<meta name=\"twitter:image\" content=\"https:\/\/i0.wp.com\/essencesamazigh.com\/wp-content\/uploads\/2025\/07\/RefundReturnsPolicyPageEA.png?fit=2560%2C2507&ssl=1\" \/>\n<meta name=\"twitter:label1\" content=\"Dur\u00e9e de lecture estim\u00e9e\" \/>\n\t<meta name=\"twitter:data1\" content=\"2 minutes\" \/>\n<script type=\"application\/ld+json\" class=\"yoast-schema-graph\">{\"@context\":\"https:\\\/\\\/schema.org\",\"@graph\":[{\"@type\":\"WebPage\",\"@id\":\"https:\\\/\\\/essencesamazigh.com\\\/returns-policy-essences-amazigh\\\/\",\"url\":\"https:\\\/\\\/essencesamazigh.com\\\/returns-policy-essences-amazigh\\\/\",\"name\":\"Returns Policy | Essences Amazigh\",\"isPartOf\":{\"@id\":\"https:\\\/\\\/essencesamazigh.com\\\/#website\"},\"primaryImageOfPage\":{\"@id\":\"https:\\\/\\\/essencesamazigh.com\\\/returns-policy-essences-amazigh\\\/#primaryimage\"},\"image\":{\"@id\":\"https:\\\/\\\/essencesamazigh.com\\\/returns-policy-essences-amazigh\\\/#primaryimage\"},\"thumbnailUrl\":\"https:\\\/\\\/i0.wp.com\\\/essencesamazigh.com\\\/wp-content\\\/uploads\\\/2025\\\/07\\\/RefundReturnsPolicyPageEA.png?fit=2560%2C2507&ssl=1\",\"datePublished\":\"2025-07-27T10:57:12+00:00\",\"dateModified\":\"2025-07-28T17:48:49+00:00\",\"description\":\"As Per General Legal Standards, Essences Amazigh Legally And Properly Notified The Buyer With The Returns Policy\",\"breadcrumb\":{\"@id\":\"https:\\\/\\\/essencesamazigh.com\\\/returns-policy-essences-amazigh\\\/#breadcrumb\"},\"inLanguage\":\"fr-FR\",\"potentialAction\":[{\"@type\":\"ReadAction\",\"target\":[\"https:\\\/\\\/essencesamazigh.com\\\/returns-policy-essences-amazigh\\\/\"]}]},{\"@type\":\"ImageObject\",\"inLanguage\":\"fr-FR\",\"@id\":\"https:\\\/\\\/essencesamazigh.com\\\/returns-policy-essences-amazigh\\\/#primaryimage\",\"url\":\"https:\\\/\\\/i0.wp.com\\\/essencesamazigh.com\\\/wp-content\\\/uploads\\\/2025\\\/07\\\/RefundReturnsPolicyPageEA.png?fit=2560%2C2507&ssl=1\",\"contentUrl\":\"https:\\\/\\\/i0.wp.com\\\/essencesamazigh.com\\\/wp-content\\\/uploads\\\/2025\\\/07\\\/RefundReturnsPolicyPageEA.png?fit=2560%2C2507&ssl=1\",\"width\":2560,\"height\":2507,\"caption\":\"Returns Policy Essences Amazigh\"},{\"@type\":\"BreadcrumbList\",\"@id\":\"https:\\\/\\\/essencesamazigh.com\\\/returns-policy-essences-amazigh\\\/#breadcrumb\",\"itemListElement\":[{\"@type\":\"ListItem\",\"position\":1,\"name\":\"Home\",\"item\":\"https:\\\/\\\/essencesamazigh.com\\\/\"},{\"@type\":\"ListItem\",\"position\":2,\"name\":\"Returns Policy\"}]},{\"@type\":\"WebSite\",\"@id\":\"https:\\\/\\\/essencesamazigh.com\\\/#website\",\"url\":\"https:\\\/\\\/essencesamazigh.com\\\/\",\"name\":\"Essences Amazigh\",\"description\":\"The TRUE power of flowers\",\"publisher\":{\"@id\":\"https:\\\/\\\/essencesamazigh.com\\\/#organization\"},\"potentialAction\":[{\"@type\":\"SearchAction\",\"target\":{\"@type\":\"EntryPoint\",\"urlTemplate\":\"https:\\\/\\\/essencesamazigh.com\\\/?s={search_term_string}\"},\"query-input\":{\"@type\":\"PropertyValueSpecification\",\"valueRequired\":true,\"valueName\":\"search_term_string\"}}],\"inLanguage\":\"fr-FR\"},{\"@type\":\"Organization\",\"@id\":\"https:\\\/\\\/essencesamazigh.com\\\/#organization\",\"name\":\"Essences Amazigh\",\"url\":\"https:\\\/\\\/essencesamazigh.com\\\/\",\"logo\":{\"@type\":\"ImageObject\",\"inLanguage\":\"fr-FR\",\"@id\":\"https:\\\/\\\/essencesamazigh.com\\\/#\\\/schema\\\/logo\\\/image\\\/\",\"url\":\"https:\\\/\\\/i0.wp.com\\\/essencesamazigh.com\\\/wp-content\\\/uploads\\\/LogoEA512x512pixel-1.png?fit=512%2C512&ssl=1\",\"contentUrl\":\"https:\\\/\\\/i0.wp.com\\\/essencesamazigh.com\\\/wp-content\\\/uploads\\\/LogoEA512x512pixel-1.png?fit=512%2C512&ssl=1\",\"width\":512,\"height\":512,\"caption\":\"Essences Amazigh\"},\"image\":{\"@id\":\"https:\\\/\\\/essencesamazigh.com\\\/#\\\/schema\\\/logo\\\/image\\\/\"},\"sameAs\":[\"https:\\\/\\\/www.facebook.com\\\/profile.php?id=100086107194579\",\"https:\\\/\\\/www.instagram.com\\\/essencesamazigh\\\/\"]}]}<\/script>\n<!-- \/ Yoast SEO plugin. -->","yoast_head_json":{"title":"Politique de retour | Essences Amazigh","description":"Conform\u00e9ment aux normes juridiques g\u00e9n\u00e9rales, Essences Amazigh a l\u00e9galement et correctement inform\u00e9 l'acheteur de la politique de retour.","robots":{"index":"index","follow":"follow","max-snippet":"max-snippet:-1","max-image-preview":"max-image-preview:large","max-video-preview":"max-video-preview:-1"},"canonical":"https:\/\/essencesamazigh.com\/fr\/politique-de-retour-essences-amazigh\/","og_locale":"fr_FR","og_type":"article","og_title":"Returns Policy | Essences Amazigh","og_description":"As Per General Legal Standards, Essences Amazigh Legally And Properly Notified The Buyer With The Returns Policy","og_url":"https:\/\/essencesamazigh.com\/fr\/politique-de-retour-essences-amazigh\/","og_site_name":"Essences Amazigh","article_publisher":"https:\/\/www.facebook.com\/profile.php?id=100086107194579","article_modified_time":"2025-07-28T17:48:49+00:00","og_image":[{"width":2560,"height":2507,"url":"https:\/\/essencesamazigh.com\/wp-content\/uploads\/2025\/07\/RefundReturnsPolicyPageEA.png","type":"image\/png"}],"twitter_card":"summary_large_image","twitter_title":"Returns Policy | Essences Amazigh","twitter_description":"As Per General Legal Standards, Essences Amazigh Legally And Properly Notified The Buyer With The Returns Policy","twitter_image":"https:\/\/i0.wp.com\/essencesamazigh.com\/wp-content\/uploads\/2025\/07\/RefundReturnsPolicyPageEA.png?fit=2560%2C2507&ssl=1","twitter_misc":{"Dur\u00e9e de lecture estim\u00e9e":"2 minutes"},"schema":{"@context":"https:\/\/schema.org","@graph":[{"@type":"WebPage","@id":"https:\/\/essencesamazigh.com\/returns-policy-essences-amazigh\/","url":"https:\/\/essencesamazigh.com\/returns-policy-essences-amazigh\/","name":"Politique de retour | Essences Amazigh","isPartOf":{"@id":"https:\/\/essencesamazigh.com\/#website"},"primaryImageOfPage":{"@id":"https:\/\/essencesamazigh.com\/returns-policy-essences-amazigh\/#primaryimage"},"image":{"@id":"https:\/\/essencesamazigh.com\/returns-policy-essences-amazigh\/#primaryimage"},"thumbnailUrl":"https:\/\/i0.wp.com\/essencesamazigh.com\/wp-content\/uploads\/2025\/07\/RefundReturnsPolicyPageEA.png?fit=2560%2C2507&ssl=1","datePublished":"2025-07-27T10:57:12+00:00","dateModified":"2025-07-28T17:48:49+00:00","description":"Conform\u00e9ment aux normes juridiques g\u00e9n\u00e9rales, Essences Amazigh a l\u00e9galement et correctement inform\u00e9 l'acheteur de la politique de retour.","breadcrumb":{"@id":"https:\/\/essencesamazigh.com\/returns-policy-essences-amazigh\/#breadcrumb"},"inLanguage":"fr-FR","potentialAction":[{"@type":"ReadAction","target":["https:\/\/essencesamazigh.com\/returns-policy-essences-amazigh\/"]}]},{"@type":"ImageObject","inLanguage":"fr-FR","@id":"https:\/\/essencesamazigh.com\/returns-policy-essences-amazigh\/#primaryimage","url":"https:\/\/i0.wp.com\/essencesamazigh.com\/wp-content\/uploads\/2025\/07\/RefundReturnsPolicyPageEA.png?fit=2560%2C2507&ssl=1","contentUrl":"https:\/\/i0.wp.com\/essencesamazigh.com\/wp-content\/uploads\/2025\/07\/RefundReturnsPolicyPageEA.png?fit=2560%2C2507&ssl=1","width":2560,"height":2507,"caption":"Returns Policy Essences Amazigh"},{"@type":"BreadcrumbList","@id":"https:\/\/essencesamazigh.com\/returns-policy-essences-amazigh\/#breadcrumb","itemListElement":[{"@type":"ListItem","position":1,"name":"Home","item":"https:\/\/essencesamazigh.com\/"},{"@type":"ListItem","position":2,"name":"Returns Policy"}]},{"@type":"WebSite","@id":"https:\/\/essencesamazigh.com\/#website","url":"https:\/\/essencesamazigh.com\/","name":"Essences Amazigh","description":"Le VRAI pouvoir des fleurs","publisher":{"@id":"https:\/\/essencesamazigh.com\/#organization"},"potentialAction":[{"@type":"SearchAction","target":{"@type":"EntryPoint","urlTemplate":"https:\/\/essencesamazigh.com\/?s={search_term_string}"},"query-input":{"@type":"PropertyValueSpecification","valueRequired":true,"valueName":"search_term_string"}}],"inLanguage":"fr-FR"},{"@type":"Organization","@id":"https:\/\/essencesamazigh.com\/#organization","name":"Essences Amazigh","url":"https:\/\/essencesamazigh.com\/","logo":{"@type":"ImageObject","inLanguage":"fr-FR","@id":"https:\/\/essencesamazigh.com\/#\/schema\/logo\/image\/","url":"https:\/\/i0.wp.com\/essencesamazigh.com\/wp-content\/uploads\/LogoEA512x512pixel-1.png?fit=512%2C512&ssl=1","contentUrl":"https:\/\/i0.wp.com\/essencesamazigh.com\/wp-content\/uploads\/LogoEA512x512pixel-1.png?fit=512%2C512&ssl=1","width":512,"height":512,"caption":"Essences Amazigh"},"image":{"@id":"https:\/\/essencesamazigh.com\/#\/schema\/logo\/image\/"},"sameAs":["https:\/\/www.facebook.com\/profile.php?id=100086107194579","https:\/\/www.instagram.com\/essencesamazigh\/"]}]}},"jetpack_sharing_enabled":true,"_links":{"self":[{"href":"https:\/\/essencesamazigh.com\/fr\/wp-json\/wp\/v2\/pages\/7957","targetHints":{"allow":["GET"]}}],"collection":[{"href":"https:\/\/essencesamazigh.com\/fr\/wp-json\/wp\/v2\/pages"}],"about":[{"href":"https:\/\/essencesamazigh.com\/fr\/wp-json\/wp\/v2\/types\/page"}],"author":[{"embeddable":true,"href":"https:\/\/essencesamazigh.com\/fr\/wp-json\/wp\/v2\/users\/1"}],"replies":[{"embeddable":true,"href":"https:\/\/essencesamazigh.com\/fr\/wp-json\/wp\/v2\/comments?post=7957"}],"version-history":[{"count":15,"href":"https:\/\/essencesamazigh.com\/fr\/wp-json\/wp\/v2\/pages\/7957\/revisions"}],"predecessor-version":[{"id":9696,"href":"https:\/\/essencesamazigh.com\/fr\/wp-json\/wp\/v2\/pages\/7957\/revisions\/9696"}],"wp:featuredmedia":[{"embeddable":true,"href":"https:\/\/essencesamazigh.com\/fr\/wp-json\/wp\/v2\/media\/9663"}],"wp:attachment":[{"href":"https:\/\/essencesamazigh.com\/fr\/wp-json\/wp\/v2\/media?parent=7957"}],"curies":[{"name":"wp","href":"https:\/\/api.w.org\/{rel}","templated":true}]}}