{"id":7954,"date":"2025-03-31T11:54:45","date_gmt":"2025-03-31T10:54:45","guid":{"rendered":"https:\/\/essencesamazigh.com\/cart\/"},"modified":"2025-12-15T15:58:19","modified_gmt":"2025-12-15T14:58:19","slug":"page-panier-essences-amazighes","status":"publish","type":"page","link":"https:\/\/essencesamazigh.com\/fr\/cart-page-essences-amazigh\/","title":{"rendered":"Chariot"},"content":{"rendered":"<div data-elementor-type=\"wp-page\" data-elementor-id=\"7954\" class=\"elementor elementor-7954\" data-elementor-post-type=\"page\">\n\t\t\t\t<div class=\"elementor-element elementor-element-a358844 e-flex e-con-boxed e-con e-parent\" data-id=\"a358844\" data-element_type=\"container\" data-e-type=\"container\">\n\t\t\t\t\t<div class=\"e-con-inner\">\n\t\t<div class=\"elementor-element elementor-element-202f32d e-flex e-con-boxed e-con e-child\" data-id=\"202f32d\" data-element_type=\"container\" data-e-type=\"container\">\n\t\t\t\t\t<div class=\"e-con-inner\">\n\t\t\t\t<div class=\"elementor-element elementor-element-a0af72f elementor-widget elementor-widget-heading\" data-id=\"a0af72f\" data-element_type=\"widget\" data-e-type=\"widget\" data-widget_type=\"heading.default\">\n\t\t\t\t\t<h1 class=\"elementor-heading-title elementor-size-default\">Votre panier<\/h1>\t\t\t\t<\/div>\n\t\t\t\t<div class=\"elementor-element elementor-element-69dee0f elementor-widget-divider--view-line_icon elementor-view-default elementor-widget-divider--element-align-center elementor-widget elementor-widget-divider\" data-id=\"69dee0f\" data-element_type=\"widget\" data-e-type=\"widget\" data-widget_type=\"divider.default\">\n\t\t\t\t\t\t\t<div class=\"elementor-divider\">\n\t\t\t<span class=\"elementor-divider-separator\">\n\t\t\t\t\t\t\t<div class=\"elementor-icon elementor-divider__element\">\n\t\t\t\t\t<svg aria-hidden=\"true\" class=\"e-font-icon-svg e-fas-star\" viewbox=\"0 0 576 512\" xmlns=\"http:\/\/www.w3.org\/2000\/svg\"><path d=\"M259.3 17.8L194 150.2 47.9 171.5c-26.2 3.8-36.7 36.1-17.7 54.6l105.7 103-25 145.5c-4.5 26.3 23.2 46 46.4 33.7L288 439.6l130.7 68.7c23.2 12.2 50.9-7.4 46.4-33.7l-25-145.5 105.7-103c19-18.5 8.5-50.8-17.7-54.6L382 150.2 316.7 17.8c-11.7-23.6-45.6-23.9-57.4 0z\"><\/path><\/svg><\/div>\n\t\t\t\t\t\t<\/span>\n\t\t<\/div>\n\t\t\t\t\t\t<\/div>\n\t\t\t\t\t<\/div>\n\t\t\t\t<\/div>\n\t\t\t\t\t<\/div>\n\t\t\t\t<\/div>\n\t\t\t\t<\/div>","protected":false},"excerpt":{"rendered":"<p>Your cart Customer matched zone &#8220;Tunisia&#8221; Remove item Thumbnail image Product Price Quantity Subtotal &times; Bath salt with flower essence &#8216;Green Oasis&#8217; TND &nbsp;16,387 Bath salt with flower essence &#039;Green Oasis&#039; quantity TND &nbsp;16,387 Apply coupon Total Subtotal TND &nbsp;16,387 Shipping Aramex &amp; Tunisian stamp 1DT: TND &nbsp;9,500 Shipping to vavenue, nefta, tozeur, 2240. Tax [&hellip;]<\/p>\n","protected":false},"author":1,"featured_media":9641,"parent":0,"menu_order":0,"comment_status":"closed","ping_status":"closed","template":"","meta":{"footnotes":""},"class_list":["post-7954","page","type-page","status-publish","has-post-thumbnail","hentry"],"yoast_head":"<!-- This site is optimized with the Yoast SEO plugin v27.4 - https:\/\/yoast.com\/product\/yoast-seo-wordpress\/ -->\n<title>Cart Page| Essences Amazigh<\/title>\n<meta name=\"description\" content=\"The Cart Page Of Essences Amazigh Offers You Various Shipping Options For Your Favorite Flower Essences And Derived Products\" \/>\n<meta name=\"robots\" content=\"index, follow, max-snippet:-1, max-image-preview:large, max-video-preview:-1\" \/>\n<link rel=\"canonical\" href=\"https:\/\/essencesamazigh.com\/fr\/page-panier-essences-amazighes\/\" \/>\n<meta property=\"og:locale\" content=\"fr_FR\" \/>\n<meta property=\"og:type\" content=\"article\" \/>\n<meta property=\"og:title\" content=\"Cart Page | Essences Amazigh\" \/>\n<meta property=\"og:description\" content=\"The Cart Page Of Essences Amazigh Offers You Various Shipping Options For Your Favorite Flower Essences And Derived Products\" \/>\n<meta property=\"og:url\" content=\"https:\/\/essencesamazigh.com\/fr\/page-panier-essences-amazighes\/\" \/>\n<meta property=\"og:site_name\" content=\"Essences Amazigh\" \/>\n<meta property=\"article:publisher\" content=\"https:\/\/www.facebook.com\/profile.php?id=100086107194579\" \/>\n<meta property=\"article:modified_time\" content=\"2025-12-15T14:58:19+00:00\" \/>\n<meta property=\"og:image\" content=\"https:\/\/essencesamazigh.com\/wp-content\/uploads\/2025\/07\/CartPageEA.png\" \/>\n\t<meta property=\"og:image:width\" content=\"2560\" \/>\n\t<meta property=\"og:image:height\" content=\"2507\" \/>\n\t<meta property=\"og:image:type\" content=\"image\/png\" \/>\n<meta name=\"twitter:card\" content=\"summary_large_image\" \/>\n<meta name=\"twitter:title\" content=\"Cart Page | Essences Amazigh\" \/>\n<meta name=\"twitter:description\" content=\"The Cart Page Of Essences Amazigh Offers You Various Shipping Options For Your Favorite Flower Essences And Derived Products\" \/>\n<meta name=\"twitter:image\" content=\"https:\/\/i0.wp.com\/essencesamazigh.com\/wp-content\/uploads\/2025\/07\/CartPageEA.png?fit=2560%2C2507&ssl=1\" \/>\n<meta name=\"twitter:label1\" content=\"Dur\u00e9e de lecture estim\u00e9e\" \/>\n\t<meta name=\"twitter:data1\" content=\"1 minute\" \/>\n<script type=\"application\/ld+json\" class=\"yoast-schema-graph\">{\"@context\":\"https:\\\/\\\/schema.org\",\"@graph\":[{\"@type\":\"WebPage\",\"@id\":\"https:\\\/\\\/essencesamazigh.com\\\/cart-page-essences-amazigh\\\/\",\"url\":\"https:\\\/\\\/essencesamazigh.com\\\/cart-page-essences-amazigh\\\/\",\"name\":\"Cart Page| Essences Amazigh\",\"isPartOf\":{\"@id\":\"https:\\\/\\\/essencesamazigh.com\\\/#website\"},\"primaryImageOfPage\":{\"@id\":\"https:\\\/\\\/essencesamazigh.com\\\/cart-page-essences-amazigh\\\/#primaryimage\"},\"image\":{\"@id\":\"https:\\\/\\\/essencesamazigh.com\\\/cart-page-essences-amazigh\\\/#primaryimage\"},\"thumbnailUrl\":\"https:\\\/\\\/i0.wp.com\\\/essencesamazigh.com\\\/wp-content\\\/uploads\\\/2025\\\/07\\\/CartPageEA.png?fit=2560%2C2507&ssl=1\",\"datePublished\":\"2025-03-31T10:54:45+00:00\",\"dateModified\":\"2025-12-15T14:58:19+00:00\",\"description\":\"The Cart Page Of Essences Amazigh Offers You Various Shipping Options For Your Favorite Flower Essences And Derived Products\",\"breadcrumb\":{\"@id\":\"https:\\\/\\\/essencesamazigh.com\\\/cart-page-essences-amazigh\\\/#breadcrumb\"},\"inLanguage\":\"fr-FR\",\"potentialAction\":[{\"@type\":\"ReadAction\",\"target\":[\"https:\\\/\\\/essencesamazigh.com\\\/cart-page-essences-amazigh\\\/\"]}]},{\"@type\":\"ImageObject\",\"inLanguage\":\"fr-FR\",\"@id\":\"https:\\\/\\\/essencesamazigh.com\\\/cart-page-essences-amazigh\\\/#primaryimage\",\"url\":\"https:\\\/\\\/i0.wp.com\\\/essencesamazigh.com\\\/wp-content\\\/uploads\\\/2025\\\/07\\\/CartPageEA.png?fit=2560%2C2507&ssl=1\",\"contentUrl\":\"https:\\\/\\\/i0.wp.com\\\/essencesamazigh.com\\\/wp-content\\\/uploads\\\/2025\\\/07\\\/CartPageEA.png?fit=2560%2C2507&ssl=1\",\"width\":2560,\"height\":2507,\"caption\":\"Cart Page Essences Amazigh\"},{\"@type\":\"BreadcrumbList\",\"@id\":\"https:\\\/\\\/essencesamazigh.com\\\/cart-page-essences-amazigh\\\/#breadcrumb\",\"itemListElement\":[{\"@type\":\"ListItem\",\"position\":1,\"name\":\"Home\",\"item\":\"https:\\\/\\\/essencesamazigh.com\\\/\"},{\"@type\":\"ListItem\",\"position\":2,\"name\":\"Cart\"}]},{\"@type\":\"WebSite\",\"@id\":\"https:\\\/\\\/essencesamazigh.com\\\/#website\",\"url\":\"https:\\\/\\\/essencesamazigh.com\\\/\",\"name\":\"Essences Amazigh\",\"description\":\"The TRUE power of flowers\",\"publisher\":{\"@id\":\"https:\\\/\\\/essencesamazigh.com\\\/#organization\"},\"potentialAction\":[{\"@type\":\"SearchAction\",\"target\":{\"@type\":\"EntryPoint\",\"urlTemplate\":\"https:\\\/\\\/essencesamazigh.com\\\/?s={search_term_string}\"},\"query-input\":{\"@type\":\"PropertyValueSpecification\",\"valueRequired\":true,\"valueName\":\"search_term_string\"}}],\"inLanguage\":\"fr-FR\"},{\"@type\":\"Organization\",\"@id\":\"https:\\\/\\\/essencesamazigh.com\\\/#organization\",\"name\":\"Essences Amazigh\",\"url\":\"https:\\\/\\\/essencesamazigh.com\\\/\",\"logo\":{\"@type\":\"ImageObject\",\"inLanguage\":\"fr-FR\",\"@id\":\"https:\\\/\\\/essencesamazigh.com\\\/#\\\/schema\\\/logo\\\/image\\\/\",\"url\":\"https:\\\/\\\/i0.wp.com\\\/essencesamazigh.com\\\/wp-content\\\/uploads\\\/LogoEA512x512pixel-1.png?fit=512%2C512&ssl=1\",\"contentUrl\":\"https:\\\/\\\/i0.wp.com\\\/essencesamazigh.com\\\/wp-content\\\/uploads\\\/LogoEA512x512pixel-1.png?fit=512%2C512&ssl=1\",\"width\":512,\"height\":512,\"caption\":\"Essences Amazigh\"},\"image\":{\"@id\":\"https:\\\/\\\/essencesamazigh.com\\\/#\\\/schema\\\/logo\\\/image\\\/\"},\"sameAs\":[\"https:\\\/\\\/www.facebook.com\\\/profile.php?id=100086107194579\",\"https:\\\/\\\/www.instagram.com\\\/essencesamazigh\\\/\"]}]}<\/script>\n<!-- \/ Yoast SEO plugin. -->","yoast_head_json":{"title":"Page du panier | Essences Amazigh","description":"La page Panier d'Essences Amazigh vous propose diverses options de livraison pour vos Essences Florales et produits d\u00e9riv\u00e9s pr\u00e9f\u00e9r\u00e9s","robots":{"index":"index","follow":"follow","max-snippet":"max-snippet:-1","max-image-preview":"max-image-preview:large","max-video-preview":"max-video-preview:-1"},"canonical":"https:\/\/essencesamazigh.com\/fr\/page-panier-essences-amazighes\/","og_locale":"fr_FR","og_type":"article","og_title":"Cart Page | Essences Amazigh","og_description":"The Cart Page Of Essences Amazigh Offers You Various Shipping Options For Your Favorite Flower Essences And Derived Products","og_url":"https:\/\/essencesamazigh.com\/fr\/page-panier-essences-amazighes\/","og_site_name":"Essences Amazigh","article_publisher":"https:\/\/www.facebook.com\/profile.php?id=100086107194579","article_modified_time":"2025-12-15T14:58:19+00:00","og_image":[{"width":2560,"height":2507,"url":"https:\/\/essencesamazigh.com\/wp-content\/uploads\/2025\/07\/CartPageEA.png","type":"image\/png"}],"twitter_card":"summary_large_image","twitter_title":"Cart Page | Essences Amazigh","twitter_description":"The Cart Page Of Essences Amazigh Offers You Various Shipping Options For Your Favorite Flower Essences And Derived Products","twitter_image":"https:\/\/i0.wp.com\/essencesamazigh.com\/wp-content\/uploads\/2025\/07\/CartPageEA.png?fit=2560%2C2507&ssl=1","twitter_misc":{"Dur\u00e9e de lecture estim\u00e9e":"1 minute"},"schema":{"@context":"https:\/\/schema.org","@graph":[{"@type":"WebPage","@id":"https:\/\/essencesamazigh.com\/cart-page-essences-amazigh\/","url":"https:\/\/essencesamazigh.com\/cart-page-essences-amazigh\/","name":"Page du panier | Essences Amazigh","isPartOf":{"@id":"https:\/\/essencesamazigh.com\/#website"},"primaryImageOfPage":{"@id":"https:\/\/essencesamazigh.com\/cart-page-essences-amazigh\/#primaryimage"},"image":{"@id":"https:\/\/essencesamazigh.com\/cart-page-essences-amazigh\/#primaryimage"},"thumbnailUrl":"https:\/\/i0.wp.com\/essencesamazigh.com\/wp-content\/uploads\/2025\/07\/CartPageEA.png?fit=2560%2C2507&ssl=1","datePublished":"2025-03-31T10:54:45+00:00","dateModified":"2025-12-15T14:58:19+00:00","description":"La page Panier d'Essences Amazigh vous propose diverses options de livraison pour vos Essences Florales et produits d\u00e9riv\u00e9s pr\u00e9f\u00e9r\u00e9s","breadcrumb":{"@id":"https:\/\/essencesamazigh.com\/cart-page-essences-amazigh\/#breadcrumb"},"inLanguage":"fr-FR","potentialAction":[{"@type":"ReadAction","target":["https:\/\/essencesamazigh.com\/cart-page-essences-amazigh\/"]}]},{"@type":"ImageObject","inLanguage":"fr-FR","@id":"https:\/\/essencesamazigh.com\/cart-page-essences-amazigh\/#primaryimage","url":"https:\/\/i0.wp.com\/essencesamazigh.com\/wp-content\/uploads\/2025\/07\/CartPageEA.png?fit=2560%2C2507&ssl=1","contentUrl":"https:\/\/i0.wp.com\/essencesamazigh.com\/wp-content\/uploads\/2025\/07\/CartPageEA.png?fit=2560%2C2507&ssl=1","width":2560,"height":2507,"caption":"Cart Page Essences Amazigh"},{"@type":"BreadcrumbList","@id":"https:\/\/essencesamazigh.com\/cart-page-essences-amazigh\/#breadcrumb","itemListElement":[{"@type":"ListItem","position":1,"name":"Home","item":"https:\/\/essencesamazigh.com\/"},{"@type":"ListItem","position":2,"name":"Cart"}]},{"@type":"WebSite","@id":"https:\/\/essencesamazigh.com\/#website","url":"https:\/\/essencesamazigh.com\/","name":"Essences Amazigh","description":"Le VRAI pouvoir des fleurs","publisher":{"@id":"https:\/\/essencesamazigh.com\/#organization"},"potentialAction":[{"@type":"SearchAction","target":{"@type":"EntryPoint","urlTemplate":"https:\/\/essencesamazigh.com\/?s={search_term_string}"},"query-input":{"@type":"PropertyValueSpecification","valueRequired":true,"valueName":"search_term_string"}}],"inLanguage":"fr-FR"},{"@type":"Organization","@id":"https:\/\/essencesamazigh.com\/#organization","name":"Essences Amazigh","url":"https:\/\/essencesamazigh.com\/","logo":{"@type":"ImageObject","inLanguage":"fr-FR","@id":"https:\/\/essencesamazigh.com\/#\/schema\/logo\/image\/","url":"https:\/\/i0.wp.com\/essencesamazigh.com\/wp-content\/uploads\/LogoEA512x512pixel-1.png?fit=512%2C512&ssl=1","contentUrl":"https:\/\/i0.wp.com\/essencesamazigh.com\/wp-content\/uploads\/LogoEA512x512pixel-1.png?fit=512%2C512&ssl=1","width":512,"height":512,"caption":"Essences Amazigh"},"image":{"@id":"https:\/\/essencesamazigh.com\/#\/schema\/logo\/image\/"},"sameAs":["https:\/\/www.facebook.com\/profile.php?id=100086107194579","https:\/\/www.instagram.com\/essencesamazigh\/"]}]}},"jetpack_sharing_enabled":true,"_links":{"self":[{"href":"https:\/\/essencesamazigh.com\/fr\/wp-json\/wp\/v2\/pages\/7954","targetHints":{"allow":["GET"]}}],"collection":[{"href":"https:\/\/essencesamazigh.com\/fr\/wp-json\/wp\/v2\/pages"}],"about":[{"href":"https:\/\/essencesamazigh.com\/fr\/wp-json\/wp\/v2\/types\/page"}],"author":[{"embeddable":true,"href":"https:\/\/essencesamazigh.com\/fr\/wp-json\/wp\/v2\/users\/1"}],"replies":[{"embeddable":true,"href":"https:\/\/essencesamazigh.com\/fr\/wp-json\/wp\/v2\/comments?post=7954"}],"version-history":[{"count":164,"href":"https:\/\/essencesamazigh.com\/fr\/wp-json\/wp\/v2\/pages\/7954\/revisions"}],"predecessor-version":[{"id":10054,"href":"https:\/\/essencesamazigh.com\/fr\/wp-json\/wp\/v2\/pages\/7954\/revisions\/10054"}],"wp:featuredmedia":[{"embeddable":true,"href":"https:\/\/essencesamazigh.com\/fr\/wp-json\/wp\/v2\/media\/9641"}],"wp:attachment":[{"href":"https:\/\/essencesamazigh.com\/fr\/wp-json\/wp\/v2\/media?parent=7954"}],"curies":[{"name":"wp","href":"https:\/\/api.w.org\/{rel}","templated":true}]}}