{"id":6839,"date":"2024-06-27T08:28:25","date_gmt":"2024-06-27T08:28:25","guid":{"rendered":"https:\/\/essencesamazigh.com\/?page_id=6839"},"modified":"2025-07-26T21:00:04","modified_gmt":"2025-07-26T20:00:04","slug":"page-de-livraison-essences-amazigh","status":"publish","type":"page","link":"https:\/\/essencesamazigh.com\/fr\/delivery-page-essences-amazigh\/","title":{"rendered":"Livraisons"},"content":{"rendered":"<div data-elementor-type=\"wp-page\" data-elementor-id=\"6839\" class=\"elementor elementor-6839\" data-elementor-post-type=\"page\">\n\t\t\t\t<div class=\"elementor-element elementor-element-18c29115 e-flex e-con-boxed e-con e-parent\" data-id=\"18c29115\" data-element_type=\"container\" data-e-type=\"container\">\n\t\t\t\t\t<div class=\"e-con-inner\">\n\t\t\t\t<div class=\"elementor-element elementor-element-9de2a0a elementor-widget elementor-widget-heading\" data-id=\"9de2a0a\" data-element_type=\"widget\" data-e-type=\"widget\" data-widget_type=\"heading.default\">\n\t\t\t\t\t<h2 class=\"elementor-heading-title elementor-size-default\">Livraisons<\/h2>\t\t\t\t<\/div>\n\t\t\t\t<div class=\"elementor-element elementor-element-2350bdc elementor-widget__width-inherit elementor-widget elementor-widget-text-editor\" data-id=\"2350bdc\" data-element_type=\"widget\" data-e-type=\"widget\" data-widget_type=\"text-editor.default\">\n\t\t\t\t\t\t\t\t\t<p style=\"font-weight: 400;\">Sauf indication contraire dans la rubrique \"produits\", Essences Amazigh livre tous ses produits sur le territoire national de la Tunisie et \u00e0 l'international.<\/p><p style=\"font-weight: 400;\">Cependant, en raison des r\u00e9glementations douani\u00e8res, nous ne pouvons pas exp\u00e9dier dans certains pays. Si vous avez des difficult\u00e9s \u00e0 saisir votre adresse pour une commande, veuillez contacter notre \u00e9quipe.<\/p><p style=\"font-weight: 400;\">Tous les prix d'exp\u00e9dition indiqu\u00e9s sont en dinars tunisiens.<\/p><p style=\"font-weight: 400;\">Les frais de port sont automatiquement indiqu\u00e9s dans le panier d'achat avant la finalisation de la commande.<\/p><p style=\"font-weight: 400;\">Nos tarifs d'exp\u00e9dition sont calcul\u00e9s en fonction du poids et de la destination de votre commande et seront envoy\u00e9s par l'interm\u00e9diaire de notre r\u00e9seau national et international.<\/p><p style=\"font-weight: 400;\">Veuillez noter que le d\u00e9douanement, les taxes et\/ou les frais de douane encourus \u00e0 l'arriv\u00e9e sont \u00e0 votre charge. Nous ne serons pas tenus responsables des articles qui ne peuvent \u00eatre livr\u00e9s ou d\u00e9douan\u00e9s \u00e0 l'\u00e9tranger.<\/p><p style=\"font-weight: 400;\">Le transport de produits sur le territoire national et international ne fait pas l'objet d'une assurance sp\u00e9cifique.<\/p><p style=\"font-weight: 400;\">Comptez 2 \u00e0 5 jours pour les livraisons nationales.<\/p><p style=\"font-weight: 400;\">Comptez 15 jours pour le reste du monde et selon le pays.<\/p><p style=\"font-weight: 400;\">Avant de passer une commande internationale, veuillez v\u00e9rifier les \u00e9ventuelles restrictions aupr\u00e8s des douanes.<\/p><p style=\"font-weight: 400;\">\u00a0<\/p>\t\t\t\t\t\t\t\t<\/div>\n\t\t\t\t\t<\/div>\n\t\t\t\t<\/div>\n\t\t\t\t<\/div>","protected":false},"excerpt":{"rendered":"<p>Deliveries Unless otherwise indicated in the &#8216;products&#8217; section, Essences Amazigh delivers all its products on the national territory of Tunisia and internationally. However, due to customs regulations, we cannot ship to certain countries. If you are having trouble entering your address for an order, please contact our team. All shipping prices quoted are in Tunisian [&hellip;]<\/p>\n","protected":false},"author":1,"featured_media":9648,"parent":0,"menu_order":0,"comment_status":"closed","ping_status":"closed","template":"","meta":{"footnotes":""},"class_list":["post-6839","page","type-page","status-publish","has-post-thumbnail","hentry"],"yoast_head":"<!-- This site is optimized with the Yoast SEO plugin v27.4 - https:\/\/yoast.com\/product\/yoast-seo-wordpress\/ -->\n<title>Delivery Page | Essences Amazigh<\/title>\n<meta name=\"description\" content=\"The Delivery Page Of Essences Amazigh Offers You Various Shipping Options For Your Favorite Flower Essences And Derived Products\" \/>\n<meta name=\"robots\" content=\"index, follow, max-snippet:-1, max-image-preview:large, max-video-preview:-1\" \/>\n<link rel=\"canonical\" href=\"https:\/\/essencesamazigh.com\/fr\/page-de-livraison-essences-amazigh\/\" \/>\n<meta property=\"og:locale\" content=\"fr_FR\" \/>\n<meta property=\"og:type\" content=\"article\" \/>\n<meta property=\"og:title\" content=\"Delivery Page Essences Amazigh\" \/>\n<meta property=\"og:description\" content=\"The Delivery Page Of Essences Amazigh Offers You Various Shipping Options For Your Favorite Flower Essences And Derived Products\" \/>\n<meta property=\"og:url\" content=\"https:\/\/essencesamazigh.com\/fr\/page-de-livraison-essences-amazigh\/\" \/>\n<meta property=\"og:site_name\" content=\"Essences Amazigh\" \/>\n<meta property=\"article:publisher\" content=\"https:\/\/www.facebook.com\/profile.php?id=100086107194579\" \/>\n<meta property=\"article:modified_time\" content=\"2025-07-26T20:00:04+00:00\" \/>\n<meta property=\"og:image\" content=\"https:\/\/essencesamazigh.com\/wp-content\/uploads\/2025\/07\/DeliveryPageEA.png\" \/>\n\t<meta property=\"og:image:width\" content=\"2560\" \/>\n\t<meta property=\"og:image:height\" content=\"2507\" \/>\n\t<meta property=\"og:image:type\" content=\"image\/png\" \/>\n<meta name=\"twitter:card\" content=\"summary_large_image\" \/>\n<meta name=\"twitter:title\" content=\"Delivery Page Essences Amazigh\" \/>\n<meta name=\"twitter:description\" content=\"The Delivery Page Of Essences Amazigh Offers You Various Shipping Options For Your Favorite Flower Essences And Derived Products\" \/>\n<meta name=\"twitter:image\" content=\"https:\/\/i0.wp.com\/essencesamazigh.com\/wp-content\/uploads\/2025\/07\/DeliveryPageEA.png?fit=2560%2C2507&ssl=1\" \/>\n<meta name=\"twitter:label1\" content=\"Dur\u00e9e de lecture estim\u00e9e\" \/>\n\t<meta name=\"twitter:data1\" content=\"1 minute\" \/>\n<script type=\"application\/ld+json\" class=\"yoast-schema-graph\">{\"@context\":\"https:\\\/\\\/schema.org\",\"@graph\":[{\"@type\":\"WebPage\",\"@id\":\"https:\\\/\\\/essencesamazigh.com\\\/delivery-page-essences-amazigh\\\/\",\"url\":\"https:\\\/\\\/essencesamazigh.com\\\/delivery-page-essences-amazigh\\\/\",\"name\":\"Delivery Page | Essences Amazigh\",\"isPartOf\":{\"@id\":\"https:\\\/\\\/essencesamazigh.com\\\/#website\"},\"primaryImageOfPage\":{\"@id\":\"https:\\\/\\\/essencesamazigh.com\\\/delivery-page-essences-amazigh\\\/#primaryimage\"},\"image\":{\"@id\":\"https:\\\/\\\/essencesamazigh.com\\\/delivery-page-essences-amazigh\\\/#primaryimage\"},\"thumbnailUrl\":\"https:\\\/\\\/i0.wp.com\\\/essencesamazigh.com\\\/wp-content\\\/uploads\\\/2025\\\/07\\\/DeliveryPageEA.png?fit=2560%2C2507&ssl=1\",\"datePublished\":\"2024-06-27T08:28:25+00:00\",\"dateModified\":\"2025-07-26T20:00:04+00:00\",\"description\":\"The Delivery Page Of Essences Amazigh Offers You Various Shipping Options For Your Favorite Flower Essences And Derived Products\",\"breadcrumb\":{\"@id\":\"https:\\\/\\\/essencesamazigh.com\\\/delivery-page-essences-amazigh\\\/#breadcrumb\"},\"inLanguage\":\"fr-FR\",\"potentialAction\":[{\"@type\":\"ReadAction\",\"target\":[\"https:\\\/\\\/essencesamazigh.com\\\/delivery-page-essences-amazigh\\\/\"]}]},{\"@type\":\"ImageObject\",\"inLanguage\":\"fr-FR\",\"@id\":\"https:\\\/\\\/essencesamazigh.com\\\/delivery-page-essences-amazigh\\\/#primaryimage\",\"url\":\"https:\\\/\\\/i0.wp.com\\\/essencesamazigh.com\\\/wp-content\\\/uploads\\\/2025\\\/07\\\/DeliveryPageEA.png?fit=2560%2C2507&ssl=1\",\"contentUrl\":\"https:\\\/\\\/i0.wp.com\\\/essencesamazigh.com\\\/wp-content\\\/uploads\\\/2025\\\/07\\\/DeliveryPageEA.png?fit=2560%2C2507&ssl=1\",\"width\":2560,\"height\":2507,\"caption\":\"Delivery Page Essences Amazigh\"},{\"@type\":\"BreadcrumbList\",\"@id\":\"https:\\\/\\\/essencesamazigh.com\\\/delivery-page-essences-amazigh\\\/#breadcrumb\",\"itemListElement\":[{\"@type\":\"ListItem\",\"position\":1,\"name\":\"Home\",\"item\":\"https:\\\/\\\/essencesamazigh.com\\\/\"},{\"@type\":\"ListItem\",\"position\":2,\"name\":\"Deliveries\"}]},{\"@type\":\"WebSite\",\"@id\":\"https:\\\/\\\/essencesamazigh.com\\\/#website\",\"url\":\"https:\\\/\\\/essencesamazigh.com\\\/\",\"name\":\"Essences Amazigh\",\"description\":\"The TRUE power of flowers\",\"publisher\":{\"@id\":\"https:\\\/\\\/essencesamazigh.com\\\/#organization\"},\"potentialAction\":[{\"@type\":\"SearchAction\",\"target\":{\"@type\":\"EntryPoint\",\"urlTemplate\":\"https:\\\/\\\/essencesamazigh.com\\\/?s={search_term_string}\"},\"query-input\":{\"@type\":\"PropertyValueSpecification\",\"valueRequired\":true,\"valueName\":\"search_term_string\"}}],\"inLanguage\":\"fr-FR\"},{\"@type\":\"Organization\",\"@id\":\"https:\\\/\\\/essencesamazigh.com\\\/#organization\",\"name\":\"Essences Amazigh\",\"url\":\"https:\\\/\\\/essencesamazigh.com\\\/\",\"logo\":{\"@type\":\"ImageObject\",\"inLanguage\":\"fr-FR\",\"@id\":\"https:\\\/\\\/essencesamazigh.com\\\/#\\\/schema\\\/logo\\\/image\\\/\",\"url\":\"https:\\\/\\\/i0.wp.com\\\/essencesamazigh.com\\\/wp-content\\\/uploads\\\/LogoEA512x512pixel-1.png?fit=512%2C512&ssl=1\",\"contentUrl\":\"https:\\\/\\\/i0.wp.com\\\/essencesamazigh.com\\\/wp-content\\\/uploads\\\/LogoEA512x512pixel-1.png?fit=512%2C512&ssl=1\",\"width\":512,\"height\":512,\"caption\":\"Essences Amazigh\"},\"image\":{\"@id\":\"https:\\\/\\\/essencesamazigh.com\\\/#\\\/schema\\\/logo\\\/image\\\/\"},\"sameAs\":[\"https:\\\/\\\/www.facebook.com\\\/profile.php?id=100086107194579\",\"https:\\\/\\\/www.instagram.com\\\/essencesamazigh\\\/\"]}]}<\/script>\n<!-- \/ Yoast SEO plugin. -->","yoast_head_json":{"title":"Page de livraison | Essences Amazigh","description":"La page de livraison d'Essences Amazigh vous offre diverses options d'exp\u00e9dition pour vos essences de fleurs et produits d\u00e9riv\u00e9s pr\u00e9f\u00e9r\u00e9s.","robots":{"index":"index","follow":"follow","max-snippet":"max-snippet:-1","max-image-preview":"max-image-preview:large","max-video-preview":"max-video-preview:-1"},"canonical":"https:\/\/essencesamazigh.com\/fr\/page-de-livraison-essences-amazigh\/","og_locale":"fr_FR","og_type":"article","og_title":"Delivery Page Essences Amazigh","og_description":"The Delivery Page Of Essences Amazigh Offers You Various Shipping Options For Your Favorite Flower Essences And Derived Products","og_url":"https:\/\/essencesamazigh.com\/fr\/page-de-livraison-essences-amazigh\/","og_site_name":"Essences Amazigh","article_publisher":"https:\/\/www.facebook.com\/profile.php?id=100086107194579","article_modified_time":"2025-07-26T20:00:04+00:00","og_image":[{"width":2560,"height":2507,"url":"https:\/\/essencesamazigh.com\/wp-content\/uploads\/2025\/07\/DeliveryPageEA.png","type":"image\/png"}],"twitter_card":"summary_large_image","twitter_title":"Delivery Page Essences Amazigh","twitter_description":"The Delivery Page Of Essences Amazigh Offers You Various Shipping Options For Your Favorite Flower Essences And Derived Products","twitter_image":"https:\/\/i0.wp.com\/essencesamazigh.com\/wp-content\/uploads\/2025\/07\/DeliveryPageEA.png?fit=2560%2C2507&ssl=1","twitter_misc":{"Dur\u00e9e de lecture estim\u00e9e":"1 minute"},"schema":{"@context":"https:\/\/schema.org","@graph":[{"@type":"WebPage","@id":"https:\/\/essencesamazigh.com\/delivery-page-essences-amazigh\/","url":"https:\/\/essencesamazigh.com\/delivery-page-essences-amazigh\/","name":"Page de livraison | Essences Amazigh","isPartOf":{"@id":"https:\/\/essencesamazigh.com\/#website"},"primaryImageOfPage":{"@id":"https:\/\/essencesamazigh.com\/delivery-page-essences-amazigh\/#primaryimage"},"image":{"@id":"https:\/\/essencesamazigh.com\/delivery-page-essences-amazigh\/#primaryimage"},"thumbnailUrl":"https:\/\/i0.wp.com\/essencesamazigh.com\/wp-content\/uploads\/2025\/07\/DeliveryPageEA.png?fit=2560%2C2507&ssl=1","datePublished":"2024-06-27T08:28:25+00:00","dateModified":"2025-07-26T20:00:04+00:00","description":"La page de livraison d'Essences Amazigh vous offre diverses options d'exp\u00e9dition pour vos essences de fleurs et produits d\u00e9riv\u00e9s pr\u00e9f\u00e9r\u00e9s.","breadcrumb":{"@id":"https:\/\/essencesamazigh.com\/delivery-page-essences-amazigh\/#breadcrumb"},"inLanguage":"fr-FR","potentialAction":[{"@type":"ReadAction","target":["https:\/\/essencesamazigh.com\/delivery-page-essences-amazigh\/"]}]},{"@type":"ImageObject","inLanguage":"fr-FR","@id":"https:\/\/essencesamazigh.com\/delivery-page-essences-amazigh\/#primaryimage","url":"https:\/\/i0.wp.com\/essencesamazigh.com\/wp-content\/uploads\/2025\/07\/DeliveryPageEA.png?fit=2560%2C2507&ssl=1","contentUrl":"https:\/\/i0.wp.com\/essencesamazigh.com\/wp-content\/uploads\/2025\/07\/DeliveryPageEA.png?fit=2560%2C2507&ssl=1","width":2560,"height":2507,"caption":"Delivery Page Essences Amazigh"},{"@type":"BreadcrumbList","@id":"https:\/\/essencesamazigh.com\/delivery-page-essences-amazigh\/#breadcrumb","itemListElement":[{"@type":"ListItem","position":1,"name":"Home","item":"https:\/\/essencesamazigh.com\/"},{"@type":"ListItem","position":2,"name":"Deliveries"}]},{"@type":"WebSite","@id":"https:\/\/essencesamazigh.com\/#website","url":"https:\/\/essencesamazigh.com\/","name":"Essences Amazigh","description":"Le VRAI pouvoir des fleurs","publisher":{"@id":"https:\/\/essencesamazigh.com\/#organization"},"potentialAction":[{"@type":"SearchAction","target":{"@type":"EntryPoint","urlTemplate":"https:\/\/essencesamazigh.com\/?s={search_term_string}"},"query-input":{"@type":"PropertyValueSpecification","valueRequired":true,"valueName":"search_term_string"}}],"inLanguage":"fr-FR"},{"@type":"Organization","@id":"https:\/\/essencesamazigh.com\/#organization","name":"Essences Amazigh","url":"https:\/\/essencesamazigh.com\/","logo":{"@type":"ImageObject","inLanguage":"fr-FR","@id":"https:\/\/essencesamazigh.com\/#\/schema\/logo\/image\/","url":"https:\/\/i0.wp.com\/essencesamazigh.com\/wp-content\/uploads\/LogoEA512x512pixel-1.png?fit=512%2C512&ssl=1","contentUrl":"https:\/\/i0.wp.com\/essencesamazigh.com\/wp-content\/uploads\/LogoEA512x512pixel-1.png?fit=512%2C512&ssl=1","width":512,"height":512,"caption":"Essences Amazigh"},"image":{"@id":"https:\/\/essencesamazigh.com\/#\/schema\/logo\/image\/"},"sameAs":["https:\/\/www.facebook.com\/profile.php?id=100086107194579","https:\/\/www.instagram.com\/essencesamazigh\/"]}]}},"jetpack_sharing_enabled":true,"_links":{"self":[{"href":"https:\/\/essencesamazigh.com\/fr\/wp-json\/wp\/v2\/pages\/6839","targetHints":{"allow":["GET"]}}],"collection":[{"href":"https:\/\/essencesamazigh.com\/fr\/wp-json\/wp\/v2\/pages"}],"about":[{"href":"https:\/\/essencesamazigh.com\/fr\/wp-json\/wp\/v2\/types\/page"}],"author":[{"embeddable":true,"href":"https:\/\/essencesamazigh.com\/fr\/wp-json\/wp\/v2\/users\/1"}],"replies":[{"embeddable":true,"href":"https:\/\/essencesamazigh.com\/fr\/wp-json\/wp\/v2\/comments?post=6839"}],"version-history":[{"count":41,"href":"https:\/\/essencesamazigh.com\/fr\/wp-json\/wp\/v2\/pages\/6839\/revisions"}],"predecessor-version":[{"id":9137,"href":"https:\/\/essencesamazigh.com\/fr\/wp-json\/wp\/v2\/pages\/6839\/revisions\/9137"}],"wp:featuredmedia":[{"embeddable":true,"href":"https:\/\/essencesamazigh.com\/fr\/wp-json\/wp\/v2\/media\/9648"}],"wp:attachment":[{"href":"https:\/\/essencesamazigh.com\/fr\/wp-json\/wp\/v2\/media?parent=6839"}],"curies":[{"name":"wp","href":"https:\/\/api.w.org\/{rel}","templated":true}]}}