{"id":6828,"date":"2024-06-27T08:21:52","date_gmt":"2024-06-27T08:21:52","guid":{"rendered":"https:\/\/essencesamazigh.com\/?page_id=6828"},"modified":"2025-07-27T12:08:13","modified_gmt":"2025-07-27T11:08:13","slug":"politique-de-confidentialite-essences-amazigh","status":"publish","type":"page","link":"https:\/\/essencesamazigh.com\/fr\/privacy-policy-essences-amazigh\/","title":{"rendered":"Politique de confidentialit\u00e9"},"content":{"rendered":"\t\t<div data-elementor-type=\"wp-page\" data-elementor-id=\"6828\" class=\"elementor elementor-6828\" data-elementor-post-type=\"page\">\n\t\t\t\t<div class=\"elementor-element elementor-element-69192a21 e-flex e-con-boxed e-con e-parent\" data-id=\"69192a21\" data-element_type=\"container\" data-e-type=\"container\">\n\t\t\t\t\t<div class=\"e-con-inner\">\n\t\t\t\t<div class=\"elementor-element elementor-element-c0edb44 elementor-widget elementor-widget-heading\" data-id=\"c0edb44\" data-element_type=\"widget\" data-e-type=\"widget\" data-widget_type=\"heading.default\">\n\t\t\t\t\t<h2 class=\"elementor-heading-title elementor-size-default\">Privacy policy<\/h2>\t\t\t\t<\/div>\n\t\t\t\t<div class=\"elementor-element elementor-element-2dea0dca elementor-widget__width-inherit elementor-widget elementor-widget-text-editor\" data-id=\"2dea0dca\" data-element_type=\"widget\" data-e-type=\"widget\" data-widget_type=\"text-editor.default\">\n\t\t\t\t\t\t\t\t\t<p>Essences Amazigh attaches great importance to the protection of your personal data and your privacy. This Privacy Policy describes the information we collect, how we use it, the steps we take to protect it, and the choices you have regarding your personal data. By using the www.essencesamazigh.com Site, you agree to the terms of this Privacy Policy.<\/p><p style=\"font-weight: 400;\"><strong>1 Collection of personal data<\/strong><\/p><p style=\"font-weight: 400;\">We collect personal information when you:<\/p><ul style=\"font-weight: 400;\"><li>Create an account on our website<\/li><li>Place an order<\/li><li>Subscribe to our newsletter<\/li><li>Contact our customer service<\/li><\/ul><p style=\"font-weight: 400;\">The information collected includes, but is not limited to, your first and last name, email address, phone number, postal address, and payment details.<\/p><p style=\"font-weight: 400;\"><strong>2 Use of personal data<\/strong><\/p><p style=\"font-weight: 400;\">We use your personal data to:<\/p><ul style=\"font-weight: 400;\"><li>Process and ship your orders<\/li><li>Informing you of the status of your order<\/li><li>To send you promotional information, if you have consented to this<\/li><li>Respond to your inquiries and provide customer support<\/li><li>Improving our site and services<\/li><\/ul><h6 style=\"font-weight: 400;\"><strong>3 Data Security<\/strong><\/h6><p style=\"font-weight: 400;\">We take all appropriate measures to ensure the security of your personal data. We implement security procedures and technologies to protect your information from unauthorized access, loss, alteration, or destruction.<\/p><p style=\"font-weight: 400;\"><strong>4 Sharing of personal data<\/strong><\/p><p style=\"font-weight: 400;\">We do not sell, rent or share your personal data with third parties except in the following cases:<\/p><ul style=\"font-weight: 400;\"><li>Service Providers: We use third-party providers for certain services, such as shipping, payment processing, or hosting our site. These service providers have access to the information necessary to carry out their missions, but are required to respect the confidentiality of your data.<\/li><li>Legal Obligations: We may need to share your personal data to comply with legal obligations, protect our rights or those of third parties, or ensure the safety of our site and our customers.<\/li><\/ul><h6 style=\"font-weight: 400;\"><strong>5 Your Rights<\/strong><\/h6><p style=\"font-weight: 400;\">In accordance with applicable law, you have rights regarding your personal data, including:<\/p><ul style=\"font-weight: 400;\"><li>The right to access, rectify and delete your data<\/li><li>The right to object to the processing of your data on legitimate grounds<\/li><li>The right to withdraw your consent at any time, for consent-based processing<\/li><li>The right to set guidelines for the storage, deletion and disclosure of your data after your death<\/li><\/ul><p style=\"font-weight: 400;\">To exercise these rights, you can contact us at the following email address: [<a href=\"mailto:essencesamazigh@gmail.com\">essencesamazigh@gmail.com<\/a>].<\/p><p style=\"font-weight: 400;\"><strong>6 Changes to our Privacy Policy<\/strong><\/p><p style=\"font-weight: 400;\">We reserve the right to change this Privacy Policy at any time. Changes will be posted on this page and the update date will be indicated at the top of the page. We encourage you to review this policy regularly for updates.<\/p><p style=\"font-weight: 400;\"><strong>7 Cookies and other tracking technologies<\/strong><\/p><p style=\"font-weight: 400;\">We use cookies and other tracking technologies to improve your experience on our site, analyze traffic, personalize content and ads, and provide social media features. Cookies are small text files that are stored on your device when you visit our site. You can manage or disable cookies in your browser settings.<\/p><p style=\"font-weight: 400;\"><strong>8 Links to Third-Party Sites<\/strong><\/p><p style=\"font-weight: 400;\">Our site may contain links to third-party websites. We are not responsible for the privacy policies, content, or practices of these third-party sites. We encourage you to carefully read the privacy policies of the sites you visit.<\/p><p style=\"font-weight: 400;\"><strong>9 Children&#8217;s Data Protection<\/strong><\/p><p style=\"font-weight: 400;\">Our site is not directed to children under the age of 13 and we do not knowingly collect personal data from minors under the age of 13. If you are a parent or guardian and believe that your child has provided personal information on our site, please contact us at the following email address: <a href=\"mailto:essencesamazigh@gmail.com\">essencesamazigh@gmail.com<\/a><\/p><p style=\"font-weight: 400;\"><strong>10 Contact Us<\/strong><\/p><p style=\"font-weight: 400;\">If you have any questions or concerns about our Privacy Policy, please feel free to contact us at the following email address: essencesamazigh@gmail.com. We are committed to responding promptly to your requests and resolving any issues regarding the protection of your personal data.<\/p><p><!-- \/wp:paragraph --><\/p>\t\t\t\t\t\t\t\t<\/div>\n\t\t\t\t\t<\/div>\n\t\t\t\t<\/div>\n\t\t\t\t<\/div>\n\t\t","protected":false},"excerpt":{"rendered":"<p>Privacy policy Essences Amazigh attaches great importance to the protection of your personal data and your privacy. This Privacy Policy describes the information we collect, how we use it, the steps we take to protect it, and the choices you have regarding your personal data. By using the www.essencesamazigh.com Site, you agree to the terms [&hellip;]<\/p>\n","protected":false},"author":1,"featured_media":9660,"parent":0,"menu_order":0,"comment_status":"closed","ping_status":"closed","template":"","meta":{"footnotes":""},"class_list":["post-6828","page","type-page","status-publish","has-post-thumbnail","hentry"],"yoast_head":"<!-- This site is optimized with the Yoast SEO plugin v27.4 - https:\/\/yoast.com\/product\/yoast-seo-wordpress\/ -->\n<title>Privacy Policy | Essences Amazigh<\/title>\n<meta name=\"description\" content=\"Essences Amazigh Has Properly Notified The Buyer That It Does Not Share Any Personal Information With Any Third Parties\" \/>\n<meta name=\"robots\" content=\"index, follow, max-snippet:-1, max-image-preview:large, max-video-preview:-1\" \/>\n<link rel=\"canonical\" href=\"https:\/\/essencesamazigh.com\/fr\/politique-de-confidentialite-essences-amazigh\/\" \/>\n<meta property=\"og:locale\" content=\"fr_FR\" \/>\n<meta property=\"og:type\" content=\"article\" \/>\n<meta property=\"og:title\" content=\"Privacy Policy | Essences Amazigh\" \/>\n<meta property=\"og:description\" content=\"Essences Amazigh Has Properly Notified The Buyer That It Does Not Share Any Personal Information With Any Third Parties\" \/>\n<meta property=\"og:url\" content=\"https:\/\/essencesamazigh.com\/fr\/politique-de-confidentialite-essences-amazigh\/\" \/>\n<meta property=\"og:site_name\" content=\"Essences Amazigh\" \/>\n<meta property=\"article:publisher\" content=\"https:\/\/www.facebook.com\/profile.php?id=100086107194579\" \/>\n<meta property=\"article:modified_time\" content=\"2025-07-27T11:08:13+00:00\" \/>\n<meta property=\"og:image\" content=\"https:\/\/essencesamazigh.com\/wp-content\/uploads\/2025\/07\/PrivacyPolicyPageEA.png\" \/>\n\t<meta property=\"og:image:width\" content=\"2560\" \/>\n\t<meta property=\"og:image:height\" content=\"2507\" \/>\n\t<meta property=\"og:image:type\" content=\"image\/png\" \/>\n<meta name=\"twitter:card\" content=\"summary_large_image\" \/>\n<meta name=\"twitter:title\" content=\"Privacy Policy | Essences Amazigh\" \/>\n<meta name=\"twitter:description\" content=\"Essences Amazigh Has Properly Notified The Buyer That It Does Not Share Any Personal Information With Any Third Parties\" \/>\n<meta name=\"twitter:image\" content=\"https:\/\/i0.wp.com\/essencesamazigh.com\/wp-content\/uploads\/2025\/07\/PrivacyPolicyPageEA.png?fit=2560%2C2507&ssl=1\" \/>\n<meta name=\"twitter:label1\" content=\"Dur\u00e9e de lecture estim\u00e9e\" \/>\n\t<meta name=\"twitter:data1\" content=\"3 minutes\" \/>\n<script type=\"application\/ld+json\" class=\"yoast-schema-graph\">{\"@context\":\"https:\\\/\\\/schema.org\",\"@graph\":[{\"@type\":\"WebPage\",\"@id\":\"https:\\\/\\\/essencesamazigh.com\\\/privacy-policy-essences-amazigh\\\/\",\"url\":\"https:\\\/\\\/essencesamazigh.com\\\/privacy-policy-essences-amazigh\\\/\",\"name\":\"Privacy Policy | Essences Amazigh\",\"isPartOf\":{\"@id\":\"https:\\\/\\\/essencesamazigh.com\\\/#website\"},\"primaryImageOfPage\":{\"@id\":\"https:\\\/\\\/essencesamazigh.com\\\/privacy-policy-essences-amazigh\\\/#primaryimage\"},\"image\":{\"@id\":\"https:\\\/\\\/essencesamazigh.com\\\/privacy-policy-essences-amazigh\\\/#primaryimage\"},\"thumbnailUrl\":\"https:\\\/\\\/i0.wp.com\\\/essencesamazigh.com\\\/wp-content\\\/uploads\\\/2025\\\/07\\\/PrivacyPolicyPageEA.png?fit=2560%2C2507&ssl=1\",\"datePublished\":\"2024-06-27T08:21:52+00:00\",\"dateModified\":\"2025-07-27T11:08:13+00:00\",\"description\":\"Essences Amazigh Has Properly Notified The Buyer That It Does Not Share Any Personal Information With Any Third Parties\",\"breadcrumb\":{\"@id\":\"https:\\\/\\\/essencesamazigh.com\\\/privacy-policy-essences-amazigh\\\/#breadcrumb\"},\"inLanguage\":\"fr-FR\",\"potentialAction\":[{\"@type\":\"ReadAction\",\"target\":[\"https:\\\/\\\/essencesamazigh.com\\\/privacy-policy-essences-amazigh\\\/\"]}]},{\"@type\":\"ImageObject\",\"inLanguage\":\"fr-FR\",\"@id\":\"https:\\\/\\\/essencesamazigh.com\\\/privacy-policy-essences-amazigh\\\/#primaryimage\",\"url\":\"https:\\\/\\\/i0.wp.com\\\/essencesamazigh.com\\\/wp-content\\\/uploads\\\/2025\\\/07\\\/PrivacyPolicyPageEA.png?fit=2560%2C2507&ssl=1\",\"contentUrl\":\"https:\\\/\\\/i0.wp.com\\\/essencesamazigh.com\\\/wp-content\\\/uploads\\\/2025\\\/07\\\/PrivacyPolicyPageEA.png?fit=2560%2C2507&ssl=1\",\"width\":2560,\"height\":2507,\"caption\":\"Privacy Policy Essences Amazigh\"},{\"@type\":\"BreadcrumbList\",\"@id\":\"https:\\\/\\\/essencesamazigh.com\\\/privacy-policy-essences-amazigh\\\/#breadcrumb\",\"itemListElement\":[{\"@type\":\"ListItem\",\"position\":1,\"name\":\"Home\",\"item\":\"https:\\\/\\\/essencesamazigh.com\\\/\"},{\"@type\":\"ListItem\",\"position\":2,\"name\":\"Privacy Policy\"}]},{\"@type\":\"WebSite\",\"@id\":\"https:\\\/\\\/essencesamazigh.com\\\/#website\",\"url\":\"https:\\\/\\\/essencesamazigh.com\\\/\",\"name\":\"Essences Amazigh\",\"description\":\"The TRUE power of flowers\",\"publisher\":{\"@id\":\"https:\\\/\\\/essencesamazigh.com\\\/#organization\"},\"potentialAction\":[{\"@type\":\"SearchAction\",\"target\":{\"@type\":\"EntryPoint\",\"urlTemplate\":\"https:\\\/\\\/essencesamazigh.com\\\/?s={search_term_string}\"},\"query-input\":{\"@type\":\"PropertyValueSpecification\",\"valueRequired\":true,\"valueName\":\"search_term_string\"}}],\"inLanguage\":\"fr-FR\"},{\"@type\":\"Organization\",\"@id\":\"https:\\\/\\\/essencesamazigh.com\\\/#organization\",\"name\":\"Essences Amazigh\",\"url\":\"https:\\\/\\\/essencesamazigh.com\\\/\",\"logo\":{\"@type\":\"ImageObject\",\"inLanguage\":\"fr-FR\",\"@id\":\"https:\\\/\\\/essencesamazigh.com\\\/#\\\/schema\\\/logo\\\/image\\\/\",\"url\":\"https:\\\/\\\/i0.wp.com\\\/essencesamazigh.com\\\/wp-content\\\/uploads\\\/LogoEA512x512pixel-1.png?fit=512%2C512&ssl=1\",\"contentUrl\":\"https:\\\/\\\/i0.wp.com\\\/essencesamazigh.com\\\/wp-content\\\/uploads\\\/LogoEA512x512pixel-1.png?fit=512%2C512&ssl=1\",\"width\":512,\"height\":512,\"caption\":\"Essences Amazigh\"},\"image\":{\"@id\":\"https:\\\/\\\/essencesamazigh.com\\\/#\\\/schema\\\/logo\\\/image\\\/\"},\"sameAs\":[\"https:\\\/\\\/www.facebook.com\\\/profile.php?id=100086107194579\",\"https:\\\/\\\/www.instagram.com\\\/essencesamazigh\\\/\"]}]}<\/script>\n<!-- \/ Yoast SEO plugin. -->","yoast_head_json":{"title":"Politique de confidentialit\u00e9 | Essences Amazigh","description":"Essences Amazigh a d\u00fbment inform\u00e9 l'acheteur qu'elle ne partage aucune information personnelle avec des tiers.","robots":{"index":"index","follow":"follow","max-snippet":"max-snippet:-1","max-image-preview":"max-image-preview:large","max-video-preview":"max-video-preview:-1"},"canonical":"https:\/\/essencesamazigh.com\/fr\/politique-de-confidentialite-essences-amazigh\/","og_locale":"fr_FR","og_type":"article","og_title":"Privacy Policy | Essences Amazigh","og_description":"Essences Amazigh Has Properly Notified The Buyer That It Does Not Share Any Personal Information With Any Third Parties","og_url":"https:\/\/essencesamazigh.com\/fr\/politique-de-confidentialite-essences-amazigh\/","og_site_name":"Essences Amazigh","article_publisher":"https:\/\/www.facebook.com\/profile.php?id=100086107194579","article_modified_time":"2025-07-27T11:08:13+00:00","og_image":[{"width":2560,"height":2507,"url":"https:\/\/essencesamazigh.com\/wp-content\/uploads\/2025\/07\/PrivacyPolicyPageEA.png","type":"image\/png"}],"twitter_card":"summary_large_image","twitter_title":"Privacy Policy | Essences Amazigh","twitter_description":"Essences Amazigh Has Properly Notified The Buyer That It Does Not Share Any Personal Information With Any Third Parties","twitter_image":"https:\/\/i0.wp.com\/essencesamazigh.com\/wp-content\/uploads\/2025\/07\/PrivacyPolicyPageEA.png?fit=2560%2C2507&ssl=1","twitter_misc":{"Dur\u00e9e de lecture estim\u00e9e":"3 minutes"},"schema":{"@context":"https:\/\/schema.org","@graph":[{"@type":"WebPage","@id":"https:\/\/essencesamazigh.com\/privacy-policy-essences-amazigh\/","url":"https:\/\/essencesamazigh.com\/privacy-policy-essences-amazigh\/","name":"Politique de confidentialit\u00e9 | Essences Amazigh","isPartOf":{"@id":"https:\/\/essencesamazigh.com\/#website"},"primaryImageOfPage":{"@id":"https:\/\/essencesamazigh.com\/privacy-policy-essences-amazigh\/#primaryimage"},"image":{"@id":"https:\/\/essencesamazigh.com\/privacy-policy-essences-amazigh\/#primaryimage"},"thumbnailUrl":"https:\/\/i0.wp.com\/essencesamazigh.com\/wp-content\/uploads\/2025\/07\/PrivacyPolicyPageEA.png?fit=2560%2C2507&ssl=1","datePublished":"2024-06-27T08:21:52+00:00","dateModified":"2025-07-27T11:08:13+00:00","description":"Essences Amazigh a d\u00fbment inform\u00e9 l'acheteur qu'elle ne partage aucune information personnelle avec des tiers.","breadcrumb":{"@id":"https:\/\/essencesamazigh.com\/privacy-policy-essences-amazigh\/#breadcrumb"},"inLanguage":"fr-FR","potentialAction":[{"@type":"ReadAction","target":["https:\/\/essencesamazigh.com\/privacy-policy-essences-amazigh\/"]}]},{"@type":"ImageObject","inLanguage":"fr-FR","@id":"https:\/\/essencesamazigh.com\/privacy-policy-essences-amazigh\/#primaryimage","url":"https:\/\/i0.wp.com\/essencesamazigh.com\/wp-content\/uploads\/2025\/07\/PrivacyPolicyPageEA.png?fit=2560%2C2507&ssl=1","contentUrl":"https:\/\/i0.wp.com\/essencesamazigh.com\/wp-content\/uploads\/2025\/07\/PrivacyPolicyPageEA.png?fit=2560%2C2507&ssl=1","width":2560,"height":2507,"caption":"Privacy Policy Essences Amazigh"},{"@type":"BreadcrumbList","@id":"https:\/\/essencesamazigh.com\/privacy-policy-essences-amazigh\/#breadcrumb","itemListElement":[{"@type":"ListItem","position":1,"name":"Home","item":"https:\/\/essencesamazigh.com\/"},{"@type":"ListItem","position":2,"name":"Privacy Policy"}]},{"@type":"WebSite","@id":"https:\/\/essencesamazigh.com\/#website","url":"https:\/\/essencesamazigh.com\/","name":"Essences Amazigh","description":"Le VRAI pouvoir des fleurs","publisher":{"@id":"https:\/\/essencesamazigh.com\/#organization"},"potentialAction":[{"@type":"SearchAction","target":{"@type":"EntryPoint","urlTemplate":"https:\/\/essencesamazigh.com\/?s={search_term_string}"},"query-input":{"@type":"PropertyValueSpecification","valueRequired":true,"valueName":"search_term_string"}}],"inLanguage":"fr-FR"},{"@type":"Organization","@id":"https:\/\/essencesamazigh.com\/#organization","name":"Essences Amazigh","url":"https:\/\/essencesamazigh.com\/","logo":{"@type":"ImageObject","inLanguage":"fr-FR","@id":"https:\/\/essencesamazigh.com\/#\/schema\/logo\/image\/","url":"https:\/\/i0.wp.com\/essencesamazigh.com\/wp-content\/uploads\/LogoEA512x512pixel-1.png?fit=512%2C512&ssl=1","contentUrl":"https:\/\/i0.wp.com\/essencesamazigh.com\/wp-content\/uploads\/LogoEA512x512pixel-1.png?fit=512%2C512&ssl=1","width":512,"height":512,"caption":"Essences Amazigh"},"image":{"@id":"https:\/\/essencesamazigh.com\/#\/schema\/logo\/image\/"},"sameAs":["https:\/\/www.facebook.com\/profile.php?id=100086107194579","https:\/\/www.instagram.com\/essencesamazigh\/"]}]}},"jetpack_sharing_enabled":true,"_links":{"self":[{"href":"https:\/\/essencesamazigh.com\/fr\/wp-json\/wp\/v2\/pages\/6828","targetHints":{"allow":["GET"]}}],"collection":[{"href":"https:\/\/essencesamazigh.com\/fr\/wp-json\/wp\/v2\/pages"}],"about":[{"href":"https:\/\/essencesamazigh.com\/fr\/wp-json\/wp\/v2\/types\/page"}],"author":[{"embeddable":true,"href":"https:\/\/essencesamazigh.com\/fr\/wp-json\/wp\/v2\/users\/1"}],"replies":[{"embeddable":true,"href":"https:\/\/essencesamazigh.com\/fr\/wp-json\/wp\/v2\/comments?post=6828"}],"version-history":[{"count":63,"href":"https:\/\/essencesamazigh.com\/fr\/wp-json\/wp\/v2\/pages\/6828\/revisions"}],"predecessor-version":[{"id":9677,"href":"https:\/\/essencesamazigh.com\/fr\/wp-json\/wp\/v2\/pages\/6828\/revisions\/9677"}],"wp:featuredmedia":[{"embeddable":true,"href":"https:\/\/essencesamazigh.com\/fr\/wp-json\/wp\/v2\/media\/9660"}],"wp:attachment":[{"href":"https:\/\/essencesamazigh.com\/fr\/wp-json\/wp\/v2\/media?parent=6828"}],"curies":[{"name":"wp","href":"https:\/\/api.w.org\/{rel}","templated":true}]}}